{"id":962,"date":"2018-08-20T07:22:43","date_gmt":"2018-08-20T05:22:43","guid":{"rendered":"https:\/\/collectif-accad.fr\/site\/?page_id=962"},"modified":"2018-09-26T08:51:25","modified_gmt":"2018-09-26T06:51:25","slug":"en-france","status":"publish","type":"page","link":"https:\/\/collectif-accad.fr\/site\/nos-actions\/temoignages\/en-france\/","title":{"rendered":"En France"},"content":{"rendered":"<p style=\"text-align: center;\"><span style=\"font-family: arial black, sans-serif; font-size: 18pt;\">T\u00e9moignage\u00a0 de RM (Essonne)<\/span><\/p>\n<p style=\"text-align: justify;\">LES FAITS<br \/>\nLe compteur LINKY a \u00e9t\u00e9 install\u00e9 dans le garage de notre maison le 20 septembre 2017.<br \/>\nDans la nuit du 1er au 2 novembre 2017 \u00e0 00h15, le courant s&rsquo;est coup\u00e9 brutalement, simultan\u00e9ment d&rsquo;un vacarme (cr\u00e9pitements violents) en provenance du garage. Etant encore \u00e9veill\u00e9, je suis imm\u00e9diatement all\u00e9 voir et j&rsquo;ai vu un cr\u00e9pitement d&rsquo;arcs \u00e9lectriques extr\u00eamement violent dans le compteur LINKY. Le disjoncteur \u00e9tait toujours enclench\u00e9. Je l&rsquo;ai bascul\u00e9 sur off mais les arcs \u00e9lectriques ont continu\u00e9 (normal, puisque le compteur est en amont du disjoncteur). Le feu a d\u00e9marr\u00e9 rapidement. Nous avons imm\u00e9diatement appel\u00e9 les pompiers. Mon \u00e9pouse, mon fils de 4 ans et moi nous sommes mis en s\u00e9curit\u00e9 \u00e0 l&rsquo;ext\u00e9rieur. Le temps que les pompiers arrivent et maitrisent l&rsquo;incendie, le garage et son contenu ont \u00e9t\u00e9 d\u00e9truits, la cuisine \u00e9galement ainsi qu&rsquo;une partie de la toiture. Vous avez le r\u00e9sultat en photo. Merci aux pompiers de l&rsquo;Essonne d&rsquo;avoir sauv\u00e9 le reste de notre pavillon.<\/p>\n<p>LA SUITE<br \/>\nSur notre t\u00e9moignage, notre assureur a mis en cause ENEDIS. Il a fallu un mois pour que l\u2019expertise contradictoire ait effectivement lieu aujourd\u2019hui (29\/11). ENEDIS s\u2019est empress\u00e9 de chercher \u00e0 mettre en cause son prestataire ayant install\u00e9 le compteur. Lors de cette expertise, c\u00f4t\u00e9 ENEDIS, seul l\u2019expert de l\u2019assurance s\u2019est d\u00e9plac\u00e9. Aucun repr\u00e9sentant d\u2019ENEDIS n\u2019\u00e9tait pr\u00e9sent !<br \/>\nA ce stade, hormis notre t\u00e9moignage, aucun \u00e9l\u00e9ment indiscutable, vu l\u2019\u00e9tat de l\u2019installation, n\u2019a permis de confirmer la cause racine du d\u00e9part de feu.<br \/>\nEn attendant, une expertise compl\u00e9mentaire est requise qui repousse la possibilit\u00e9 de d\u00e9marrer la r\u00e9habilitation de la maison \u00e0 un d\u00e9lai ind\u00e9termin\u00e9.<br \/>\nL\u2019expert de l&rsquo;assurance d\u2019ENEDIS s\u2019est empress\u00e9 de pr\u00e9ciser qu\u2019un accord de confidentialit\u00e9 devait \u00eatre sign\u00e9 entre les diff\u00e9rents experts (il est vrai que les conclusions pourraient \u00eatre embarrassantes si elles \u00e9taient divulgu\u00e9es).<br \/>\nEntre temps, afin de pr\u00e9server l\u2019\u00e9tat du reste de la maison en cette p\u00e9riode automnale et hivernale, nous avons demand\u00e9 d\u00e8s le 13 novembre l\u2019installation d\u2019un compteur de chantier pour pouvoir chauffer. L\u00e0 encore, ENEDIS nous a impos\u00e9 un d\u00e9lai ind\u00e9cent (6 d\u00e9cembre) pour simplement organiser une premi\u00e8re visite. Nous avons eu beau faire valoir les circonstances et la n\u00e9cessit\u00e9 urgente de pr\u00e9server le reste de la maison, aucun effort n\u2019a \u00e9t\u00e9 consenti ! Nous attendons donc toujours.<\/p>\n<p>Jusqu\u2019\u00e0 pr\u00e9sent, nous avions fait le choix avec mon \u00e9pouse de ne pas faire de vague, nous attendant \u00e0 une r\u00e9action constructive et bienveillante d&rsquo;ENEDIS. Il n\u2019en est rien, et donc, nous faisons le choix inverse !<\/p>\n<p>PARTAGEZ, COMMENTEZ CETTE PUBLICATION. ET SURTOUT, REFUSEZ L\u2019INSTALLATION DU COMPTEUR LINKY, SURTOUT S\u2019IL EST DANS VOTRE HABITATION !<\/p>\n<p style=\"text-align: center;\">***********\u00a0\u00a0\u00a0\u00a0\u00a0\u00a0\u00a0\u00a0\u00a0\u00a0\u00a0\u00a0\u00a0\u00a0 **************<\/p>\n<p style=\"text-align: center;\"><strong><span style=\"font-family: arial black, sans-serif; font-size: 18pt;\">Au jour le jour<\/span><br \/>\n<\/strong><\/p>\n<p style=\"text-align: justify;\"><a href=\"https:\/\/collectif-accad.fr\/site\/wp-content\/uploads\/2018\/07\/TLF-180721.pdf\">TLF 180721<\/a><\/p>\n<p style=\"text-align: justify;\"><a href=\"http:\/\/www.temoignage-linky-france.fr\/\">http:\/\/www.temoignage-linky-france.fr\/<\/a><\/p>\n<h2 style=\"text-align: center;\"><strong>Un immeuble en r\u00e9sistance contre Linky<\/strong><\/h2>\n<p style=\"text-align: justify;\"><a href=\"https:\/\/www.sudouest.fr\/2018\/02\/15\/un-immeuble-en-resistance-contre-linky-4203377-3900.php\">https:\/\/www.sudouest.fr\/2018\/02\/15\/un-immeuble-en-resistance-<\/a><\/p>\n<p style=\"text-align: justify;\"><strong>\u00a0<\/strong><\/p>\n<h2 style=\"text-align: center;\"><strong>Stop Linky 47 <\/strong><\/h2>\n<p style=\"text-align: center;\"><strong>oblige \u00e0 reposer l\u2019ancien compteur d\u00e9j\u00e0 remplac\u00e9<\/strong><\/p>\n<p style=\"text-align: justify;\"><a href=\"https:\/\/www.ladepeche.fr\/article\/2018\/02\/26\/2749519-stop-linky-47-oblige-enedis-reposer-ancien-compteur-deja-remplace.html\">https:\/\/www.ladepeche.fr\/article\/2018\/02\/26\/2749519-stop-linky-47-<\/a><\/p>\n<p style=\"text-align: justify;\"><strong>\u00a0<\/strong><\/p>\n<h2 style=\"text-align: center;\"><strong>Le fils souffre d\u2019\u00e9pilepsie\u00a0<\/strong><\/h2>\n<p style=\"text-align: center;\"><strong>Enedis accepte de retirer le compteur<\/strong><\/p>\n<p style=\"text-align: justify;\"><a href=\"https:\/\/www.ladepeche.fr\/article\/2018\/01\/09\/2718276-fils-souffre-epilepsie-enedis-accepte-retirer-compteur-linky-apres-an.html\">https:\/\/www.ladepeche.fr\/article\/2018\/01\/09\/2718276-fils-souffre<\/a><\/p>\n<h2 style=\"text-align: center;\"><strong>Enedis fait marche arri\u00e8re<\/strong><\/h2>\n<p style=\"text-align: justify;\">Pour en savoir plus\u00a0:<\/p>\n<p style=\"text-align: justify;\"><a href=\"https:\/\/collectif-accad.fr\/site\/wp-content\/uploads\/2018\/08\/repose-compteur-a-Montauban.doc\">repose compteur a Montauban<\/a><\/p>\n<p style=\"text-align: justify;\"><strong>\u00a0<\/strong><\/p>\n<h2 style=\"text-align: center;\"><strong>Collectif Stop Linky Tarn sud <\/strong><\/h2>\n<p style=\"text-align: justify;\"><strong>Le 6 d\u00e9cembre 2017 <\/strong>vers 16h30, un installateur de Linky entre dans le jardin de Mme M., habitante de Castres, dans l\u2019objectif de poser un Linky.<\/p>\n<p style=\"text-align: justify;\">Le retour chez elle de la propri\u00e9taire stoppe l\u2019action en cours : elle refuse formellement qu\u2019un Linky soit install\u00e9 en lieu et place du compteur pr\u00e9c\u00e9dent. Elle qui, peu de temps avant, avait d\u2019ailleurs exprim\u00e9 par t\u00e9l\u00e9phone son refus du Linky pour les deux logements du lieu, auquel il lui avait \u00e9t\u00e9 r\u00e9pondu \u00ab <em>C\u2019est not\u00e9, nous l\u2019enregistrons <\/em>\u00bb. (sic)<\/p>\n<p style=\"text-align: justify;\">Les voisins sont appel\u00e9s \u00e0 l\u2019aide, des personnes du collectif arrivent sur les lieux pour soutenir le choix de l\u2019habitante, le chef de l\u2019\u00e9quipe des poseurs des Linky arrive \u00e9galement, et m\u00eame, et fort heureusement, la police nationale intervient pour calmer la situation qui prend de l&rsquo;ampleur.<\/p>\n<p style=\"text-align: justify;\">Quatre heures plus tard, gr\u00e2ce \u00e0 la volont\u00e9 pugnace de l&rsquo;habitante, et \u00e0 la pr\u00e9sence du collectif, la pose d\u2019un module de raccordement permet de r\u00e9tablir l\u2019\u00e9lectricit\u00e9 dans le logement sans poser de Linky. C\u2019\u00e9tait si simple.<\/p>\n<p style=\"text-align: justify;\">Le mardi 12 d\u00e9cembre, un responsable r\u00e9gional d\u2019Enedis en charge du d\u00e9ploiement du Linky vient \u00e9couter le motif du refus. Face \u00e0 la volont\u00e9 r\u00e9affirm\u00e9e de l&rsquo;habitante, <strong>il fait intervenir un technicien pour la repose du compteur conventionnel souhait\u00e9. <\/strong><\/p>\n<p style=\"text-align: justify;\"><strong>Obtenir de la part d&rsquo;Enedis un autre compteur que le Linky est donc possible ! <\/strong><\/p>\n<p style=\"text-align: justify;\">Nous d\u00e9non\u00e7ons le fait que seule la pugnacit\u00e9 des habitant-e-s permette d&rsquo;y arriver. Et regrettons qu&rsquo;Enedis, en ce d\u00e9ploiement, n\u2019incarne pas le service public qu\u2019il devrait \u00eatre.<\/p>\n<p style=\"text-align: justify;\">Pour en savoir plus\u00a0:<\/p>\n<p style=\"text-align: justify;\"><a href=\"https:\/\/collectif-accad.fr\/site\/wp-content\/uploads\/2018\/08\/Le-responsable-territorial-d-enedis-repose-un-autre-compteur.doc\">Le responsable territorial d enedis repose un autre compteur<\/a><\/p>\n<p style=\"text-align: center;\"><img loading=\"lazy\" decoding=\"async\" class=\"alignnone size-full wp-image-966\" src=\"https:\/\/collectif-accad.fr\/site\/wp-content\/uploads\/2018\/08\/PasObligatoire-180807-1.jpg\" alt=\"\" width=\"300\" height=\"502\" srcset=\"https:\/\/collectif-accad.fr\/site\/wp-content\/uploads\/2018\/08\/PasObligatoire-180807-1.jpg 300w, https:\/\/collectif-accad.fr\/site\/wp-content\/uploads\/2018\/08\/PasObligatoire-180807-1-179x300.jpg 179w\" sizes=\"auto, (max-width: 300px) 100vw, 300px\" \/><\/p>\n","protected":false},"excerpt":{"rendered":"<p>T\u00e9moignage\u00a0 de RM (Essonne) LES FAITS Le compteur LINKY a \u00e9t\u00e9 install\u00e9 dans le garage de notre maison le 20 septembre 2017. Dans la nuit du 1er au 2 novembre 2017 \u00e0 00h15, le courant s&rsquo;est coup\u00e9 brutalement, simultan\u00e9ment d&rsquo;un vacarme (cr\u00e9pitements violents) en provenance du garage. Etant encore \u00e9veill\u00e9, je suis imm\u00e9diatement all\u00e9 voir &hellip; <a href=\"https:\/\/collectif-accad.fr\/site\/nos-actions\/temoignages\/en-france\/\" class=\"more-link\">Continuer la lecture de <span class=\"screen-reader-text\">En France<\/span><\/a><\/p>\n","protected":false},"author":4,"featured_media":0,"parent":376,"menu_order":0,"comment_status":"closed","ping_status":"closed","template":"","meta":{"footnotes":""},"class_list":["post-962","page","type-page","status-publish","hentry"],"_links":{"self":[{"href":"https:\/\/collectif-accad.fr\/site\/wp-json\/wp\/v2\/pages\/962","targetHints":{"allow":["GET"]}}],"collection":[{"href":"https:\/\/collectif-accad.fr\/site\/wp-json\/wp\/v2\/pages"}],"about":[{"href":"https:\/\/collectif-accad.fr\/site\/wp-json\/wp\/v2\/types\/page"}],"author":[{"embeddable":true,"href":"https:\/\/collectif-accad.fr\/site\/wp-json\/wp\/v2\/users\/4"}],"replies":[{"embeddable":true,"href":"https:\/\/collectif-accad.fr\/site\/wp-json\/wp\/v2\/comments?post=962"}],"version-history":[{"count":6,"href":"https:\/\/collectif-accad.fr\/site\/wp-json\/wp\/v2\/pages\/962\/revisions"}],"predecessor-version":[{"id":1607,"href":"https:\/\/collectif-accad.fr\/site\/wp-json\/wp\/v2\/pages\/962\/revisions\/1607"}],"up":[{"embeddable":true,"href":"https:\/\/collectif-accad.fr\/site\/wp-json\/wp\/v2\/pages\/376"}],"wp:attachment":[{"href":"https:\/\/collectif-accad.fr\/site\/wp-json\/wp\/v2\/media?parent=962"}],"curies":[{"name":"wp","href":"https:\/\/api.w.org\/{rel}","templated":true}]}}