{"id":952,"date":"2019-08-16T07:00:37","date_gmt":"2019-08-16T05:00:37","guid":{"rendered":"https:\/\/collectif-accad.fr\/site\/?page_id=952"},"modified":"2019-08-16T07:13:21","modified_gmt":"2019-08-16T05:13:21","slug":"comment-refuser","status":"publish","type":"page","link":"https:\/\/collectif-accad.fr\/site\/autres-compteurs\/compteur-eau\/comment-refuser\/","title":{"rendered":"Comment refuser ?"},"content":{"rendered":"<p style=\"text-align: center;\"><img loading=\"lazy\" decoding=\"async\" class=\"alignnone size-full wp-image-2043\" src=\"https:\/\/collectif-accad.fr\/site\/wp-content\/uploads\/2018\/10\/CompteursCommunicants_ACCAD-181026-0.jpg\" alt=\"\" width=\"498\" height=\"490\" srcset=\"https:\/\/collectif-accad.fr\/site\/wp-content\/uploads\/2018\/10\/CompteursCommunicants_ACCAD-181026-0.jpg 498w, https:\/\/collectif-accad.fr\/site\/wp-content\/uploads\/2018\/10\/CompteursCommunicants_ACCAD-181026-0-300x295.jpg 300w\" sizes=\"auto, (max-width: 498px) 100vw, 498px\" \/><\/p>\n<p style=\"text-align: center;\"><span style=\"font-family: arial black, sans-serif; font-size: 18pt;\"><strong>Pour refuser le compteur EAU<\/strong><\/span><\/p>\n<p style=\"text-align: justify;\">Voici un mod\u00e8le de lettre que vous enverrez en lettre recommand\u00e9 avec accus\u00e9 de r\u00e9ception<\/p>\n<p>\u00e0 Nor\u00e9ade ou Veolia\u00a0 ou \u2026<\/p>\n<p><a href=\"https:\/\/collectif-accad.fr\/site\/wp-content\/uploads\/2019\/08\/LETTRE-REFUS-Compteur-deau1-1.doc\"><strong>LETTRE REFUS Compteur d&rsquo;eau1-1<\/strong><\/a><\/p>\n<p>Un autre mod\u00e8le de lettre :<\/p>\n<p><strong><a href=\"https:\/\/collectif-accad.fr\/site\/wp-content\/uploads\/2018\/07\/Eau_Mod\u00e8le_lettre-refus_compteur-eau.doc\">Eau_Mod\u00e8le_lettre-refus_compteur-eau<\/a><\/strong><\/p>\n<p>Un autre mod\u00e8le de lettre :<\/p>\n<p><strong><a href=\"https:\/\/collectif-accad.fr\/site\/wp-content\/uploads\/2018\/07\/Eau-MODELE-DE-LETTRE-DE-REFUS-A-1.doc\">Eau-MODELE DE LETTRE DE REFUS A-1<\/a><\/strong><\/p>\n<p>Copie de cette lettre \u00e0 envoyer au maire de la commune.<\/p>\n<p style=\"text-align: center;\">*****************\u00a0\u00a0\u00a0\u00a0\u00a0\u00a0\u00a0\u00a0\u00a0\u00a0\u00a0\u00a0 *************<\/p>\n<p style=\"text-align: center;\"><span style=\"font-size: 18pt;\"><strong>Trouv\u00e9 sur antilinkynord<\/strong><\/span><\/p>\n<p>Un mod\u00e8le de refus du compteur\u00a0:<\/p>\n<p><a href=\"https:\/\/www.antilinkynord.fr\/file\/LettresRefusCC\/lettre_Refus_Compteur_EAU_18-10_2018.pdf\">https:\/\/www.antilinkynord.fr\/file\/LettresRefusCC\/lettre_<\/a><\/p>\n<p style=\"text-align: center;\">*********** ***************\u00a0\u00a0\u00a0\u00a0\u00a0\u00a0\u00a0\u00a0\u00a0\u00a0\u00a0\u00a0 ***********<\/p>\n<p style=\"text-align: center;\"><strong><span style=\"font-size: 18pt;\">Trouv\u00e9 sur valleeducousin<\/span><\/strong><\/p>\n<p><a href=\"http:\/\/www.valleeducousin.fr\/spip.php?article522\">http:\/\/www.valleeducousin.fr\/spip.php?article522<\/a><\/p>\n<p>Lire le document : <a href=\"https:\/\/collectif-accad.fr\/site\/wp-content\/uploads\/2018\/08\/Compteur-eau-180821.pdf\">Compteur eau 180821<\/a><\/p>\n<p>&nbsp;<\/p>\n<p style=\"text-align: center;\"><img loading=\"lazy\" decoding=\"async\" class=\"alignnone size-full wp-image-954\" src=\"https:\/\/collectif-accad.fr\/site\/wp-content\/uploads\/2018\/08\/Linky_vert-180731-1.jpg\" alt=\"\" width=\"425\" height=\"300\" srcset=\"https:\/\/collectif-accad.fr\/site\/wp-content\/uploads\/2018\/08\/Linky_vert-180731-1.jpg 425w, https:\/\/collectif-accad.fr\/site\/wp-content\/uploads\/2018\/08\/Linky_vert-180731-1-300x212.jpg 300w\" sizes=\"auto, (max-width: 425px) 100vw, 425px\" \/><\/p>\n","protected":false},"excerpt":{"rendered":"<p>Pour refuser le compteur EAU Voici un mod\u00e8le de lettre que vous enverrez en lettre recommand\u00e9 avec accus\u00e9 de r\u00e9ception \u00e0 Nor\u00e9ade ou Veolia\u00a0 ou \u2026 LETTRE REFUS Compteur d&rsquo;eau1-1 Un autre mod\u00e8le de lettre : Eau_Mod\u00e8le_lettre-refus_compteur-eau Un autre mod\u00e8le de lettre : Eau-MODELE DE LETTRE DE REFUS A-1 Copie de cette lettre \u00e0 envoyer &hellip; <a href=\"https:\/\/collectif-accad.fr\/site\/autres-compteurs\/compteur-eau\/comment-refuser\/\" class=\"more-link\">Continuer la lecture de <span class=\"screen-reader-text\">Comment refuser ?<\/span><\/a><\/p>\n","protected":false},"author":4,"featured_media":0,"parent":189,"menu_order":0,"comment_status":"closed","ping_status":"closed","template":"","meta":{"footnotes":""},"class_list":["post-952","page","type-page","status-publish","hentry"],"_links":{"self":[{"href":"https:\/\/collectif-accad.fr\/site\/wp-json\/wp\/v2\/pages\/952","targetHints":{"allow":["GET"]}}],"collection":[{"href":"https:\/\/collectif-accad.fr\/site\/wp-json\/wp\/v2\/pages"}],"about":[{"href":"https:\/\/collectif-accad.fr\/site\/wp-json\/wp\/v2\/types\/page"}],"author":[{"embeddable":true,"href":"https:\/\/collectif-accad.fr\/site\/wp-json\/wp\/v2\/users\/4"}],"replies":[{"embeddable":true,"href":"https:\/\/collectif-accad.fr\/site\/wp-json\/wp\/v2\/comments?post=952"}],"version-history":[{"count":10,"href":"https:\/\/collectif-accad.fr\/site\/wp-json\/wp\/v2\/pages\/952\/revisions"}],"predecessor-version":[{"id":3955,"href":"https:\/\/collectif-accad.fr\/site\/wp-json\/wp\/v2\/pages\/952\/revisions\/3955"}],"up":[{"embeddable":true,"href":"https:\/\/collectif-accad.fr\/site\/wp-json\/wp\/v2\/pages\/189"}],"wp:attachment":[{"href":"https:\/\/collectif-accad.fr\/site\/wp-json\/wp\/v2\/media?parent=952"}],"curies":[{"name":"wp","href":"https:\/\/api.w.org\/{rel}","templated":true}]}}