{"id":940,"date":"2018-08-19T15:22:00","date_gmt":"2018-08-19T13:22:00","guid":{"rendered":"https:\/\/collectif-accad.fr\/site\/?page_id=940"},"modified":"2018-10-18T14:52:57","modified_gmt":"2018-10-18T12:52:57","slug":"pourquoi-refuser","status":"publish","type":"page","link":"https:\/\/collectif-accad.fr\/site\/autres-compteurs\/compteur-eau\/pourquoi-refuser\/","title":{"rendered":"Pourquoi refuser ?"},"content":{"rendered":"<p style=\"text-align: center;\"><strong><span style=\"font-family: arial black, sans-serif; font-size: 18pt;\">Alerte aux compteurs communicants d&rsquo;eau<\/span><\/strong><\/p>\n<p>article trouv\u00e9 sur <a href=\"http:\/\/refus.linky.gazpar.free.fr\">http:\/\/refus.linky.gazpar.free.fr<\/a><\/p>\n<p style=\"text-align: center;\"><a href=\"https:\/\/collectif-accad.fr\/site\/wp-content\/uploads\/2018\/09\/Compteurs-communicants-deau-180901.pdf\">Compteurs communicants d&rsquo;eau 180901<\/a><\/p>\n<p style=\"text-align: center;\">*************\u00a0\u00a0\u00a0\u00a0\u00a0\u00a0\u00a0\u00a0\u00a0\u00a0\u00a0\u00a0\u00a0 *****************<\/p>\n<p style=\"text-align: center;\"><span style=\"font-family: arial black, sans-serif; font-size: 18pt;\"><strong>Premier courrier \u00e0 Nor\u00e9ade<br \/>\n<\/strong><\/span><\/p>\n<p style=\"text-align: justify;\">qui veut installer des compteurs d\u2019eau<\/p>\n<p style=\"text-align: justify;\"><em>\u00ab\u00a0Au sujet du compteur t\u00e9l\u00e9-relevable que vous voulez m&rsquo;installer, je vous demande les r\u00e9f\u00e9rences du compteur : la marque et le mod\u00e8le, ainsi qu&rsquo;une fiche technique compl\u00e8te et d\u00e9taill\u00e9e, pr\u00e9cisant la nature physique de l\u2019\u00e9mission, afin de la transmettre pour expertise.<\/em><\/p>\n<p style=\"text-align: justify;\"><em>Vous \u00e9crivez\u00a0: \u00ab\u00a0Nor\u00e9ade prend enti\u00e8rement \u00e0 sa charge cette op\u00e9ration obligatoire\u00a0\u00bb. Cela soul\u00e8ve deux questions\u00a0:<\/em><\/p>\n<ul style=\"text-align: justify;\">\n<li><em>Faites-vous, comme pour le compteur Linky, une gratuit\u00e9 apparente puisque l\u2019on devra payer le compteur dans un avenir plus ou moins proche\u00a0?<\/em><\/li>\n<li><em>Sur quoi vous appuyez-vous pour dire que l\u2019op\u00e9ration est obligatoire\u00a0?<\/em><\/li>\n<\/ul>\n<p style=\"text-align: justify;\"><em>Ne trouvez-vous pas anormal, \u00e9cologiquement et \u00e9conomiquement parlant, de vouloir \u00e0 tout prix remplacer le compteur actuel qui fonctionne correctement par un autre dont la dur\u00e9e sera certainement beaucoup moins importante\u00a0? Pourriez-vous d\u2019ailleurs m\u2019indiquer la dur\u00e9e du produit que vous voudriez m\u2019imposer\u00a0?<\/em><\/p>\n<p style=\"text-align: justify;\"><em>Je suis inform\u00e9 par l&rsquo;Association Nationale Robin des toits que les \u00e9missions de ces compteurs sont toxiques et que des probl\u00e8mes de sant\u00e9 se sont d\u00e9j\u00e0 produits apr\u00e8s leur pose. Je sais aussi par cette association qu&rsquo;aucun texte l\u00e9gal ne vous autorise \u00e0 me l&rsquo;imposer, ni ne m&rsquo;oblige \u00e0 l&rsquo;accepter.<\/em><\/p>\n<p style=\"text-align: justify;\"><em>Par ailleurs, vous \u00eates cens\u00e9(e) savoir que depuis 2002 les compagnies d&rsquo;assurance excluent de leur police d&rsquo;assurance en responsabilit\u00e9 civile \u00ab tous les dommages, frais ou d\u00e9penses de quelque nature que ce soit, caus\u00e9s directement ou indirectement par, r\u00e9sultant de ou li\u00e9s de quelque mani\u00e8re que ce soit aux champs magn\u00e9tiques \u00bb. Ainsi je refuse le remplacement de mon compteur m\u00e9canique en \u00e9tat de fonctionnement, par un compteur dont le type d&rsquo;\u00e9mission l&rsquo;exclut de la couverture dans tous les contrats individuels d&rsquo;assurance.<\/em><\/p>\n<p style=\"text-align: justify;\"><em>Je pourrais \u00e9ventuellement accepter \u2013au cas o\u00f9 le compteur actuel serait d\u00e9faillant- uniquement le compteur li\u00e9 \u00e0 un r\u00e9seau filaire\u00a0; et ce, sans nuire \u00e0 la sant\u00e9 des gens et \u00e0 toute cellule vivante.<\/em><\/p>\n<p style=\"text-align: justify;\"><em>Je vous rappelle que, les installations de ce type de compteur n&rsquo;\u00e9tant appuy\u00e9es \u2013\u00e0 ma connaissance- sur aucun document l\u00e9gal ou r\u00e8glementaire, toute tentative d&rsquo;entrer chez moi sans mon accord est judiciairement nomm\u00e9e effraction et passible de condamnation.\u00a0\u00bb<\/em><\/p>\n<p style=\"text-align: center;\">**\u00a0\u00a0\u00a0 **<\/p>\n<p style=\"text-align: center;\"><span style=\"font-family: arial black, sans-serif; font-size: 18pt;\"><strong>Nor\u00e9ade r\u00e9pond<\/strong><\/span><\/p>\n<p style=\"text-align: justify;\">par courrier\u00a0; uniquement sur le type de compteur :<\/p>\n<p style=\"text-align: justify;\">\u00ab\u00a0\u2026 <em>La particularit\u00e9 de cette technologie est justement d\u2019\u00e9viter l\u2019\u00e9mission d\u2019onde. Le module radio\u00a0 n\u2019est \u00ab\u00a0r\u00e9veill\u00e9\u00a0\u00bb que lors du relev\u00e9 du compteur. Il est effectu\u00e9 gr\u00e2ce \u00e0 un terminal portable qui vient interroger sur place le module radio (fr\u00e9quence des relev\u00e9s \u00e0 Nor\u00e9ade\u00a0: 1 fois par an \u00e0 ce jour). C\u2019est uniquement \u00e0 ce moment-l\u00e0 que le module \u00e9met des ondes radio pour envoyer ses donn\u00e9es vers le terminal portable. Les ondes sont \u00e9mises pendant une courte dur\u00e9e de 3 secondes.<\/em><\/p>\n<p style=\"text-align: justify;\"><em>La puissance d\u2019\u00e9mission de ces ondes est tr\u00e8s faible (10 mW maximum) et correspond \u00e0 un niveau 30 fois plus faible qu\u2019un t\u00e9l\u00e9phone portable GSM. Tout le reste du temps, en dehors de ces 3 secondes, le module est en veille et n\u2019\u00e9met aucune onde \u00e9lectromagn\u00e9tique (pas de perturbation non plus des \u00e9quipements multim\u00e9dia).\u00a0 Le marquage CE appliqu\u00e9 sur le module de communication indique le respect des exigences r\u00e8glementaires, notamment un niveau sanitaire vis-\u00e0-vis des usagers.\u00a0\u00bb<\/em><\/p>\n<p style=\"text-align: justify;\"><em>Suivi des caract\u00e9ristiques du module radio\u00a0:<\/em><\/p>\n<p style=\"text-align: justify;\"><em>\u00ab <\/em><em>Protocole\u00a0: RADIAN<\/em><br \/>\n<em>Fr\u00e9quence porteuse\u00a0: 433,82 MHz<\/em><br \/>\n<em>Puissance d\u2019\u00e9mission\u00a0: 10 mW maximum<\/em><br \/>\n<em>Transmission\u00a0: 2 voies en rel\u00e8ve mobile<\/em><br \/>\n<em>Temps de rel\u00e8ve\u00a0: &lt; ou = 3 sec\/interrogation<\/em><br \/>\n<em>Port\u00e9e\u00a0: 600 m en champs libre <\/em><em>\u00bb<\/em><\/p>\n<p style=\"text-align: center;\"><em>**\u00a0\u00a0\u00a0\u00a0\u00a0\u00a0\u00a0\u00a0\u00a0\u00a0\u00a0 **<\/em><\/p>\n<p style=\"text-align: center;\"><strong><span style=\"font-family: arial black, sans-serif; font-size: 18pt;\">R\u00e9ponse d\u2019un membre <\/span><\/strong><\/p>\n<p style=\"text-align: center;\"><strong><span style=\"font-family: arial black, sans-serif; font-size: 18pt;\">de collectif nordiste<\/span><\/strong><\/p>\n<p style=\"text-align: justify;\">Je me permets de vous transmettre ci-dessous l&rsquo;avis de Patrice Goyaud, ancien ing\u00e9nieur chercheur chez RTE sur ce compteur d&rsquo;eau \u00e0 syst\u00e8me RADIAN. Il confirme les dires de Nor\u00e9ade<\/p>\n<p style=\"text-align: justify;\">\u00ab\u00a0\u2026<em>c&rsquo;est exact pour le syst\u00e8me radian, qui est relev\u00e9 par un employ\u00e9 qui passe dans la rue et active l&rsquo;\u00e9metteur du compteur. Le syst\u00e8me radian, \u00e0 ma connaissance, est le seul qui n&rsquo;\u00e9mette pas en continu.<\/em><\/p>\n<p style=\"text-align: justify;\"><em>Mais d&rsquo;autres dispositifs existent pour l&rsquo;eau, qui fonctionnent comme pour le compteur Gazpar: \u00e9metteur GSM qui communique avec l&rsquo;antenne relais la + proche<\/em><\/p>\n<p style=\"text-align: justify;\"><em>Donc bien se renseigner avant d&rsquo;en accepter la pose sur son compteur d&rsquo;eau.\u00a0\u00bb<\/em><\/p>\n<p style=\"text-align: justify;\">Ce qui n&rsquo;a pas emp\u00each\u00e9 une habitante sensible aux ondes \u00e9lectromagn\u00e9tiques pr\u00e8s de chez moi d&rsquo;accepter ce compteur mais \u00e0 la condition que le module radio soit enlev\u00e9, et c&rsquo;est ce qu&rsquo;a fait Nor\u00e9ade.<\/p>\n<p style=\"text-align: justify;\">Le collectif a ensuite test\u00e9 cet appareil avec un d\u00e9tecteur d\u2019ondes ESI24 pour les basses et hautes fr\u00e9quences.<\/p>\n<p style=\"text-align: justify;\">Aucune \u00e9mission d\u2019ondes n&rsquo;a \u00e9t\u00e9 d\u00e9tect\u00e9e, en prenant des mesures qui avaient \u00e9t\u00e9 espac\u00e9es dans le temps.<\/p>\n<p style=\"text-align: justify;\">M\u00eame r\u00e9sultat. Depuis, aucun trouble de sant\u00e9 constat\u00e9 de sa voisine.<\/p>\n<p style=\"text-align: center;\">**\u00a0\u00a0\u00a0\u00a0\u00a0\u00a0\u00a0\u00a0 **<\/p>\n<p style=\"text-align: center;\"><span style=\"font-family: arial black, sans-serif; font-size: 18pt;\"><strong>R\u00e9ponse \u00e0 l\u2019argumentaire de Nor\u00e9ade<\/strong><\/span><\/p>\n<p style=\"text-align: justify;\">J\u2019ai pris bonne note de votre r\u00e9ponse. Cela me permet de r\u00e9pondre d\u00e9j\u00e0 sur le seul point que vous \u00e9tudiez\u00a0; \u00e0 savoir le syst\u00e8me de rel\u00e8ve \u00e0 distance.<\/p>\n<p style=\"text-align: justify;\">Sur ce point technique important, il y a de quoi \u00eatre moins inquiet que pour le syst\u00e8me utilis\u00e9 pour le compteur \u00ab\u00a0intelligent\u00a0\u00bb (aussi) Linky.<\/p>\n<p style=\"text-align: justify;\">Vous devez certainement savoir qu\u2019une habitante sensible aux ondes \u00e9lectromagn\u00e9tiques a accept\u00e9 ce compteur, \u00e0 la condition que le module radio soit enlev\u00e9\u00a0; c&rsquo;est ce qu&rsquo;a fait votre soci\u00e9t\u00e9. Le collectif a ensuite test\u00e9 cet appareil avec un d\u00e9tecteur d\u2019ondes ESI24 pour les basses et hautes fr\u00e9quences. Aucune \u00e9mission d\u2019ondes n&rsquo;a \u00e9t\u00e9 d\u00e9tect\u00e9e en prenant des mesures qui avaient \u00e9t\u00e9 espac\u00e9es dans le temps. Depuis, aucun trouble de sant\u00e9 constat\u00e9.<\/p>\n<p style=\"text-align: justify;\">Vous savez aussi certainement que d&rsquo;autres dispositifs existent pour l&rsquo;eau.<\/p>\n<p style=\"text-align: justify;\">Je voudrais vous soumettre un document produit par l\u2019association \u00ab\u00a0Robin des toits\u00a0\u00bb. Cette association dit en substance ceci\u00a0:<\/p>\n<p style=\"text-align: justify;\"><em>\u00ab\u00a0Concernant les compteurs dits \u00ab\u00a0intelligents\u00a0\u00bb, aucune loi, ni aucun r\u00e8glement impose un module radio sur un compteur. La loi ne parle que de compteurs \u00e9volu\u00e9s. Tous les compteurs sont fabriqu\u00e9s avec option de module communicant avec port filaire interchangeable. Les op\u00e9rateurs de distribution d&rsquo;\u00e9nergies (eau, gaz, \u00e9lectricit\u00e9) jouent sur l&rsquo;impr\u00e9cision de la loi pour imposer unilat\u00e9ralement le module radio sur leurs compteurs.<\/em><\/p>\n<p style=\"text-align: justify;\"><em>Il faut refuser les modules radio mis en place autoritairement par les industriels seuls.<\/em><\/p>\n<p style=\"text-align: justify;\"><em>Comme pour le tabagisme passif, il faut refuser l&rsquo;exposition aux champs \u00e9lectromagn\u00e9tiques artificiels passive.<\/em><\/p>\n<p style=\"text-align: justify;\"><em>Contrairement \u00e0 la propagande sur leur documentation, le fait que les consommations soient relev\u00e9es par radiofr\u00e9quences n&rsquo;apporte en rien une am\u00e9lioration du suivi tr\u00e8s pr\u00e9cis ainsi que la d\u00e9tection de fuites et autres anomalies.<\/em><\/p>\n<p style=\"text-align: justify;\"><em>Un port filaire du type \u00e9nonc\u00e9 ci-dessus serait tout aussi efficace, sans nuire \u00e0 la sant\u00e9 des consommateurs.<\/em><\/p>\n<p style=\"text-align: justify;\"><em>Le port filaire permettrait tout aussi bien de mieux informer l&rsquo;utilisateur, de g\u00e9rer sa consommation et de la r\u00e9duire.<\/em><\/p>\n<p style=\"text-align: justify;\"><em>De plus, il ne faut pas oublier tous les r\u00e9p\u00e9teurs, concentrateurs et antennes-relais n\u00e9cessaires pour l&rsquo;acheminement des donn\u00e9es \u00e9mises par ces modules radios, et dont les \u00e9missions de radiofr\u00e9quences se rajoutent au brouillard \u00e9lectromagn\u00e9tique ambiant class\u00e9 dans le Groupe 2B, potentiellement canc\u00e9rog\u00e8ne.<\/em><\/p>\n<p style=\"text-align: justify;\"><em>Contrairement au discours des industriels vantant la faible p\u00e9riodicit\u00e9 de communication individuellement de chacun de leurs compteurs dits \u00ab\u00a0intelligents\u00a0\u00bb, il faut obligatoirement raisonner en global, comprenant tous les compteurs des diff\u00e9rents domaines de services dans tout le voisinage, au nombre de compteurs en agglom\u00e9ration et au nombre d&rsquo;antennes-relais n\u00e9cessaires au maillage indispensable pour le transfert de toutes les donn\u00e9es relev\u00e9es et toutes les commandes \u00e0 envoyer.<\/em><\/p>\n<p style=\"text-align: justify;\"><em>La quantit\u00e9 et la concentration de compteurs communicants et d&rsquo;antennes-relais au m\u00e8tre carr\u00e9 constituera un trafic de transferts de donn\u00e9es permanent, 24h\/24h et 365j\/365j, augmentant de ce fait l&rsquo;exposition des populations aux champs \u00e9lectromagn\u00e9tiques.<\/em><\/p>\n<p style=\"text-align: justify;\"><em>Etre expos\u00e9 \u00e0 de faibles valeurs 24h\/24h est toxique pour le vivant : humain, animal et v\u00e9g\u00e9tal.<\/em><\/p>\n<p style=\"text-align: justify;\"><em>C&rsquo;est l'\u00a0\u00bbeffet cumulatif\u00a0\u00bb, d\u00e9crit par les Dr Sadickova, Zaret, Lai et Carino depuis 1973, qui d\u00e9montre que, contrairement aux effets thermiques qui disparaissent quand dispara\u00eet la cause, les perturbations dues aux effets biologiques dits \u00ab\u00a0sp\u00e9cifiques\u00a0\u00bb, quand elles d\u00e9passent la capacit\u00e9 d&rsquo;autor\u00e9paration, demeurent m\u00eame en absence de cause en raison de la d\u00e9gradation organique et de ses cons\u00e9quences.<\/em><\/p>\n<p style=\"text-align: justify;\"><em>L&rsquo;ensemble des compagnies d&rsquo;assurance mondiales s&rsquo;est d\u00e9sengag\u00e9 des risques li\u00e9s \u00e0 l&rsquo;exposition des champs \u00e9lectromagn\u00e9tiques artificiels &#8211; voir liste d&rsquo;exclusions de vos polices responsabilit\u00e9 civile personnelles, et celle de votre copropri\u00e9t\u00e9.<\/em><\/p>\n<p style=\"text-align: justify;\"><em>Les op\u00e9rateurs refusent depuis toujours de transmettre la leur.<\/em><\/p>\n<p style=\"text-align: justify;\"><em>Demandez \u00e0 votre bailleur, fournisseur ou Syndic de copropri\u00e9t\u00e9 de vous transmettre le texte de loi qui les autorise \u00e0 installer dans votre domicile un module radio \u00e9metteur de champs \u00e9lectromagn\u00e9tiques class\u00e9s par l&rsquo;OMS dans le Groupe 2B, possiblement canc\u00e9rog\u00e8ne, et que toutes les compagnies d&rsquo;assurance mondiales ont exclus de leurs couvertures.<\/em><\/p>\n<p style=\"text-align: justify;\"><em>Proposez \u00e0 votre fournisseur de leur transmettre tous les mois votre relev\u00e9 de compteur. Envoyez-le leur 2 fois par an en recommand\u00e9 avec AR afin d&rsquo;avoir des preuves \u00e0 fournir dans le cas o\u00f9 ils vous accuseraient d&rsquo;obstruction d&rsquo;information.\u00a0\u00bb<\/em><\/p>\n<p style=\"text-align: justify;\">Qu\u2019en pensez-vous\u00a0?<\/p>\n<p style=\"text-align: justify;\">Voil\u00e0 pour la premi\u00e8re r\u00e9ponse \u00e0 votre courrier.<\/p>\n<p style=\"text-align: justify;\">Ce qui me d\u00e9range dans votre lettre du 20 juillet est que vous ne r\u00e9pondez pas \u00e0 de nombreuses questions. Notamment -c\u2019est une r\u00e9p\u00e9tition de la lettre envoy\u00e9e d\u00e9but juillet):<\/p>\n<p style=\"text-align: justify;\"><em>\u00ab\u00a0Vous \u00e9crivez\u00a0: \u00ab\u00a0Nor\u00e9ade prend enti\u00e8rement \u00e0 sa charge cette op\u00e9ration obligatoire\u00a0\u00bb. Cela soul\u00e8ve deux questions\u00a0:<\/em><\/p>\n<ul style=\"text-align: justify;\">\n<li><em>Faites-vous, comme pour le compteur Linky, une gratuit\u00e9 apparente puisque l\u2019on devra payer le compteur dans un avenir plus ou moins proche\u00a0?<\/em><\/li>\n<li><em>Sur quoi vous appuyez-vous pour dire que l\u2019op\u00e9ration est obligatoire\u00a0?<\/em><\/li>\n<\/ul>\n<p style=\"text-align: justify;\"><em>Ne trouvez-vous pas anormal, \u00e9cologiquement et \u00e9conomiquement parlant, de vouloir \u00e0 tout prix remplacer le compteur actuel qui fonctionne correctement par un autre dont la dur\u00e9e sera certainement beaucoup moins importante\u00a0? Pourriez-vous d\u2019ailleurs m\u2019indiquer la dur\u00e9e du produit que vous voudriez m\u2019imposer\u00a0? <\/em><\/p>\n<p style=\"text-align: justify;\"><em>Je suis inform\u00e9 par l&rsquo;Association Nationale Robin des toits que les \u00e9missions de ces compteurs sont toxiques et que des probl\u00e8mes de sant\u00e9 se sont d\u00e9j\u00e0 produits apr\u00e8s leur pose. Je sais aussi par cette association qu&rsquo;aucun texte l\u00e9gal ne vous autorise \u00e0 me l&rsquo;imposer, ni ne m&rsquo;oblige \u00e0 l&rsquo;accepter. <\/em><\/p>\n<p style=\"text-align: justify;\"><em>Par ailleurs, vous \u00eates cens\u00e9(e) savoir que depuis 2002 les compagnies d&rsquo;assurance excluent de leur police d&rsquo;assurance en responsabilit\u00e9 civile \u00ab tous les dommages, frais ou d\u00e9penses de quelque nature que ce soit, caus\u00e9s directement ou indirectement par, r\u00e9sultant de ou li\u00e9s de quelque mani\u00e8re que ce soit aux champs magn\u00e9tiques \u00bb. Ainsi je refuse le remplacement de mon compteur m\u00e9canique en \u00e9tat de fonctionnement, par un compteur dont le type d&rsquo;\u00e9mission l&rsquo;exclut de la couverture dans tous les contrats individuels d&rsquo;assurance.\u00a0\u00bb<\/em><\/p>\n<p style=\"text-align: justify;\">Qu\u2019en pensez-vous\u00a0?<\/p>\n<p style=\"text-align: justify;\">Je vous prie de prendre en compte TOUS les arguments soulev\u00e9s\u00a0; en attendant une r\u00e9ponse plus d\u00e9taill\u00e9e de votre part, mon refus cat\u00e9gorique au sujet de la pose du nouveau compteur tient toujours.<\/p>\n<p style=\"text-align: center;\">********************************\u00a0\u00a0\u00a0\u00a0\u00a0\u00a0\u00a0\u00a0\u00a0\u00a0\u00a0\u00a0 **********************************<\/p>\n<p style=\"text-align: center;\"><span style=\"font-size: 18pt; font-family: arial black, sans-serif;\"><strong>Un article paru en 2016 <\/strong><\/span><\/p>\n<p style=\"text-align: center;\"><span style=\"font-size: 18pt; font-family: arial black, sans-serif;\"><strong>dans le journal\u00a0 JDN<\/strong><\/span><\/p>\n<p style=\"text-align: left;\">Dans l\u2019article, on apprend\u00a0 :<\/p>\n<ul style=\"text-align: justify;\">\n<li>que ces compteurs sont aussi propri\u00e9t\u00e9 des communes\u00a0;<\/li>\n<li>que l\u2019investissement va co\u00fbter bonbon\u00a0!<\/li>\n<\/ul>\n<p style=\"text-align: justify;\">Ce deuxi\u00e8me point laisse songeur quand on sait que les fournisseurs d\u2019eau nous disent que le nouveau compteur ne va rien nous co\u00fbter\u00a0!!! Comme pour Linky\u00a0?<\/p>\n<p style=\"text-align: justify;\"><strong>Extraits\u00a0:<\/strong><\/p>\n<p style=\"text-align: justify;\"><em>\u00ab\u00a0Pas de donn\u00e9es disponibles sur les \u00e9conomies permises par l&rsquo;installation de ces compteurs communicants en France. \u00ab\u00a0Elles sont propri\u00e9t\u00e9 des\u00a0communes\u00a0\u00bb, s&rsquo;excuse le dirigeant de l&rsquo;activit\u00e9 eau de Veolia en France. D&rsquo;ici un ou deux ans, elles pourraient devenir publiques, du fait de la nouvelle politique d&rsquo;<a href=\"https:\/\/www.journaldunet.fr\/business\/dictionnaire-du-marketing\/1198329-open-data-definition-traduction-et-synonymes\/\">open data<\/a> mise en place par le gouvernement. \u00ab\u00a0Cela permettra \u00e0 des start-up de d\u00e9velopper de nouveaux services pour le consommateur final, qui donneront plus de valeur \u00e0 ces appareils\u00a0\u00bb, pointe le directeur smart technologies de la Saur, Fr\u00e9d\u00e9ric Renaut.<\/em><\/p>\n<p style=\"text-align: justify;\"><em>Mais ces avantages ont un <a href=\"https:\/\/www.journaldunet.fr\/business\/dictionnaire-economique-et-financier\/1199019-prix-definition-traduction\/\">prix<\/a>\u00a0: \u00ab\u00a0d\u00e9ployer ces compteurs reste cher. C&rsquo;est vrai que nous n&rsquo;avons plus besoin d&rsquo;envoyer un technicien chez les particuliers pour r\u00e9aliser un relev\u00e9 une ou deux fois l&rsquo;an mais <a href=\"https:\/\/www.journaldunet.fr\/business\/dictionnaire-economique-et-financier\/1198753-investissement-definition-calcul-traduction\/\">l&rsquo;investissement<\/a> mat\u00e9riel est plus lourd que pour un compteur classique, d&rsquo;autant qu&rsquo;il faut aller changer l&rsquo;antenne radio des appareils tous les trois ans\u00a0\u00bb, d\u00e9taille Fr\u00e9d\u00e9ric Renaut. Et certains compteurs tombent en panne. \u00ab\u00a0Nous visons un taux de d\u00e9faillance de 1,5% par an\u00a0\u00bb, rapporte Philipe Malterre de Veolia. Pas besoin d&rsquo;investir donc si c&rsquo;est pour ne pas utiliser \u00e0 bon escient les donn\u00e9es collect\u00e9es et faire des \u00e9conomies substantielles.\u00a0\u00bb<\/em><\/p>\n<p style=\"text-align: center;\">********************************\u00a0\u00a0\u00a0\u00a0 *************************************<\/p>\n<p style=\"text-align: center;\"><strong><span style=\"font-family: arial black, sans-serif; font-size: 18pt;\">Un document trouv\u00e9 sur valleeducousin.fr<\/span><\/strong><\/p>\n<p><a href=\"http:\/\/www.valleeducousin.fr\/spip.php?article522\">http:\/\/www.valleeducousin.fr\/spip.php?article522<\/a><\/p>\n<p>Lire le document : <a href=\"https:\/\/collectif-accad.fr\/site\/wp-content\/uploads\/2018\/08\/Compteur-eau-180821.pdf\">Compteur eau 180821<\/a><\/p>\n<p style=\"text-align: center;\"><img loading=\"lazy\" decoding=\"async\" class=\"alignnone size-full wp-image-942\" src=\"https:\/\/collectif-accad.fr\/site\/wp-content\/uploads\/2018\/08\/Linky-180731-04.jpg\" alt=\"\" width=\"516\" height=\"300\" srcset=\"https:\/\/collectif-accad.fr\/site\/wp-content\/uploads\/2018\/08\/Linky-180731-04.jpg 516w, https:\/\/collectif-accad.fr\/site\/wp-content\/uploads\/2018\/08\/Linky-180731-04-300x174.jpg 300w\" sizes=\"auto, (max-width: 516px) 100vw, 516px\" \/><\/p>\n","protected":false},"excerpt":{"rendered":"<p>Alerte aux compteurs communicants d&rsquo;eau article trouv\u00e9 sur http:\/\/refus.linky.gazpar.free.fr Compteurs communicants d&rsquo;eau 180901 *************\u00a0\u00a0\u00a0\u00a0\u00a0\u00a0\u00a0\u00a0\u00a0\u00a0\u00a0\u00a0\u00a0 ***************** Premier courrier \u00e0 Nor\u00e9ade qui veut installer des compteurs d\u2019eau \u00ab\u00a0Au sujet du compteur t\u00e9l\u00e9-relevable que vous voulez m&rsquo;installer, je vous demande les r\u00e9f\u00e9rences du compteur : la marque et le mod\u00e8le, ainsi qu&rsquo;une fiche technique compl\u00e8te et d\u00e9taill\u00e9e, pr\u00e9cisant &hellip; <a href=\"https:\/\/collectif-accad.fr\/site\/autres-compteurs\/compteur-eau\/pourquoi-refuser\/\" class=\"more-link\">Continuer la lecture de <span class=\"screen-reader-text\">Pourquoi refuser ?<\/span><\/a><\/p>\n","protected":false},"author":4,"featured_media":0,"parent":189,"menu_order":0,"comment_status":"closed","ping_status":"closed","template":"","meta":{"footnotes":""},"class_list":["post-940","page","type-page","status-publish","hentry"],"_links":{"self":[{"href":"https:\/\/collectif-accad.fr\/site\/wp-json\/wp\/v2\/pages\/940","targetHints":{"allow":["GET"]}}],"collection":[{"href":"https:\/\/collectif-accad.fr\/site\/wp-json\/wp\/v2\/pages"}],"about":[{"href":"https:\/\/collectif-accad.fr\/site\/wp-json\/wp\/v2\/types\/page"}],"author":[{"embeddable":true,"href":"https:\/\/collectif-accad.fr\/site\/wp-json\/wp\/v2\/users\/4"}],"replies":[{"embeddable":true,"href":"https:\/\/collectif-accad.fr\/site\/wp-json\/wp\/v2\/comments?post=940"}],"version-history":[{"count":19,"href":"https:\/\/collectif-accad.fr\/site\/wp-json\/wp\/v2\/pages\/940\/revisions"}],"predecessor-version":[{"id":1958,"href":"https:\/\/collectif-accad.fr\/site\/wp-json\/wp\/v2\/pages\/940\/revisions\/1958"}],"up":[{"embeddable":true,"href":"https:\/\/collectif-accad.fr\/site\/wp-json\/wp\/v2\/pages\/189"}],"wp:attachment":[{"href":"https:\/\/collectif-accad.fr\/site\/wp-json\/wp\/v2\/media?parent=940"}],"curies":[{"name":"wp","href":"https:\/\/api.w.org\/{rel}","templated":true}]}}