{"id":930,"date":"2018-08-19T10:22:04","date_gmt":"2018-08-19T08:22:04","guid":{"rendered":"https:\/\/collectif-accad.fr\/site\/?page_id=930"},"modified":"2018-09-26T08:57:11","modified_gmt":"2018-09-26T06:57:11","slug":"robin-des-toits","status":"publish","type":"page","link":"https:\/\/collectif-accad.fr\/site\/autres-compteurs\/compteur-eau\/robin-des-toits\/","title":{"rendered":"Robin des Toits"},"content":{"rendered":"<p style=\"text-align: center;\"><span style=\"font-size: 18pt;\"><strong><span style=\"font-family: arial black, sans-serif;\">Ce que pense cette association<\/span> <\/strong><\/span><\/p>\n<p><a href=\"https:\/\/collectif-accad.fr\/site\/wp-content\/uploads\/2018\/08\/Compteur-Eau_RobindesToits.pdf\">Compteur Eau_RobindesToits<\/a><\/p>\n<p style=\"text-align: justify;\">Et quand il y a un compteur pour l&rsquo;eau froide et un compteur pour l&rsquo;eau chaude, cela double le nombre des compteurs !&#8230;<\/p>\n<p style=\"text-align: justify;\">Certes, cela ne concerne que les habitations avec chauffage collectif, mais il existe encore un petit compteur \u00e0 radiofr\u00e9quences pour la r\u00e9partition de consommation de chaleur qui s&rsquo;insinue discr\u00e8tement mais s\u00fbrement dans les appartements&#8230; peut-\u00eatre peut-on aussi l&#8217;emballer dans une double feuille d&rsquo;aluminium ?<\/p>\n<p style=\"text-align: justify;\">Dans le cas du reportage, par rapport \u00e0 la colonne montante, il y a\u00a0:<\/p>\n<p style=\"text-align: justify;\">2 compteurs \u00e0 \u00a0hauteur du coude de la personne dans les WC<\/p>\n<p style=\"text-align: justify;\">2 compteurs de l\u2019autre c\u00f4t\u00e9 de la cloison du WC \u00e0 hauteur de son coude droit,<\/p>\n<p style=\"text-align: justify;\">Et 4 autres justes dans son dos ce qui donne un total de 8 compteurs \u00e0 modules radio fr\u00e9quences sur moins d\u20191 m\u00b2<\/p>\n<p style=\"text-align: justify;\">A cela se rajoute le m\u00eame nombre sur sa t\u00eate \u00e0 environ 2,5m et aussi le m\u00eame nombre sous ses pieds \u00e0 2,5 m, soit un total de 24 compteurs\u00a0!<\/p>\n<p style=\"text-align: justify;\"><strong>R\u00e9sultat,<\/strong> comme dit dans le reportage\u00a0:<\/p>\n<p style=\"text-align: justify;\"><a href=\"https:\/\/videos2.next-up.org\/Compteurs_eau_RF.html\">tous les locataires sont malades<\/a><\/p>\n<p style=\"text-align: justify;\">(reproduction interdite).<\/p>\n<p style=\"text-align: center;\"><img loading=\"lazy\" decoding=\"async\" class=\"alignnone size-full wp-image-928\" src=\"https:\/\/collectif-accad.fr\/site\/wp-content\/uploads\/2018\/08\/Linky-180816-1.jpg\" alt=\"\" width=\"1129\" height=\"400\" srcset=\"https:\/\/collectif-accad.fr\/site\/wp-content\/uploads\/2018\/08\/Linky-180816-1.jpg 1129w, https:\/\/collectif-accad.fr\/site\/wp-content\/uploads\/2018\/08\/Linky-180816-1-300x106.jpg 300w, https:\/\/collectif-accad.fr\/site\/wp-content\/uploads\/2018\/08\/Linky-180816-1-768x272.jpg 768w, https:\/\/collectif-accad.fr\/site\/wp-content\/uploads\/2018\/08\/Linky-180816-1-1024x363.jpg 1024w\" sizes=\"auto, (max-width: 1129px) 100vw, 1129px\" \/><\/p>\n<p style=\"text-align: justify;\">\n","protected":false},"excerpt":{"rendered":"<p>Ce que pense cette association Compteur Eau_RobindesToits Et quand il y a un compteur pour l&rsquo;eau froide et un compteur pour l&rsquo;eau chaude, cela double le nombre des compteurs !&#8230; Certes, cela ne concerne que les habitations avec chauffage collectif, mais il existe encore un petit compteur \u00e0 radiofr\u00e9quences pour la r\u00e9partition de consommation de &hellip; <a href=\"https:\/\/collectif-accad.fr\/site\/autres-compteurs\/compteur-eau\/robin-des-toits\/\" class=\"more-link\">Continuer la lecture de <span class=\"screen-reader-text\">Robin des Toits<\/span><\/a><\/p>\n","protected":false},"author":4,"featured_media":0,"parent":189,"menu_order":0,"comment_status":"closed","ping_status":"closed","template":"","meta":{"footnotes":""},"class_list":["post-930","page","type-page","status-publish","hentry"],"_links":{"self":[{"href":"https:\/\/collectif-accad.fr\/site\/wp-json\/wp\/v2\/pages\/930","targetHints":{"allow":["GET"]}}],"collection":[{"href":"https:\/\/collectif-accad.fr\/site\/wp-json\/wp\/v2\/pages"}],"about":[{"href":"https:\/\/collectif-accad.fr\/site\/wp-json\/wp\/v2\/types\/page"}],"author":[{"embeddable":true,"href":"https:\/\/collectif-accad.fr\/site\/wp-json\/wp\/v2\/users\/4"}],"replies":[{"embeddable":true,"href":"https:\/\/collectif-accad.fr\/site\/wp-json\/wp\/v2\/comments?post=930"}],"version-history":[{"count":5,"href":"https:\/\/collectif-accad.fr\/site\/wp-json\/wp\/v2\/pages\/930\/revisions"}],"predecessor-version":[{"id":1612,"href":"https:\/\/collectif-accad.fr\/site\/wp-json\/wp\/v2\/pages\/930\/revisions\/1612"}],"up":[{"embeddable":true,"href":"https:\/\/collectif-accad.fr\/site\/wp-json\/wp\/v2\/pages\/189"}],"wp:attachment":[{"href":"https:\/\/collectif-accad.fr\/site\/wp-json\/wp\/v2\/media?parent=930"}],"curies":[{"name":"wp","href":"https:\/\/api.w.org\/{rel}","templated":true}]}}