{"id":8820,"date":"2022-04-08T06:05:51","date_gmt":"2022-04-08T04:05:51","guid":{"rendered":"https:\/\/collectif-accad.fr\/site\/?page_id=8820"},"modified":"2022-04-11T06:02:57","modified_gmt":"2022-04-11T04:02:57","slug":"ehs","status":"publish","type":"page","link":"https:\/\/collectif-accad.fr\/site\/ehs\/","title":{"rendered":"EHS"},"content":{"rendered":"<p style=\"text-align: center;\"><span style=\"font-family: arial black, sans-serif; font-size: 18pt;\">ElectroHyperSensible = EHS<\/span><\/p>\n<p style=\"text-align: justify;\"><span style=\"font-family: arial black, sans-serif; font-size: 18pt; color: #ff0000;\">Attention : on est toutes et tous ElectroSensibles<\/span><\/p>\n<p style=\"text-align: justify;\"><span style=\"font-family: arial black, sans-serif; font-size: 18pt;\">On peut devenir EHS, essentiellement \u00e0 cause des ondes \u00e9lectromagn\u00e9tiques artificielles.<br \/>\n<\/span><\/p>\n<p style=\"text-align: center;\"><strong><span style=\"font-size: 24pt;\">Des ressources<\/span><\/strong><\/p>\n<p><span style=\"font-family: Comic Sans MS, cursive;\"><span style=\"font-size: medium;\"><b>Intervention \u00e0 radio Scarpe Sens\u00e9e <\/b><\/span><\/span><\/p>\n<p><span style=\"font-family: Comic Sans MS, cursive;\"><span style=\"font-size: medium;\">FM 94.1\u00a0; <a href=\"https:\/\/radioscarpesensee.com\/\">https:\/\/radioscarpesensee.com<\/a> <\/span><\/span><\/p>\n<p><span style=\"font-family: Comic Sans MS, cursive;\"><span style=\"font-size: medium;\">La puce \u00e0 l\u2019oreille<\/span><\/span><\/p>\n<p><span style=\"font-family: Comic Sans MS, cursive;\"><span style=\"font-size: medium;\"><a href=\"https:\/\/radioscarpesensee.com\/hyper-electro-sensibilite-temoignage\/\">https:\/\/radioscarpesensee.com\/hyper-electro-sensibilite-temoignage\/<\/a> <\/span><\/span><\/p>\n<p><span style=\"font-family: Comic Sans MS, cursive;\"><span style=\"font-size: medium;\"><b>Intervention \u00e0 Radio PFM\u00a0<\/b><\/span><\/span><\/p>\n<p><span style=\"font-family: Comic Sans MS, cursive;\"><span style=\"font-size: medium;\">FM 99.9\u00a0; <\/span><\/span><span style=\"font-family: Comic Sans MS, cursive;\"><span style=\"font-size: medium;\"><a href=\"https:\/\/www.radiopfm.com\/\">https:\/\/www.radiopfm.com<\/a> <\/span><\/span><\/p>\n<p><span style=\"font-family: Comic Sans MS, cursive;\"><span style=\"font-size: medium;\"><a href=\"https:\/\/www.radiopfm.com\/webradio\/podcast\/61\">https:\/\/www.radiopfm.com\/webradio\/podcast\/61<\/a> <\/span><\/span><\/p>\n<p><span style=\"font-family: Comic Sans MS, cursive;\"><span style=\"font-size: medium;\">\u00a0<\/span><\/span><\/p>\n<p style=\"text-align: justify;\"><span style=\"font-family: Comic Sans MS, cursive;\"><span style=\"font-size: large;\"><b>Vid\u00e9o de la rencontre-d\u00e9bat \u00e0 Saint-Amand-les-Eaux\u00a0; r\u00e9alis\u00e9e par Alain<\/b><\/span><\/span><\/p>\n<p><a name=\"__expiration_date11\"><\/a><span style=\"font-family: Comic Sans MS, cursive; font-size: 18pt;\"><b><span style=\"color: #c9211e;\">Attention\u00a0: cette vid\u00e9o est <\/span><span style=\"color: #c9211e;\">chargeable<\/span> <span style=\"color: #cc0000;\">jusqu&rsquo;au dimanche 24 avr. 2022 \u00e0 07h45<\/span><\/b><\/span><\/p>\n<p style=\"text-align: left;\" align=\"center\"><a name=\"__download_link11\"><\/a> <span style=\"color: #cc0000;\"><span style=\"font-family: Comic Sans MS, cursive;\"><span style=\"font-size: large;\"><a href=\"http:\/\/www.grosfichiers.com\/BmfrgSFbbwM\">www.grosfichiers.com\/BmfrgSFbbwM<\/a> <\/span><\/span><\/span><\/p>\n<p align=\"center\"><span style=\"font-family: Comic Sans MS, cursive;\"><span style=\"font-size: medium;\">** **<\/span><\/span><\/p>\n<p><span style=\"font-family: Comic Sans MS, cursive;\"><span style=\"font-size: medium;\"><b>Lien d&rsquo;information assez complet sur les possibilit\u00e9s d&rsquo;oppositions possibles<\/b><\/span><\/span><\/p>\n<p><a href=\"https:\/\/www.village-justice.com\/articles\/les-regles-implantation-des-antennes-relais-telecommunication-leur-contestation,38334.html\">https:\/\/www.village-justice.com\/articles\/les-regles-imp<\/a><\/p>\n<p><span style=\"font-family: Comic Sans MS, cursive;\"><span style=\"font-size: medium;\"><b>Un mod\u00e8le de p<\/b><\/span><\/span><span style=\"font-family: Comic Sans MS, cursive;\"><span style=\"font-size: medium;\"><b>\u00e9tition <\/b><\/span><\/span><\/p>\n<p><span style=\"font-family: Comic Sans MS, cursive;\"><span style=\"font-size: medium;\"><b>Non au projet d&rsquo;Antenne Relais de 40 m au c\u0153ur de Panc\u00e9<\/b><\/span><\/span> <a href=\"https:\/\/www.mesopinions.com\/petition\/nature-environnement\/projet-antenne-relais-40-ur-pance\/159917\"><span style=\"font-family: Comic Sans MS, cursive;\"><span style=\"font-size: medium;\"><b>https:\/\/www.mesopinions.com\/petition\/nature-environn<\/b><\/span><\/span><\/a><\/p>\n<p style=\"text-align: center;\"><span style=\"font-family: Comic Sans MS, cursive;\"><span style=\"font-size: medium;\">** *<\/span><\/span><\/p>\n<p style=\"text-align: center;\"><span style=\"font-family: Comic Sans MS, cursive;\"><span style=\"font-size: medium;\"><b>Des livres<\/b><\/span><\/span><\/p>\n<p><span style=\"font-family: Comic Sans MS, cursive;\"><span style=\"font-size: medium;\">Le Livre Noir des ondes\u00a0; <\/span><\/span><span style=\"font-family: Comic Sans MS, cursive;\"><span style=\"font-size: medium;\">sous la direction de Dominique Belpomme<\/span><\/span><\/p>\n<p><span style=\"font-family: Comic Sans MS, cursive;\"><span style=\"font-size: medium;\">PhoneGate\u00a0; <\/span><\/span><span style=\"font-family: Comic Sans MS, cursive;\"><span style=\"font-size: medium;\">Marc Arazi<\/span><\/span><\/p>\n<p><span style=\"font-family: Comic Sans MS, cursive;\"><span style=\"font-size: medium;\">Vivre avec elle dans l&rsquo;enfer des ondes\u00a0; <\/span><\/span><span style=\"font-family: Comic Sans MS, cursive;\"><span style=\"font-size: medium;\">F<\/span><\/span><span style=\"font-family: Comic Sans MS, cursive;\"><span style=\"font-size: medium;\">r\u00e9d\u00e9ric <\/span><\/span><span style=\"font-family: Comic Sans MS, cursive;\"><span style=\"font-size: medium;\">B<\/span><\/span><span style=\"font-family: Comic Sans MS, cursive;\"><span style=\"font-size: medium;\">allestracci<\/span><\/span><\/p>\n<p><span style=\"font-family: Comic Sans MS, cursive;\"><span style=\"font-size: medium;\">L&rsquo;arc en ciel invisible\u00a0; <\/span><\/span><span style=\"font-family: Comic Sans MS, cursive;\"><span style=\"font-size: medium;\">Arthur Firstenberg<\/span><\/span><\/p>\n<p><span style=\"font-family: Comic Sans MS, cursive;\"><span style=\"font-size: medium;\">L<\/span><\/span><span style=\"font-family: Comic Sans MS, cursive;\"><span style=\"font-size: medium;\">e monde de la 5G : la d\u00e9mocratie en p\u00e9ril\u00a0; <\/span><\/span><span style=\"font-family: Comic Sans MS, cursive;\"><span style=\"font-size: medium;\">Denis Bourgeois<\/span><\/span><\/p>\n<p><span style=\"font-family: Comic Sans MS, cursive;\"><span style=\"font-size: medium;\">L<\/span><\/span><span style=\"font-family: Comic Sans MS, cursive;\"><span style=\"font-size: medium;\">e manifeste de 1971, <\/span><\/span><span style=\"font-family: Comic Sans MS, cursive;\"><span style=\"font-size: medium;\">l<\/span><\/span><span style=\"font-family: Comic Sans MS, cursive;\"><span style=\"font-size: medium;\">&lsquo;avenir de la soci\u00e9t\u00e9 industrielle\u00a0; <\/span><\/span><span style=\"font-family: Comic Sans MS, cursive;\"><span style=\"font-size: medium;\">Th\u00e9odore Kaczynski <\/span><\/span><\/p>\n<p style=\"text-align: center;\"><span style=\"font-family: Comic Sans MS, cursive;\"><span style=\"font-size: medium;\">** *<\/span><\/span><\/p>\n<p style=\"text-align: center;\"><span style=\"font-family: Comic Sans MS, cursive;\"><span style=\"font-size: medium;\"><b>Des documents<\/b><\/span><\/span><\/p>\n<p><span style=\"font-family: Comic Sans MS, cursive;\"><span style=\"font-size: medium;\"><a href=\"http:\/\/www.next-up.org\/pdf\/Dr_Jean_Pilette_ANTENNES_DE_TELEPHONIE_MOBILE_TECHNOLOGIES_SANS_FIL_ET_SANTE_version112008.pdf\">ANTENNES DE TELEPHONIE MOBILE, (next-up.org)<\/a>\u00a0<a href=\"http:\/\/www.next-up.org\/pdf\/Dr_Jean_Pilette_ANTENNES_DE_TELEPHONIE_MOBILE_TECHNOLOGIES_SANS_FIL_ET_SANTE_version112008.pdf,\">http:\/\/www.next-up.org\/pdf\/Dr_Jean_Pilette_ANTENNES_DE_TELEPHONIE_MOBILE_TECHNOLOGIES_SANS_FIL_ET_SANTE_version112008.pdf,<\/a>\u00a0&#8230;)<\/span><\/span><\/p>\n<p>&nbsp;<\/p>\n<p><span style=\"font-family: Comic Sans MS, cursive;\"><span style=\"font-size: medium;\"><b>Et si c\u2019\u00e9taient les ondes<\/b><\/span><\/span><\/p>\n<p><span style=\"font-family: Comic Sans MS, cursive;\"><span style=\"font-size: medium;\"><a href=\"https:\/\/ccaves.org\/blog\/wp-content\/uploads\/et-si-c-etait-les-ondes-JANV2020.pdf\">https:\/\/ccaves.org\/blog\/wp-content\/uploads\/et-si-c-etait-les-on<\/a> <\/span><\/span><\/p>\n<p>&nbsp;<\/p>\n<p><span style=\"color: #000000;\"><span style=\"font-family: Comic Sans MS, cursive;\"><span style=\"font-size: medium;\"><b>T<\/b><b>echnologie 5G, \u00e9valuation sanitaire et civilisationelle<\/b><\/span><\/span><\/span><\/p>\n<p><span style=\"font-family: Comic Sans MS, cursive;\"><span style=\"font-size: medium;\"><a href=\"https:\/\/www.aimsib.org\/2020\/05\/17\/technologie-5g-evaluation-sanitaire-et-civilisationnelle\/\">https:\/\/www.aimsib.org\/2020\/05\/17\/technologie-5g-evalu<\/a> <\/span><\/span><\/p>\n<p>&nbsp;<\/p>\n<p><span style=\"font-family: Comic Sans MS, cursive;\"><span style=\"font-size: medium;\"><b>Les dispositifs de compensation<\/b><\/span><\/span><\/p>\n<p><a href=\"https:\/\/www.robindestoits.org\/Fiche-info-Robin-des-Toits-les-dispositifs-de-compensation-des-Champs-Electromagnetiques-Artificiels-CEM_a3128.html\"><span style=\"font-family: Comic Sans MS, cursive;\"><span style=\"font-size: medium;\">https:\/\/www.robindestoits.org\/Fiche-info-Robin-des-Toits-les-<\/span><\/span><\/a><\/p>\n<p style=\"text-align: justify;\"><a name=\"page16R_mcid371\"><\/a> <span style=\"font-family: Comic Sans MS, cursive;\"><span style=\"font-size: medium;\">&#8230; ce filtre CPL n\u2019apportera pas syst\u00e9matiquement une am\u00e9lioration des sympt\u00f4mes ressentis, car de nombreux param\u00e8tres sont en jeu (personne, logement, alimentation \u00e9lectrique, environnement\u2026)<\/span><\/span><\/p>\n<p style=\"text-align: justify;\"><a name=\"page25R_mcid421\"><\/a><a name=\"page25R_mcid431\"><\/a><a name=\"page25R_mcid441\"><\/a> <span style=\"color: #000000;\"><span style=\"font-family: Comic Sans MS, cursive;\"><span style=\"font-size: medium;\">Pour conclure, m\u00eame en supposant que ces dispositifs de compensation peuvent \u00eatre ressentis comme utiles pour certains, la meilleure d\u00e9marche est de chercher d\u2019abord \u00e0 limiter son exposition, voire trouver des solutions pour ne pas \u00eatre expos\u00e9 inutilement.<br \/>\nAinsi se servir de ces dispositifs de compensa(on pour croire que l\u2019on pourra continuer \u00e0 utiliser, sans discernement chez soi, le Wifi, le t\u00e9l\u00e9phone DECT, son t\u00e9l\u00e9phone portable, sans aucune prudence \u00e9l\u00e9mentaire, se laisser installer des compteurs communicants s\u2019il est possible de l\u2019emp\u00eacher et tout autre dispositif connect\u00e9, est contreproductif.<br \/>\nIl est important, de rechercher d\u2019abord, et mettre en \u0153uvre ensuite , les conditions pour vivre dans un environnement \u00e0 pollution \u00e9lectromagn\u00e9tique aussi r\u00e9duite que possible <\/span><\/span><\/span><\/p>\n<p>&nbsp;<\/p>\n<p style=\"text-align: center;\"><span style=\"font-family: Comic Sans MS, cursive;\"><span style=\"font-size: medium;\"><b>comme un \u00e9cho aux r\u00e9unions dans la r\u00e9gion<\/b><\/span><\/span><\/p>\n<p><span style=\"color: #000000;\"><span style=\"font-family: Comic Sans MS, cursive;\"><span style=\"font-size: medium;\"><a href=\"https:\/\/france3-regions.francetvinfo.fr\/normandie\/eure\/cancer-pediatrique-un-nombre-anormal-de-cas-a-pont-de-l-arche-les-parents-s-inquietent-2507129.html\">https:\/\/france3-regions.francetvinfo.fr\/normandie\/eure<\/a> <\/span><\/span><\/span><\/p>\n<p><span style=\"color: #000000;\"><span style=\"font-family: Comic Sans MS, cursive;\"><span style=\"font-size: medium;\"><b>Des citoyens s\u2019inqui\u00e8tent<\/b><\/span><\/span><\/span><\/p>\n<p style=\"text-align: justify;\"><span style=\"font-family: Comic Sans MS, cursive;\"><span style=\"font-size: medium;\">Plusieurs adh\u00e9rents du collectif des Citoyens \u00e9clair\u00e9s <\/span><span style=\"font-size: medium;\">ont \u00e9t\u00e9<\/span><span style=\"font-size: medium;\"> d\u00e9poser un courrier \u00e0 l\u2019intention du directeur d\u2019Enedis Bretagne Jean-Philippe Lamarcade, ainsi qu\u2019aux syndicats d\u2019\u00e9lectricit\u00e9 Bretagne.<\/span><\/span><\/p>\n<p style=\"text-align: justify;\"><span style=\"font-family: Comic Sans MS, cursive;\"><span style=\"font-size: medium;\">C<\/span><\/span><span style=\"font-family: Comic Sans MS, cursive;\">e courrier s\u2019appuie sur une d\u00e9cision prononc\u00e9e par le tribunal de Bordeaux en novembre\u00a02020 en faveur des \u00e9lectros hypersensibles. Les Citoyens \u00e9clair\u00e9s d\u00e9noncent les dangers des surexpositions des consommateurs aux ondes puls\u00e9es dans les habitations priv\u00e9es. <\/span><span style=\"font-family: Comic Sans MS, cursive;\">\u00a0Ses ondes provoquent des sympt\u00f4mes invalidants envers les personnes hypersensibles. Les normes en France sont des plus permissives en Europe. Nous demandons aujourd\u2019hui que d\u00e8s lors qu\u2019une personne est reconnue \u00e9lectro hypersensible au sein d\u2019un foyer, de ne pas poser de compteur communicant \u00e0 son domicile ou de poser un filtre pour \u00e9liminer toute source d\u2019irradiation aux ondes artificielles et aux fr\u00e9quences nocives \u00e0 la sant\u00e9\u00a0<\/span><span style=\"font-family: Comic Sans MS, cursive;\">, d\u00e9nonce Daniele Bovin, qui esp\u00e8re un engagement des diff\u00e9rents syndicats d\u2019\u00e9lectricit\u00e9 bretons et d\u2019Enedis Bretagne.<\/span><\/p>\n<p><span style=\"color: #000000;\"><span style=\"font-family: Comic Sans MS, cursive;\"><span style=\"font-size: medium;\"><a href=\"https:\/\/www.ouest-france.fr\/bretagne\/caudan-56850\/compteurs-des-citoyens-eclaires-sinquietent-0f2f5de0-5166-4d53-8c5c-a2a4b5d23e26\">https:\/\/www.ouest-france.fr\/bretagne\/caudan-56850\/compt<\/a> <\/span><\/span><\/span><\/p>\n<p>&nbsp;<\/p>\n<p><span style=\"font-family: Comic Sans MS, cursive;\"><span style=\"font-size: medium;\"><b>sur le<\/b><b> site de Magda HAVAS qui a d\u00e9montr\u00e9 l&rsquo;impact des ondes pour les diab\u00e9tiques de type 1 et 2 !<\/b><\/span><\/span><\/p>\n<p><a href=\"https:\/\/magdahavas.com\/\"><span style=\"font-family: Comic Sans MS, cursive;\"><span style=\"font-size: medium;\">Dr. Magda Havas, PhD. \u2013 Electromagnetic Field News<\/span><\/span><\/a><\/p>\n<p><a href=\"https:\/\/magdahavas.com\/\"><span style=\"font-family: Comic Sans MS, cursive;\"><span style=\"font-size: medium;\">https:\/\/magdahavas.com\/<\/span><\/span><\/a><\/p>\n<p><span style=\"font-family: Comic Sans MS, cursive;\"><span style=\"font-size: medium;\">un lien direct sur le sujet\u00a0:<\/span><\/span><\/p>\n<p><a href=\"https:\/\/magdahavas.com\/?s=diab&amp;submit=Go\"><span style=\"font-family: Comic Sans MS, cursive;\"><span style=\"font-size: medium;\">Search Results for \u201cdiab\u201d \u2013 Dr. Magda Havas, PhD.<\/span><\/span><\/a><\/p>\n<p><span style=\"font-family: Comic Sans MS, cursive;\"><span style=\"font-size: medium;\"><a href=\"https:\/\/magdahavas.com\/?s=diab&amp;submit=Go\">https:\/\/magdahavas.com\/?s=diab&amp;submit=Go<\/a><\/span><\/span><\/p>\n<p>&nbsp;<\/p>\n<p><b><span style=\"font-family: Comic Sans MS, cursive;\"><span style=\"font-size: medium;\">E<\/span><\/span><span style=\"font-family: Comic Sans MS, cursive;\"><span style=\"font-size: medium;\">tudes en 2004, pour une th\u00e8se soutenue en 2008<\/span><\/span><\/b><\/p>\n<p><span style=\"font-family: Comic Sans MS, cursive;\"><span style=\"font-size: medium;\"><a href=\"https:\/\/www.theses.fr\/2008CLF21829\" target=\"_blank\" rel=\"noopener\">theses.fr \u2013 David Roux , Ev\u00e9nements mol\u00e9culaires chez \u00ab\u00a0Lycopersicon esculentum\u00a0\u00bb apr\u00e8s exposition \u00e0 des rayonnements \u00e9lectromagn\u00e9tiques haute fr\u00e9quence<\/a>\u00a0<\/span><\/span><\/p>\n<p><span style=\"font-family: Comic Sans MS, cursive;\"><span style=\"font-size: medium;\"><a href=\"https:\/\/www.theses.fr\/2008CLF21829\" target=\"_blank\" rel=\"noopener\">https:\/\/www.theses.fr\/2008CLF21829<\/a><\/span><\/span><\/p>\n<p style=\"text-align: center;\"><span style=\"font-family: Comic Sans MS, cursive;\"><span style=\"font-size: medium;\">** *<\/span><\/span><\/p>\n<p style=\"text-align: center;\"><span style=\"font-family: Comic Sans MS, cursive;\"><span style=\"font-size: medium;\"><b>Des vid\u00e9os<\/b><\/span><\/span><\/p>\n<p><span style=\"font-family: Comic Sans MS, cursive;\"><span style=\"font-size: medium;\">Un lien vid\u00e9o du Pr G\u00e9rard LEDOIGT (f\u00e9vrier 2014)<\/span><\/span><\/p>\n<p><a href=\"https:\/\/www.dailymotion.com\/video\/x1ob7cq\"><span style=\"font-family: Comic Sans MS, cursive;\"><span style=\"font-size: medium;\">Pr G\u00e9rard Ledoigt \u00e0 Sciences Po &#8211; F\u00e9vrier 2014 &#8211; Vid\u00e9o Dailymotion<\/span><\/span><\/a><\/p>\n<p><a href=\"https:\/\/www.dailymotion.com\/video\/x1ob7cq\"><span style=\"font-family: Comic Sans MS, cursive;\"><span style=\"font-size: medium;\">https:\/\/www.dailymotion.com\/video\/x1ob7cq<\/span><\/span><\/a><\/p>\n<p><span style=\"font-family: Comic Sans MS, cursive;\">30 mars 2022 \u00a0Film de Sacha Stone (vid\u00e9o d\u20191 heure et 18 min) <\/span><\/p>\n<p><span style=\"font-family: Comic Sans MS, cursive;\">RADIATION des t\u00e9l\u00e9phones portables et danger 5G\u00a0<\/span><\/p>\n<p><span style=\"font-family: Comic Sans MS, cursive;\"><a href=\"https:\/\/odysee.com\/@7chakras:3\/afaire-danger_radiation_sansfil_et_5G:4\">https:\/\/odysee.com\/@7chakras:3\/afaire-danger_radiation_sansfil_et_5G:4<\/a><\/span><\/p>\n<p>Rappel du 10 janvier 2021 Cash Investigation d\u2019\u00c9lise Lucet<\/p>\n<p><span style=\"font-family: Comic Sans MS, cursive;\">Les secrets inavouables de nos t\u00e9l\u00e9phones portables (vid\u00e9o d\u20191 heure et 55 min) <\/span><\/p>\n<p><a href=\"https:\/\/odysee.com\/@LaV%C3%A9rit%C3%A9VraieDocumentairesetFilms:2\/Cash-investigation---Les-secrets-inavouables-de-nos-t%C3%A9l%C3%A9phones-portables-(Int%C3%A9grale):8\"><span style=\"font-family: Comic Sans MS, cursive;\"><span style=\"font-size: medium;\">https:\/\/odysee.com\/@LaV%C3%A9rit%C3%A9VraieDocumentairese<\/span><\/span><\/a><\/p>\n<p style=\"text-align: center;\"><span style=\"font-family: Comic Sans MS, cursive;\"><span style=\"font-size: medium;\">** *<\/span><\/span><\/p>\n<p><span style=\"font-family: Comic Sans MS, cursive;\"><span style=\"font-size: medium;\"><b>Du cot\u00e9 \u00ab\u00a0officiel\u00a0\u00bb<\/b><\/span><\/span><\/p>\n<p><a href=\"https:\/\/www.anfr.fr\/fileadmin\/mediatheque\/documents\/5G\/20200410-ANFR-rapport-mesures-pilotes-5G.pdf\"><span style=\"font-family: Comic Sans MS, cursive;\"><span style=\"font-size: medium;\">Evaluation de l\u2019exposition du public aux ondes \u00e9lectromagn\u00e9tiques 5G (anfr.fr)<\/span><\/span><\/a><\/p>\n<p><a href=\"https:\/\/www.anfr.fr\/fileadmin\/mediatheque\/documents\/5G\/20200410-ANFR-rapport-mesures-pilotes-5G.pdf\"><span style=\"font-family: Comic Sans MS, cursive;\"><span style=\"font-size: medium;\">https:\/\/www.anfr.fr\/fileadmin\/mediatheque\/documents\/5G\/20200410-ANFR-rapport-mesures-pilotes-5G.pdf<\/span><\/span><\/a><\/p>\n<p><a href=\"https:\/\/www.robindestoits.org\/attachment\/2182271\/\"><span style=\"font-family: Comic Sans MS, cursive;\"><span style=\"font-size: medium;\">Mesures d\u2019exposition aux CEM dont 5G par l\u2019ANFR, qu\u2019en penser (robindestoits.org)<\/span><\/span><\/a><\/p>\n<p><a href=\"https:\/\/www.robindestoits.org\/attachment\/2182271\/\"><span style=\"font-family: Comic Sans MS, cursive;\"><span style=\"font-size: medium;\">https:\/\/www.robindestoits.org\/attachment\/2182271\/<\/span><\/span><\/a><\/p>\n<p><span style=\"font-family: Comic Sans MS, cursive;\"><span style=\"font-size: medium;\">et la traduction\u00a0qu&rsquo;en fait la FFT (f\u00e9d\u00e9ration fran\u00e7aise des telecom)<\/span><\/span><\/p>\n<p><a href=\"https:\/\/www.fftelecoms.org\/grand-public\/les-radiofrequences-ont-elles-un-impact-sur-la-biodiversite-ce-quen-disent-les-autorites-sanitaires\/\" target=\"_blank\" rel=\"noopener\"><span style=\"font-family: Comic Sans MS, cursive;\"><span style=\"font-size: medium;\">Les radiofr\u00e9quences ont-elles un impact sur la biodiversit\u00e9 ? Ce qu\u2019en disent les autorit\u00e9s sanitaires (fftelecoms.org)<\/span><\/span><\/a><\/p>\n<p><a href=\"https:\/\/www.fftelecoms.org\/grand-public\/les-radiofrequences-ont-elles-un-impact-sur-la-biodiversite-ce-quen-disent-les-autorites-sanitaires\/\"><span style=\"font-family: Comic Sans MS, cursive;\"><span style=\"font-size: medium;\">https:\/\/www.fftelecoms.org\/grand-public\/les-radiofrequences-ont-elles-un-impact-sur-la-biodiversite-ce-quen-disent-les-autorites-sanitaires\/<\/span><\/span><\/a><\/p>\n<p><span style=\"font-family: Comic Sans MS, cursive;\"><span style=\"font-size: medium;\"><b>La position officielle scandaleusement d\u00e9truite au fil du temps&#8230;\u00a0<\/b><\/span><\/span><\/p>\n<p><a href=\"http:\/\/www.radiofrequences.gouv.fr\/electrohypersensibilite-a9.html\"><span style=\"font-family: Comic Sans MS, cursive;\"><span style=\"font-size: medium;\">Electrohypersensibilit\u00e9 &#8211; Portail interminist\u00e9riel d\u2019information sur les radiofr\u00e9quences (radiofrequences.gouv.fr)<\/span><\/span><\/a><\/p>\n<p><a href=\"http:\/\/www.radiofrequences.gouv.fr\/electrohypersensibilite-a9.html\"><span style=\"font-family: Comic Sans MS, cursive;\"><span style=\"font-size: medium;\">http:\/\/www.radiofrequences.gouv.fr\/electrohypersensibilite-a9.html<\/span><\/span><\/a><\/p>\n<p><span style=\"font-family: Comic Sans MS, cursive;\"><span style=\"font-size: medium;\"><b>et la non prise en compte de la pollution Linky pour\u00a0les dispositifs m\u00e9dicaux<\/b><\/span><\/span><\/p>\n<p><a href=\"http:\/\/www.radiofrequences.gouv.fr\/dispositifs-medicaux-implantables-actifs-a14.html\"><span style=\"font-family: Comic Sans MS, cursive;\"><span style=\"font-size: medium;\">Dispositifs m\u00e9dicaux implantables actifs &#8211; Portail interminist\u00e9riel d\u2019information sur les radiofr\u00e9quences (radiofrequences.gouv.fr)<\/span><\/span><\/a><\/p>\n<p><a href=\"http:\/\/www.radiofrequences.gouv.fr\/dispositifs-medicaux-implantables-actifs-a14.html\"><span style=\"font-family: Comic Sans MS, cursive;\"><span style=\"font-size: medium;\">http:\/\/www.radiofrequences.gouv.fr\/dispositifs-medicaux-implantables-actifs-a14.html<\/span><\/span><\/a><\/p>\n","protected":false},"excerpt":{"rendered":"<p>ElectroHyperSensible = EHS Attention : on est toutes et tous ElectroSensibles On peut devenir EHS, essentiellement \u00e0 cause des ondes \u00e9lectromagn\u00e9tiques artificielles. Des ressources Intervention \u00e0 radio Scarpe Sens\u00e9e FM 94.1\u00a0; https:\/\/radioscarpesensee.com La puce \u00e0 l\u2019oreille https:\/\/radioscarpesensee.com\/hyper-electro-sensibilite-temoignage\/ Intervention \u00e0 Radio PFM\u00a0 FM 99.9\u00a0; https:\/\/www.radiopfm.com https:\/\/www.radiopfm.com\/webradio\/podcast\/61 \u00a0 Vid\u00e9o de la rencontre-d\u00e9bat \u00e0 Saint-Amand-les-Eaux\u00a0; r\u00e9alis\u00e9e par Alain &hellip; <a href=\"https:\/\/collectif-accad.fr\/site\/ehs\/\" class=\"more-link\">Continuer la lecture de <span class=\"screen-reader-text\">EHS<\/span><\/a><\/p>\n","protected":false},"author":4,"featured_media":0,"parent":0,"menu_order":0,"comment_status":"closed","ping_status":"closed","template":"","meta":{"footnotes":""},"class_list":["post-8820","page","type-page","status-publish","hentry"],"_links":{"self":[{"href":"https:\/\/collectif-accad.fr\/site\/wp-json\/wp\/v2\/pages\/8820","targetHints":{"allow":["GET"]}}],"collection":[{"href":"https:\/\/collectif-accad.fr\/site\/wp-json\/wp\/v2\/pages"}],"about":[{"href":"https:\/\/collectif-accad.fr\/site\/wp-json\/wp\/v2\/types\/page"}],"author":[{"embeddable":true,"href":"https:\/\/collectif-accad.fr\/site\/wp-json\/wp\/v2\/users\/4"}],"replies":[{"embeddable":true,"href":"https:\/\/collectif-accad.fr\/site\/wp-json\/wp\/v2\/comments?post=8820"}],"version-history":[{"count":8,"href":"https:\/\/collectif-accad.fr\/site\/wp-json\/wp\/v2\/pages\/8820\/revisions"}],"predecessor-version":[{"id":8841,"href":"https:\/\/collectif-accad.fr\/site\/wp-json\/wp\/v2\/pages\/8820\/revisions\/8841"}],"wp:attachment":[{"href":"https:\/\/collectif-accad.fr\/site\/wp-json\/wp\/v2\/media?parent=8820"}],"curies":[{"name":"wp","href":"https:\/\/api.w.org\/{rel}","templated":true}]}}