{"id":767,"date":"2018-08-04T08:41:18","date_gmt":"2018-08-04T06:41:18","guid":{"rendered":"https:\/\/collectif-accad.fr\/site\/?page_id=767"},"modified":"2019-02-18T07:34:39","modified_gmt":"2019-02-18T06:34:39","slug":"quelques-faits","status":"publish","type":"page","link":"https:\/\/collectif-accad.fr\/site\/enedis\/quelques-faits\/","title":{"rendered":"Quelques faits"},"content":{"rendered":"<p><span style=\"color: #ff0000;\">Le point en date du 17 f\u00e9vrier 2019<\/span><\/p>\n<p style=\"text-align: center;\"><strong><span style=\"font-size: 18pt;\">Comment sont form\u00e9s les poseurs<\/span><\/strong><\/p>\n<p>lire le document joint :<\/p>\n<p><a href=\"https:\/\/collectif-accad.fr\/site\/wp-content\/uploads\/2019\/02\/Formation_PrestationsPoseLinky.doc\">Formation_PrestationsPoseLinky<\/a><\/p>\n<p style=\"text-align: center;\"><strong><span style=\"font-size: 18pt;\">Diff\u00e9rentes m\u00e9thodes d\u2019Enedis<\/span> <\/strong><\/p>\n<p style=\"text-align: center;\"><strong>Le mensonge<\/strong><\/p>\n<p style=\"text-align: justify;\">Nationalement, on note actuellement une recrudescence des contenus t\u00e9l\u00e9phon\u00e9s par la plateforme d&rsquo;Enedis, avec l&rsquo;affirmation\u00a0: \u00ab\u00a0vous allez le payer plus tard, ce sera obligatoire\u00a0\u00bb. Sur une r\u00e9union locale, trois fois cette question a \u00e9t\u00e9 pos\u00e9e, et brillamment comment\u00e9e\u00a0; mais on voit que les gens restent dubitatifs, comme s&rsquo;ils pensaient que l&rsquo;Etat puisse faire un pas de plus vers l&rsquo;autoritarisme et l&rsquo;ill\u00e9galit\u00e9. Passons ! Mais tout de m\u00eame, nos d\u00e9put\u00e9s ou l&rsquo;Etat pourraient signifier \u00e0 Enedis de cesser d&#8217;employer des arguments fallacieux.<\/p>\n<p style=\"text-align: center;\"><strong>L\u2019endormissement<\/strong><\/p>\n<p style=\"text-align: justify;\"><a href=\"https:\/\/www.youtube.com\/watch?v=hpJFn216qyk\">https:\/\/www.youtube.com\/watch?v=hpJFn216qyk<\/a><\/p>\n<p style=\"text-align: justify;\">Cette vid\u00e9o montre qu\u2019on eut se laisser endormir par les discours d\u2019Enedis\u00a0; \u00e0 la fin, c\u2019est Enedis qui gagne quand le compteur est \u00e0 l\u2019ext\u00e9rieur et qu\u2019on ne l\u2019a pas barricad\u00e9\u00a0!<\/p>\n<p style=\"text-align: center;\"><strong>La ruse<\/strong><\/p>\n<p style=\"text-align: justify;\">La biocoop s&rsquo;est -tr\u00e8s b\u00eatement- laiss\u00e9 poser un Linky, \u00e0 son insu.<\/p>\n<p style=\"text-align: justify;\">Dans un placard non ferm\u00e9 \u00e0 clef, accessible d&rsquo;une rue adjacente.<\/p>\n<p style=\"text-align: justify;\">Cela a \u00e9t\u00e9 constat\u00e9 par un des employ\u00e9s qui passait par l\u00e0, et qui a trouv\u00e9 l&rsquo;installateur en train de terminer.<\/p>\n<p style=\"text-align: justify;\">Probl\u00e8me : l&rsquo;installation a \u00e9t\u00e9 faite sans qu&rsquo;il n&rsquo;y ait de coupure de courant dans le magasin.<\/p>\n<p style=\"text-align: justify;\">L&rsquo;\u00e9lectricien du coin dit qu&rsquo;il faut d\u00e9j\u00e0 \u00eatre \u00e9lectricien confirm\u00e9 pour tenter cela.<\/p>\n<p style=\"text-align: justify;\"><strong>Commentaire<\/strong> re\u00e7u sur ce sujet\u00a0; Est-ce l\u00e9gal ? N&rsquo;est-ce pas ill\u00e9gal ? La sempiternelle question ! Cette na\u00efvet\u00e9 est consternante !<\/p>\n<p style=\"text-align: justify;\">Apr\u00e8s 3 ans et des milliers de situations scandaleuses recens\u00e9es au quotidien sur toute la France\u00a0!<\/p>\n<p style=\"text-align: justify;\">Biocoop attendait-il une invitation \u00e0 d\u00eener aux chandelles pour consommer un repas bio avec les repr\u00e9sentants d&rsquo;Enedis et faire une demande officielle ?<\/p>\n<p style=\"text-align: justify;\">Combien de lois faudra-t-il qu&rsquo;Enedis et ses sous-traitants bafouent pour que l&rsquo;on puisse enfin comprendre qu&rsquo;il n&rsquo;en a que faire des lois et des \u00e9gards envers les citoyens\u00a0!<\/p>\n<p style=\"text-align: justify;\">L&rsquo;inventaire des infractions dress\u00e9 par\u00a0Me JP Joseph n&rsquo;en est qu&rsquo;un aper\u00e7u non exhaustif.<\/p>\n<p style=\"text-align: justify;\">Alors, de gr\u00e2ce, r\u00e9veillez-vous !<\/p>\n<p style=\"text-align: justify;\">Et que Biocoop, pour faire preuve de coh\u00e9rence, se mette en charge de faire retirer ce(s) compteur(s) de son\/ses magasin(s).<\/p>\n<p style=\"text-align: center;\"><strong>La menace de propri\u00e9taire<\/strong><\/p>\n<p style=\"text-align: justify;\">On peut mettre en avant la loi qui nous prot\u00e8ge.<\/p>\n<p style=\"text-align: justify;\">Code de la consommation &#8211;\u00a0 article 122-3\u00a0 \u00a0et\u00a0 suivants\u00a0:<\/p>\n<p style=\"text-align: justify;\">\u00ab\u00a0toute pratique commerciale agressive est puni de 2 ans d&#8217;emprisonnement et de 300 00 \u20ac d&rsquo;amande.\u00a0\u00bb<\/p>\n<p style=\"text-align: justify;\">Enedis, soci\u00e9t\u00e9 priv\u00e9e, veut vendre, de force, un compteur qui ne nous convient pas.<\/p>\n<p style=\"text-align: justify;\">\u00a0\u2026et de nombreux autres articles officiels.<\/p>\n<p style=\"text-align: justify;\">Cette derni\u00e8re information provient du Collectif boulonnais 62<\/p>\n<p style=\"text-align: center;\">\u00a0*************\u00a0\u00a0\u00a0\u00a0\u00a0\u00a0\u00a0\u00a0\u00a0\u00a0\u00a0 ***************<strong><br \/>\n<\/strong><\/p>\n<p style=\"text-align: center;\"><strong><span style=\"font-size: 18pt;\">Conflits d&rsquo;int\u00e9r\u00eats<\/span><\/strong><\/p>\n<p>lire la pi\u00e8ce jointe : <strong><a href=\"https:\/\/collectif-accad.fr\/site\/wp-content\/uploads\/2018\/10\/Conflits-d\u2019int\u00e9r\u00eats-.pdf\">Conflits d\u2019int\u00e9r\u00eats<\/a><\/strong><\/p>\n<p style=\"text-align: center;\"><span style=\"font-family: arial black, sans-serif; font-size: 18pt;\"><strong>Les mensonges et menaces d\u2019Enedis<br \/>\n<\/strong><\/span><\/p>\n<p style=\"text-align: justify;\"><strong>On n\u2019arr\u00eate pas le progr\u00e8s !<\/strong><\/p>\n<p style=\"text-align: justify;\"><strong>ATTENTION\u00a0: Harc\u00e8lement t\u00e9l\u00e9phonique, voire physique<\/strong><\/p>\n<p style=\"text-align: justify;\">Pour tenter de faire craquer les citoyens lucides et courageux qui refusent les compteurs Linky, les installateurs s\u2019autorisent souvent \u00e0 les harceler par t\u00e9l\u00e9phone\u00a0: jusqu\u2019\u00e0 30 appels par jour\u00a0! Si cela vous arrive, notez soigneusement les jours, heures et minutes des appels, dites \u00e0 votre interlocuteur que vous allez porter plainte et, si le harc\u00e8lement continue, faites-le r\u00e9ellement, au commissariat ou \u00e0 la gendarmerie, et \u00e9crivez au procureur de la R\u00e9publique\u00a0: ces m\u00e9thodes sont ill\u00e9gales et condamn\u00e9es par la loi. Filmez (ou faites filmer par un voisin) ces agissements indignes.<\/p>\n<p style=\"text-align: justify;\"><strong>Rumeurs<\/strong><\/p>\n<p style=\"text-align: justify;\">5COM a bien retenu la le\u00e7on donn\u00e9e par Enedis\u00a0; exemple d\u2019agissement de cette entreprise \u00e0 Qui\u00e9ry-la-Motte.<\/p>\n<p style=\"text-align: justify;\">Pour persuader les opposants au compteur \u00ab\u00a0intelligent\u00a0\u00bb, le personnel du sous-traitant n\u2019h\u00e9site pas \u00e0 dire ceci\u00a0:<\/p>\n<ul style=\"text-align: justify;\">\n<li>Si vous ne changez pas de compteur, les relev\u00e9s de compteurs vous seront factur\u00e9s 60 \u20ac\u00a0; une autre personne vous dira que c\u2019est 80 \u20ac\u00a0!<\/li>\n<li>Si vous ne changez pas, en 2022, ce sera obligatoire et vous devrez payer\u00a0\u2013au choix\u00a0?- 450, 500 ou 800 \u20ac\u00a0! C\u2019est selon l\u2019interlocuteur\u00a0!<\/li>\n<li>C\u2019est une directive europ\u00e9enne, donc c\u2019est obligatoire. D\u2019ailleurs, c\u2019est obligatoire en Allemagne\u2026 et en Italie (<em>c\u2019est d\u2019ailleurs vrai pour ce dernier pays<\/em>)<\/li>\n<li>Il y aura une loi qui obligera \u00e0 ce nouveau compteur &#8211;<em>ce qui signifie que cette loi n\u2019existe pas\u00a0!!<\/em><\/li>\n<li>\u2026<\/li>\n<\/ul>\n<p style=\"text-align: justify;\">Quand on demande sur quoi s\u2019appuient ces \u00ab\u00a0affirmations\u00a0\u00bb, le silence s\u2019installe. Tout est bon pour faire passer le produit. M\u00eame l\u2019argument qu\u2019on ne peut pas arr\u00eater le progr\u00e8s\u00a0! Bien s\u00fbr Enedis ne dira pas qu\u2019il a dit cela. Il dira que ce sont les sous-traitants qui ont ce langage. Le probl\u00e8me est que les sous-traitants ont \u00e9t\u00e9 brief\u00e9s par Enedis\u00a0!<\/p>\n<p style=\"text-align: justify;\"><strong>Non, vous n\u2019allez pas payer le compteur, ni une somme mensuelle, ni une amende, ni avoir l\u2019\u00e9lectricit\u00e9 coup\u00e9e, etc.<\/strong><\/p>\n<p style=\"text-align: justify;\">Les dirigeants de l\u2019industriel Enedis et ses sous-traitants (pay\u00e9s au nombre de compteurs pos\u00e9s) diffusent <strong>des rumeurs<\/strong>, y compris par courrier officiel, pour tenter d\u2019intimider les citoyens et les pousser \u00e0 ouvrir d\u2019eux-m\u00eames leur porte. Voici quelques exemples de ces mensonges et menaces :<\/p>\n<p style=\"text-align: justify;\"><strong>&#8211; \u00ab <em>Si vous refusez le compteur Linky, vous allez payer une amende<\/em> \u00bb : FAUX<\/strong><\/p>\n<p style=\"text-align: justify;\">Les parlementaires n\u2019ont pas vot\u00e9 cette disposition.<\/p>\n<p style=\"text-align: justify;\"><strong>&#8211; \u00ab <em>Si vous refusez le compteur Linky aujourd\u2019hui alors qu\u2019il n\u2019est pas factur\u00e9, on vous l\u2019imposera plus tard et vous devrez alors le payer <\/em>\u00bb : FAUX<\/strong><\/p>\n<p style=\"text-align: justify;\">Les compteurs sont pay\u00e9s par une partie de nos factures d\u2019\u00e9lectricit\u00e9 (environ 40% du montant), le TURPE : Tarif d\u2019utilisation des r\u00e9seaux publics d\u2019\u00e9lectricit\u00e9.<\/p>\n<p style=\"text-align: justify;\"><strong>&#8211; \u00ab <em>Si vous refusez le compteur Linky, vous devrez payer une somme mensuelle<\/em> \u00bb : FAUX<\/strong><\/p>\n<p style=\"text-align: justify;\">Aucune disposition de ce genre n\u2019a \u00e9t\u00e9 vot\u00e9e.<\/p>\n<p style=\"text-align: justify;\"><strong>&#8211; \u00ab <em>Si vous refusez le compteur Linky, nous allons vous couper l\u2019\u00e9lectricit\u00e9<\/em> \u00bb : FAUX<\/strong><\/p>\n<p style=\"text-align: justify;\">C\u2019est ill\u00e9gal. Si jamais cela arrivait, il faut d\u00e9poser imm\u00e9diatement une plainte, avertir les m\u00e9dias locaux, exiger aussi l\u2019intervention de votre maire : il se doit de prot\u00e9ger ses administr\u00e9s.<\/p>\n<p style=\"text-align: justify;\"><strong>&#8211; \u00ab <em>Si vous avez des panneaux photovolta\u00efques, vous \u00eates oblig\u00e9 de prendre le Linky<\/em> \u00bb (ou, variante, \u00ab <em>un d\u00e9cret est en pr\u00e9paration pour vous y obliger<\/em> \u00bb) : FAUX<\/strong><\/p>\n<p style=\"text-align: justify;\">Attention donc si l\u2019on vous propose de signer un nouveau contrat \u00ab mis \u00e0 jour \u00bb : cette mise \u00e0 jour concernera probablement Linky ! Ne signez rien, gardez vos contrats en cours\u2026<\/p>\n<p style=\"text-align: justify;\"><strong>Linky et les ondes \u00e9lectromagn\u00e9tiques<\/strong><\/p>\n<p style=\"text-align: justify;\">La controverse sur les ondes \u00e9lectromagn\u00e9tiques fait rage. Nul ne peut prouver que le syst\u00e8me Linky n&rsquo;est pas dangereux, cela nous suffit amplement pour <u>refuser de servir de cobayes<\/u> !<\/p>\n<p style=\"text-align: justify;\">Lors des d\u00e9bats ou discussions sur Linky, la tactique d\u00e9sormais bien connue des communicants d&rsquo;Enedis est d&rsquo;essayer de rester le plus longtemps possible sur la question des ondes :<\/p>\n<p style=\"text-align: justify;\">&#8211; <strong>pour \u00e9viter de s&rsquo;\u00e9tendre sur les autres graves probl\u00e8mes<\/strong> (<a href=\"https:\/\/selectra.info\/actualite\/energie\/ligue-droits-homme-contre-linky-2941\">mise en cause de la vie priv\u00e9e<\/a>, <a href=\"http:\/\/refus.linky.gazpar.free.fr\/augmentation-factures.htm\">augmentation des factures<\/a>, <a href=\"http:\/\/www.lavoixdunord.fr\/region\/arrageois-depuis-qu-on-leur-a-installe-linky-leurs-ia29b0n3722247\">appareils qui dysfonctionnent<\/a>, instrumentalisation des communes <a href=\"http:\/\/refus.linky.gazpar.free.fr\/evolutif.htm\">\u00e0 des fins industrielles et commerciales<\/a>, etc.)<\/p>\n<p style=\"text-align: justify;\">&#8211; <strong>parce qu&rsquo;ils vont pouvoir sur ce terrain se targuer de leur comp\u00e9tence industrielle<\/strong> et tenter de ramener les contradicteurs au rang d&rsquo; \u00ab\u00a0ignorants\u00a0\u00bb qu&rsquo;il convient d&rsquo;\u00e9difier ou d&rsquo; \u00ab\u00a0inquiets\u00a0\u00bb qu&rsquo;il convient de rassurer&#8230;<\/p>\n<p style=\"text-align: justify;\">&#8211; <strong>parce qu\u2019ils abaissent cette discussion<\/strong> pourtant tr\u00e8s s\u00e9rieuse avec des \u00ab\u00a0\u00e9l\u00e9ments de langage\u00a0\u00bb stupides comme ceux concernant\u2026les <a href=\"http:\/\/refus.linky.gazpar.free.fr\/legumes-marines.htm\">l\u00e9gumes marin\u00e9s<\/a>.<\/p>\n<p>&nbsp;<\/p>\n<p style=\"text-align: justify;\"><strong>Pour en savoir plus sur les mensonges de Bernard Lassus<\/strong>, directeur du projet Linky :<\/p>\n<p><a href=\"https:\/\/collectif-accad.fr\/site\/wp-content\/uploads\/2018\/08\/mensonges-Lassus-d\u2019Enedis_liste-agressions.pdf\">mensonges-Lassus d\u2019Enedis_liste-agressions<\/a><\/p>\n<p style=\"text-align: center;\"><img loading=\"lazy\" decoding=\"async\" class=\"alignnone size-full wp-image-775\" src=\"https:\/\/collectif-accad.fr\/site\/wp-content\/uploads\/2018\/08\/Linky-180731-01.jpg\" alt=\"\" width=\"401\" height=\"300\" srcset=\"https:\/\/collectif-accad.fr\/site\/wp-content\/uploads\/2018\/08\/Linky-180731-01.jpg 401w, https:\/\/collectif-accad.fr\/site\/wp-content\/uploads\/2018\/08\/Linky-180731-01-300x224.jpg 300w\" sizes=\"auto, (max-width: 401px) 100vw, 401px\" \/><\/p>\n<p style=\"text-align: justify;\">\n","protected":false},"excerpt":{"rendered":"<p>Le point en date du 17 f\u00e9vrier 2019 Comment sont form\u00e9s les poseurs lire le document joint : Formation_PrestationsPoseLinky Diff\u00e9rentes m\u00e9thodes d\u2019Enedis Le mensonge Nationalement, on note actuellement une recrudescence des contenus t\u00e9l\u00e9phon\u00e9s par la plateforme d&rsquo;Enedis, avec l&rsquo;affirmation\u00a0: \u00ab\u00a0vous allez le payer plus tard, ce sera obligatoire\u00a0\u00bb. Sur une r\u00e9union locale, trois fois cette &hellip; <a href=\"https:\/\/collectif-accad.fr\/site\/enedis\/quelques-faits\/\" class=\"more-link\">Continuer la lecture de <span class=\"screen-reader-text\">Quelques faits<\/span><\/a><\/p>\n","protected":false},"author":4,"featured_media":0,"parent":157,"menu_order":0,"comment_status":"closed","ping_status":"closed","template":"","meta":{"footnotes":""},"class_list":["post-767","page","type-page","status-publish","hentry"],"_links":{"self":[{"href":"https:\/\/collectif-accad.fr\/site\/wp-json\/wp\/v2\/pages\/767","targetHints":{"allow":["GET"]}}],"collection":[{"href":"https:\/\/collectif-accad.fr\/site\/wp-json\/wp\/v2\/pages"}],"about":[{"href":"https:\/\/collectif-accad.fr\/site\/wp-json\/wp\/v2\/types\/page"}],"author":[{"embeddable":true,"href":"https:\/\/collectif-accad.fr\/site\/wp-json\/wp\/v2\/users\/4"}],"replies":[{"embeddable":true,"href":"https:\/\/collectif-accad.fr\/site\/wp-json\/wp\/v2\/comments?post=767"}],"version-history":[{"count":14,"href":"https:\/\/collectif-accad.fr\/site\/wp-json\/wp\/v2\/pages\/767\/revisions"}],"predecessor-version":[{"id":3037,"href":"https:\/\/collectif-accad.fr\/site\/wp-json\/wp\/v2\/pages\/767\/revisions\/3037"}],"up":[{"embeddable":true,"href":"https:\/\/collectif-accad.fr\/site\/wp-json\/wp\/v2\/pages\/157"}],"wp:attachment":[{"href":"https:\/\/collectif-accad.fr\/site\/wp-json\/wp\/v2\/media?parent=767"}],"curies":[{"name":"wp","href":"https:\/\/api.w.org\/{rel}","templated":true}]}}