{"id":732,"date":"2018-08-04T08:13:50","date_gmt":"2018-08-04T06:13:50","guid":{"rendered":"https:\/\/collectif-accad.fr\/site\/?page_id=732"},"modified":"2022-12-28T15:34:30","modified_gmt":"2022-12-28T14:34:30","slug":"adhesion-et-soutien","status":"publish","type":"page","link":"https:\/\/collectif-accad.fr\/site\/accad\/adhesion-et-soutien\/","title":{"rendered":"Adh\u00e9sion et soutien"},"content":{"rendered":"<p style=\"text-align: center;\"><span style=\"font-size: 24pt;\"><span style=\"font-family: arial black, sans-serif;\">Pour adh\u00e9rer au collectif<\/span><\/span><\/p>\n<p style=\"text-align: justify;\"><strong>La cotisation EST annuelle.<\/strong><\/p>\n<h2 style=\"text-align: justify;\"><strong>Elle a \u00e9t\u00e9 fix\u00e9e \u00e0 5 \u20ac pour l&rsquo;ann\u00e9e 2023.<\/strong><\/h2>\n<p style=\"text-align: center;\"><strong><span style=\"color: #ff0000; font-size: 18pt;\"><span style=\"font-size: 24pt;\">C&rsquo;est un minimum :<\/span> <\/span><\/strong><\/p>\n<p style=\"text-align: center;\"><strong><span style=\"color: #ff0000; font-size: 18pt;\">On peut donner plus <\/span><\/strong><\/p>\n<p style=\"text-align: center;\"><strong><span style=\"color: #ff0000; font-size: 18pt;\">car les actions \u00e0 venir vont co\u00fbter !<\/span><br \/>\n<\/strong><\/p>\n<p style=\"text-align: center;\"><strong><span style=\"color: #008000; font-size: 18pt;\">Si le paiement se fait par ch\u00e8que, <\/span><\/strong><\/p>\n<p style=\"text-align: center;\"><strong><span style=\"color: #008000; font-size: 18pt;\">mettre \u00e0 l&rsquo;ordre de \u00ab\u00a0Collectif ACCAD\u00a0\u00bb.<\/span><\/strong><\/p>\n<p style=\"text-align: center;\"><img loading=\"lazy\" decoding=\"async\" class=\"alignnone size-full wp-image-1112\" src=\"https:\/\/collectif-accad.fr\/site\/wp-content\/uploads\/2018\/09\/CarteAdhesion_ACCAD.jpg\" alt=\"\" width=\"1087\" height=\"635\" srcset=\"https:\/\/collectif-accad.fr\/site\/wp-content\/uploads\/2018\/09\/CarteAdhesion_ACCAD.jpg 1087w, https:\/\/collectif-accad.fr\/site\/wp-content\/uploads\/2018\/09\/CarteAdhesion_ACCAD-300x175.jpg 300w, https:\/\/collectif-accad.fr\/site\/wp-content\/uploads\/2018\/09\/CarteAdhesion_ACCAD-768x449.jpg 768w, https:\/\/collectif-accad.fr\/site\/wp-content\/uploads\/2018\/09\/CarteAdhesion_ACCAD-1024x598.jpg 1024w\" sizes=\"auto, (max-width: 1087px) 100vw, 1087px\" \/><\/p>\n<p style=\"text-align: justify;\">Si vous demandez l&rsquo;adh\u00e9sion par courrier, vous pourrez obtenir la carte d\u2019adh\u00e9sion en\u00a0 joignant au ch\u00e8que une enveloppe timbr\u00e9e avec indication de votre adresse.<\/p>\n<p style=\"text-align: center;\"><strong><span style=\"font-size: 24pt;\">Pour soutenir le collectif<\/span><\/strong><\/p>\n<p><strong><span style=\"font-size: 18pt; color: #339966;\">Vous envoyez un ch\u00e8que en pr\u00e9cisant : <span style=\"color: #ff0000;\">SOUTIEN<\/span><\/span><\/strong><\/p>\n<p><strong><span style=\"font-size: 18pt; color: #339966;\">Ch\u00e8que \u00e0 l&rsquo;ordre de \u00ab\u00a0collectif ACCAD\u00a0\u00bb<\/span><\/strong><\/p>\n<p style=\"text-align: center;\"><span style=\"font-family: arial black, sans-serif; font-size: 24pt;\"><strong>A qui payer <\/strong><\/span><\/p>\n<p style=\"text-align: center;\"><span style=\"font-family: arial black, sans-serif; font-size: 24pt;\"><strong>l&rsquo;adh\u00e9sion ou le soutien ?<\/strong><\/span><\/p>\n<p>A la tr\u00e9sori\u00e8re, <strong>Marie Andr\u00e9e BURGEAT ; 22 chemin d&rsquo;Aix ; 62143 ANGRES<\/strong><\/p>\n<p style=\"text-align: center;\"><span style=\"font-size: 14pt; color: #ff0000;\"><strong>Autres adresses<\/strong><\/span><\/p>\n<p>Jean Claude DEFIVES, 37 rue Th\u00e9odore Marichez, 59553 LAUWIN-PLANQUE<\/p>\n<p>Yvette VENDEVILLE, 3 rue de la paix, 59553 LAUWIN-PLANQUE<\/p>\n<p>Pascal DIEUX, 150 rue Marcel Lancino, 62153 ABLAIN-SAINT-NAZAIRE<\/p>\n<p>Marie-Andr\u00e9e et Bernard BURGEAT, 22 chemin d\u2019Aix, 62143 ANGRES<\/p>\n<p>Colette ROUSSEL, 18 rue des fauvettes, 62143 ANGRES<\/p>\n<p>Michel WAGON, 12 rue des fauvettes, 62143 ANGRES<\/p>\n<p>Jean-Robert DELHAYE, 16 rue des cyclamens, 62300 LENS<\/p>\n<p>Patricia PATOU, 5 rue Felix Ebou\u00e9, 62300 LENS<\/p>\n<p>Sylvestre KRYSZTOFIAK, 5 rue Lamendin, 62300 LENS<\/p>\n<p>Jean-Michel DAMIENS, 12 rue L\u00e9on Blum 62750 LOOS-EN-GOHELLE<\/p>\n<p>Pierre ROSE, 5 ter rue des aub\u00e9pines 62490 QUIERY-LA-MOTTE<\/p>\n<p style=\"text-align: center;\">************\u00a0\u00a0\u00a0 ****************<\/p>\n<p>Pour l&rsquo;adh\u00e9sion, le document \u00e0 remplir :<\/p>\n<p><strong><span style=\"font-size: 18pt;\"><a href=\"https:\/\/collectif-accad.fr\/site\/wp-content\/uploads\/2019\/04\/Bulletin-dadh\u00e9sion-1904-simple.doc\">Bulletin d&rsquo;adh\u00e9sion simple<\/a><\/span><\/strong><\/p>\n<p style=\"text-align: center;\"><img loading=\"lazy\" decoding=\"async\" class=\"alignnone size-full wp-image-3428\" src=\"https:\/\/collectif-accad.fr\/site\/wp-content\/uploads\/2019\/04\/BAaccad-1904.jpg\" alt=\"\" width=\"1046\" height=\"674\" srcset=\"https:\/\/collectif-accad.fr\/site\/wp-content\/uploads\/2019\/04\/BAaccad-1904.jpg 1046w, https:\/\/collectif-accad.fr\/site\/wp-content\/uploads\/2019\/04\/BAaccad-1904-300x193.jpg 300w, https:\/\/collectif-accad.fr\/site\/wp-content\/uploads\/2019\/04\/BAaccad-1904-768x495.jpg 768w, https:\/\/collectif-accad.fr\/site\/wp-content\/uploads\/2019\/04\/BAaccad-1904-1024x660.jpg 1024w\" sizes=\"auto, (max-width: 1046px) 100vw, 1046px\" \/><\/p>\n<p><strong>\u00a0<\/strong><\/p>\n<p><strong><span style=\"font-size: 14pt;\">Vous envoyez le ch\u00e8que d\u2019adh\u00e9sion ou de soutien\u00a0 \u00e0 la tr\u00e9sori\u00e8re :<\/span><\/strong><\/p>\n<p style=\"text-align: center;\"><span style=\"font-size: 14pt;\"><strong>Marie Andr\u00e9e BURGEAT ; 22 chemin d\u2019Aix ; 62143 ANGRES<\/strong><\/span><\/p>\n<p><span style=\"font-size: 18pt;\"><strong><span style=\"color: #ff0000;\">Ch\u00e8que \u00e0 l\u2019ordre de \u00ab\u00a0collectif ACCAD\u00a0\u00bb<\/span> <\/strong><\/span><\/p>\n<p style=\"text-align: center;\"><span style=\"font-size: 24pt;\"><strong>Si vous voulez faire un virement<\/strong><\/span><\/p>\n<p style=\"text-align: center;\"><strong>Intitul\u00e9<br \/>\n<\/strong><\/p>\n<p style=\"text-align: justify;\"><strong>COLLECTIF ANTI COMPTEURS COMMUNICANTS ARTOIS DOUAISIS<\/strong><\/p>\n<p style=\"text-align: center;\"><strong>RIB<\/strong><\/p>\n<p style=\"text-align: justify;\">10278 02654 00020833001 62<\/p>\n<p style=\"text-align: center;\"><strong>IBAN<\/strong><\/p>\n<p style=\"text-align: justify;\">FR76 1027 8026 5400 0208 3300 162<\/p>\n<p style=\"text-align: center;\"><strong>BIC<\/strong><\/p>\n<p style=\"text-align: justify;\">CMCIFR2A<\/p>\n<p><img loading=\"lazy\" decoding=\"async\" class=\"alignnone size-full wp-image-8496\" src=\"https:\/\/collectif-accad.fr\/site\/wp-content\/uploads\/2022\/01\/RIB-ACCAD-220131.jpg\" alt=\"\" width=\"1083\" height=\"503\" srcset=\"https:\/\/collectif-accad.fr\/site\/wp-content\/uploads\/2022\/01\/RIB-ACCAD-220131.jpg 1083w, https:\/\/collectif-accad.fr\/site\/wp-content\/uploads\/2022\/01\/RIB-ACCAD-220131-300x139.jpg 300w, https:\/\/collectif-accad.fr\/site\/wp-content\/uploads\/2022\/01\/RIB-ACCAD-220131-1024x476.jpg 1024w, https:\/\/collectif-accad.fr\/site\/wp-content\/uploads\/2022\/01\/RIB-ACCAD-220131-768x357.jpg 768w\" sizes=\"auto, (max-width: 1083px) 100vw, 1083px\" \/><\/p>\n<p>&nbsp;<\/p>\n<p>Merci pour le collectif.<\/p>\n<p>&nbsp;<\/p>\n<p>&nbsp;<\/p>\n","protected":false},"excerpt":{"rendered":"<p>Pour adh\u00e9rer au collectif La cotisation EST annuelle. Elle a \u00e9t\u00e9 fix\u00e9e \u00e0 5 \u20ac pour l&rsquo;ann\u00e9e 2023. C&rsquo;est un minimum : On peut donner plus car les actions \u00e0 venir vont co\u00fbter ! Si le paiement se fait par ch\u00e8que, mettre \u00e0 l&rsquo;ordre de \u00ab\u00a0Collectif ACCAD\u00a0\u00bb. Si vous demandez l&rsquo;adh\u00e9sion par courrier, vous pourrez &hellip; <a href=\"https:\/\/collectif-accad.fr\/site\/accad\/adhesion-et-soutien\/\" class=\"more-link\">Continuer la lecture de <span class=\"screen-reader-text\">Adh\u00e9sion et soutien<\/span><\/a><\/p>\n","protected":false},"author":4,"featured_media":0,"parent":68,"menu_order":0,"comment_status":"closed","ping_status":"closed","template":"","meta":{"footnotes":""},"class_list":["post-732","page","type-page","status-publish","hentry"],"_links":{"self":[{"href":"https:\/\/collectif-accad.fr\/site\/wp-json\/wp\/v2\/pages\/732","targetHints":{"allow":["GET"]}}],"collection":[{"href":"https:\/\/collectif-accad.fr\/site\/wp-json\/wp\/v2\/pages"}],"about":[{"href":"https:\/\/collectif-accad.fr\/site\/wp-json\/wp\/v2\/types\/page"}],"author":[{"embeddable":true,"href":"https:\/\/collectif-accad.fr\/site\/wp-json\/wp\/v2\/users\/4"}],"replies":[{"embeddable":true,"href":"https:\/\/collectif-accad.fr\/site\/wp-json\/wp\/v2\/comments?post=732"}],"version-history":[{"count":33,"href":"https:\/\/collectif-accad.fr\/site\/wp-json\/wp\/v2\/pages\/732\/revisions"}],"predecessor-version":[{"id":10004,"href":"https:\/\/collectif-accad.fr\/site\/wp-json\/wp\/v2\/pages\/732\/revisions\/10004"}],"up":[{"embeddable":true,"href":"https:\/\/collectif-accad.fr\/site\/wp-json\/wp\/v2\/pages\/68"}],"wp:attachment":[{"href":"https:\/\/collectif-accad.fr\/site\/wp-json\/wp\/v2\/media?parent=732"}],"curies":[{"name":"wp","href":"https:\/\/api.w.org\/{rel}","templated":true}]}}