{"id":629,"date":"2018-07-30T10:09:06","date_gmt":"2018-07-30T08:09:06","guid":{"rendered":"https:\/\/collectif-accad.fr\/site\/?page_id=629"},"modified":"2019-02-11T06:48:16","modified_gmt":"2019-02-11T05:48:16","slug":"communes-qui-refusent","status":"publish","type":"page","link":"https:\/\/collectif-accad.fr\/site\/mairies\/communes-qui-refusent\/","title":{"rendered":"Communes qui refusent"},"content":{"rendered":"<p style=\"text-align: center;\"><span style=\"font-size: 18pt;\"><strong>D\u00e9tails des communes qui refusent<\/strong><\/span><\/p>\n<p style=\"text-align: center;\"><span style=\"font-size: 18pt;\"><strong><img loading=\"lazy\" decoding=\"async\" class=\"alignnone size-full wp-image-2965\" src=\"https:\/\/collectif-accad.fr\/site\/wp-content\/uploads\/2019\/02\/CommunesRefusent-190210.jpg\" alt=\"\" width=\"400\" height=\"419\" srcset=\"https:\/\/collectif-accad.fr\/site\/wp-content\/uploads\/2019\/02\/CommunesRefusent-190210.jpg 400w, https:\/\/collectif-accad.fr\/site\/wp-content\/uploads\/2019\/02\/CommunesRefusent-190210-286x300.jpg 286w\" sizes=\"auto, (max-width: 400px) 100vw, 400px\" \/><\/strong><\/span><\/p>\n<p style=\"text-align: center;\"><strong><span style=\"font-size: 18pt;\">Pourquoi les maires seront responsables <\/span><\/strong><\/p>\n<p style=\"text-align: justify;\">Enedis n&rsquo;applique un certain nombre de r\u00e8glements. Les maires peuvent les obliger &#8230; faute de quoi, ils risquent d&rsquo;\u00eatre tenus \u00e9galement responsables des d\u00e9g\u00e2ts occasionn\u00e9s par le Linky.<\/p>\n<p><strong>Pour en savoir plus<\/strong> : <a href=\"https:\/\/collectif-accad.fr\/site\/wp-content\/uploads\/2018\/11\/ACCAD_lettre-aux-maires181119.pdf\">ACCAD_lettre aux maires181119<\/a><\/p>\n<p style=\"text-align: center;\"><strong><span style=\"font-size: 18pt;\">Arr\u00eat\u00e9 de la mairie de Bovel (35)<\/span><\/strong><\/p>\n<p><strong>Beaucoup de communes peuvent s&rsquo;inspirer de cet arr\u00eat\u00e9 pour leur territoire.<\/strong><\/p>\n<p><strong>Lire la pi\u00e8ce jointe\u00a0:<\/strong><\/p>\n<p><a href=\"https:\/\/collectif-accad.fr\/site\/wp-content\/uploads\/2018\/10\/BOVEL-Arr\u00eat\u00e9-municipal-du-10.10.2018.pdf\">BOVEL Arr\u00eat\u00e9 municipal du 10.10.2018<\/a><\/p>\n<p><strong>Et la lettre adress\u00e9e aux \u00e9lu.es\u00a0:\u00a0<\/strong><\/p>\n<p><a href=\"https:\/\/collectif-accad.fr\/site\/wp-content\/uploads\/2018\/10\/BOVEL-courrier-du-Maire-aux-D\u00e9put\u00e9s-et-coll\u00e8gues.pdf\">BOVEL courrier du Maire aux D\u00e9put\u00e9s et coll\u00e8gues<\/a><\/p>\n<p style=\"text-align: center;\"><strong><span style=\"font-size: 18pt;\">Jacques Michon, maire de Waziers (59), parle<\/span><\/strong><\/p>\n<p>Commentaire de Next-up.org :<\/p>\n<p style=\"text-align: justify;\"><em>Jacques MICHON Maire de Waziers (Nord) s&rsquo;adresse officiellement \u00e0 ses administr\u00e9s de fa\u00e7on explicite comme jamais vu \u00e0 ce jour ! De plus il a convoqu\u00e9 ENEDIS pour s&rsquo;expliquer, qui confirme que le compteur Linky n&rsquo;est absolument pas obligatoire ! <\/em><\/p>\n<p><strong>vid\u00e9o 1<\/strong><br \/>\n<a href=\"https:\/\/www.youtube.com\/watch?v=H7WfjCkyGiE\">https:\/\/www.youtube.com\/watch?v=H7WfjCkyGiE<\/a><\/p>\n<p><strong>vid\u00e9o 2<\/strong><\/p>\n<p><a href=\"https:\/\/www.youtube.com\/watch?v=5BJcbW5Wp3k\">https:\/\/www.youtube.com\/watch?v=5BJcbW5Wp3k<\/a><\/p>\n<p style=\"text-align: center;\"><strong><span style=\"font-size: 18pt;\">Motions vot\u00e9es par 3 communes<\/span><\/strong><\/p>\n<p>Villeneuve d&rsquo;ascq : <a href=\"https:\/\/collectif-accad.fr\/site\/wp-content\/uploads\/2018\/10\/motion-VDA-18-09.pdf\">motion VDA 18 09<\/a><\/p>\n<p>Li\u00e9vin et Montigny-en-Gohelle : <a href=\"https:\/\/collectif-accad.fr\/site\/wp-content\/uploads\/2018\/10\/Motions_Li\u00e9vinEtMontignyEnGohelle.pdf\">Motions_Li\u00e9vinEtMontignyEnGohelle<\/a><\/p>\n<p style=\"text-align: center;\"><strong><span style=\"font-family: arial black, sans-serif; font-size: 18pt;\">comment peuvent agir les communes ?<\/span><\/strong><\/p>\n<p style=\"text-align: left;\">Un nouveau document :<\/p>\n<p style=\"text-align: center;\"><a href=\"https:\/\/collectif-accad.fr\/site\/wp-content\/uploads\/2018\/09\/Comment-peuvent-agir-les-communes.pdf\"><strong>Comment peuvent agir les communes<\/strong><\/a><\/p>\n<p style=\"text-align: center;\"><span style=\"font-family: arial black, sans-serif; font-size: 18pt;\"><strong>Les communes qui ont pris position<\/strong><\/span><\/p>\n<p style=\"text-align: center;\"><span style=\"font-family: arial black, sans-serif; font-size: 18pt;\"><strong>dans notre secteur<\/strong><\/span><\/p>\n<p>Angres, Anhiers, Annay-sous-Lens, Avion<\/p>\n<p>Billy-Montigny, Bruille-les-Marchiennes,<\/p>\n<p>Calonne-Ricouart, Courcelles-les-Lens<\/p>\n<p>Divion, Drocourt<\/p>\n<p>Evin-Malmaison<\/p>\n<p>Grenay, Guesnain<\/p>\n<p>H\u00e9nin-Beaumont<\/p>\n<p>Leforest, Lens, Lewarde, Li\u00e9vin<\/p>\n<p>M\u00e9ricourt, Mont-Saint-Eloi, Montigny-en-Gohelle<\/p>\n<p>Vermelles<\/p>\n<p>Waziers<\/p>\n<p>&#8230;<\/p>\n<p style=\"text-align: center;\"><strong>Pr\u00e9venez-nous si vous en connaissez d\u2019autres<\/strong><\/p>\n<p style=\"text-align: center;\">**********\u00a0\u00a0\u00a0\u00a0\u00a0\u00a0\u00a0\u00a0\u00a0\u00a0\u00a0 ************<\/p>\n<p>Voici la liste des personnalit\u00e9s \u2026 qui nous pr\u00e9cise bien que ce compteur n\u2019est pas obligatoire .<\/p>\n<p>Et en plus, la commission europ\u00e9enne l\u2019a aussi confirm\u00e9, pas d\u2019obligation\u00a0!<\/p>\n<p>Mise \u00e0 jour du 05 Juillet 2018<\/p>\n<table width=\"0\">\n<tbody>\n<tr>\n<td width=\"141\"><\/td>\n<td width=\"187\">Val\u00e9rie Rabault<\/td>\n<td width=\"233\">D\u00e9put\u00e9e<\/td>\n<td width=\"149\">29 Mai 2017<\/p>\n<p>Par courrier<\/td>\n<td width=\"116\"><\/td>\n<\/tr>\n<tr>\n<td width=\"141\"><\/td>\n<td width=\"187\">Bruno Retailleau<\/td>\n<td width=\"233\">S\u00e9nateur<\/td>\n<td width=\"149\">15 Juin 2016<\/p>\n<p>Par courrier<\/td>\n<td width=\"116\"><\/td>\n<\/tr>\n<tr>\n<td width=\"141\"><\/td>\n<td width=\"187\">Nicolas Hulot<\/td>\n<td width=\"233\">Ministre d&rsquo;Etat<\/td>\n<td width=\"149\">14 Novembre 2017<\/p>\n<p>Par courrier<\/td>\n<td width=\"116\"><\/td>\n<\/tr>\n<tr>\n<td width=\"141\"><\/td>\n<td width=\"187\">Bernard Laurans<\/td>\n<td width=\"233\">Directeur R\u00e9gional\u00a0Enedis &#8211; Bretagne<\/td>\n<td width=\"149\">02 F\u00e9vrier 2016<\/p>\n<p>France Bleu Armonique<\/td>\n<td width=\"116\">&gt;<\/td>\n<\/tr>\n<tr>\n<td width=\"141\"><\/td>\n<td width=\"187\">Gladys Larose<\/td>\n<td width=\"233\">Responsable nationale du Programme LINKY chez ENEDIS<\/td>\n<td width=\"149\">20 D\u00e9cembre 2017<\/p>\n<p>Radio Totem<\/td>\n<td width=\"116\">&gt;<\/td>\n<\/tr>\n<tr>\n<td width=\"141\"><\/td>\n<td width=\"187\">Philippe Monloubou<\/td>\n<td width=\"233\">\u00a0Pr\u00e9sident du directoire D&rsquo;ENEDIS<\/td>\n<td width=\"149\">\u00a002 F\u00e9vrier 2016<\/p>\n<p>Assembl\u00e9e Nationale<\/td>\n<td width=\"116\"><a href=\"http:\/\/www.lelibrepenseur.org\/bonne-nouvelle-le-president-derdf-avoue-que-linky-nest-pas-obligatoire\/\">\u00a0Voir la vid\u00e9o<\/a><\/td>\n<\/tr>\n<tr>\n<td width=\"141\"><\/td>\n<td width=\"187\">\u00a0Un juriste<\/td>\n<td width=\"233\">\u00a0Sur EUROPE 1<\/td>\n<td width=\"149\">\u00a007 Mars 2017<\/p>\n<p>Sur Europe 1<\/td>\n<td width=\"116\">&gt;<\/td>\n<\/tr>\n<tr>\n<td width=\"141\"><\/td>\n<td width=\"187\">\u00a0Jean-Claude Juncker<\/td>\n<td width=\"233\">President de la Commission Europeenne<\/td>\n<td width=\"149\">\u00a011 Ao\u00fbt 2017<\/td>\n<td width=\"116\"><\/td>\n<\/tr>\n<tr>\n<td width=\"141\"><\/td>\n<td width=\"187\">\u00a0Mounir Mahjoubi<\/td>\n<td width=\"233\">\u00a0Secr\u00e9taire d&rsquo;\u00c9tat au Num\u00e9rique<\/td>\n<td width=\"149\">\u00a013 Avril 2018<\/td>\n<td width=\"116\"><\/td>\n<\/tr>\n<tr>\n<td width=\"141\"><\/td>\n<td><\/td>\n<td><\/td>\n<td><\/td>\n<td><\/td>\n<\/tr>\n<\/tbody>\n<\/table>\n<p style=\"text-align: justify;\">\u00a0Et aucun maire ne peut l\u2019imposer dans sa commune\u00a0 \u00e0 ses administr\u00e9s, contre leur gr\u00e9 !!!<\/p>\n<p style=\"text-align: center;\"><img loading=\"lazy\" decoding=\"async\" class=\"alignnone size-full wp-image-1627\" src=\"https:\/\/collectif-accad.fr\/site\/wp-content\/uploads\/2018\/09\/Communicants-180902-2.jpg\" alt=\"\" width=\"485\" height=\"480\" srcset=\"https:\/\/collectif-accad.fr\/site\/wp-content\/uploads\/2018\/09\/Communicants-180902-2.jpg 485w, https:\/\/collectif-accad.fr\/site\/wp-content\/uploads\/2018\/09\/Communicants-180902-2-300x297.jpg 300w, https:\/\/collectif-accad.fr\/site\/wp-content\/uploads\/2018\/09\/Communicants-180902-2-100x100.jpg 100w\" sizes=\"auto, (max-width: 485px) 100vw, 485px\" \/><\/p>\n<p>&nbsp;<\/p>\n<p>&nbsp;<\/p>\n","protected":false},"excerpt":{"rendered":"<p>D\u00e9tails des communes qui refusent Pourquoi les maires seront responsables Enedis n&rsquo;applique un certain nombre de r\u00e8glements. Les maires peuvent les obliger &#8230; faute de quoi, ils risquent d&rsquo;\u00eatre tenus \u00e9galement responsables des d\u00e9g\u00e2ts occasionn\u00e9s par le Linky. Pour en savoir plus : ACCAD_lettre aux maires181119 Arr\u00eat\u00e9 de la mairie de Bovel (35) Beaucoup de &hellip; <a href=\"https:\/\/collectif-accad.fr\/site\/mairies\/communes-qui-refusent\/\" class=\"more-link\">Continuer la lecture de <span class=\"screen-reader-text\">Communes qui refusent<\/span><\/a><\/p>\n","protected":false},"author":4,"featured_media":0,"parent":191,"menu_order":0,"comment_status":"closed","ping_status":"closed","template":"","meta":{"footnotes":""},"class_list":["post-629","page","type-page","status-publish","hentry"],"_links":{"self":[{"href":"https:\/\/collectif-accad.fr\/site\/wp-json\/wp\/v2\/pages\/629","targetHints":{"allow":["GET"]}}],"collection":[{"href":"https:\/\/collectif-accad.fr\/site\/wp-json\/wp\/v2\/pages"}],"about":[{"href":"https:\/\/collectif-accad.fr\/site\/wp-json\/wp\/v2\/types\/page"}],"author":[{"embeddable":true,"href":"https:\/\/collectif-accad.fr\/site\/wp-json\/wp\/v2\/users\/4"}],"replies":[{"embeddable":true,"href":"https:\/\/collectif-accad.fr\/site\/wp-json\/wp\/v2\/comments?post=629"}],"version-history":[{"count":24,"href":"https:\/\/collectif-accad.fr\/site\/wp-json\/wp\/v2\/pages\/629\/revisions"}],"predecessor-version":[{"id":2966,"href":"https:\/\/collectif-accad.fr\/site\/wp-json\/wp\/v2\/pages\/629\/revisions\/2966"}],"up":[{"embeddable":true,"href":"https:\/\/collectif-accad.fr\/site\/wp-json\/wp\/v2\/pages\/191"}],"wp:attachment":[{"href":"https:\/\/collectif-accad.fr\/site\/wp-json\/wp\/v2\/media?parent=629"}],"curies":[{"name":"wp","href":"https:\/\/api.w.org\/{rel}","templated":true}]}}