{"id":622,"date":"2018-07-30T08:53:29","date_gmt":"2018-07-30T06:53:29","guid":{"rendered":"https:\/\/collectif-accad.fr\/site\/?page_id=622"},"modified":"2018-10-13T17:00:01","modified_gmt":"2018-10-13T15:00:01","slug":"chansons","status":"publish","type":"page","link":"https:\/\/collectif-accad.fr\/site\/outils\/chansons\/","title":{"rendered":"Chansons"},"content":{"rendered":"<p style=\"text-align: center;\"><span style=\"font-size: 18pt;\"><b>Une chanson de Fr\u00e9d\u00e9ric Fromet\u00a0<\/b><\/span><\/p>\n<p><b>Cette chanson est pass\u00e9e sur France Inter le 12 octobre\u00a0; sur l\u2019air d\u2019une chanson de E. Macias<\/b><\/p>\n<p><iframe loading=\"lazy\" title=\"Donnez vos donn\u00e9es\" width=\"660\" height=\"371\" src=\"https:\/\/www.youtube.com\/embed\/NFHf_BaQPlQ?feature=oembed\" frameborder=\"0\" allow=\"accelerometer; autoplay; clipboard-write; encrypted-media; gyroscope; picture-in-picture; web-share\" referrerpolicy=\"strict-origin-when-cross-origin\" allowfullscreen><\/iframe><\/p>\n<p><strong>Linky est mentionn\u00e9\u00a0<\/strong> ; un r\u00e9gal qui dure 2 minutes 50<\/p>\n<p style=\"text-align: center;\">****************\u00a0\u00a0\u00a0\u00a0\u00a0\u00a0\u00a0\u00a0\u00a0\u00a0\u00a0\u00a0\u00a0\u00a0 *****************<\/p>\n<p style=\"text-align: center;\"><span style=\"font-family: arial black, sans-serif; font-size: 18pt;\"><strong>Une vid\u00e9o sortie durant l&rsquo;\u00e9t\u00e9 2018<\/strong><\/span><\/p>\n<p><a href=\"https:\/\/www.youtube.com\/watch?v=11f3olMyd5Q&amp;feature=em-uploademail\">https:\/\/www.youtube.com\/watch?v=11f3olMyd5Q&amp;feature=<\/a><\/p>\n<p style=\"text-align: center;\">***********************\u00a0\u00a0\u00a0\u00a0\u00a0\u00a0\u00a0\u00a0\u00a0\u00a0\u00a0\u00a0\u00a0\u00a0\u00a0 *****************<\/p>\n<p style=\"text-align: center;\"><span style=\"font-size: 18pt;\"><strong>La chanson de Fr\u00e9d\u00e9ric Fromet sur Linky<br \/>\n<\/strong><\/span><\/p>\n<p><a href=\"https:\/\/www.youtube.com\/watch?v=xvBnqCZ4t-4\">https:\/\/www.youtube.com\/watch?v=xvBnqCZ4t-4<\/a><\/p>\n<p style=\"text-align: center;\">***********\u00a0\u00a0\u00a0\u00a0\u00a0\u00a0\u00a0\u00a0\u00a0\u00a0 ********************<\/p>\n<p style=\"text-align: center;\"><strong><span style=\"font-size: 18pt;\">Une autre chanson<\/span><br \/>\n<\/strong><\/p>\n<p><a href=\"https:\/\/www.youtube.com\/watch?v=7Ytd-hYdvJQ\">https:\/\/www.youtube.com\/watch?v=7Ytd-hYdvJQ<\/a><\/p>\n<p>Pour s\u2019\u00e9clairer fallait avoir<\/p>\n<p>un compteur bleu dans le placard<\/p>\n<p>La roue tournait souvent, mais sans faire de bruit<\/p>\n<p>Et brave il r\u00e9sistait \u00e0 toutes les intemp\u00e9ries<\/p>\n<p>&nbsp;<\/p>\n<p>&lsquo; C&rsquo;est nous les branch\u00e9s<\/p>\n<p>Qui seront grill\u00e9s &lsquo;<\/p>\n<p>&nbsp;<\/p>\n<p>Mais ces messieurs dans leurs centrales<\/p>\n<p>Pour Gagner plus l&rsquo;ont mis \u00e0 mal<\/p>\n<p>Ils ont trouv\u00e9 une nouvelle tactique<\/p>\n<p>Plus besoin d&#8217;employ\u00e9s car Linky communique<\/p>\n<p>&nbsp;<\/p>\n<p>&lsquo;C&rsquo;est nous les branch\u00e9s<\/p>\n<p>Qui seront grill\u00e9s&rsquo;<\/p>\n<p>&nbsp;<\/p>\n<p>Enedis qui va l&rsquo;installer<\/p>\n<p>A d\u00fb toucher un gros paquet<\/p>\n<p>6 milliards d&rsquo;euros c&rsquo;est c&rsquo;que \u00e7a va co\u00fbter<\/p>\n<p>Mais l&rsquo;\u00e9lectricit\u00e9, qu&rsquo;ils disent, ne sera pas augment\u00e9e<\/p>\n<p>&nbsp;<\/p>\n<p>&lsquo; C&rsquo;est nous les branch\u00e9s<\/p>\n<p>Qui seront grill\u00e9s &lsquo;<\/p>\n<p>&nbsp;<\/p>\n<p>Mais plaie d&rsquo;argent n&rsquo;est pas mortelle<\/p>\n<p>C&rsquo;est un refrain universel<\/p>\n<p>On n&rsquo;en dit pas autant des radiofr\u00e9quences<\/p>\n<p>Qui vont nous provoquer bien d&rsquo;horribles souffrances<\/p>\n<p>&nbsp;<\/p>\n<p>&lsquo; C&rsquo;est nous les branch\u00e9s<\/p>\n<p>Qui seront grill\u00e9s &lsquo;<\/p>\n<p>&nbsp;<\/p>\n<p>Vous tous qui voulez pr\u00e9server<\/p>\n<p>notre plan\u00e8te et vos sant\u00e9s`<\/p>\n<p>Vous devez refuser ce compteur meurtrier<\/p>\n<p>Et vous mettre vos demeures \u00e0 l&rsquo;abri du danger<\/p>\n<p>&nbsp;<\/p>\n<p>&lsquo; C&rsquo;est nous les branch\u00e9s<\/p>\n<p>Qui seront grill\u00e9s &lsquo;<\/p>\n<p>&nbsp;<\/p>\n<p>C&rsquo;est nous qui tenons dans nos mains<\/p>\n<p>le sort que nous aurons demain<\/p>\n<p>Faut r\u00e9sister et la r\u00e9volte gronde<\/p>\n<p>Envers et contre tous nous sauverons le monde<\/p>\n<p>Nous serons branch\u00e9s sans \u00eatre grill\u00e9s.<\/p>\n<p style=\"text-align: center;\"><strong><span style=\"font-size: 18pt;\">Encore une autre<\/span> <\/strong><\/p>\n<p style=\"text-align: center;\"><strong>(sur l&rsquo;air de la carmagnole)<\/strong><\/p>\n<p><a href=\"https:\/\/www.youtube.com\/watch?v=edXXK-epE84&amp;feature=youtu.be\">https:\/\/www.youtube.com\/watch?v=edXXK-epE84&amp;feature=youtu.be<\/a><\/p>\n<p>Le compteur bleu c&rsquo;\u00e9tait joli et \u00e7a durait plus d&rsquo;une vie<\/p>\n<p>Mais EDF trop fortun\u00e9e a voulu s&rsquo;en d\u00e9barrasser<\/p>\n<p>Ils veulent nous imposer un compteur nouveau-n\u00e9<\/p>\n<p>(refrain)<\/p>\n<p>Disons Stop au linky et r\u00e9sistons r\u00e9sistons<\/p>\n<p>Disons stop au linky et vive la r\u00e9bellion<\/p>\n<p>&nbsp;<\/p>\n<p>Car le linky est un sournois<\/p>\n<p>Qui supprim&rsquo;ra dix mille emplois<\/p>\n<p>Avec ses perfides rayons<\/p>\n<p>Il empoisonn&rsquo;ra nos maisons<\/p>\n<p>Et ils faut ajouter<\/p>\n<p>Des pannes sans compter<\/p>\n<p>&nbsp;<\/p>\n<p>Des acouph\u00e8nes des insomnies<\/p>\n<p>Voil\u00e0 ce qu&rsquo;apporte linky<\/p>\n<p>Et sans parler des incendies<\/p>\n<p>\u00c7a n&rsquo;a que trop dur\u00e9<\/p>\n<p>Il faut tout arr\u00eater<\/p>\n<p>&nbsp;<\/p>\n<p>Tous ceux qui veulent pr\u00e9server<\/p>\n<p>Notre terre de ce danger<\/p>\n<p>Se sont unis pour r\u00e9sister<\/p>\n<p>Et tous les fran\u00e7ais informer<\/p>\n<p>Si trop d&rsquo;argent z&rsquo;avez<\/p>\n<p>Il faut nous le donner<\/p>\n<p>&nbsp;<\/p>\n<p>Car presque six milliards d&rsquo;euros<\/p>\n<p>C&rsquo;est ce que \u00e7a va nous co\u00fbter<\/p>\n<p>Pourtant malgr\u00e9 tous ces z\u00e9ros<\/p>\n<p>Nous disent que rien n&rsquo;va augmenter<\/p>\n<p>Faudrait pas nous berner<\/p>\n<p>Ni bobard nous conter<\/p>\n<p>&nbsp;<\/p>\n<p>Crions stop au linky et r\u00e9sistons r\u00e9sistons<\/p>\n<p>Crions , amis, crions et vive la rebellion<\/p>\n","protected":false},"excerpt":{"rendered":"<p>Une chanson de Fr\u00e9d\u00e9ric Fromet\u00a0 Cette chanson est pass\u00e9e sur France Inter le 12 octobre\u00a0; sur l\u2019air d\u2019une chanson de E. Macias Linky est mentionn\u00e9\u00a0 ; un r\u00e9gal qui dure 2 minutes 50 ****************\u00a0\u00a0\u00a0\u00a0\u00a0\u00a0\u00a0\u00a0\u00a0\u00a0\u00a0\u00a0\u00a0\u00a0 ***************** Une vid\u00e9o sortie durant l&rsquo;\u00e9t\u00e9 2018 https:\/\/www.youtube.com\/watch?v=11f3olMyd5Q&amp;feature= ***********************\u00a0\u00a0\u00a0\u00a0\u00a0\u00a0\u00a0\u00a0\u00a0\u00a0\u00a0\u00a0\u00a0\u00a0\u00a0 ***************** La chanson de Fr\u00e9d\u00e9ric Fromet sur Linky https:\/\/www.youtube.com\/watch?v=xvBnqCZ4t-4 ***********\u00a0\u00a0\u00a0\u00a0\u00a0\u00a0\u00a0\u00a0\u00a0\u00a0 ******************** Une &hellip; <a href=\"https:\/\/collectif-accad.fr\/site\/outils\/chansons\/\" class=\"more-link\">Continuer la lecture de <span class=\"screen-reader-text\">Chansons<\/span><\/a><\/p>\n","protected":false},"author":4,"featured_media":0,"parent":163,"menu_order":0,"comment_status":"closed","ping_status":"closed","template":"","meta":{"footnotes":""},"class_list":["post-622","page","type-page","status-publish","hentry"],"_links":{"self":[{"href":"https:\/\/collectif-accad.fr\/site\/wp-json\/wp\/v2\/pages\/622","targetHints":{"allow":["GET"]}}],"collection":[{"href":"https:\/\/collectif-accad.fr\/site\/wp-json\/wp\/v2\/pages"}],"about":[{"href":"https:\/\/collectif-accad.fr\/site\/wp-json\/wp\/v2\/types\/page"}],"author":[{"embeddable":true,"href":"https:\/\/collectif-accad.fr\/site\/wp-json\/wp\/v2\/users\/4"}],"replies":[{"embeddable":true,"href":"https:\/\/collectif-accad.fr\/site\/wp-json\/wp\/v2\/comments?post=622"}],"version-history":[{"count":8,"href":"https:\/\/collectif-accad.fr\/site\/wp-json\/wp\/v2\/pages\/622\/revisions"}],"predecessor-version":[{"id":1888,"href":"https:\/\/collectif-accad.fr\/site\/wp-json\/wp\/v2\/pages\/622\/revisions\/1888"}],"up":[{"embeddable":true,"href":"https:\/\/collectif-accad.fr\/site\/wp-json\/wp\/v2\/pages\/163"}],"wp:attachment":[{"href":"https:\/\/collectif-accad.fr\/site\/wp-json\/wp\/v2\/media?parent=622"}],"curies":[{"name":"wp","href":"https:\/\/api.w.org\/{rel}","templated":true}]}}