{"id":4718,"date":"2019-12-28T06:39:17","date_gmt":"2019-12-28T05:39:17","guid":{"rendered":"https:\/\/collectif-accad.fr\/site\/?page_id=4718"},"modified":"2022-09-07T09:54:35","modified_gmt":"2022-09-07T07:54:35","slug":"annie-sasco","status":"publish","type":"page","link":"https:\/\/collectif-accad.fr\/site\/5g\/annie-sasco\/","title":{"rendered":"Annie Sasco"},"content":{"rendered":"<p style=\"text-align: justify;\">Annie Sasco\u00a0: \u00a0M\u00e9decin de sant\u00e9\u00a0 des populations, scientifique \u00e9pid\u00e9miologiste pour la pr\u00e9vention du cancer<\/p>\n<p style=\"text-align: justify;\">Elle \u00e9tait d\u00e9j\u00e0 venue dans la r\u00e9gion \u00e0 propos du probl\u00e8me du renforcement de la ligne \u00e0 Tr\u00e8s Haute Tension (THT) entre Gavrelle et Avelin. Elle intervenait notamment pour montrer les effets de la THT sur les enfants\u00a0 avec un risque augment\u00e9 de leuc\u00e9mies. Cela se passait \u00e0 Courcelles-l\u00e8s-Lens en 2012\u00a0!<\/p>\n<p style=\"text-align: justify;\">Annie J. Sasco est actuellement directrice de recherche b\u00e9n\u00e9vole d\u2019Epid\u00e9miologie pour la Pr\u00e9vention du Cancer \u00e0 l\u2019Universit\u00e9 de Bordeaux. Elle a travaill\u00e9 pendant 22 ans au Centre International de Recherche sur le Cancer (CIRC) &#8211; Organisation Mondiale de la Sant\u00e9 (OMS) \u00e0 Lyon, o\u00f9 elle a fond\u00e9 et dirig\u00e9 pendant 9 ans le Programme puis l\u2019Unit\u00e9 de Recherche CIRC d\u2019Epid\u00e9miologie pour la Pr\u00e9vention du Cancer et \u00a0pendant deux ans, elle a \u00e9t\u00e9 en outre Directrice par interim du Programme de Contr\u00f4le du Cancer de l\u2019O M S, avant de revenir \u00e0 l\u2019Universit\u00e9 de Bordeaux comme Directrice de recherche dans une unit\u00e9 INSERM.<\/p>\n<p style=\"text-align: justify;\"><em>Dr Sasco est une experte reconnue au niveau national, europ\u00e9en et international en \u00e9pid\u00e9miologie du\u00a0 cancer. Outre son\u00a0 <\/em>Doctorat en m\u00e9decine de l\u2019Universit\u00e9 de Bordeaux) avec , entre autres, sp\u00e9cialit\u00e9s en m\u00e9decine du Travail et Sociologie de Bordeaux et Sant\u00e9 publique de l\u2019Universit\u00e9 de Toulouse, elle est aussi titulaire de trois dipl\u00f4mes de l\u2019Universit\u00e9 de Harvard (MPH, SM Epidemiology and Biostastistics, Dr PH Epidemiology, Biostatistics and Evaluation) aux \u00c9tats-Unis et une Habilitation \u00e0 diriger des Recherches de l\u2019Universit\u00e9 de Lyon. Elle a travaill\u00e9 sur de nombreux sujets, <em>\u00a0en particulier sur des dossiers tels que la \u00ab viande aux hormones \u00bb, les perturbateurs endocriniens divers (pesticides, le distilb\u00e8ne), <\/em><strong>les champs \u00e9lectromagn\u00e9tiques (t\u00e9l\u00e9phonie mobile, lignes \u00e0 haute tension)<\/strong> mais aussi le tabac, le cannabis et les probl\u00e9matiques de mondialisation, environnement et communication en pr\u00e9vention des cancers. Elle a \u00e9t\u00e9 nomm\u00e9e en 2011 par d\u00e9cret interminist\u00e9riel au Haut Conseil des Biotechnologies (OGM) o\u00f9 elle a si\u00e9g\u00e9 pendant trois ans.<\/p>\n<p style=\"text-align: justify;\"><em>Elle a eu et a encore des responsabilit\u00e9s d\u2019enseignement en France, mais aussi aux \u00c9tats-Unis d\u2019Am\u00e9rique, dans plusieurs pays africains, au Br\u00e9sil et de fa\u00e7on ponctuelle dans de nombreux autres pays. Elle est l\u2019auteure de plus de 400 publications, dont\u00a0 environ 200 index\u00e9es dans Medline et membre de multiples comit\u00e9s \u00e9ditoriaux et associations scientifiques.<\/em><\/p>\n<p style=\"text-align: justify;\"><em>\u00a0<\/em><\/p>\n<p style=\"text-align: justify;\"><strong>Aujourd\u2019hui retrait\u00e9e, elle continue \u00e0 titre b\u00e9n\u00e9vole ses activit\u00e9s et ses combats pour la sant\u00e9 des populations et pour une recherche qui se doit d\u2019\u00eatre totalement ind\u00e9pendante<\/strong><\/p>\n<p style=\"text-align: center;\"><em>*********\u00a0\u00a0 ********<\/em><\/p>\n<p style=\"text-align: center;\"><strong><em>Conf\u00e9rence \u00e0 Montpellier<\/em><\/strong><\/p>\n<p style=\"text-align: justify;\"><em>Annie Sasco avait \u00e9t\u00e9 invit\u00e9e par le collectif stop-linky-5G Montpellier pour informer sur la 5G et les rayonnements \u00e9lectromagn\u00e9tiques<\/em><\/p>\n<p style=\"text-align: justify;\"><em>Titre de la vid\u00e9o\u00a0: J\u2019veux du soleil, pas de la 5G\u00a0; dur\u00e9e <\/em>49 minutes<\/p>\n<p style=\"text-align: justify;\"><a href=\"https:\/\/www.youtube.com\/watch?v=W90_V91Toiw\">https:\/\/www.youtube.com\/watch?v=W90_V91Toiw<\/a><\/p>\n","protected":false},"excerpt":{"rendered":"<p>Annie Sasco\u00a0: \u00a0M\u00e9decin de sant\u00e9\u00a0 des populations, scientifique \u00e9pid\u00e9miologiste pour la pr\u00e9vention du cancer Elle \u00e9tait d\u00e9j\u00e0 venue dans la r\u00e9gion \u00e0 propos du probl\u00e8me du renforcement de la ligne \u00e0 Tr\u00e8s Haute Tension (THT) entre Gavrelle et Avelin. Elle intervenait notamment pour montrer les effets de la THT sur les enfants\u00a0 avec un risque &hellip; <a href=\"https:\/\/collectif-accad.fr\/site\/5g\/annie-sasco\/\" class=\"more-link\">Continuer la lecture de <span class=\"screen-reader-text\">Annie Sasco<\/span><\/a><\/p>\n","protected":false},"author":4,"featured_media":0,"parent":3480,"menu_order":0,"comment_status":"closed","ping_status":"closed","template":"","meta":{"footnotes":""},"class_list":["post-4718","page","type-page","status-publish","hentry"],"_links":{"self":[{"href":"https:\/\/collectif-accad.fr\/site\/wp-json\/wp\/v2\/pages\/4718","targetHints":{"allow":["GET"]}}],"collection":[{"href":"https:\/\/collectif-accad.fr\/site\/wp-json\/wp\/v2\/pages"}],"about":[{"href":"https:\/\/collectif-accad.fr\/site\/wp-json\/wp\/v2\/types\/page"}],"author":[{"embeddable":true,"href":"https:\/\/collectif-accad.fr\/site\/wp-json\/wp\/v2\/users\/4"}],"replies":[{"embeddable":true,"href":"https:\/\/collectif-accad.fr\/site\/wp-json\/wp\/v2\/comments?post=4718"}],"version-history":[{"count":7,"href":"https:\/\/collectif-accad.fr\/site\/wp-json\/wp\/v2\/pages\/4718\/revisions"}],"predecessor-version":[{"id":9497,"href":"https:\/\/collectif-accad.fr\/site\/wp-json\/wp\/v2\/pages\/4718\/revisions\/9497"}],"up":[{"embeddable":true,"href":"https:\/\/collectif-accad.fr\/site\/wp-json\/wp\/v2\/pages\/3480"}],"wp:attachment":[{"href":"https:\/\/collectif-accad.fr\/site\/wp-json\/wp\/v2\/media?parent=4718"}],"curies":[{"name":"wp","href":"https:\/\/api.w.org\/{rel}","templated":true}]}}