{"id":4374,"date":"2019-10-24T17:51:02","date_gmt":"2019-10-24T15:51:02","guid":{"rendered":"https:\/\/collectif-accad.fr\/site\/?page_id=4374"},"modified":"2019-10-24T18:00:45","modified_gmt":"2019-10-24T16:00:45","slug":"protection-des-citoyens","status":"publish","type":"page","link":"https:\/\/collectif-accad.fr\/site\/outils\/protection-des-citoyens\/","title":{"rendered":"Protection des citoyens"},"content":{"rendered":"<p style=\"text-align: justify;\"><strong>A partir du moment o\u00f9 un abonn\u00e9 a exprim\u00e9 un refus cat\u00e9gorique, en particulier par lettre RAR \u00e0 l\u2019ordre d\u2019ENEDIS, toute installation de compteur peut \u00eatre consid\u00e9r\u00e9e comme une pose forc\u00e9e et abusive.<\/strong><\/p>\n<ol style=\"text-align: justify;\">\n<li><strong> D\u00e8s lors, elle tombe sous le coup de la loi sur l\u2019abus de pouvoir ou abus d\u2019autorit\u00e9, et atteinte \u00e0 la libert\u00e9 individuelle.<\/strong><\/li>\n<\/ol>\n<p style=\"text-align: justify;\"><strong>ABUS D\u2019AUTORIT\u00c9 (ou ABUS DE POUVOIR)<\/strong><\/p>\n<ol style=\"text-align: justify;\" start=\"2\">\n<li><strong> Si la pose forc\u00e9e s\u2019exerce sur une personne malade ou \u00e2g\u00e9e, ou sur une femme enceinte, cet acte peut \u00eatre assimil\u00e9 \u00e0 un abus de faiblesse.<\/strong><\/li>\n<\/ol>\n<p style=\"text-align: justify;\"><strong>ABUS DE FAIBLESSE<\/strong><\/p>\n<p style=\"text-align: justify;\"><strong>\u00a0<\/strong><\/p>\n<ol style=\"text-align: justify;\" start=\"3\">\n<li><strong> Les menaces de violences sont \u00e9galement r\u00e9prim\u00e9es.<\/strong><\/li>\n<\/ol>\n<p style=\"text-align: justify;\"><strong>MENACES DE VIOLENCES<\/strong><\/p>\n<ol style=\"text-align: justify;\" start=\"4\">\n<li><strong> Les passages en force avec effraction, tentative d\u2019effraction, d\u00e9gradation ou destruction sont des d\u00e9lits.<\/strong><\/li>\n<\/ol>\n<p style=\"text-align: justify;\"><strong>EFFRACTION OU TENTATIVE D\u2019EFFRACTION<\/strong><\/p>\n<p style=\"text-align: justify;\"><strong>D\u00c9GRADATION OU DESTRUCTION DU BIEN D\u2019AUTRUI<\/strong><\/p>\n<p style=\"text-align: justify;\"><strong>DESTRUCTIONS, D\u00c9GRADATIONS ET D\u00c9T\u00c9RIORATIONS DANGEREUSES POUR LES PERSONNES <\/strong><\/p>\n<ol style=\"text-align: justify;\" start=\"5\">\n<li><strong> Toute intrusion dans un domicile, sans y avoir \u00e9t\u00e9 invit\u00e9, est consid\u00e9r\u00e9e comme une violation de domicile. <\/strong><\/li>\n<\/ol>\n<p style=\"text-align: justify;\"><strong>VIOLATION DE DOMICILE<\/strong><\/p>\n<p style=\"text-align: justify;\"><strong>ATTEINTE \u00c0 LA VIE PRIV\u00c9E<\/strong><\/p>\n<ol style=\"text-align: justify;\" start=\"6\">\n<li><strong> Si les faits commis sont susceptibles de menacer ou de porter atteinte \u00e0 l\u2019int\u00e9grit\u00e9 de la personne, ils sont consid\u00e9r\u00e9s comme des d\u00e9lits :<\/strong><\/li>\n<\/ol>\n<p style=\"text-align: justify;\"><strong>RISQUES CAUS\u00c9S \u00c0 AUTRUI <\/strong><\/p>\n<p style=\"text-align: justify;\"><strong>ATTEINTE \u00c0 L\u2019INT\u00c9GRIT\u00c9 DE LA PERSONNE<\/strong><\/p>\n<p style=\"text-align: justify;\"><strong>\u00a0<\/strong><\/p>\n<ol style=\"text-align: justify;\" start=\"7\">\n<li><strong> Si ENEDIS ou la soci\u00e9t\u00e9 d\u2019installation multiplie les appels t\u00e9l\u00e9phoniques, il s\u2019agit de harc\u00e8lement t\u00e9l\u00e9phonique :<\/strong><\/li>\n<\/ol>\n<p style=\"text-align: justify;\"><strong>HARC\u00c8LEMENT T\u00c9L\u00c9PHONIQUE<\/strong><\/p>\n<ol style=\"text-align: justify;\" start=\"8\">\n<li><strong> TOUTE DISCRIMINATION EST INTERDITE.<\/strong><\/li>\n<\/ol>\n<p style=\"text-align: justify;\">En \u00e9tablissant une distinction selon le lieu de pose du compteur (ext\u00e9rieur ou int\u00e9rieur du domicile), Enedis cr\u00e9e une discrimination contraire \u00e0 :<\/p>\n<p style=\"text-align: justify;\"><strong>l\u2019article L322-8 du Code de l\u2019\u00c9nergie <\/strong><\/p>\n<p style=\"text-align: justify;\"><strong>l\u2019article R341-4 du Code de l\u2019\u00c9nergie <\/strong><\/p>\n<p style=\"text-align: justify;\"><strong>\u00a0<\/strong><\/p>\n<ol style=\"text-align: justify;\" start=\"9\">\n<li><strong> DE L\u2019ADMINISTRATION DE LA PREUVE<\/strong><\/li>\n<\/ol>\n<p style=\"text-align: justify;\"><strong>Vous avez \u00e9galement le droit de prendre des photos ou filmer les sc\u00e8nes pour apporter les preuves de l\u2019infraction<\/strong>.<\/p>\n<p style=\"text-align: justify;\"><strong>DE L\u2019ADMINISTRATION DE LA PREUVE<\/strong><\/p>\n<ol style=\"text-align: justify;\" start=\"10\">\n<li><strong> SI LA POSE A EU LIEU, SI UNE INFRACTION EST CONSTAT\u00c9E, QUE FAIRE ?\u00a0\u00a0 PORTER PLAINTE.<\/strong><\/li>\n<\/ol>\n<p style=\"text-align: justify;\"><strong>Ecrire \u00e0 ENEDIS par lettre RAR<\/strong>,<\/p>\n<p style=\"text-align: justify;\"><strong>Se rendre au commissariat ou \u00e0 la gendarmerie<\/strong><\/p>\n<p style=\"text-align: justify;\"><strong>Article 15-3 du Code de proc\u00e9dure P\u00e9nale<\/strong><\/p>\n<p style=\"text-align: justify;\"><strong>Obstruction au droit de d\u00e9poser plainte<\/strong><\/p>\n<p style=\"text-align: justify;\"><strong>\u00a0<\/strong><\/p>\n<p style=\"text-align: justify;\"><strong>Pour en savoir beaucoup plus sur ce<\/strong> document du collectif <strong>CLACC Leman, lire la pi\u00e8ce jointe\u00a0:<\/strong><\/p>\n<p style=\"text-align: justify;\"><strong><a href=\"https:\/\/collectif-accad.fr\/site\/wp-content\/uploads\/2019\/10\/La-protection-des-citoyens.docx\">La protection des citoyens<\/a><\/strong><\/p>\n<p style=\"text-align: justify;\"><strong>\u00a0<\/strong><\/p>\n<p style=\"text-align: justify;\"><strong>\u00a0<\/strong><\/p>\n<p style=\"text-align: justify;\">\n","protected":false},"excerpt":{"rendered":"<p>A partir du moment o\u00f9 un abonn\u00e9 a exprim\u00e9 un refus cat\u00e9gorique, en particulier par lettre RAR \u00e0 l\u2019ordre d\u2019ENEDIS, toute installation de compteur peut \u00eatre consid\u00e9r\u00e9e comme une pose forc\u00e9e et abusive. D\u00e8s lors, elle tombe sous le coup de la loi sur l\u2019abus de pouvoir ou abus d\u2019autorit\u00e9, et atteinte \u00e0 la libert\u00e9 &hellip; <a href=\"https:\/\/collectif-accad.fr\/site\/outils\/protection-des-citoyens\/\" class=\"more-link\">Continuer la lecture de <span class=\"screen-reader-text\">Protection des citoyens<\/span><\/a><\/p>\n","protected":false},"author":4,"featured_media":0,"parent":163,"menu_order":0,"comment_status":"closed","ping_status":"closed","template":"","meta":{"footnotes":""},"class_list":["post-4374","page","type-page","status-publish","hentry"],"_links":{"self":[{"href":"https:\/\/collectif-accad.fr\/site\/wp-json\/wp\/v2\/pages\/4374","targetHints":{"allow":["GET"]}}],"collection":[{"href":"https:\/\/collectif-accad.fr\/site\/wp-json\/wp\/v2\/pages"}],"about":[{"href":"https:\/\/collectif-accad.fr\/site\/wp-json\/wp\/v2\/types\/page"}],"author":[{"embeddable":true,"href":"https:\/\/collectif-accad.fr\/site\/wp-json\/wp\/v2\/users\/4"}],"replies":[{"embeddable":true,"href":"https:\/\/collectif-accad.fr\/site\/wp-json\/wp\/v2\/comments?post=4374"}],"version-history":[{"count":3,"href":"https:\/\/collectif-accad.fr\/site\/wp-json\/wp\/v2\/pages\/4374\/revisions"}],"predecessor-version":[{"id":4381,"href":"https:\/\/collectif-accad.fr\/site\/wp-json\/wp\/v2\/pages\/4374\/revisions\/4381"}],"up":[{"embeddable":true,"href":"https:\/\/collectif-accad.fr\/site\/wp-json\/wp\/v2\/pages\/163"}],"wp:attachment":[{"href":"https:\/\/collectif-accad.fr\/site\/wp-json\/wp\/v2\/media?parent=4374"}],"curies":[{"name":"wp","href":"https:\/\/api.w.org\/{rel}","templated":true}]}}