{"id":404,"date":"2018-07-19T12:11:04","date_gmt":"2018-07-19T10:11:04","guid":{"rendered":"https:\/\/collectif-accad.fr\/site\/?page_id=404"},"modified":"2018-09-26T08:48:09","modified_gmt":"2018-09-26T06:48:09","slug":"dans-le-monde","status":"publish","type":"page","link":"https:\/\/collectif-accad.fr\/site\/nos-actions\/dans-le-monde\/","title":{"rendered":"Dans le Monde"},"content":{"rendered":"<p style=\"text-align: justify;\"><strong>Les \u00c9tats membres de l\u2019Europe sont libres de fixer les moyens de cette participation active demand\u00e9e par la directive.<\/strong><\/p>\n<p style=\"text-align: justify;\">Trois pays europ\u00e9ens (<strong>Belgique, R\u00e9publique tch\u00e8que et Lituanie<\/strong>) ont renonc\u00e9 \u00e0 cr\u00e9er un r\u00e9seau de compteurs \u00ab intelligents \u00bb. L\u2019Allemagne renonce \u00e0 la g\u00e9n\u00e9ralisation ; l\u2019Autriche n\u2019oblige pas.<\/p>\n<p style=\"text-align: justify;\">En France, on raisonne autrement : Enedis impose !<\/p>\n<p style=\"text-align: justify;\">L\u2019Allemagne, pourtant reconnue comme la meilleure \u00e9l\u00e8ve europ\u00e9enne en ce qui concerne l\u2019\u00e9cologie et les \u00e9nergies vertes, a d\u00e9cid\u00e9 de limiter la pose des nouveaux compteurs aux Industriels. Ceci depuis 2015 !<\/p>\n<p style=\"text-align: justify;\"><strong>Pourquoi ?<\/strong><\/p>\n<ol style=\"text-align: justify;\">\n<li>Pour prot\u00e9ger la population civile de ses effets nocifs.<\/li>\n<li>Le minist\u00e8re de l\u2019\u00e9conomie Allemand a suivi les conclusions du <a href=\"http:\/\/www.poal.fr\/blog\/wp-content\/uploads\/2017\/01\/Rapport-Ernst-Youngs-2013.pdf\"><strong>rapport Ernst &amp; Youngs<\/strong><\/a> publi\u00e9 en 2013. Ce rapport a conclu que le projet d\u2019installation de Smart meter (compteurs intelligents) dans tous les foyers allemands n\u2019\u00e9tait pas rentable.<\/li>\n<\/ol>\n<p style=\"text-align: justify;\">En 2014 au Canada, apr\u00e8s le d\u00e9clenchement de <a href=\"http:\/\/ici.radio-canada.ca\/regions\/saskatchewan\/2014\/07\/30\/006-remplacement-compteurs-intelligents-saskpower.shtml\">8 incendies en deux mois<\/a>, la R\u00e9gion canadienne du Saskatchewan a ordonn\u00e9 le retrait de 100 000 compteurs intelligents, un an seulement apr\u00e8s le d\u00e9but de leur installation.<\/p>\n<p style=\"text-align: center;\"><img loading=\"lazy\" decoding=\"async\" class=\"alignnone size-full wp-image-1119\" src=\"https:\/\/collectif-accad.fr\/site\/wp-content\/uploads\/2018\/09\/Logo-ACCAD.jpg\" alt=\"\" width=\"847\" height=\"440\" srcset=\"https:\/\/collectif-accad.fr\/site\/wp-content\/uploads\/2018\/09\/Logo-ACCAD.jpg 847w, https:\/\/collectif-accad.fr\/site\/wp-content\/uploads\/2018\/09\/Logo-ACCAD-300x156.jpg 300w, https:\/\/collectif-accad.fr\/site\/wp-content\/uploads\/2018\/09\/Logo-ACCAD-768x399.jpg 768w\" sizes=\"auto, (max-width: 847px) 100vw, 847px\" \/><\/p>\n","protected":false},"excerpt":{"rendered":"<p>Les \u00c9tats membres de l\u2019Europe sont libres de fixer les moyens de cette participation active demand\u00e9e par la directive. Trois pays europ\u00e9ens (Belgique, R\u00e9publique tch\u00e8que et Lituanie) ont renonc\u00e9 \u00e0 cr\u00e9er un r\u00e9seau de compteurs \u00ab intelligents \u00bb. L\u2019Allemagne renonce \u00e0 la g\u00e9n\u00e9ralisation ; l\u2019Autriche n\u2019oblige pas. En France, on raisonne autrement : Enedis impose &hellip; <a href=\"https:\/\/collectif-accad.fr\/site\/nos-actions\/dans-le-monde\/\" class=\"more-link\">Continuer la lecture de <span class=\"screen-reader-text\">Dans le Monde<\/span><\/a><\/p>\n","protected":false},"author":4,"featured_media":0,"parent":165,"menu_order":0,"comment_status":"closed","ping_status":"closed","template":"","meta":{"footnotes":""},"class_list":["post-404","page","type-page","status-publish","hentry"],"_links":{"self":[{"href":"https:\/\/collectif-accad.fr\/site\/wp-json\/wp\/v2\/pages\/404","targetHints":{"allow":["GET"]}}],"collection":[{"href":"https:\/\/collectif-accad.fr\/site\/wp-json\/wp\/v2\/pages"}],"about":[{"href":"https:\/\/collectif-accad.fr\/site\/wp-json\/wp\/v2\/types\/page"}],"author":[{"embeddable":true,"href":"https:\/\/collectif-accad.fr\/site\/wp-json\/wp\/v2\/users\/4"}],"replies":[{"embeddable":true,"href":"https:\/\/collectif-accad.fr\/site\/wp-json\/wp\/v2\/comments?post=404"}],"version-history":[{"count":10,"href":"https:\/\/collectif-accad.fr\/site\/wp-json\/wp\/v2\/pages\/404\/revisions"}],"predecessor-version":[{"id":1603,"href":"https:\/\/collectif-accad.fr\/site\/wp-json\/wp\/v2\/pages\/404\/revisions\/1603"}],"up":[{"embeddable":true,"href":"https:\/\/collectif-accad.fr\/site\/wp-json\/wp\/v2\/pages\/165"}],"wp:attachment":[{"href":"https:\/\/collectif-accad.fr\/site\/wp-json\/wp\/v2\/media?parent=404"}],"curies":[{"name":"wp","href":"https:\/\/api.w.org\/{rel}","templated":true}]}}