{"id":388,"date":"2020-02-04T02:12:16","date_gmt":"2020-02-04T01:12:16","guid":{"rendered":"https:\/\/collectif-accad.fr\/site\/?page_id=388"},"modified":"2021-02-14T16:08:19","modified_gmt":"2021-02-14T15:08:19","slug":"audios-videos","status":"publish","type":"page","link":"https:\/\/collectif-accad.fr\/site\/outils\/audios-videos\/","title":{"rendered":"Audios-Vid\u00e9os"},"content":{"rendered":"<h2 style=\"text-align: center;\"><strong>Vid\u00e9o sur la 5G<\/strong><\/h2>\n<p style=\"text-align: justify;\">Lors du passage de Nicolas B\u00e9rard \u00e0 Lille, le 10 octobre, une vid\u00e9o avait \u00e9t\u00e9 r\u00e9alis\u00e9e (32 minutes)\u00a0:<\/p>\n<p style=\"text-align: justify;\"><a href=\"https:\/\/www.youtube.com\/watch?v=NPvrLF_sQaA&amp;feature=youtu.be\">https:\/\/www.youtube.com\/watch?v=NPvrLF_sQaA&amp;feature=youtu.be<\/a><\/p>\n<p style=\"text-align: justify;\">Youtube ne permet pas le visionnage<strong>\u00a0: <span style=\"font-size: 18pt;\">la vid\u00e9o est trop longue<\/span>\u00a0!<\/strong><\/p>\n<p style=\"text-align: justify;\">Gr\u00e2ce \u00e0 \u00ab\u00a0<em>cielvoile<\/em>\u00a0\u00bb, nous avons pu trouver un autre h\u00e9bergeur\u00a0pour cette vid\u00e9o\u00a0:<\/p>\n<p style=\"text-align: justify;\"><a href=\"https:\/\/www.brighteon.com\/db0c7996-5d51-4e60-8527-91d2804c3057\"><strong>https:\/\/www.brighteon.com\/db0c7996-5d51-4e60-8527-91d2804c3057<\/strong><\/a><\/p>\n<p style=\"text-align: justify;\">\u00ab\u00a0<em>Leforest Environnement<\/em>\u00a0\u00bb a aussi r\u00e9ussi \u00e0 mettre la vid\u00e9o en ligne\u00a0:<\/p>\n<p style=\"text-align: justify;\"><a href=\"https:\/\/www.youtube.com\/watch?v=64LPtEo35rc&amp;feature=youtu.be\"><strong>https:\/\/www.youtube.com\/watch?v=64LPtEo35rc&amp;feature=youtu.be<\/strong><\/a><\/p>\n<p style=\"text-align: justify;\">Merci \u00e0 ces deux associations<\/p>\n<p style=\"text-align: left;\"><span style=\"color: #ff0000;\"><strong><span style=\"font-size: 18pt;\">A regarder surtout depuis la 7\u00e8me minute &#8230; jusqu&rsquo;\u00e0 la fin.<\/span><\/strong><\/span><\/p>\n<p style=\"text-align: center;\">******* ***<\/p>\n<h2 style=\"text-align: center;\"><span style=\"font-size: 18pt;\"><strong>Linky, qu\u2019est-ce que c\u2019est ?<\/strong><\/span><\/h2>\n<p style=\"text-align: justify;\">Une nouvelle vid\u00e9o de 46 minutes ; r\u00e9alis\u00e9e par le collectif citoyens Sud Ard\u00e9chois<\/p>\n<p><a href=\"https:\/\/www.youtube.com\/watch?v=Yr25BTAghRU\"><strong>https:\/\/www.youtube.com\/watch?v=Yr25BTAghRU<\/strong><\/a><\/p>\n<p style=\"text-align: center;\"><strong><span style=\"font-size: 18pt;\">Alerte Linky<\/span><br \/>\n<\/strong><\/p>\n<p style=\"text-align: justify;\"><strong>Intervention de St\u00e9phane Lhomme, invit\u00e9 par Stop Linky Pau\/B\u00e9arn<\/strong><\/p>\n<p><a href=\"http:\/\/ace.hendaye.over-blog.fr\/2019\/05\/linky-gazpar-et-cie-par-stephane-lhomme-04-05-2019.html\">http:\/\/ace.hendaye.over-blog.fr\/2019\/05\/linky-gazpar-et-ci<\/a><\/p>\n<p>1 h 17<\/p>\n<div style=\"width: 660px;\" class=\"wp-video\"><video class=\"wp-video-shortcode\" id=\"video-388-1\" width=\"660\" height=\"371\" preload=\"metadata\" controls=\"controls\"><source type=\"video\/mp4\" src=\"https:\/\/collectif-accad.fr\/site\/wp-content\/uploads\/2018\/09\/Next-up-vid\u00e9os-Clip-sensibilisation-anti-Linky-Clip_Linky_Cheval_de_Troie.mp4?_=1\" \/><a href=\"https:\/\/collectif-accad.fr\/site\/wp-content\/uploads\/2018\/09\/Next-up-vid\u00e9os-Clip-sensibilisation-anti-Linky-Clip_Linky_Cheval_de_Troie.mp4\">https:\/\/collectif-accad.fr\/site\/wp-content\/uploads\/2018\/09\/Next-up-vid\u00e9os-Clip-sensibilisation-anti-Linky-Clip_Linky_Cheval_de_Troie.mp4<\/a><\/video><\/div>\n<p style=\"text-align: center;\"><span style=\"font-size: 18pt;\"><strong>Intervention sur Radio PFM<\/strong><\/span><\/p>\n<p><span style=\"color: #ff0000;\"><strong>Pour \u00e9couter l\u2019intervention du collectif ACCAD<\/strong><\/span><\/p>\n<p><a href=\"http:\/\/www.radiopfm.com\/reportages-chroniques\/reportages-entretiens\/article\/anti-linky\">http:\/\/www.radiopfm.com\/reportages-chroniques\/reportag<\/a><\/p>\n<p style=\"text-align: center;\"><span style=\"color: #339966;\"><strong>Commentaires trouv\u00e9s sur radio PFM<\/strong><\/span><\/p>\n<p style=\"text-align: justify;\"><a href=\"http:\/\/www.radiopfm.com\/reportages-chroniques\/reportages-entretiens\/article\/anti-linky\">http:\/\/www.radiopfm.com\/reportages-chroniques\/reportages<\/a><\/p>\n<p style=\"text-align: justify;\">il faut vraiment avoir du temps \u00e0 perdre pour s\u2019opposer \u00e0 ces compteurs dont le d\u00e9ploiement rel\u00e8ve de l\u2019int\u00e9r\u00eat g\u00e9n\u00e9ral.<br \/>\n<a href=\"https:\/\/www.sciencesetavenir.fr\/...\/l-ademe-donne-un-avis..\">https:\/\/www.sciencesetavenir.fr\/&#8230;\/l-ademe-donne-un-avis..<\/a>.<\/p>\n<p style=\"text-align: justify;\"><em>R\u00e9ponse au premier commentaire<\/em><\/p>\n<p style=\"text-align: justify;\">Quel int\u00e9r\u00eat g\u00e9n\u00e9ral\u00a0?<\/p>\n<p style=\"text-align: justify;\">Pour rappel\u00a0: on veut remplacer des compteurs qui fonctionnent et qui peuvent durer jusqu\u2019\u00e0 50 ans (voire plus) par ce linky qui va durer au maximum 8 ans\u00a0!<\/p>\n<p style=\"text-align: justify;\">Pour rappel, la cour des comptes a indiqu\u00e9 que cela serait essentiellement rentable pour \u2026 Enedis\u00a0!<\/p>\n<p style=\"text-align: justify;\">Pour rappel\u00a0: l&rsquo;OMS alerte par rapport aux expositions prolong\u00e9es, m\u00eame \u00ab\u00a0faibles\u00a0\u00bb (et \u00ab\u00a0dans les normes\u00a0\u00bb) et a officiellement class\u00e9 les ondes \u00e9lectromagn\u00e9tiques \u00ab\u00a0canc\u00e9rig\u00e8nes possibles\u00a0\u00bb\u00a0; un autre exemple r\u00e9cent dans ce domaine\u00a0: \u00ab\u00a0<em>trop d\u2019ondes \u00e9lectromagn\u00e9tiques peuvent provoquer un accident du travail\u00a0<\/em>\u00bb (<a href=\"http:\/\/www.journaldelenvironnement.net\/\">http:\/\/www.journaldelenvironnement.net\/<\/a> ).<\/p>\n<p style=\"text-align: justify;\">Pour rappel\u00a0: le changement de compteurs peut provoquer des incendies\u00a0; cela provoquera des surfacturations\u00a0; Que Choisir (qui n\u2019est pas sp\u00e9cialement anti-linky) le montre et pense qu\u2019il y aura au moins 36% des personnes qui verront leur facture augmenter\u00a0; le collectif ACCAD pense que ce sera bien plus\u00a0! Pour enfoncer le clou, un dernier exemple pour la route\u00a0: <a href=\"https:\/\/collectif-accad.fr\/site\/fait-divers\/\">https:\/\/collectif-accad.fr\/site\/fait-divers\/<\/a><\/p>\n<p style=\"text-align: justify;\">Pour rappel\u00a0: on voudrait remplacer un compteur par un compteur-capteur communicant. Ce qui veut dire que Enedis (m\u00eame s\u2019il dit le contraire) aura toute latitude pour vendre des donn\u00e9es personnelles\u00a0; ce qui veut dire que -comme c\u2019est beaucoup de mat\u00e9riel \u00e9lectronique et informatique- il y aura du piratage\u00a0; on peut aussi penser que cela facilitera les cambriolages.<br \/>\nPour rappel\u00a0: Enedis dit que la pose du linky sera gratuite. Cela a \u00e9t\u00e9 contredit par le nouveau responsable du projet Linky lors de l\u2019\u00e9mission sur France 5 ce mardi 2 octobre\u00a0!<\/p>\n<p style=\"text-align: justify;\">Pour rappel\u00a0: ce fameux compteur dit \u00ab\u00a0intelligent\u00a0\u00bb\u00a0 est une des pierres de l\u2019\u00e9difice (comme Gazpar, comme les nouveaux compteurs communicants \u00ab\u00a0eau\u00a0\u00bb) qui va nous amener vers une soci\u00e9t\u00e9 robotis\u00e9e. C\u2019est ce qu\u2019on appelle le PROGRES\u00a0!<\/p>\n<p>&nbsp;<\/p>\n<p style=\"text-align: center;\"><span style=\"font-size: 18pt;\"><strong>Intervention sur Radio Scarpe Sens\u00e9e<\/strong><\/span><\/p>\n<p><span style=\"color: #ff0000;\"><strong>Pour \u00e9couter l\u2019intervention du collectif ACCAD<\/strong><\/span><\/p>\n<p><a href=\"http:\/\/radioscarpesensee.com\/accad-compteur-linky\/\">http:\/\/radioscarpesensee.com\/accad-compteur-linky\/<\/a><\/p>\n<p>&nbsp;<\/p>\n<p style=\"text-align: center;\"><strong><span style=\"font-size: 18pt;\">Intervention sur Micros-rebelles<\/span><\/strong><\/p>\n<p style=\"text-align: justify;\"><strong><span style=\"color: #ff0000;\">Pour \u00e9couter l\u2019intervention du collectif ACCAD<br \/>\n<\/span><\/strong><\/p>\n<p><a href=\"https:\/\/www.micros-rebelles.fr\/site\/chaque-vendredi-micros-rebelles-hebdo-en-direct\/\">https:\/\/www.micros-rebelles.fr\/site\/chaque-vendredi-micros-r<\/a><\/p>\n<p>L\u2019intervention a lieu \u00e0 partir de 32&rsquo;53\u00a0\u00bb<\/p>\n<p>Auparavant, une interview sur les migrants de passage<\/p>\n<p>&nbsp;<\/p>\n<p style=\"text-align: center;\"><span style=\"font-size: 18pt;\"><strong>Intervention sur Radio RBM<\/strong><\/span><\/p>\n<p><span style=\"color: #ff0000;\"><strong>Cela s&rsquo;est pass\u00e9 lundi 24 septembre vers 9 h 15<\/strong><\/span><\/p>\n<p>On peut voir des infos sur :<\/p>\n<blockquote class=\"wp-embedded-content\" data-secret=\"kIT65jqOOa\"><p><a href=\"https:\/\/www.radioplus.fr\/air-temps-podcast\/\">Air du temps podcast<\/a><\/p><\/blockquote>\n<p><iframe loading=\"lazy\" class=\"wp-embedded-content\" sandbox=\"allow-scripts\" security=\"restricted\" style=\"position: absolute; clip: rect(1px, 1px, 1px, 1px);\" title=\"\u00ab\u00a0Air du temps podcast\u00a0\u00bb &#8212; Radio Plus Haut de France radioplus\" src=\"https:\/\/www.radioplus.fr\/air-temps-podcast\/embed\/#?secret=PHHj6qgknf#?secret=kIT65jqOOa\" data-secret=\"kIT65jqOOa\" width=\"600\" height=\"338\" frameborder=\"0\" marginwidth=\"0\" marginheight=\"0\" scrolling=\"no\"><\/iframe><\/p>\n<p>notamment \u00e0 partir de 17&rsquo;05\u00a0\u00bb (mais le d\u00e9but de l&rsquo;\u00e9mission est tr\u00e8s int\u00e9ressant)<\/p>\n<p style=\"text-align: center;\"><span style=\"font-size: 18pt;\"><strong>Intervention sur Radio RBM<\/strong><\/span><\/p>\n<p><strong><span style=\"color: #ff0000;\">Cela s&rsquo;est pass\u00e9 lundi 24 septembre vers 13 h 15<\/span><\/strong><\/p>\n<p>On peut voir des infos sur :<\/p>\n<p style=\"text-align: center;\"><strong><a href=\"http:\/\/rbm996.fr\/?p=3937\">http:\/\/rbm996.fr\/?p=3937<\/a><\/strong><\/p>\n<p style=\"text-align: center;\"><img loading=\"lazy\" decoding=\"async\" class=\"alignnone size-full wp-image-1592\" src=\"https:\/\/collectif-accad.fr\/site\/wp-content\/uploads\/2018\/09\/RadioRBM-1.jpg\" alt=\"\" width=\"558\" height=\"500\" srcset=\"https:\/\/collectif-accad.fr\/site\/wp-content\/uploads\/2018\/09\/RadioRBM-1.jpg 558w, https:\/\/collectif-accad.fr\/site\/wp-content\/uploads\/2018\/09\/RadioRBM-1-300x269.jpg 300w\" sizes=\"auto, (max-width: 558px) 100vw, 558px\" \/><\/p>\n<p style=\"text-align: center;\">************************\u00a0\u00a0\u00a0\u00a0\u00a0\u00a0\u00a0\u00a0 *************************<\/p>\n<p style=\"text-align: center;\"><span style=\"font-family: arial black, sans-serif; font-size: 18pt;\"><strong>Une vid\u00e9o qui vient du Canada<\/strong><\/span><\/p>\n<p>Compteurs Intelligents Opposition et Risques \u00ab\u00a0Take Back Your Power\u00a0\u00bb en fran\u00e7ais<\/p>\n<p>M\u00eame si ce document date, il est toujours d\u2019actualit\u00e9<\/p>\n<p><a href=\"https:\/\/www.youtube.com\/watch?v=dgK14l7_cDw\">https:\/\/www.youtube.com\/watch?v=dgK14l7_cDw<\/a><\/p>\n<p>1 h 26 de vision<\/p>\n<p style=\"text-align: center;\">**********\u00a0\u00a0\u00a0\u00a0\u00a0\u00a0\u00a0\u00a0\u00a0 ******************<\/p>\n<p style=\"text-align: center;\"><strong><span style=\"font-size: 18pt;\">Dites non au compteur<\/span><\/strong><\/p>\n<p><a href=\"https:\/\/www.youtube.com\/watch?v=7Nsogr3Q_Ao\">https:\/\/www.youtube.com\/watch?v=7Nsogr3Q_Ao<\/a><\/p>\n<p>Un r\u00e9sum\u00e9\u00a0 des motifs du refus\u00a0 ; en 9 minutes<\/p>\n<p style=\"text-align: center;\">****************\u00a0\u00a0\u00a0\u00a0\u00a0\u00a0\u00a0\u00a0\u00a0\u00a0\u00a0\u00a0\u00a0 *******************************<\/p>\n<p style=\"text-align: center;\"><strong><span style=\"font-size: 18pt;\">Vid\u00e9os-conf\u00e9rences pour comprendre Linky<\/span><\/strong><\/p>\n<p><strong>St\u00e9phane Lhomme (1 h 12)<\/strong><\/p>\n<p><a href=\"https:\/\/www.youtube.com\/watch?v=7W41yI5MMgg&amp;feature=youtu.be\">https:\/\/www.youtube.com\/watch?v=7W41yI5MMgg<\/a><\/p>\n<p><strong>Maud Bigand (1 h 13)<\/strong><\/p>\n<p><a href=\"https:\/\/www.youtube.com\/watch?v=T40MWIAMYAQ\">https:\/\/www.youtube.com\/watch?v=T40<\/a><\/p>\n<p><strong>Maud Bigand\u00a0 (3h 13)<\/strong><\/p>\n<p><a href=\"https:\/\/www.youtube.com\/watch?v=9_jhjYfuYns&amp;t=182s&amp;fbclid=IwAR0wjjoueA3MtnmcaU4NoNM96XExtdxixAsXnvPsKAjg1X8MUejPnkYqyv4\">https:\/\/www.youtube.com\/watch?v=9<\/a><\/p>\n<p style=\"text-align: center;\">*****************\u00a0\u00a0\u00a0\u00a0\u00a0\u00a0\u00a0\u00a0\u00a0\u00a0\u00a0\u00a0\u00a0\u00a0 *********************<\/p>\n<p style=\"text-align: center;\"><span style=\"font-size: 18pt;\"><strong>13 vid\u00e9os pour comprendre linky<\/strong><\/span><\/p>\n<p style=\"text-align: justify;\"><strong>L&rsquo;Europe n&rsquo;impose pas les compteurs communicants<br \/>\n<\/strong><\/p>\n<p style=\"text-align: justify;\"><a href=\"https:\/\/www.youtube.com\/watch?v=MA0bBd3lHKY\">https:\/\/www.youtube.com\/watch?v=MA0bBd3lHKY<\/a><\/p>\n<p style=\"text-align: justify;\"><strong>Linky ne sert pas \u00e0 la modernisation du r\u00e9seau<br \/>\n<\/strong><\/p>\n<p style=\"text-align: justify;\"><a href=\"https:\/\/www.youtube.com\/watch?v=TEPGLEaDmkQ\">https:\/\/www.youtube.com\/watch?v=TEPGLEaDmkQ<\/a><\/p>\n<p style=\"text-align: justify;\"><strong>Comment prot\u00e9ger son compteur \u00e9lectrique ordinaire pour \u00e9chapper au Linky<br \/>\n<\/strong><\/p>\n<p style=\"text-align: justify;\"><a href=\"https:\/\/www.youtube.com\/watch?v=uzC3El19irw\">https:\/\/www.youtube.com\/watch?v=uzC3El19irw<\/a><\/p>\n<p style=\"text-align: justify;\"><strong>Compteurs qui disjonctent et factures qui s&rsquo;envolent<br \/>\n<\/strong><\/p>\n<p style=\"text-align: justify;\"><a href=\"https:\/\/www.youtube.com\/watch?v=RVhQaWdibUQ\">https:\/\/www.youtube.com\/watch?v=RVhQaWdibUQ<\/a><\/p>\n<p style=\"text-align: justify;\"><strong>Les belles promesses de Linky<br \/>\n<\/strong><\/p>\n<p style=\"text-align: justify;\"><a href=\"https:\/\/www.youtube.com\/watch?v=JWr_sVVdo5A\">https:\/\/www.youtube.com\/watch?v=JWr_sVVdo5A<\/a><\/p>\n<p style=\"text-align: justify;\"><strong>Pourquoi Linky \u00e9teint votre t\u00e9l\u00e9 en plein match !<br \/>\n<\/strong><\/p>\n<p style=\"text-align: justify;\"><a href=\"https:\/\/www.youtube.com\/watch?v=bTzYiZN70OU\">https:\/\/www.youtube.com\/watch?v=bTzYiZN70OU<\/a><\/p>\n<p style=\"text-align: justify;\"><strong>Linky et les risques d&rsquo;incendie<br \/>\n<\/strong><\/p>\n<p style=\"text-align: justify;\"><a href=\"https:\/\/www.youtube.com\/watch?v=vQqAr3g9YKM\">https:\/\/www.youtube.com\/watch?v=vQqAr3g9YKM<\/a><\/p>\n<p style=\"text-align: justify;\"><strong>Linky, un espion \u00e0 domicile<br \/>\n<\/strong><\/p>\n<p style=\"text-align: justify;\"><a href=\"https:\/\/www.youtube.com\/watch?v=tZIb9NVW65Q&amp;t=1s\">https:\/\/www.youtube.com\/watch?v=tZIb9NVW65Q&amp;t=1s<\/a><\/p>\n<p style=\"text-align: justify;\"><strong>Linky et ondes \u00e9lectro-magn\u00e9tiques<br \/>\n<\/strong><\/p>\n<p style=\"text-align: justify;\"><a href=\"https:\/\/www.youtube.com\/watch?v=VJtaG3MYHEA&amp;t=3s\">https:\/\/www.youtube.com\/watch?v=VJtaG3MYHEA&amp;t=3s<\/a><\/p>\n<p style=\"text-align: justify;\"><strong>Big Data et captation des donn\u00e9es<br \/>\n<\/strong><\/p>\n<p style=\"text-align: justify;\"><a href=\"https:\/\/www.youtube.com\/watch?v=6gRyo6rqMds&amp;t=2s\">https:\/\/www.youtube.com\/watch?v=6gRyo6rqMds&amp;t=2s<\/a><\/p>\n<p style=\"text-align: justify;\"><strong>Un scandale \u00e9cologique et financier<br \/>\n<\/strong><\/p>\n<p style=\"text-align: justify;\"><a href=\"https:\/\/www.youtube.com\/watch?v=LBORSxDa9JU&amp;t=23s\">https:\/\/www.youtube.com\/watch?v=LBORSxDa9JU&amp;t=23s<\/a><\/p>\n<p style=\"text-align: justify;\"><strong>D\u00e9lib\u00e9rations municipales contre Linky<br \/>\n<\/strong><\/p>\n<p style=\"text-align: justify;\"><a href=\"https:\/\/www.youtube.com\/watch?v=Agfqe75eFVk\">https:\/\/www.youtube.com\/watch?v=Agfqe75eFVk<\/a><\/p>\n<p style=\"text-align: justify;\"><strong>UFC Que Choisir vs St\u00e9phane Lhomme<br \/>\n<\/strong><\/p>\n<p style=\"text-align: justify;\"><a href=\"https:\/\/www.youtube.com\/watch?v=pbhQbvT-3UU&amp;t=1s\">https:\/\/www.youtube.com\/watch?v=pbhQbvT-3UU&amp;t=1s<\/a><\/p>\n<p style=\"text-align: center;\"><img loading=\"lazy\" decoding=\"async\" class=\"alignnone size-full wp-image-235\" src=\"https:\/\/collectif-accad.fr\/site\/wp-content\/uploads\/2018\/07\/Linky-diapos-17.jpg\" alt=\"\" width=\"542\" height=\"400\" srcset=\"https:\/\/collectif-accad.fr\/site\/wp-content\/uploads\/2018\/07\/Linky-diapos-17.jpg 542w, https:\/\/collectif-accad.fr\/site\/wp-content\/uploads\/2018\/07\/Linky-diapos-17-300x221.jpg 300w\" sizes=\"auto, (max-width: 542px) 100vw, 542px\" \/><\/p>\n","protected":false},"excerpt":{"rendered":"<p>Vid\u00e9o sur la 5G Lors du passage de Nicolas B\u00e9rard \u00e0 Lille, le 10 octobre, une vid\u00e9o avait \u00e9t\u00e9 r\u00e9alis\u00e9e (32 minutes)\u00a0: https:\/\/www.youtube.com\/watch?v=NPvrLF_sQaA&amp;feature=youtu.be Youtube ne permet pas le visionnage\u00a0: la vid\u00e9o est trop longue\u00a0! Gr\u00e2ce \u00e0 \u00ab\u00a0cielvoile\u00a0\u00bb, nous avons pu trouver un autre h\u00e9bergeur\u00a0pour cette vid\u00e9o\u00a0: https:\/\/www.brighteon.com\/db0c7996-5d51-4e60-8527-91d2804c3057 \u00ab\u00a0Leforest Environnement\u00a0\u00bb a aussi r\u00e9ussi \u00e0 mettre la &hellip; <a href=\"https:\/\/collectif-accad.fr\/site\/outils\/audios-videos\/\" class=\"more-link\">Continuer la lecture de <span class=\"screen-reader-text\">Audios-Vid\u00e9os<\/span><\/a><\/p>\n","protected":false},"author":4,"featured_media":0,"parent":163,"menu_order":0,"comment_status":"closed","ping_status":"closed","template":"","meta":{"footnotes":""},"class_list":["post-388","page","type-page","status-publish","hentry"],"_links":{"self":[{"href":"https:\/\/collectif-accad.fr\/site\/wp-json\/wp\/v2\/pages\/388","targetHints":{"allow":["GET"]}}],"collection":[{"href":"https:\/\/collectif-accad.fr\/site\/wp-json\/wp\/v2\/pages"}],"about":[{"href":"https:\/\/collectif-accad.fr\/site\/wp-json\/wp\/v2\/types\/page"}],"author":[{"embeddable":true,"href":"https:\/\/collectif-accad.fr\/site\/wp-json\/wp\/v2\/users\/4"}],"replies":[{"embeddable":true,"href":"https:\/\/collectif-accad.fr\/site\/wp-json\/wp\/v2\/comments?post=388"}],"version-history":[{"count":32,"href":"https:\/\/collectif-accad.fr\/site\/wp-json\/wp\/v2\/pages\/388\/revisions"}],"predecessor-version":[{"id":7025,"href":"https:\/\/collectif-accad.fr\/site\/wp-json\/wp\/v2\/pages\/388\/revisions\/7025"}],"up":[{"embeddable":true,"href":"https:\/\/collectif-accad.fr\/site\/wp-json\/wp\/v2\/pages\/163"}],"wp:attachment":[{"href":"https:\/\/collectif-accad.fr\/site\/wp-json\/wp\/v2\/media?parent=388"}],"curies":[{"name":"wp","href":"https:\/\/api.w.org\/{rel}","templated":true}]}}