{"id":3535,"date":"2019-05-08T07:27:24","date_gmt":"2019-05-08T05:27:24","guid":{"rendered":"https:\/\/collectif-accad.fr\/site\/?page_id=3535"},"modified":"2022-09-07T10:02:33","modified_gmt":"2022-09-07T08:02:33","slug":"la-5g-cest-suicidaire","status":"publish","type":"page","link":"https:\/\/collectif-accad.fr\/site\/5g\/la-5g-cest-suicidaire\/","title":{"rendered":"La 5G, c\u2019est suicidaire"},"content":{"rendered":"<p style=\"text-align: center;\"><span style=\"font-family: comic sans ms, sans-serif; font-size: 18pt;\"><strong>Deux documents \u00e0 lire lentement<\/strong><\/span><\/p>\n<p><span style=\"font-size: 14pt;\"><b>Le premier<\/b><\/span><\/p>\n<p style=\"text-align: center;\"><a href=\"https:\/\/collectif-accad.fr\/site\/wp-content\/uploads\/2022\/09\/Argumentaire-_5G-220906.pdf\"><strong><span style=\"font-family: comic sans ms, sans-serif; font-size: 18pt;\">Argumentaire _5G 220906<\/span><\/strong><\/a><\/p>\n<p align=\"left\"><b>Le deuxi\u00e8me est un document-fiches\u00a0:<\/b><\/p>\n<p align=\"left\"><a href=\"https:\/\/collectif-accad.fr\/site\/wp-content\/uploads\/2022\/08\/Argumentaire-_5G-complementaire-220823.pdf\"><strong>Argumentaire _5G compl\u00e9mentaire 220823<\/strong><\/a><\/p>\n<p align=\"left\"><strong>Ce deuxi\u00e8me document provient de Robin des Toits<\/strong><\/p>\n<p style=\"text-align: center;\">** **<\/p>\n<p style=\"text-align: justify;\"><strong>Pour comprendre ce qu&rsquo;est la 5G, deux mots sur la 4G <\/strong><\/p>\n<p style=\"text-align: justify;\">La 4G, ce sont des fr\u00e9quences (pour simplifier) 800 MHz pour les zones plut\u00f4t rurales (plus grande superficie couverte par chaque antenne, meilleure p\u00e9n\u00e9tration \u00e0 travers les obstacles), et 2600 MHz pour les zones urbaines denses o\u00f9 le nombre de communications simultan\u00e9es est bien plus \u00e9lev\u00e9, mais o\u00f9 en revanche il faut plus d&rsquo;antennes en raison d&rsquo;une port\u00e9e moindre. C&rsquo;est du tout-num\u00e9rique. S&rsquo;y rattache maintenant la gamme 700 MHz lib\u00e9r\u00e9e par l&rsquo;arr\u00eat d&rsquo;un trafic analogique sur cette gamme.<\/p>\n<p style=\"text-align: justify;\">Comme les fr\u00e9quences de la 4G et de la TNT terrestre sont tr\u00e8s proches, \u00e0 certains endroits des interf\u00e9rences entre les deux r\u00e9seaux obligent \u00e0 poser des filtres afin de pallier aux d\u00e9sagr\u00e9ments pos\u00e9s par ces interf\u00e9rences.<\/p>\n<p style=\"text-align: justify;\"><strong>Les fr\u00e9quences et les antennes de la 5G<\/strong><\/p>\n<p style=\"text-align: justify;\">La 5G selon nos informations (rien n&rsquo;est encore normalis\u00e9) serait d\u00e9ploy\u00e9e sur des fr\u00e9quences encore sup\u00e9rieures, soit probablement au d\u00e9part, dans nos contr\u00e9es, un faisceau de fr\u00e9quences allant de 3400 MHz \u00e0 3800 MHz.\u00a0 Comme on l&rsquo;a not\u00e9 pour la 4G, cela obligera \u00e0 installer beaucoup plus d&rsquo;antennes, en revanche le trafic pourrait se r\u00e9v\u00e9ler sans mal bien plus intense : (auto)pilotage de voitures sans chauffeur (!) par exemple. Les ing\u00e9nieurs voient loin : ils envisagent d\u00e9j\u00e0 de pousser ces fr\u00e9quences jusqu&rsquo;\u00e0 20 000 MHz, voire 30 000. Cela resterait de la 5G, car ces fr\u00e9quences ont des avantages et des inconv\u00e9nients bien sp\u00e9cifiques et assez semblables sur toute la gamme pourtant vaste.<\/p>\n<p style=\"text-align: justify;\">Bien plus d&rsquo;antennes ? Cela pourrait signifier au moins une antenne par abribus, et bien d&rsquo;autres install\u00e9es sur des lampadaires ou des b\u00e2timents peu \u00e9lev\u00e9s. La densification en ondes par rapport \u00e0 maintenant serait \u00e9norme.<\/p>\n<p style=\"text-align: justify;\">Selon ce qu&rsquo;on en sait, ces antennes pourraient \u00eatre toutes petites, vu la taille des ondes utilis\u00e9es. De la taille d&rsquo;une allumette, souvent.<\/p>\n<p style=\"text-align: justify;\"><strong>Les avantages de cette nouvelle technologie<\/strong><\/p>\n<p style=\"text-align: justify;\">Plus la fr\u00e9quence porteuse est \u00e9lev\u00e9e, plus le nombre d&rsquo;informations qu&rsquo;elle peut v\u00e9hiculer est fort. Les terminaux et t\u00e9l\u00e9phones mobiles utilisant ce syst\u00e8me pourraient sans difficult\u00e9 s&rsquo;\u00e9changer des images, voire des vid\u00e9os tr\u00e8s haute d\u00e9finition sans aucune difficult\u00e9 (quoique la haute d\u00e9finition sur un \u00e9cran de 10, voire 15 cm de diagonale puisse para\u00eetre tout-\u00e0-fait anecdotique).\u00a0 Le pilotage d&rsquo;un v\u00e9hicule \u00e0 distance ou en autonomie serait \u00e9galement possible, m\u00eame si la plupart du temps un tel concept pourrait para\u00eetre superflu, stupide et \u00e0 ranger dans l&rsquo;arri\u00e8re-cour du Concours L\u00e9pine. On peut aussi penser \u00e0 de la t\u00e9l\u00e9-chirurgie, utile dans des cas d&rsquo;urgence. Ou \u00e0 une t\u00e9l\u00e9-conf\u00e9rence qui, pour des raisons techniques particuli\u00e8res, aurait besoin d&rsquo;un tel canal. C&rsquo;est dire que l&rsquo;utilit\u00e9 r\u00e9elle et quotidienne de ce nouveau concept ne saute vraiment pas aux yeux.<\/p>\n<p style=\"text-align: justify;\"><strong>Les inconv\u00e9nients engendr\u00e9s n\u00e9cessairement par la 5G<\/strong><\/p>\n<p style=\"text-align: justify;\">D\u00e9j\u00e0 des personnes ont de grosses difficult\u00e9s avec les ondes telles qu&rsquo;elles sont d\u00e9ploy\u00e9es partout. C&rsquo;est l&rsquo;\u00e9change de signaux entre tous les t\u00e9l\u00e9phones portables.\u00a0 C&rsquo;est la Wifi octroy\u00e9e largement dans les lieux publics, les b\u00e2timents, les bars, m\u00eame les TGV m\u00eame si personne ne l&rsquo;a demand\u00e9. Ce sont les instruments modernes comme le four \u00e0 micro-ondes et ses fuites de fr\u00e9quences bien plus importantes qu&rsquo;on ne veut bien l&rsquo;admettre. C&rsquo;est la plaque \u00e0 induction, surtout si le r\u00e9cipient d\u00e9pos\u00e9 dessus est trop \u00e9troit. C&rsquo;est le t\u00e9l\u00e9phone d&rsquo;int\u00e9rieur sans fil (DETC) dont la nuisance est importante. Ce sont certaines lampes, en particulier \u00e0 intensit\u00e9 lumineuse r\u00e9glable. C&rsquo;est \u00e0 l&rsquo;ext\u00e9rieur, le Wimax, qui permet dans certaines zones compliqu\u00e9es de diffuser Internet comme une super-Wifi.<\/p>\n<p style=\"text-align: justify;\">D&rsquo;un seul coup la 5G va consid\u00e9rablement augmenter cet enchev\u00eatrement de fr\u00e9quences, dont certaines sont puls\u00e9es (les pires) : les \u00e9changes entre les diff\u00e9rents \u00ab\u00a0compteurs\u00a0\u00bb (lisez CAPTEURS) d&rsquo;\u00e9nergie, et les r\u00e9cepteurs charg\u00e9s de les traiter. La 5G, en raison du nombre d&rsquo;antennes (des millions), sera partout, traquera tout le monde. De tr\u00e8s nombreuses personnes, encore \u00e9pargn\u00e9es, vont basculer dans l&rsquo;\u00e9lectro-hypersensibilit\u00e9.<\/p>\n<p style=\"text-align: justify;\">Pour avoir discut\u00e9 avec certaines de ces personnes pass\u00e9es \u00ab\u00a0de l&rsquo;autre c\u00f4t\u00e9\u00a0\u00bb, leur vie est devenue un enfer. La moindre excursion hors d&rsquo;un logement qu&rsquo;elles auront prot\u00e9g\u00e9 le mieux possible sera une v\u00e9ritable souffrance, malgr\u00e9 les sortes de burkas conductrices \u00e0 fils m\u00e9talliques qui leur servent de cages de Faraday mobiles elles sont tr\u00e8s mal \u00e0 l&rsquo;aise pour les plus atteintes.<\/p>\n<p style=\"text-align: justify;\">Bien entendu les plus \u00e0 plaindre seront les enfants : environn\u00e9s d\u00e8s leur plus jeune \u00e2ge de ce contexte tr\u00e8s particulier, le plus souvent avec des antennes au niveau de leur t\u00eate, ils d\u00e9velopperont divers syndromes dont le cancer ne sera certainement pas le pire.<\/p>\n<p style=\"text-align: justify;\">Cependant \u00ab\u00a0rassurons-nous\u00a0\u00bb : les normes fran\u00e7aises, \u00ab\u00a0garanties\u00a0\u00bb mais surtout \u00e9labor\u00e9es par les industriels m\u00eames qui en b\u00e9n\u00e9ficient, assurent \u00e0 tous que tout va bien, \u00ab\u00a0foi d&rsquo;animal\u00a0\u00bb comme aurait ajout\u00e9 La Fontaine. Ces normes, ne prenant en compte que l&rsquo;aspect thermique caus\u00e9 par l&rsquo;effet antenne du corps, sont au moins cent fois trop laxistes pour \u00eatre efficaces : ce sont les plus \u00e9lev\u00e9es d&rsquo;Europe. L&rsquo;extr\u00eame inverse se rencontre dans le canton d&rsquo;Innsbruck, en Autriche : mille fois moins !<\/p>\n<p style=\"text-align: justify;\"><strong>Dans l&rsquo;imm\u00e9diat<\/strong><\/p>\n<p style=\"text-align: justify;\">En tout cas, r\u00e9jouissons-nous : dans une dizaine de villes fran\u00e7aises comme Toulouse, Nantes,\u00a0 Saint \u00c9tienne, Grenoble, Lille, Lyon&#8230; un d\u00e9ploiement d&rsquo;essai va commencer d\u00e8s la rentr\u00e9e de septembre 2018. Un bon laboratoire pour en cerner dans un contexte r\u00e9el qualit\u00e9s et d\u00e9fauts, et tant pis pour ceux qui ne supporteront pas : un peu de parac\u00e9tamol, et au revoir !<\/p>\n<p style=\"text-align: justify;\">(il s&rsquo;agit l\u00e0 d&rsquo;une \u00e9bauche de dossier sur la question, \u00e0 partir des donn\u00e9es d\u00e9j\u00e0 disponibles ; il faut se souvenir que les normes ne sont pas encore pr\u00e9cis\u00e9ment \u00e9tablies : quiconque aura des informations compl\u00e9mentaires sera le bienvenu)<\/p>\n<p style=\"text-align: justify;\">JC<\/p>\n<p>NB \u2014 Notre ami <strong>Patrice Goyaud<\/strong> nous ajoute ces pr\u00e9cisions pas vraiment r\u00e9jouissantes :<br \/>\nAu niveau mondial, le programme One Web pr\u00e9voit, lui, 648 satellites \u00e9mettant depuis des orbites \u00e0 1200 km. Ces satellites communiqueraient avec des antennes en point haut, celles-ci communicant avec des antennes plus locales et bien plus nombreuses. Cela veut dire qu&rsquo;il n&rsquo;y aura plus aucun moyen d&rsquo;\u00e9chapper \u00e0 une pollution \u00e9lectromagn\u00e9tique de grande ampleur, ni urbaine, ni rurale. Au vu de l&rsquo;augmentation du nombre de personnes se d\u00e9clarant Electro Hypersensibles, on voit ce que l&rsquo;avenir nous r\u00e9serve !<\/p>\n<p style=\"text-align: justify;\">C&rsquo;est aussi un outil de surveillance de masse (futur r\u00e9seau de cam\u00e9ras de surveillance avec syst\u00e8me de reconnaissance facial !<\/p>\n<p style=\"text-align: justify;\">NNB \u2014 Nos amis de Th\u00e9za (Pyr\u00e9n\u00e9es Orientales) et d&rsquo;Artigues (Gironde) nous rappellent \u00e9galement une donn\u00e9e importante : pour que les ondes de la 5G passent bien, pour que \u00ab\u00a0tous puissent en profiter\u00a0\u00bb\u00a0 copieusement, en beaucoup d&rsquo;endroits des arbres sont sacrifi\u00e9s en s\u00e9rie, voire en masse.\u00a0 C&rsquo;est dire jusqu&rsquo;o\u00f9 va la malice humaine. Bient\u00f4t il ne restera <a href=\"https:\/\/www.babelio.com\/livres\/Carson-Le-printemps-silencieux\/448970\">plus que des humains<\/a>, seuls&#8230;<\/p>\n<p style=\"text-align: justify;\"><a href=\"http:\/\/44contrelinky.blogspot.com\/2018\/08\/la-5g-on-en-parle-quest-ce-que-cest.html\">http:\/\/44contrelinky.blogspot.com\/2018\/08\/la-5g-on-en-p<\/a><\/p>\n<p style=\"text-align: center;\">*********\u00a0\u00a0\u00a0\u00a0 \u00a0\u00a0\u00a0\u00a0\u00a0***********<\/p>\n<p style=\"text-align: center;\"><strong>La v\u00e9rit\u00e9 sur la 5G<\/strong><\/p>\n<p style=\"text-align: justify;\">Une vid\u00e9o<\/p>\n<p style=\"text-align: justify;\"><a href=\"https:\/\/www.youtube.com\/watch?v=edgL7UN6qsc\">https:\/\/www.youtube.com\/watch?v=edgL7UN6qsc<\/a><\/p>\n<p style=\"text-align: center;\">****************\u00a0\u00a0\u00a0\u00a0\u00a0\u00a0\u00a0\u00a0\u00a0\u00a0\u00a0\u00a0 ************<\/p>\n<p style=\"text-align: center;\"><strong>La 5G, c\u2019est suicidaire<\/strong><\/p>\n<p style=\"text-align: justify;\">Une vid\u00e9o percutante d\u2019un peu plus d\u2019une minute<\/p>\n<p style=\"text-align: justify;\"><a href=\"http:\/\/www.cielvoile.fr\/2019\/01\/harald-vella-la-5g-c-est-suicidaire.html\">http:\/\/www.cielvoile.fr\/2019\/01\/harald-vella-la-5g-c-e<\/a><\/p>\n<p style=\"text-align: center;\">***********\u00a0\u00a0\u00a0\u00a0\u00a0\u00a0\u00a0\u00a0\u00a0\u00a0\u00a0\u00a0\u00a0 **********<\/p>\n<p style=\"text-align: center;\"><strong>5G et wifi pour une surveillance totale<\/strong><\/p>\n<p style=\"text-align: justify;\"><a href=\"https:\/\/www.youtube.com\/watch?v=pUBrJTyLBxM\">https:\/\/www.youtube.com\/watch?v=pUBrJTyLBxM<\/a><\/p>\n<p style=\"text-align: center;\">***********\u00a0\u00a0\u00a0\u00a0 **********<\/p>\n<p style=\"text-align: center;\"><strong>Un document int\u00e9ressant <\/strong><\/p>\n<p style=\"text-align: justify;\">Il provient de nos ami.es du Valenciennois<\/p>\n<p style=\"text-align: justify;\"><a href=\"http:\/\/stoplinkypays-de-conde.over-blog.com\/la-5g.html\">http:\/\/stoplinkypays-de-conde.over-blog.com\/la-5g.html<\/a><\/p>\n<p style=\"text-align: justify;\">Vous pourrez t\u00e9l\u00e9charger trois documents pdf, dont un provenant d\u2019une d\u00e9cision britannique<\/p>\n<p style=\"text-align: center;\">**********\u00a0\u00a0\u00a0\u00a0\u00a0\u00a0\u00a0\u00a0\u00a0\u00a0\u00a0 ************<\/p>\n<p style=\"text-align: justify;\"><strong>L&rsquo;ARCEP, l&rsquo;autorit\u00e9 r\u00e9gulatrice des r\u00e9seaux en France donne le ton <\/strong><\/p>\n<p style=\"text-align: justify;\">Son plan de bataille est bien entam\u00e9 et on n\u2019a pas trop l&rsquo;impression que la population a eu son mot \u00e0 dire.<\/p>\n<p style=\"text-align: justify;\"><strong><a href=\"https:\/\/www.arcep.fr\/actualites\/le-fil-dinfos\/detail\/n\/5g-et-innovation.html\">https:\/\/www.arcep.fr\/actualites\/le-fil-dinfos\/deta<\/a><\/strong><\/p>\n<p style=\"text-align: justify;\">Si vous avez aim\u00e9 le 2,4 Ghz, vous allez adorer le 26 Ghz !!!<\/p>\n<p style=\"text-align: justify;\"><a href=\"https:\/\/www.arcep.fr\/fileadmin\/reprise\/dossiers\/programme-5G\/Arcep_-_programme_de_travail_5G.pdf\">https:\/\/www.arcep.fr\/fileadmin\/reprise\/dossiers\/prog<\/a><\/p>\n<p style=\"text-align: center;\">**********\u00a0\u00a0\u00a0\u00a0\u00a0\u00a0\u00a0\u00a0\u00a0\u00a0\u00a0\u00a0\u00a0 **************<\/p>\n<p style=\"text-align: center;\"><strong>Robin des toits<\/strong><\/p>\n<p style=\"text-align: justify;\">Il s\u2019agit de l\u2019appel de scientifiques. Cet appel est connu mais il m\u00e9rite d\u2019\u00eatre rappel\u00e9\u00a0:<\/p>\n<p style=\"text-align: justify;\"><a href=\"https:\/\/www.facebook.com\/stoplinkyrichwiller68\/posts\/1156691714431338\">https:\/\/www.facebook.com\/stoplinkyrichwiller68\/posts\/1<\/a><\/p>\n<p style=\"text-align: center;\">**********\u00a0\u00a0\u00a0\u00a0\u00a0\u00a0\u00a0\u00a0\u00a0\u00a0\u00a0 *********<\/p>\n<p style=\"text-align: center;\"><strong>Tract 5G<\/strong><\/p>\n<p style=\"text-align: justify;\">Suite \u00e0 la parution dans le Midi Libre du 23 d\u00e9cembre 2018 selon laquelle <em>\u00ab\u00a0Montpellier, Juvignac, Castelnau-le-Lez, Lattes et Saint-Jean-de-V\u00e9das pourront en partie b\u00e9n\u00e9ficier de la 5G Orange \u00e0 partir du premier semestre 2019\u00a0\u00bb<\/em>, le Collectif Stop Linky-5G Montpellier vous propose un tract d&rsquo;information sur la 5G adapt\u00e9 \u00e0 cette actualit\u00e9 locale et enrichi par rapport \u00e0 la version pr\u00e9c\u00e9dente que vous pouvez lire ci-dessous.<\/p>\n<p style=\"text-align: justify;\">Vous pouvez partager ce tract \u00e0 vos contacts, notamment ceux qui habitent ces communes.<\/p>\n<p style=\"text-align: justify;\"><a href=\"http:\/\/stoplinkymtp.over-blog.com\/2019\/02\/tract-5g-du-collectif-stop-linky-5g-montpellier-maj-de-fevrier-2019.html\">http:\/\/stoplinkymtp.over-blog.com\/2019\/02\/tract-5g-du-coll<\/a><\/p>\n<p style=\"text-align: center;\">***********\u00a0\u00a0\u00a0\u00a0\u00a0\u00a0\u00a0\u00a0\u00a0\u00a0 ********<\/p>\n<p style=\"text-align: center;\"><strong>La SNCF s\u2019y met aussi<\/strong><\/p>\n<p style=\"text-align: justify;\"><a href=\"https:\/\/www.edcom.fr\/32875-la-sncf-s-est-associee-a-sfr-afin-d-experimenter-l-usage-de-la-5g.html\">https:\/\/www.edcom.fr\/32875-la-sncf-s-est-associee-a-<\/a><\/p>\n<p style=\"text-align: center;\">**********\u00a0\u00a0\u00a0\u00a0 ************<\/p>\n<p style=\"text-align: center;\"><strong>Lu<\/strong><\/p>\n<p style=\"text-align: justify;\"><a href=\"http:\/\/emovmouvement.eklablog.com\/temoignage-n-46-conversation-avec-le-secretaire-generale-de-l-onu-sur--a159053762\">http:\/\/emovmouvement.eklablog.com\/temoignage-n-46-conv<\/a><\/p>\n<p style=\"text-align: justify;\">Cela prouve \u00e0 quel point on veut faire passer des techniques sans en v\u00e9rifier les nocivit\u00e9s. Un scandale\u00a0!<\/p>\n<p style=\"text-align: justify;\">Un expert dit\u00a0: la 5G est une catastrophe mondiale<\/p>\n<p style=\"text-align: justify;\"><a href=\"http:\/\/emovmouvement.eklablog.com\/sante-n-37-la-5g-une-catastrophe-mondiale-selon-un-expert-en-radiation-a159053096\">http:\/\/emovmouvement.eklablog.com\/sante-n-37-la-5g-une<\/a><\/p>\n<p style=\"text-align: justify;\">\n","protected":false},"excerpt":{"rendered":"<p>Deux documents \u00e0 lire lentement Le premier Argumentaire _5G 220906 Le deuxi\u00e8me est un document-fiches\u00a0: Argumentaire _5G compl\u00e9mentaire 220823 Ce deuxi\u00e8me document provient de Robin des Toits ** ** Pour comprendre ce qu&rsquo;est la 5G, deux mots sur la 4G La 4G, ce sont des fr\u00e9quences (pour simplifier) 800 MHz pour les zones plut\u00f4t rurales &hellip; <a href=\"https:\/\/collectif-accad.fr\/site\/5g\/la-5g-cest-suicidaire\/\" class=\"more-link\">Continuer la lecture de <span class=\"screen-reader-text\">La 5G, c\u2019est suicidaire<\/span><\/a><\/p>\n","protected":false},"author":4,"featured_media":0,"parent":3480,"menu_order":0,"comment_status":"closed","ping_status":"closed","template":"","meta":{"footnotes":""},"class_list":["post-3535","page","type-page","status-publish","hentry"],"_links":{"self":[{"href":"https:\/\/collectif-accad.fr\/site\/wp-json\/wp\/v2\/pages\/3535","targetHints":{"allow":["GET"]}}],"collection":[{"href":"https:\/\/collectif-accad.fr\/site\/wp-json\/wp\/v2\/pages"}],"about":[{"href":"https:\/\/collectif-accad.fr\/site\/wp-json\/wp\/v2\/types\/page"}],"author":[{"embeddable":true,"href":"https:\/\/collectif-accad.fr\/site\/wp-json\/wp\/v2\/users\/4"}],"replies":[{"embeddable":true,"href":"https:\/\/collectif-accad.fr\/site\/wp-json\/wp\/v2\/comments?post=3535"}],"version-history":[{"count":2,"href":"https:\/\/collectif-accad.fr\/site\/wp-json\/wp\/v2\/pages\/3535\/revisions"}],"predecessor-version":[{"id":9499,"href":"https:\/\/collectif-accad.fr\/site\/wp-json\/wp\/v2\/pages\/3535\/revisions\/9499"}],"up":[{"embeddable":true,"href":"https:\/\/collectif-accad.fr\/site\/wp-json\/wp\/v2\/pages\/3480"}],"wp:attachment":[{"href":"https:\/\/collectif-accad.fr\/site\/wp-json\/wp\/v2\/media?parent=3535"}],"curies":[{"name":"wp","href":"https:\/\/api.w.org\/{rel}","templated":true}]}}