{"id":3495,"date":"2019-05-05T12:23:58","date_gmt":"2019-05-05T10:23:58","guid":{"rendered":"https:\/\/collectif-accad.fr\/site\/?page_id=3495"},"modified":"2022-09-07T10:01:22","modified_gmt":"2022-09-07T08:01:22","slug":"nantes","status":"publish","type":"page","link":"https:\/\/collectif-accad.fr\/site\/5g\/nantes\/","title":{"rendered":"Nantes"},"content":{"rendered":"<h2 style=\"text-align: center;\"><strong>Le 44-Nantes et la 5G<\/strong><\/h2>\n<p><a href=\"http:\/\/44contre-linky.eklablog.com\/\"><strong>http:\/\/44contre-linky.eklablog.com\/<\/strong><\/a><\/p>\n<p>&nbsp;<\/p>\n<p>Pour retrouver\u00a0les articles suivants\u00a0:<\/p>\n<p>&#8211;\u00a0\u00a0\u00a0\u00a0\u00a0 Un \u00e9minent professeur de biochimie met en garde : La 5G est \u00ab l\u2019id\u00e9e la plus stupide de l\u2019histoire du monde \u00bb<\/p>\n<p>&#8211;\u00a0\u00a0\u00a0\u00a0\u00a0 Premi\u00e8re d\u00e9cision d&rsquo;une juridiction Britannique sur la 5G, et elle est favorable au peuple<\/p>\n<p>&#8211;\u00a0\u00a0\u00a0\u00a0\u00a0 le parlement du Michigan a \u00e9t\u00e9 pr\u00e9venu de ses dangers<\/p>\n<p>&#8211;\u00a0\u00a0\u00a0\u00a0\u00a0 Un document californien, on voit ce qui nous attend<\/p>\n<p>&#8211;\u00a0\u00a0\u00a0\u00a0\u00a0 protestations aux \u00c9tats-Unis<\/p>\n<p>&nbsp;<\/p>\n<p>allez sur\u00a0:<\/p>\n<p><a href=\"http:\/\/5gdesert.eklablog.com\/\">http:\/\/5gdesert.eklablog.com\/<\/a><\/p>\n","protected":false},"excerpt":{"rendered":"<p>Le 44-Nantes et la 5G http:\/\/44contre-linky.eklablog.com\/ &nbsp; Pour retrouver\u00a0les articles suivants\u00a0: &#8211;\u00a0\u00a0\u00a0\u00a0\u00a0 Un \u00e9minent professeur de biochimie met en garde : La 5G est \u00ab l\u2019id\u00e9e la plus stupide de l\u2019histoire du monde \u00bb &#8211;\u00a0\u00a0\u00a0\u00a0\u00a0 Premi\u00e8re d\u00e9cision d&rsquo;une juridiction Britannique sur la 5G, et elle est favorable au peuple &#8211;\u00a0\u00a0\u00a0\u00a0\u00a0 le parlement du Michigan a &hellip; <a href=\"https:\/\/collectif-accad.fr\/site\/5g\/nantes\/\" class=\"more-link\">Continuer la lecture de <span class=\"screen-reader-text\">Nantes<\/span><\/a><\/p>\n","protected":false},"author":4,"featured_media":0,"parent":3480,"menu_order":0,"comment_status":"closed","ping_status":"closed","template":"","meta":{"footnotes":""},"class_list":["post-3495","page","type-page","status-publish","hentry"],"_links":{"self":[{"href":"https:\/\/collectif-accad.fr\/site\/wp-json\/wp\/v2\/pages\/3495","targetHints":{"allow":["GET"]}}],"collection":[{"href":"https:\/\/collectif-accad.fr\/site\/wp-json\/wp\/v2\/pages"}],"about":[{"href":"https:\/\/collectif-accad.fr\/site\/wp-json\/wp\/v2\/types\/page"}],"author":[{"embeddable":true,"href":"https:\/\/collectif-accad.fr\/site\/wp-json\/wp\/v2\/users\/4"}],"replies":[{"embeddable":true,"href":"https:\/\/collectif-accad.fr\/site\/wp-json\/wp\/v2\/comments?post=3495"}],"version-history":[{"count":3,"href":"https:\/\/collectif-accad.fr\/site\/wp-json\/wp\/v2\/pages\/3495\/revisions"}],"predecessor-version":[{"id":3534,"href":"https:\/\/collectif-accad.fr\/site\/wp-json\/wp\/v2\/pages\/3495\/revisions\/3534"}],"up":[{"embeddable":true,"href":"https:\/\/collectif-accad.fr\/site\/wp-json\/wp\/v2\/pages\/3480"}],"wp:attachment":[{"href":"https:\/\/collectif-accad.fr\/site\/wp-json\/wp\/v2\/media?parent=3495"}],"curies":[{"name":"wp","href":"https:\/\/api.w.org\/{rel}","templated":true}]}}