{"id":3493,"date":"2019-05-05T12:22:42","date_gmt":"2019-05-05T10:22:42","guid":{"rendered":"https:\/\/collectif-accad.fr\/site\/?page_id=3493"},"modified":"2022-09-07T09:57:35","modified_gmt":"2022-09-07T07:57:35","slug":"montpellier","status":"publish","type":"page","link":"https:\/\/collectif-accad.fr\/site\/5g\/montpellier\/","title":{"rendered":"Montpellier"},"content":{"rendered":"<h2 style=\"text-align: justify;\"><strong><em>Le Collectif Stop Linky-5G Montpellier et la 5G<\/em><\/strong><\/h2>\n<p><strong>\u00a0<a href=\"http:\/\/stoplinkymtp.over-blog.com\/\">http:\/\/stoplinkymtp.over-blog.com\/<\/a><\/strong><\/p>\n<p style=\"text-align: justify;\">Les plus gros mensonges sur la 5G<\/p>\n<p style=\"text-align: justify;\"><a href=\"https:\/\/www.youtube.com\/watch?v=G1oI6ztPjQM\">https:\/\/www.youtube.com\/watch?v=G1oI6ztPjQM<\/a><\/p>\n<p style=\"text-align: justify;\">Question de Sara Cunial \u00e0 la chambre des d\u00e9put\u00e9s italienne<br \/>\n<a href=\"https:\/\/www.youtube.com\/watch?v=rhbLld7fM28\">https:\/\/www.youtube.com\/watch?v=rhbLld7fM28<\/a><\/p>\n<p style=\"text-align: justify;\">Protestation \u00e0 5G \u00e0 Totnes (Angleterre)<br \/>\n<a href=\"https:\/\/www.youtube.com\/watch?v=JlSSrEarwzE\">https:\/\/www.youtube.com\/watch?v=JlSSrEarwzE<\/a><\/p>\n<p style=\"text-align: justify;\">\u00ab\u00a0Insanit\u00e9 totale\u00a0\u00bb, l&rsquo;industrie des T\u00e9l\u00e9coms ignore les risques li\u00e9s \u00e0 la 5G<br \/>\n<a href=\"https:\/\/www.youtube.com\/watch?v=3lginu-pXk8&amp;t\">https:\/\/www.youtube.com\/watch?v=3lginu-pXk8&amp;t<\/a><\/p>\n<p style=\"text-align: justify;\">Le S\u00e9nateur des \u00c9tats-Unis Blumenthal met en lumi\u00e8re les probl\u00e8mes sur la sant\u00e9<br \/>\n<a href=\"https:\/\/www.youtube.com\/watch?v=20Y-oNgiydo\">https:\/\/www.youtube.com\/watch?v=20Y-oNgiydo<\/a><\/p>\n<p style=\"text-align: justify;\">La 5G est un crime en vertu du droit international<br \/>\n<a href=\"https:\/\/www.youtube.com\/watch?v=T8eukSyvqf0\">https:\/\/www.youtube.com\/watch?v=T8eukSyvqf0<\/a><\/p>\n<p style=\"text-align: justify;\">Selon un article du site <a href=\"http:\/\/takebackyourpower.net\">takebackyourpower.net<\/a>, le minist\u00e8re de la d\u00e9fense Russe a refus\u00e9 de transf\u00e9rer les fr\u00e9quences pour la 5G, ce qui, de facto, va bloquer le d\u00e9ploiement pour au moins plusieurs ann\u00e9es :<\/p>\n<p style=\"text-align: justify;\"><a href=\"https:\/\/takebackyourpower.net\/5g-the-dominoes-are-starting-to-fall\/\">https:\/\/takebackyourpower.net\/5g-the-dominoes-are-<\/a><\/p>\n<p style=\"text-align: justify;\">L&rsquo;article cite la r\u00e9f\u00e9rence suivante :<br \/>\n<a href=\"https:\/\/www.vedomosti.ru\/technology\/articles\/2019\/03\/28\/797714-minoboroni-otkazalos-peredavat-5g\">https:\/\/www.vedomosti.ru\/technology\/articles\/201<\/a><\/p>\n<p style=\"text-align: justify;\">Si quelqu&rsquo;un parlant le russe se propose de traduire ce lien, nous sommes preneurs.<\/p>\n<p style=\"text-align: justify;\">Deux p\u00e9titions ont \u00e9t\u00e9 lanc\u00e9es pour l&rsquo;arr\u00eat de la 5G dont une approche les 100 000 signatures :<\/p>\n<p style=\"text-align: justify;\">Ondes 5G : Ne laissons pas faire cette exp\u00e9rimentation \u00e0 grande \u00e9chelle !Macron a-t-il vendu les Fran\u00e7ais aux g\u00e9ants des t\u00e9l\u00e9coms ?<br \/>\n<a href=\"https:\/\/petition.neo-nutrition.net\/non-a-la-5g-en-france\/\">https:\/\/petition.neo-nutrition.net\/non-a-la-5g-en-france\/<\/a><\/p>\n<p style=\"text-align: justify;\">R\u00e9seau 5G : Ne laissons pas faire cette exp\u00e9rimentation \u00e0 grande \u00e9chelle !<br \/>\n<a href=\"https:\/\/www.mesopinions.com\/petition\/sante\/reseau-5g-laissons-faire-experimentation-grande\/64040\">https:\/\/www.mesopinions.com\/petition\/sante\/reseau-5g-l<\/a><\/p>\n<p style=\"text-align: justify;\">\n","protected":false},"excerpt":{"rendered":"<p>Le Collectif Stop Linky-5G Montpellier et la 5G \u00a0http:\/\/stoplinkymtp.over-blog.com\/ Les plus gros mensonges sur la 5G https:\/\/www.youtube.com\/watch?v=G1oI6ztPjQM Question de Sara Cunial \u00e0 la chambre des d\u00e9put\u00e9s italienne https:\/\/www.youtube.com\/watch?v=rhbLld7fM28 Protestation \u00e0 5G \u00e0 Totnes (Angleterre) https:\/\/www.youtube.com\/watch?v=JlSSrEarwzE \u00ab\u00a0Insanit\u00e9 totale\u00a0\u00bb, l&rsquo;industrie des T\u00e9l\u00e9coms ignore les risques li\u00e9s \u00e0 la 5G https:\/\/www.youtube.com\/watch?v=3lginu-pXk8&amp;t Le S\u00e9nateur des \u00c9tats-Unis Blumenthal met en &hellip; <a href=\"https:\/\/collectif-accad.fr\/site\/5g\/montpellier\/\" class=\"more-link\">Continuer la lecture de <span class=\"screen-reader-text\">Montpellier<\/span><\/a><\/p>\n","protected":false},"author":4,"featured_media":0,"parent":3480,"menu_order":0,"comment_status":"closed","ping_status":"closed","template":"","meta":{"footnotes":""},"class_list":["post-3493","page","type-page","status-publish","hentry"],"_links":{"self":[{"href":"https:\/\/collectif-accad.fr\/site\/wp-json\/wp\/v2\/pages\/3493","targetHints":{"allow":["GET"]}}],"collection":[{"href":"https:\/\/collectif-accad.fr\/site\/wp-json\/wp\/v2\/pages"}],"about":[{"href":"https:\/\/collectif-accad.fr\/site\/wp-json\/wp\/v2\/types\/page"}],"author":[{"embeddable":true,"href":"https:\/\/collectif-accad.fr\/site\/wp-json\/wp\/v2\/users\/4"}],"replies":[{"embeddable":true,"href":"https:\/\/collectif-accad.fr\/site\/wp-json\/wp\/v2\/comments?post=3493"}],"version-history":[{"count":3,"href":"https:\/\/collectif-accad.fr\/site\/wp-json\/wp\/v2\/pages\/3493\/revisions"}],"predecessor-version":[{"id":3538,"href":"https:\/\/collectif-accad.fr\/site\/wp-json\/wp\/v2\/pages\/3493\/revisions\/3538"}],"up":[{"embeddable":true,"href":"https:\/\/collectif-accad.fr\/site\/wp-json\/wp\/v2\/pages\/3480"}],"wp:attachment":[{"href":"https:\/\/collectif-accad.fr\/site\/wp-json\/wp\/v2\/media?parent=3493"}],"curies":[{"name":"wp","href":"https:\/\/api.w.org\/{rel}","templated":true}]}}