{"id":321,"date":"2018-07-10T13:41:31","date_gmt":"2018-07-10T11:41:31","guid":{"rendered":"https:\/\/collectif-accad.fr\/site\/?page_id=321"},"modified":"2025-05-26T10:18:50","modified_gmt":"2025-05-26T08:18:50","slug":"datesaretenir","status":"publish","type":"page","link":"https:\/\/collectif-accad.fr\/site\/datesaretenir\/","title":{"rendered":"Dates A Retenir"},"content":{"rendered":"<p style=\"text-align: center;\"><span style=\"font-size: 24pt; color: #000000;\"><strong><span style=\"font-size: 36pt;\">R\u00e9unions<\/span><br \/>\n<\/strong><\/span><\/p>\n<p style=\"text-align: center;\"><strong><span style=\"font-size: 24pt; color: #ff0000;\">Mardi 27 mai<\/span><\/strong><\/p>\n<p style=\"text-align: center;\"><strong><span style=\"font-size: 24pt;\">Billy-Berclau<\/span><\/strong><\/p>\n<p style=\"text-align: center;\"><strong><span style=\"font-size: 24pt;\">Intervention \u00e0 l\u2019\u00e9cole Jean Jaur\u00e8s <\/span><\/strong><\/p>\n<p style=\"text-align: center;\"><span style=\"color: #008080;\"><strong><span style=\"font-size: 24pt;\">dans des classes de CM1 et CM2<\/span><\/strong><\/span><\/p>\n<p style=\"text-align: center;\"><strong><span style=\"font-size: 24pt; color: #ff0000;\">Samedi 7 juin, 10h<\/span><\/strong><\/p>\n<p style=\"text-align: center;\"><strong><span style=\"font-size: 24pt;\">Conf\u00e9rence-d\u00e9bat avec Sabine Duflo<\/span><\/strong><\/p>\n<p style=\"text-align: center;\"><strong><span style=\"font-size: 24pt;\">Leforest, salle des f\u00eates du bas<\/span><\/strong><\/p>\n<p style=\"text-align: center;\"><span style=\"font-size: 18pt;\"><strong>Initiative de Leforest-Environnement et ACCAD<\/strong><\/span><\/p>\n<p style=\"text-align: center;\"><strong><span style=\"font-size: 24pt;\">Participation de la m\u00e9diath\u00e8que, <\/span><\/strong><\/p>\n<p style=\"text-align: center;\"><strong><span style=\"font-size: 24pt;\">du coll\u00e8ge et de l\u2019\u00e9cole Voltaire<\/span><\/strong><\/p>\n<p style=\"text-align: center;\"><strong><span style=\"font-size: 24pt;\">Avec le soutien de la commune<\/span><\/strong><\/p>\n<p><img loading=\"lazy\" decoding=\"async\" class=\"alignnone size-full wp-image-13561\" src=\"https:\/\/collectif-accad.fr\/site\/wp-content\/uploads\/2025\/05\/Diaporama-250607.jpg\" alt=\"\" width=\"1078\" height=\"500\" srcset=\"https:\/\/collectif-accad.fr\/site\/wp-content\/uploads\/2025\/05\/Diaporama-250607.jpg 1078w, https:\/\/collectif-accad.fr\/site\/wp-content\/uploads\/2025\/05\/Diaporama-250607-300x139.jpg 300w, https:\/\/collectif-accad.fr\/site\/wp-content\/uploads\/2025\/05\/Diaporama-250607-1024x475.jpg 1024w, https:\/\/collectif-accad.fr\/site\/wp-content\/uploads\/2025\/05\/Diaporama-250607-768x356.jpg 768w\" sizes=\"auto, (max-width: 1078px) 100vw, 1078px\" \/><\/p>\n<p style=\"text-align: center;\"><strong><span style=\"font-size: 24pt; color: #ff0000;\">Vendredi 13 juin<\/span><\/strong><\/p>\n<p style=\"text-align: center;\"><strong><span style=\"font-size: 24pt;\">Cin\u00e9-d\u00e9bat \u00e0 Billy-Berclau <\/span><\/strong><\/p>\n<p style=\"text-align: center;\"><strong><span style=\"font-size: 24pt;\">en mairie<\/span><\/strong><\/p>\n<p style=\"text-align: center;\"><strong><span style=\"font-size: 24pt;\">Initiative de l\u2019\u00e9cole Jean Jaur\u00e8s<\/span><\/strong><\/p>\n<p style=\"text-align: center;\"><strong><span style=\"font-size: 24pt;\">Avec le soutien de la commune<\/span><\/strong><\/p>\n<p><img loading=\"lazy\" decoding=\"async\" class=\"alignnone size-full wp-image-13575\" src=\"https:\/\/collectif-accad.fr\/site\/wp-content\/uploads\/2025\/05\/Diaporama-250613.jpg\" alt=\"\" width=\"1172\" height=\"500\" srcset=\"https:\/\/collectif-accad.fr\/site\/wp-content\/uploads\/2025\/05\/Diaporama-250613.jpg 1172w, https:\/\/collectif-accad.fr\/site\/wp-content\/uploads\/2025\/05\/Diaporama-250613-300x128.jpg 300w, https:\/\/collectif-accad.fr\/site\/wp-content\/uploads\/2025\/05\/Diaporama-250613-1024x437.jpg 1024w, https:\/\/collectif-accad.fr\/site\/wp-content\/uploads\/2025\/05\/Diaporama-250613-768x328.jpg 768w\" sizes=\"auto, (max-width: 1172px) 100vw, 1172px\" \/><\/p>\n<p>&nbsp;<\/p>\n<p style=\"text-align: center;\"><strong><span style=\"font-size: 24pt; color: #ff0000;\">Mercredi 18 juin 18h<\/span><\/strong><\/p>\n<p style=\"text-align: center;\"><strong><span style=\"font-size: 24pt;\">R\u00e9union ACCAD<\/span><\/strong><\/p>\n<p style=\"text-align: center;\"><strong><span style=\"font-size: 24pt;\">Le LAG Li\u00e9vin<\/span><\/strong><\/p>\n<p style=\"text-align: center;\"><strong><span style=\"font-size: 24pt;\">23 avenue Jean Jaur\u00e8s<\/span><\/strong><\/p>\n<p>&nbsp;<\/p>\n","protected":false},"excerpt":{"rendered":"<p>R\u00e9unions Mardi 27 mai Billy-Berclau Intervention \u00e0 l\u2019\u00e9cole Jean Jaur\u00e8s dans des classes de CM1 et CM2 Samedi 7 juin, 10h Conf\u00e9rence-d\u00e9bat avec Sabine Duflo Leforest, salle des f\u00eates du bas Initiative de Leforest-Environnement et ACCAD Participation de la m\u00e9diath\u00e8que, du coll\u00e8ge et de l\u2019\u00e9cole Voltaire Avec le soutien de la commune Vendredi 13 juin &hellip; <a href=\"https:\/\/collectif-accad.fr\/site\/datesaretenir\/\" class=\"more-link\">Continuer la lecture de <span class=\"screen-reader-text\">Dates A Retenir<\/span><\/a><\/p>\n","protected":false},"author":4,"featured_media":0,"parent":0,"menu_order":0,"comment_status":"closed","ping_status":"closed","template":"","meta":{"footnotes":""},"class_list":["post-321","page","type-page","status-publish","hentry"],"_links":{"self":[{"href":"https:\/\/collectif-accad.fr\/site\/wp-json\/wp\/v2\/pages\/321","targetHints":{"allow":["GET"]}}],"collection":[{"href":"https:\/\/collectif-accad.fr\/site\/wp-json\/wp\/v2\/pages"}],"about":[{"href":"https:\/\/collectif-accad.fr\/site\/wp-json\/wp\/v2\/types\/page"}],"author":[{"embeddable":true,"href":"https:\/\/collectif-accad.fr\/site\/wp-json\/wp\/v2\/users\/4"}],"replies":[{"embeddable":true,"href":"https:\/\/collectif-accad.fr\/site\/wp-json\/wp\/v2\/comments?post=321"}],"version-history":[{"count":335,"href":"https:\/\/collectif-accad.fr\/site\/wp-json\/wp\/v2\/pages\/321\/revisions"}],"predecessor-version":[{"id":13654,"href":"https:\/\/collectif-accad.fr\/site\/wp-json\/wp\/v2\/pages\/321\/revisions\/13654"}],"wp:attachment":[{"href":"https:\/\/collectif-accad.fr\/site\/wp-json\/wp\/v2\/media?parent=321"}],"curies":[{"name":"wp","href":"https:\/\/api.w.org\/{rel}","templated":true}]}}