{"id":319,"date":"2018-07-10T13:41:04","date_gmt":"2018-07-10T11:41:04","guid":{"rendered":"https:\/\/collectif-accad.fr\/site\/?page_id=319"},"modified":"2018-09-27T08:09:34","modified_gmt":"2018-09-27T06:09:34","slug":"petitions","status":"publish","type":"page","link":"https:\/\/collectif-accad.fr\/site\/outils\/petitions\/","title":{"rendered":"P\u00e9titions"},"content":{"rendered":"<p style=\"text-align: center;\"><span style=\"font-family: arial black, sans-serif; font-size: 18pt;\"><strong>Dans cette rubrique<\/strong><\/span><\/p>\n<p>&#8211; p\u00e9tition locale<\/p>\n<p>&#8211; p\u00e9titions nationales<\/p>\n<p>&#8211; p\u00e9tition contre les champs \u00e9lectromagn\u00e9tiques \u00e0 l&rsquo;\u00e9cole<\/p>\n<p style=\"text-align: center;\">*****************\u00a0\u00a0\u00a0\u00a0\u00a0 ****************<\/p>\n<p style=\"text-align: center;\"><strong>P\u00c9TITION LOCALE<\/strong><\/p>\n<p>Une p\u00e9tition a \u00e9t\u00e9 r\u00e9alis\u00e9e dans le secteur.<br \/>\nVous pouvez vous en servir ou vous en inspirer<\/p>\n<p style=\"text-align: center;\"><strong><a href=\"https:\/\/collectif-accad.fr\/site\/wp-content\/uploads\/2018\/09\/PetitionLinky-180908.doc\">PetitionLinky 180908<\/a><\/strong><\/p>\n<p style=\"text-align: center;\">**********\u00a0\u00a0\u00a0\u00a0\u00a0\u00a0\u00a0\u00a0\u00a0\u00a0 ****************<\/p>\n<p style=\"text-align: center;\"><strong>PETITION NATIONALE<\/strong><\/p>\n<p>Prot\u00e9geons nos enfants contre mes compteurs Linky dans les \u00e9coles et les cr\u00e8ches<\/p>\n<p><a href=\"https:\/\/www.mesopinions.com\/petition\/enfants\/protegeons-nos-enfants-contre-compteurs-linky\/41590\">https:\/\/www.mesopinions.com\/petition\/enfants\/protegeons-nos-enfa<\/a><\/p>\n<p>Plus de 16\u00a0000 signatures<\/p>\n<p style=\"text-align: center;\">**********\u00a0\u00a0\u00a0\u00a0\u00a0\u00a0\u00a0\u00a0\u00a0\u00a0 ****************<\/p>\n<p style=\"text-align: center;\"><strong>PETITION NATIONALE<\/strong><\/p>\n<p style=\"text-align: left;\">Pour mettre le compteur Linky hors d\u2019\u00e9tat de nuire<\/p>\n<p style=\"text-align: center;\"><a href=\"https:\/\/www.mesopinions.com\/petition\/politique\/petition-nationale-mettre-compteur-linky-etat\/39642\">https:\/\/www.mesopinions.com\/petition\/politique\/petition-nationale-<\/a><\/p>\n<p>Plus de 100\u00a0000 signatures<\/p>\n<p style=\"text-align: justify;\"><strong>\u00c0 l&rsquo;attention : M. Emmanuel MACRON<\/strong><\/p>\n<p style=\"text-align: justify;\">Monsieur le Pr\u00e9sident,<\/p>\n<p style=\"text-align: justify;\">Le d\u00e9ploiement des compteurs\/capteurs connect\u00e9s LINKY constitue une atteinte aux droits de l\u2019homme et les prochaines actions en justice collectives pourraient permettre de confirmer plusieurs infractions au droit p\u00e9nal, code de la consommation, droit communautaire, code des assurances.<\/p>\n<p style=\"text-align: justify;\">Cet appareil ne peut pas \u00eatre consid\u00e9r\u00e9 comme un simple compteur.<strong>\u00a0Il a une fonction indissociable et non d\u00e9sactivable de capteur de donn\u00e9es personnelles qui en fait de facto un appareil de surveillance au regard de la loi.\u00a0<\/strong>Par ailleurs,\u00a0<strong>le Linky nous est impos\u00e9\u00a0et constitue de fait une vente forc\u00e9e<\/strong>. Pour justifier le concept, les pouvoirs publics nous disent ceci\u00a0: \u00ab\u00a0les donn\u00e9es sont r\u00e9cup\u00e9r\u00e9es mais elles ne sont utilis\u00e9es qu\u2019avec l\u2019accord du client.\u00a0\u00bb<br \/>\n<strong><u>Par d\u00e9faut<\/u>, c\u2019est le contraire qui doit pr\u00e9valoir\u00a0:\u00a0<\/strong>aucun capteur ne doit permettre de r\u00e9cup\u00e9rer des donn\u00e9es y compris par les lignes \u00e9lectriques priv\u00e9es, sauf dans le cadre d\u2019un nouveau contrat de vente sign\u00e9 par le consommateur\u00a0<strong><u>avant la pose du compteur<\/u>,\u00a0<\/strong>lequel doit en outre b\u00e9n\u00e9ficier d\u2019un d\u00e9lai de r\u00e9tractation en vigueur lors de toute vente \u00e0 domicile, ce qui n\u2019est pas le cas.<\/p>\n<p style=\"text-align: justify;\">De plus, il provoque<strong>\u00a0une pollution \u00e9lectromagn\u00e9tique\u00a0<\/strong>du fait des communications CPL incessantes\u00a0<strong>dans toutes les lignes \u00e9lectriques de notre habitat\u00a0<\/strong><u>qui ne sont pas pr\u00e9vues dans nos contrats d\u2019\u00e9lectricit\u00e9<\/u><strong>.<\/strong><\/p>\n<p style=\"text-align: justify;\">En France, nous aurions pu d\u00e9cider comme huit pays Europ\u00e9ens de ne pas g\u00e9n\u00e9raliser ce dispositif. Pour r\u00e9pondre aux recommandations de l\u2019Europe, nous aurions pu choisir de coupler la g\u00e9n\u00e9ration de compteurs pr\u00e9c\u00e9dant le Linky \u00e0 l\u2019ADSL. Les pouvoirs publics et ENEDIS ont pr\u00e9f\u00e9r\u00e9 un syst\u00e8me permettant l\u2019intrusion et la r\u00e9cup\u00e9ration de donn\u00e9es\u00a0au profit du Big data et en n\u00e9gligeant la sant\u00e9.<\/p>\n<p style=\"text-align: justify;\">De plus\u00a0<u>on a transform\u00e9 une recommandation en obligation<\/u>,\u00a0<u>mais seulement pour ENEDIS<\/u>.\u00a0<strong>Les usagers eux ne sont pas l\u00e9galement oblig\u00e9s d&rsquo;accepter : nous pouvons donc refuser sans craindre de sanction d\u2019aucune sorte\u00a0<\/strong>malgr\u00e9 la d\u00e9sinformation, voir le harc\u00e8lement t\u00e9l\u00e9phonique pour ceux qui refusent, tout ceci orchestr\u00e9 de fa\u00e7on inadmissible\u00a0et jusqu\u2019au ministre de l\u2019Ecologie (qui a chang\u00e9 d\u2019avis depuis qu\u2019il est au gouvernement), qui menace par \u00e9crit d\u2019une \u00e9ventuelle fin de la gratuit\u00e9 de la rel\u00e8ve des compteurs pour les usagers r\u00e9calcitrants\u00a0!\u00a0<strong>Tous ces \u00e9l\u00e9ments constituent une<\/strong>\u00a0<strong>pose forc\u00e9e<\/strong>\u00a0(parfois de mani\u00e8re agressive) de\u00a0<u>ce capteur connect\u00e9\u00a0qu&rsquo;il est impossible \u00e0 l&rsquo;usager de d\u00e9sactiver,<\/u>\u00a0et font la d\u00e9monstration du m\u00e9pris que portent les pouvoirs publics vis-\u00e0-vis de la population.<\/p>\n<p style=\"text-align: justify;\">De plus, des pr\u00e9fets et ENEDIS saisissent le tribunal administratif pour faire annuler les d\u00e9lib\u00e9rations municipales de refus des plus de 500 maires courageux et responsables.<\/p>\n<p style=\"text-align: justify;\"><strong>Les risques pour la sant\u00e9 sont s\u00e9rieux<\/strong>\u00a0:\u00a0<u>les experts ind\u00e9pendants<\/u>\u00a0sont consid\u00e9r\u00e9s comme des emp\u00eacheurs et\u00a0<u>on pr\u00e9f\u00e8re conserver des normes excessives<\/u>\u00a0qui permettent d\u2019ajouter l\u00e9galement de nouvelles \u00e9missions d\u2019ondes \u00e9lectromagn\u00e9tiques avec le Linky, les autres compteurs communicants et la 5G\u00a0<strong>au lieu de les r\u00e9duire\u00a0!\u00a0<\/strong>(L\u2019Allemagne a un seuil de\u00a0<strong>0.1\u00b5T<\/strong>,\u00a0la France\u00a0:\u00a0<strong>6.25\u00b5T\u00a0<\/strong> <strong>!<\/strong>).<\/p>\n<p style=\"text-align: justify;\">Il suffit de constater sur quelle base a \u00e9t\u00e9 reconduit le glyphosate en Europe pour soup\u00e7onner leur l\u00e9gitimit\u00e9. Du coup, on nous dit qu\u2019il n\u2019y a pas de nocivit\u00e9\u00a0: \u00e0 l\u2019\u00e9poque l\u2019amiante n\u2019\u00e9tait pas reconnue comme nocive\u00a0!<br \/>\nLes pouvoirs publics disent que le Linky n\u2019\u00e9met pas plus qu\u2019un t\u00e9l\u00e9viseur (en r\u00e9duisant la comparaison au seul bo\u00eetier Linky). C\u2019est omettre de dire que la principale probl\u00e9matique vient de\u00a0<u>la diffusion incessante de donn\u00e9es CPL dans toutes les lignes \u00e9lectriques des habitats<\/u>.<\/p>\n<p style=\"text-align: justify;\">R\u00e9sultat\u00a0: comme elles ne sont pas blind\u00e9es,\u00a0<u>elles se transforment toutes en antennes \u00e9mettrices d\u2019ondes \u00e9lectromagn\u00e9tiques 24h\/24 et 7j\/7<\/u>. Le CSTB et l\u2019ANFR le d\u00e9montrent par des mesures prises chez plusieurs habitants en condition r\u00e9elle de fonctionnement. Ces nouvelles \u00e9missions s&rsquo;ajoutent aux autres (2G, 3G, 4G, Wifi),\u00a0<strong><u>dont le cumul est nocif<\/u>\u00a0pour la sant\u00e9 humaine, et pourrait cr\u00e9er des changements irr\u00e9versibles dans l\u2019organisme humain\u00a0<\/strong>(DC Paul H\u00e9roux, rapport Bioinitiative\u2026).<\/p>\n<p style=\"text-align: justify;\"><strong>Le co\u00fbt du d\u00e9ploiement se chiffre \u00e0 presque 6 milliards d\u2019euros<\/strong>\u00a0sans compter le bilan financier et \u00e9cologique de la mise au rebut des 35 millions de compteurs en parfait \u00e9tat de marche et qui ont une dur\u00e9e de vie 5 fois sup\u00e9rieure au Linky. Il faut compter aussi la consommation \u00e9lectrique des Linky, des concentrateurs et des Data center d\u00e9di\u00e9s. Les b\u00e9n\u00e9fices pour les usagers seront n\u00e9gligeables, au contraire, dans bien des cas, ils doivent prendre un abonnement plus \u00e9lev\u00e9. \u00a0<strong>Le rapport de la cour des comptes 2018<\/strong>\u00a0confirme\u00a0que les consommateurs n\u2019y trouveront aucun b\u00e9n\u00e9fice r\u00e9el\u00a0et que la gratuit\u00e9 annonc\u00e9e du remplacement du compteur n\u2019est qu\u2019un trompe l\u2019\u0153il\u00a0!<\/p>\n<p style=\"text-align: justify;\"><strong>Les risques de piratages<\/strong>\u00a0individuels peuvent faciliter des cambriolages et les risques collectifs peuvent se traduire par des coupures d\u2019\u00e9lectricit\u00e9 de plus ou moins grande ampleur. Des hackers en ont d\u00e9montr\u00e9 la faisabilit\u00e9 avec des compteurs connect\u00e9s dans d\u2019autres pays. Les compteurs qu\u2019ENEDIS veut remplacer ne sont pas piratables\u00a0!<br \/>\nLes journaux r\u00e9gionaux font \u00e9tat d\u2019incendies et aucune information officielle sur internet n\u2019est disponible \u00e0 ce sujet.<\/p>\n<p style=\"text-align: justify;\"><strong>Les citoyens sont oblig\u00e9s de faire eux-m\u00eames le travail d\u2019information\u00a0<\/strong>en cr\u00e9ant des collectifs, blogs et pages Facebook, et en tenant des r\u00e9unions publiques alors que les m\u00e9dias nationaux sont aux abonn\u00e9s absents dans le travail d\u2019investigation qui est le leur.<\/p>\n<p style=\"text-align: justify;\"><strong>Tous ces \u00e9l\u00e9ments nous conduisent \u00e0 vous demander de faire cesser imm\u00e9diatement les d\u00e9ploiements du Linky et des\u00a0autres compteurs communicants.<\/strong>\u00a0Les\u00a0communications CPL intrusives\u00a0des Linky et des concentrateurs d\u00e9j\u00e0 pos\u00e9s doivent \u00eatre d\u00e9sactiv\u00e9es et l\u2019usage du CPL abandonn\u00e9. Dans un deuxi\u00e8me temps, les usagers devront pouvoir demander un remplacement du Linky sans aucuns frais. Les compteurs communicants install\u00e9s dans les lieux fr\u00e9quent\u00e9s par les enfants (cr\u00e8ches, \u00e9coles, lyc\u00e9es\u2026) devront \u00eatre remplac\u00e9s syst\u00e9matiquement et le Wifi sur Off.<\/p>\n<p style=\"text-align: justify;\">Tous les \u00e9l\u00e9ments \u00e9voqu\u00e9s ici sont visibles en d\u00e9tail sur le blog\u00a0 du collectif et sur les pages Facebook des 300 collectifs de France.<\/p>\n<p style=\"text-align: justify;\">Veuillez croire M. le Pr\u00e9sident, en l&rsquo;assurance de nos sentiments les meilleurs, et soyez s\u00fbr de notre attachement \u00e0 la pr\u00e9servation de notre sant\u00e9 et de nos libert\u00e9s.<\/p>\n<p style=\"text-align: justify;\">Le collectif Stoplinkyblc.<\/p>\n<p style=\"text-align: justify;\"><a href=\"https:\/\/stoplinkyblc.blogspot.fr\/\">https:\/\/stoplinkyblc.blogspot.fr\/<\/a><\/p>\n<p style=\"text-align: center;\">************************\u00a0\u00a0\u00a0\u00a0\u00a0\u00a0\u00a0\u00a0\u00a0 ************************<\/p>\n<p style=\"text-align: center;\"><strong>Refus d\u2019exposition d\u2019un \u00e9l\u00e8ve au WI-fi<\/strong><\/p>\n<p style=\"text-align: justify;\">L\u2019association a r\u00e9alis\u00e9 un dossier concernant l\u2019exposition des \u00e9l\u00e8ves aux champs \u00e9lectromagn\u00e9tiques.<\/p>\n<p style=\"text-align: justify;\">Chacun sait que le compteur-capteur \u00ab\u00a0intelligent\u00a0\u00bb Linky \u00e9met des ondes \u00e9lectromagn\u00e9tiques.<\/p>\n<p style=\"text-align: justify;\">Pour les personnes int\u00e9ress\u00e9es, voil\u00e0 le d\u00e9tail du dossier\u00a0:<\/p>\n<p style=\"text-align: justify;\">Premi\u00e8re pi\u00e8ce jointe\u00a0: <a href=\"https:\/\/collectif-accad.fr\/site\/wp-content\/uploads\/2018\/08\/refus-dexposition-dun-\u00e9l\u00e8ve_explications.doc\">refus d&rsquo;exposition d&rsquo;un \u00e9l\u00e8ve_explications<\/a><\/p>\n<p style=\"text-align: justify;\">Deuxi\u00e8me pi\u00e8ce jointe\u00a0: <a href=\"https:\/\/collectif-accad.fr\/site\/wp-content\/uploads\/2018\/08\/refus-dexposition-dun-\u00e9l\u00e8ve_petition.doc\">refus d&rsquo;exposition d&rsquo;un \u00e9l\u00e8ve_petition<\/a><\/p>\n<p style=\"text-align: center;\">******************\u00a0\u00a0\u00a0\u00a0\u00a0\u00a0 ************<\/p>\n<p style=\"text-align: justify;\"><strong>Prot\u00e9geons nos enfants contre les compteurs Linky dans les cr\u00e8ches et les \u00e9coles<\/strong><\/p>\n<p style=\"text-align: justify;\"><a href=\"https:\/\/www.mesopinions.com\/petition\/enfants\/protegeons-nos-enfants-contre-compteurs-linky\/41590\">https:\/\/www.mesopinions.com\/petition\/enfants\/protegeons-no<\/a><\/p>\n<p style=\"text-align: center;\"><img loading=\"lazy\" decoding=\"async\" class=\"alignnone size-full wp-image-237\" src=\"https:\/\/collectif-accad.fr\/site\/wp-content\/uploads\/2018\/07\/Linky-diapos-19.jpg\" alt=\"\" width=\"594\" height=\"400\" srcset=\"https:\/\/collectif-accad.fr\/site\/wp-content\/uploads\/2018\/07\/Linky-diapos-19.jpg 594w, https:\/\/collectif-accad.fr\/site\/wp-content\/uploads\/2018\/07\/Linky-diapos-19-300x202.jpg 300w\" sizes=\"auto, (max-width: 594px) 100vw, 594px\" \/><\/p>\n<p style=\"text-align: justify;\">\n","protected":false},"excerpt":{"rendered":"<p>Dans cette rubrique &#8211; p\u00e9tition locale &#8211; p\u00e9titions nationales &#8211; p\u00e9tition contre les champs \u00e9lectromagn\u00e9tiques \u00e0 l&rsquo;\u00e9cole *****************\u00a0\u00a0\u00a0\u00a0\u00a0 **************** P\u00c9TITION LOCALE Une p\u00e9tition a \u00e9t\u00e9 r\u00e9alis\u00e9e dans le secteur. Vous pouvez vous en servir ou vous en inspirer PetitionLinky 180908 **********\u00a0\u00a0\u00a0\u00a0\u00a0\u00a0\u00a0\u00a0\u00a0\u00a0 **************** PETITION NATIONALE Prot\u00e9geons nos enfants contre mes compteurs Linky dans les \u00e9coles et &hellip; <a href=\"https:\/\/collectif-accad.fr\/site\/outils\/petitions\/\" class=\"more-link\">Continuer la lecture de <span class=\"screen-reader-text\">P\u00e9titions<\/span><\/a><\/p>\n","protected":false},"author":4,"featured_media":0,"parent":163,"menu_order":0,"comment_status":"closed","ping_status":"closed","template":"","meta":{"footnotes":""},"class_list":["post-319","page","type-page","status-publish","hentry"],"_links":{"self":[{"href":"https:\/\/collectif-accad.fr\/site\/wp-json\/wp\/v2\/pages\/319","targetHints":{"allow":["GET"]}}],"collection":[{"href":"https:\/\/collectif-accad.fr\/site\/wp-json\/wp\/v2\/pages"}],"about":[{"href":"https:\/\/collectif-accad.fr\/site\/wp-json\/wp\/v2\/types\/page"}],"author":[{"embeddable":true,"href":"https:\/\/collectif-accad.fr\/site\/wp-json\/wp\/v2\/users\/4"}],"replies":[{"embeddable":true,"href":"https:\/\/collectif-accad.fr\/site\/wp-json\/wp\/v2\/comments?post=319"}],"version-history":[{"count":14,"href":"https:\/\/collectif-accad.fr\/site\/wp-json\/wp\/v2\/pages\/319\/revisions"}],"predecessor-version":[{"id":1647,"href":"https:\/\/collectif-accad.fr\/site\/wp-json\/wp\/v2\/pages\/319\/revisions\/1647"}],"up":[{"embeddable":true,"href":"https:\/\/collectif-accad.fr\/site\/wp-json\/wp\/v2\/pages\/163"}],"wp:attachment":[{"href":"https:\/\/collectif-accad.fr\/site\/wp-json\/wp\/v2\/media?parent=319"}],"curies":[{"name":"wp","href":"https:\/\/api.w.org\/{rel}","templated":true}]}}