{"id":313,"date":"2018-07-10T13:39:46","date_gmt":"2018-07-10T11:39:46","guid":{"rendered":"https:\/\/collectif-accad.fr\/site\/?page_id=313"},"modified":"2019-02-15T07:40:46","modified_gmt":"2019-02-15T06:40:46","slug":"barricadage","status":"publish","type":"page","link":"https:\/\/collectif-accad.fr\/site\/comment-refuser\/barricadage\/","title":{"rendered":"Barricadage"},"content":{"rendered":"<p style=\"text-align: center;\"><span style=\"font-size: 18pt; color: #ff0000;\"><strong>Syst\u00e8me de verrouillage<\/strong><\/span><\/p>\n<p style=\"text-align: center;\"><span style=\"font-size: 18pt; color: #ff0000;\"><strong> pour coffret \u00e9lectrique<\/strong><\/span><\/p>\n<p style=\"text-align: justify;\">Il suffit de d\u00e9monter la serrure qui est fix\u00e9e sur la porte du coffret et d&rsquo;int\u00e9grer ce syst\u00e8me de verrouillage.<\/p>\n<p style=\"text-align: center;\"><img loading=\"lazy\" decoding=\"async\" class=\"alignnone size-full wp-image-2789\" src=\"https:\/\/collectif-accad.fr\/site\/wp-content\/uploads\/2019\/01\/Verouillage-190123-1.jpg\" alt=\"\" width=\"300\" height=\"326\" srcset=\"https:\/\/collectif-accad.fr\/site\/wp-content\/uploads\/2019\/01\/Verouillage-190123-1.jpg 300w, https:\/\/collectif-accad.fr\/site\/wp-content\/uploads\/2019\/01\/Verouillage-190123-1-276x300.jpg 276w\" sizes=\"auto, (max-width: 300px) 100vw, 300px\" \/><\/p>\n<p><strong>Ensuite, il faut mettre un cadenas<\/strong> dans la partie qui sort de la porte du coffret.<\/p>\n<p>Cela donne ceci :<\/p>\n<p style=\"text-align: center;\"><img loading=\"lazy\" decoding=\"async\" class=\"alignnone size-full wp-image-2840\" src=\"https:\/\/collectif-accad.fr\/site\/wp-content\/uploads\/2019\/01\/Barricadage-190129-1.jpg\" alt=\"\" width=\"600\" height=\"633\" srcset=\"https:\/\/collectif-accad.fr\/site\/wp-content\/uploads\/2019\/01\/Barricadage-190129-1.jpg 600w, https:\/\/collectif-accad.fr\/site\/wp-content\/uploads\/2019\/01\/Barricadage-190129-1-284x300.jpg 284w\" sizes=\"auto, (max-width: 600px) 100vw, 600px\" \/><\/p>\n<p style=\"text-align: center;\"><img loading=\"lazy\" decoding=\"async\" class=\"alignnone size-full wp-image-3004\" src=\"https:\/\/collectif-accad.fr\/site\/wp-content\/uploads\/2019\/02\/Barricadage-190214-1.jpg\" alt=\"\" width=\"420\" height=\"403\" srcset=\"https:\/\/collectif-accad.fr\/site\/wp-content\/uploads\/2019\/02\/Barricadage-190214-1.jpg 420w, https:\/\/collectif-accad.fr\/site\/wp-content\/uploads\/2019\/02\/Barricadage-190214-1-300x288.jpg 300w\" sizes=\"auto, (max-width: 420px) 100vw, 420px\" \/><\/p>\n<p><img loading=\"lazy\" decoding=\"async\" class=\"alignnone size-full wp-image-2841\" src=\"https:\/\/collectif-accad.fr\/site\/wp-content\/uploads\/2019\/01\/Barricadage-190129-2.jpg\" alt=\"\" width=\"671\" height=\"600\" srcset=\"https:\/\/collectif-accad.fr\/site\/wp-content\/uploads\/2019\/01\/Barricadage-190129-2.jpg 671w, https:\/\/collectif-accad.fr\/site\/wp-content\/uploads\/2019\/01\/Barricadage-190129-2-300x268.jpg 300w\" sizes=\"auto, (max-width: 671px) 100vw, 671px\" \/><\/p>\n<p style=\"text-align: justify;\"><strong>Ne pas oublier de photographier<\/strong> le montage\u00a0; <strong>ne pas oublier non plus de mettre sur la porte une affiche\u00a0<\/strong>: \u00ab\u00a0Enedis, touche pas \u00e0 mon compteur\u00a0\u00bb.<\/p>\n<p style=\"text-align: justify;\"><strong>Pour obtenir ce mat\u00e9riel\u00a0:<\/strong><\/p>\n<ul style=\"text-align: justify;\">\n<li>Nous contacter<\/li>\n<li>Ou aller sur\u00a0: <a href=\"https:\/\/www.sav-element5.com\/porte-de-coffrets-electrique\/259-systeme-de-verrouillage-coffret-paninter-s15-minimixt-s20.html\">https:\/\/www.sav-element5.com\/porte-de-coffrets<\/a><\/li>\n<\/ul>\n<p style=\"text-align: justify;\"><strong>Tout cela ne suffira peut-\u00eatre pas<\/strong> car le \u00ab\u00a0partenaire\u00a0Enedis\u00a0\u00bb n\u2019h\u00e9site pas \u00e0 quelquefois vandaliser.<\/p>\n<p style=\"text-align: justify;\"><strong>Mais il y aura des preuves pour attaquer en justice. C\u2019est ce que nous allons bient\u00f4t faire<\/strong>.<\/p>\n<p style=\"text-align: center;\">*************\u00a0\u00a0\u00a0\u00a0\u00a0\u00a0\u00a0\u00a0\u00a0\u00a0\u00a0\u00a0 ***********<\/p>\n<p><img loading=\"lazy\" decoding=\"async\" class=\"alignnone size-full wp-image-2903 aligncenter\" src=\"https:\/\/collectif-accad.fr\/site\/wp-content\/uploads\/2019\/02\/Barricadage-190205-1.jpg\" alt=\"\" width=\"400\" height=\"484\" srcset=\"https:\/\/collectif-accad.fr\/site\/wp-content\/uploads\/2019\/02\/Barricadage-190205-1.jpg 400w, https:\/\/collectif-accad.fr\/site\/wp-content\/uploads\/2019\/02\/Barricadage-190205-1-248x300.jpg 248w\" sizes=\"auto, (max-width: 400px) 100vw, 400px\" \/><\/p>\n<p style=\"text-align: center;\">************\u00a0\u00a0\u00a0\u00a0\u00a0\u00a0\u00a0 ***********<\/p>\n<p style=\"text-align: center;\"><span style=\"font-size: 18pt;\"><strong><span style=\"color: #ff0000;\">Un exemple de barricadage propos\u00e9<\/span><\/strong><\/span><\/p>\n<p style=\"text-align: center;\"><span style=\"font-size: 18pt;\"><strong><span style=\"color: #ff0000;\"> par une adh\u00e9rente :<\/span><\/strong><\/span><\/p>\n<p style=\"text-align: center;\"><strong><a href=\"https:\/\/collectif-accad.fr\/site\/wp-content\/uploads\/2018\/09\/Tutoriel-Barricadage.pdf\"><span style=\"font-size: 18pt;\">Tutoriel Barricadage<\/span><\/a><\/strong><\/p>\n<p style=\"text-align: center;\"><img loading=\"lazy\" decoding=\"async\" class=\"alignnone size-full wp-image-2037\" src=\"https:\/\/collectif-accad.fr\/site\/wp-content\/uploads\/2018\/10\/Barricadage-181022-2.jpg\" alt=\"\" width=\"300\" height=\"403\" srcset=\"https:\/\/collectif-accad.fr\/site\/wp-content\/uploads\/2018\/10\/Barricadage-181022-2.jpg 300w, https:\/\/collectif-accad.fr\/site\/wp-content\/uploads\/2018\/10\/Barricadage-181022-2-223x300.jpg 223w\" sizes=\"auto, (max-width: 300px) 100vw, 300px\" \/><\/p>\n<p style=\"text-align: center;\"><img loading=\"lazy\" decoding=\"async\" class=\"alignnone size-full wp-image-2036\" src=\"https:\/\/collectif-accad.fr\/site\/wp-content\/uploads\/2018\/10\/Barricadage-181022-1.jpg\" alt=\"\" width=\"300\" height=\"395\" srcset=\"https:\/\/collectif-accad.fr\/site\/wp-content\/uploads\/2018\/10\/Barricadage-181022-1.jpg 300w, https:\/\/collectif-accad.fr\/site\/wp-content\/uploads\/2018\/10\/Barricadage-181022-1-228x300.jpg 228w\" sizes=\"auto, (max-width: 300px) 100vw, 300px\" \/><\/p>\n<p style=\"text-align: center;\"><img loading=\"lazy\" decoding=\"async\" class=\"alignnone size-full wp-image-1975\" src=\"https:\/\/collectif-accad.fr\/site\/wp-content\/uploads\/2018\/10\/Barricadage-181018-1.jpg\" alt=\"\" width=\"484\" height=\"400\" srcset=\"https:\/\/collectif-accad.fr\/site\/wp-content\/uploads\/2018\/10\/Barricadage-181018-1.jpg 484w, https:\/\/collectif-accad.fr\/site\/wp-content\/uploads\/2018\/10\/Barricadage-181018-1-300x248.jpg 300w\" sizes=\"auto, (max-width: 484px) 100vw, 484px\" \/><\/p>\n<p style=\"text-align: center;\"><img loading=\"lazy\" decoding=\"async\" class=\"alignnone size-full wp-image-1976\" src=\"https:\/\/collectif-accad.fr\/site\/wp-content\/uploads\/2018\/10\/Barricadage-181018-2.jpg\" alt=\"\" width=\"400\" height=\"589\" srcset=\"https:\/\/collectif-accad.fr\/site\/wp-content\/uploads\/2018\/10\/Barricadage-181018-2.jpg 400w, https:\/\/collectif-accad.fr\/site\/wp-content\/uploads\/2018\/10\/Barricadage-181018-2-204x300.jpg 204w\" sizes=\"auto, (max-width: 400px) 100vw, 400px\" \/><\/p>\n<p><img loading=\"lazy\" decoding=\"async\" class=\"alignnone size-full wp-image-1759 aligncenter\" src=\"https:\/\/collectif-accad.fr\/site\/wp-content\/uploads\/2018\/10\/Barricadage-181006-1.jpg\" alt=\"\" width=\"400\" height=\"575\" srcset=\"https:\/\/collectif-accad.fr\/site\/wp-content\/uploads\/2018\/10\/Barricadage-181006-1.jpg 400w, https:\/\/collectif-accad.fr\/site\/wp-content\/uploads\/2018\/10\/Barricadage-181006-1-209x300.jpg 209w\" sizes=\"auto, (max-width: 400px) 100vw, 400px\" \/><\/p>\n<p><img loading=\"lazy\" decoding=\"async\" class=\"alignnone size-full wp-image-1760 aligncenter\" src=\"https:\/\/collectif-accad.fr\/site\/wp-content\/uploads\/2018\/10\/Barricadage-181006-2.jpg\" alt=\"\" width=\"463\" height=\"300\" srcset=\"https:\/\/collectif-accad.fr\/site\/wp-content\/uploads\/2018\/10\/Barricadage-181006-2.jpg 463w, https:\/\/collectif-accad.fr\/site\/wp-content\/uploads\/2018\/10\/Barricadage-181006-2-300x194.jpg 300w\" sizes=\"auto, (max-width: 463px) 100vw, 463px\" \/><\/p>\n<p style=\"text-align: center;\"><img loading=\"lazy\" decoding=\"async\" class=\"alignnone wp-image-1456 aligncenter\" src=\"https:\/\/collectif-accad.fr\/site\/wp-content\/uploads\/2018\/09\/Billy_rueSchaffner-1.jpg\" alt=\"\" width=\"233\" height=\"382\" srcset=\"https:\/\/collectif-accad.fr\/site\/wp-content\/uploads\/2018\/09\/Billy_rueSchaffner-1.jpg 300w, https:\/\/collectif-accad.fr\/site\/wp-content\/uploads\/2018\/09\/Billy_rueSchaffner-1-183x300.jpg 183w\" sizes=\"auto, (max-width: 233px) 100vw, 233px\" \/><\/p>\n<p style=\"text-align: center;\"><strong><span style=\"font-size: 18pt;\">Harc\u00e8lement pour barricadage<\/span><\/strong><\/p>\n<p>Une lettre tr\u00e8s int\u00e9ressante d&rsquo;Henri Cohen<\/p>\n<p><a href=\"http:\/\/ekladata.com\/RvzftPCufHHbz1npswobCrS89hs\/Harcelement-pour-barricadage.pdf\">http:\/\/ekladata.com\/RvzftPCufHHbz1npswobCrS89hs\/Har<\/a><\/p>\n<p style=\"text-align: center;\"><span style=\"font-family: arial black, sans-serif; font-size: 18pt;\">Si votre compteur est \u00e0 <\/span><\/p>\n<p style=\"text-align: center;\"><span style=\"font-family: arial black, sans-serif; font-size: 18pt;\">l&rsquo;ext\u00e9rieur de l&rsquo;habitation<\/span><\/p>\n<p>il faut barricader le coffret -qui vous appartient- du compteur<\/p>\n<p style=\"text-align: center;\"><span style=\"font-family: arial black, sans-serif; font-size: 18pt;\"><strong>Si vous avez barricad\u00e9 votre compteur<\/strong>,<\/span><\/p>\n<p style=\"text-align: justify;\"><strong>et si vous recevez une lettre d\u2019Enedis<\/strong> demandant de supprimer ce barricadage, vous pouvez \u00e9crire \u00a0\u00e0\u00a0:<\/p>\n<p style=\"text-align: justify;\">ENEDIS\u00a0\u00a0 Compteurs communicants Linky<\/p>\n<p style=\"text-align: justify;\">\u00a067, rue du Rempart<\/p>\n<p style=\"text-align: justify;\">\u00a059300 VALENCIENNES<\/p>\n<p style=\"text-align: center;\"><strong>Mod\u00e8le de lettre\u00a0<\/strong><\/p>\n<p style=\"text-align: center;\"><a href=\"https:\/\/collectif-accad.fr\/site\/wp-content\/uploads\/2018\/07\/Mod\u00e8le-V3-de-lettre-de-r\u00e9ponse-\u00e0-Enedis-sur-Menace-contre-barricadage.doc\">Mod\u00e8le V3 de lettre de r\u00e9ponse \u00e0 Enedis sur Menace contre barricadage<\/a><\/p>\n<p style=\"text-align: center;\">************\u00a0\u00a0\u00a0\u00a0\u00a0\u00a0\u00a0\u00a0\u00a0\u00a0\u00a0\u00a0\u00a0 *****************<\/p>\n<p style=\"text-align: justify;\"><strong>Le \u00ab\u00a0barricadeur\u00a0\u00bb du compteur Linky sera fix\u00e9 le 9 novembre 2018<br \/>\n<\/strong><\/p>\n<p style=\"text-align: justify;\">Le proc\u00e8s de G\u00e9rard Yon, qui avait barricad\u00e9 quatre compteurs pour s&rsquo;opposer \u00e0 la pose du compteur Linky \u00e0 Lavelanet, en Ari\u00e8ge en 2017, a eu lieu ce mercredi au tribunal de <a href=\"https:\/\/www.ladepeche.fr\/communes\/foix,09122.html\">Foix<\/a>.<\/p>\n<p style=\"text-align: justify;\"><a href=\"https:\/\/www.ladepeche.fr\/article\/2018\/05\/16\/2798877-foix-proces-barricadeur-compteurs-linky-reporte-troisieme-fois.html\">Apr\u00e8s trois renvois d&rsquo;audience pendant l&rsquo;ann\u00e9e<\/a>, c&rsquo;est avec une cinquantaine de personnes pour le soutenir que l&rsquo;Ari\u00e9geois s&rsquo;est pr\u00e9sent\u00e9 \u00e0 l&rsquo;audience. L&rsquo;avocate d&rsquo;Enedis et celle de G\u00e9rard Yon ont pu pr\u00e9senter leurs plaidoiries dans une salle pleine. La premi\u00e8re a demand\u00e9 environ 2800 \u20ac de dommages et int\u00e9r\u00eats, la seconde 14 000 \u20ac. L&rsquo;audience a d\u00e9but\u00e9 vers 9 heures et s&rsquo;est achev\u00e9 apr\u00e8s 11h15. La juge prononcera son d\u00e9lib\u00e9r\u00e9 le 9 novembre.<\/p>\n<p style=\"text-align: justify;\">\u00ab\u00a0Nous sommes pr\u00eats m\u00eame si nous n&rsquo;avons re\u00e7u les conclusions que lundi soir \u00e0 22h30\u00a0\u00bb, expliquait G\u00e9rard Yon devant le tribunal de police, quelques minutes avant le d\u00e9but du proc\u00e8s. \u00ab\u00a0Nous voulons frapper fort car ils ne nous respectent pas. Nous verrons comment se passe l&rsquo;audience et si le fond, et non pas que la forme, est \u00e9voqu\u00e9.\u00a0\u00bb<\/p>\n<p style=\"text-align: justify;\"><strong>Il avait emp\u00each\u00e9 la pose des compteurs Linky<\/strong><\/p>\n<p style=\"text-align: justify;\">Le 11 avril 2017, G\u00e9rard Yon, artisan dans la r\u00e9gion de Foix et cofondateur du collectif \u00ab\u00a0Touche pas \u00e0 mon compteur 09\u00a0\u00bb, avait proc\u00e9d\u00e9 au blocage de l&rsquo;installation de quatre compteurs Linky \u00e0 Lavelanet. Pour emp\u00eacher la pose des controvers\u00e9s Linky, il a perc\u00e9 des trous dans les bo\u00eetiers des compteurs. Enedis le poursuit pour \u00ab\u00a0d\u00e9gradation du bien d&rsquo;un charg\u00e9 de mission de service public\u00a0\u00bb.<\/p>\n<p style=\"text-align: justify;\">Les anti-Linky qui attendent beaucoup de ce jugement pour confirmer ou infirmer la capacit\u00e9 pour un particulier \u00e0 couvrir son compteur.<\/p>\n<p>Ladepeche.fr<\/p>\n<p style=\"text-align: center;\">**************\u00a0\u00a0\u00a0\u00a0\u00a0\u00a0\u00a0\u00a0\u00a0\u00a0\u00a0\u00a0\u00a0 ****************<\/p>\n<p style=\"text-align: center;\"><span style=\"font-size: 18pt;\"><strong><span style=\"font-family: arial black, sans-serif;\">Si on vous a pos\u00e9 un compteur<\/span> <\/strong><\/span><\/p>\n<p style=\"text-align: center;\"><strong>alors que vous le le vouliez pas,<\/strong><\/p>\n<p>voici une lettre possible :<\/p>\n<p><strong><a href=\"https:\/\/collectif-accad.fr\/site\/wp-content\/uploads\/2018\/07\/courrier-de-mise-en-demeure-de-retrait-linky.doc\">courrier de mise en demeure de retrait linky<\/a><\/strong><\/p>\n<p style=\"text-align: center;\">**********\u00a0\u00a0\u00a0\u00a0\u00a0\u00a0\u00a0\u00a0\u00a0\u00a0\u00a0\u00a0\u00a0 *************<\/p>\n<p style=\"text-align: center;\"><strong>2 exemples de barricadage<\/strong><\/p>\n<p style=\"text-align: center;\"><strong><a href=\"https:\/\/collectif-accad.fr\/site\/wp-content\/uploads\/2018\/07\/Barricadage-1.pdf\">Barricadage 1<\/a><\/strong><\/p>\n<p style=\"text-align: center;\"><strong><a href=\"https:\/\/collectif-accad.fr\/site\/wp-content\/uploads\/2018\/07\/Barricadage-2.pdf\">Barricadage 2<\/a><\/strong><\/p>\n<p style=\"text-align: center;\">*************\u00a0\u00a0\u00a0\u00a0\u00a0\u00a0\u00a0\u00a0\u00a0\u00a0\u00a0 ********************<\/p>\n<p style=\"text-align: center;\"><strong>un autre document en cas de pose forc\u00e9e<\/strong><\/p>\n<p style=\"text-align: center;\"><strong><a href=\"https:\/\/collectif-accad.fr\/site\/wp-content\/uploads\/2018\/07\/Pose-forc\u00e9e.doc\">Pose forc\u00e9e<\/a><\/strong><\/p>\n<p style=\"text-align: center;\">************\u00a0\u00a0\u00a0\u00a0\u00a0\u00a0\u00a0\u00a0\u00a0\u00a0\u00a0 ******************<\/p>\n<p style=\"text-align: center;\"><img loading=\"lazy\" decoding=\"async\" class=\"alignnone size-full wp-image-519\" src=\"https:\/\/collectif-accad.fr\/site\/wp-content\/uploads\/2018\/07\/NoLinky-7.jpg\" alt=\"\" width=\"1000\" height=\"750\" srcset=\"https:\/\/collectif-accad.fr\/site\/wp-content\/uploads\/2018\/07\/NoLinky-7.jpg 1000w, https:\/\/collectif-accad.fr\/site\/wp-content\/uploads\/2018\/07\/NoLinky-7-300x225.jpg 300w, https:\/\/collectif-accad.fr\/site\/wp-content\/uploads\/2018\/07\/NoLinky-7-768x576.jpg 768w\" sizes=\"auto, (max-width: 1000px) 100vw, 1000px\" \/><\/p>\n<p style=\"text-align: center;\"><img loading=\"lazy\" decoding=\"async\" class=\"alignnone size-full wp-image-515\" src=\"https:\/\/collectif-accad.fr\/site\/wp-content\/uploads\/2018\/07\/NoLinky-3.jpg\" alt=\"\" width=\"488\" height=\"300\" srcset=\"https:\/\/collectif-accad.fr\/site\/wp-content\/uploads\/2018\/07\/NoLinky-3.jpg 488w, https:\/\/collectif-accad.fr\/site\/wp-content\/uploads\/2018\/07\/NoLinky-3-300x184.jpg 300w\" sizes=\"auto, (max-width: 488px) 100vw, 488px\" \/><\/p>\n<p style=\"text-align: center;\"><img loading=\"lazy\" decoding=\"async\" class=\"alignnone size-full wp-image-514\" src=\"https:\/\/collectif-accad.fr\/site\/wp-content\/uploads\/2018\/07\/NoLinky-2.jpg\" alt=\"\" width=\"412\" height=\"300\" srcset=\"https:\/\/collectif-accad.fr\/site\/wp-content\/uploads\/2018\/07\/NoLinky-2.jpg 412w, https:\/\/collectif-accad.fr\/site\/wp-content\/uploads\/2018\/07\/NoLinky-2-300x218.jpg 300w\" sizes=\"auto, (max-width: 412px) 100vw, 412px\" \/><\/p>\n<p style=\"text-align: center;\"><img loading=\"lazy\" decoding=\"async\" class=\"alignnone size-full wp-image-1458\" src=\"https:\/\/collectif-accad.fr\/site\/wp-content\/uploads\/2018\/09\/Billy_rueSchaffner-3.jpg\" alt=\"\" width=\"300\" height=\"522\" srcset=\"https:\/\/collectif-accad.fr\/site\/wp-content\/uploads\/2018\/09\/Billy_rueSchaffner-3.jpg 300w, https:\/\/collectif-accad.fr\/site\/wp-content\/uploads\/2018\/09\/Billy_rueSchaffner-3-172x300.jpg 172w\" sizes=\"auto, (max-width: 300px) 100vw, 300px\" \/><\/p>\n<p style=\"text-align: center;\"><img loading=\"lazy\" decoding=\"async\" class=\"alignnone size-full wp-image-1457\" src=\"https:\/\/collectif-accad.fr\/site\/wp-content\/uploads\/2018\/09\/Billy_rueSchaffner-2.jpg\" alt=\"\" width=\"300\" height=\"628\" srcset=\"https:\/\/collectif-accad.fr\/site\/wp-content\/uploads\/2018\/09\/Billy_rueSchaffner-2.jpg 300w, https:\/\/collectif-accad.fr\/site\/wp-content\/uploads\/2018\/09\/Billy_rueSchaffner-2-143x300.jpg 143w\" sizes=\"auto, (max-width: 300px) 100vw, 300px\" \/><\/p>\n<p style=\"text-align: center;\"><img loading=\"lazy\" decoding=\"async\" class=\"alignnone size-full wp-image-518\" src=\"https:\/\/collectif-accad.fr\/site\/wp-content\/uploads\/2018\/07\/NoLinky-6.jpg\" alt=\"\" width=\"3000\" height=\"2250\" srcset=\"https:\/\/collectif-accad.fr\/site\/wp-content\/uploads\/2018\/07\/NoLinky-6.jpg 3000w, https:\/\/collectif-accad.fr\/site\/wp-content\/uploads\/2018\/07\/NoLinky-6-300x225.jpg 300w, https:\/\/collectif-accad.fr\/site\/wp-content\/uploads\/2018\/07\/NoLinky-6-768x576.jpg 768w, https:\/\/collectif-accad.fr\/site\/wp-content\/uploads\/2018\/07\/NoLinky-6-1024x768.jpg 1024w\" sizes=\"auto, (max-width: 3000px) 100vw, 3000px\" \/><\/p>\n","protected":false},"excerpt":{"rendered":"<p>Syst\u00e8me de verrouillage pour coffret \u00e9lectrique Il suffit de d\u00e9monter la serrure qui est fix\u00e9e sur la porte du coffret et d&rsquo;int\u00e9grer ce syst\u00e8me de verrouillage. Ensuite, il faut mettre un cadenas dans la partie qui sort de la porte du coffret. Cela donne ceci : Ne pas oublier de photographier le montage\u00a0; ne pas &hellip; <a href=\"https:\/\/collectif-accad.fr\/site\/comment-refuser\/barricadage\/\" class=\"more-link\">Continuer la lecture de <span class=\"screen-reader-text\">Barricadage<\/span><\/a><\/p>\n","protected":false},"author":4,"featured_media":0,"parent":311,"menu_order":0,"comment_status":"closed","ping_status":"closed","template":"","meta":{"footnotes":""},"class_list":["post-313","page","type-page","status-publish","hentry"],"_links":{"self":[{"href":"https:\/\/collectif-accad.fr\/site\/wp-json\/wp\/v2\/pages\/313","targetHints":{"allow":["GET"]}}],"collection":[{"href":"https:\/\/collectif-accad.fr\/site\/wp-json\/wp\/v2\/pages"}],"about":[{"href":"https:\/\/collectif-accad.fr\/site\/wp-json\/wp\/v2\/types\/page"}],"author":[{"embeddable":true,"href":"https:\/\/collectif-accad.fr\/site\/wp-json\/wp\/v2\/users\/4"}],"replies":[{"embeddable":true,"href":"https:\/\/collectif-accad.fr\/site\/wp-json\/wp\/v2\/comments?post=313"}],"version-history":[{"count":25,"href":"https:\/\/collectif-accad.fr\/site\/wp-json\/wp\/v2\/pages\/313\/revisions"}],"predecessor-version":[{"id":3005,"href":"https:\/\/collectif-accad.fr\/site\/wp-json\/wp\/v2\/pages\/313\/revisions\/3005"}],"up":[{"embeddable":true,"href":"https:\/\/collectif-accad.fr\/site\/wp-json\/wp\/v2\/pages\/311"}],"wp:attachment":[{"href":"https:\/\/collectif-accad.fr\/site\/wp-json\/wp\/v2\/media?parent=313"}],"curies":[{"name":"wp","href":"https:\/\/api.w.org\/{rel}","templated":true}]}}