{"id":309,"date":"2018-07-10T13:39:01","date_gmt":"2018-07-10T11:39:01","guid":{"rendered":"https:\/\/collectif-accad.fr\/site\/?page_id=309"},"modified":"2018-09-27T07:29:25","modified_gmt":"2018-09-27T05:29:25","slug":"differentes-situations","status":"publish","type":"page","link":"https:\/\/collectif-accad.fr\/site\/comment-refuser\/differentes-situations\/","title":{"rendered":"Diff\u00e9rentes situations"},"content":{"rendered":"<p style=\"text-align: center;\"><span style=\"font-family: arial black, sans-serif; font-size: 18pt;\"><strong>Si votre compteur est \u00e0 <\/strong><\/span><\/p>\n<p style=\"text-align: center;\"><span style=\"font-family: arial black, sans-serif; font-size: 18pt;\"><strong>l&rsquo;int\u00e9rieur de votre logement<\/strong>,<\/span><\/p>\n<p style=\"text-align: justify;\">ou de votre jardin ferm\u00e9 \u00e0 cl\u00e9 :<\/p>\n<p>Il est recommand\u00e9 d&rsquo;envoyer une lettre en recommand\u00e9 avec AR \u00e0 Enedis.<\/p>\n<p style=\"text-align: justify;\">Par ailleurs, n&rsquo;ouvrez pas la porte au poseur. Si vous \u00eates harcel\u00e9 au t\u00e9l\u00e9phone (avec des fausses menaces telles que coupure d\u2019\u00e9lectricit\u00e9 ou devoir payer plus tard plusieurs centaines d\u2019euros, ou rel\u00e8ve payante), tenez bon !<\/p>\n<p style=\"text-align: justify;\">R\u00e9pondez que vous \u00eates en contact avec le collectif oppos\u00e9 \u00e0 la pose des compteurs-capteurs communicants de la r\u00e9gion et envoyez une lettre \u00e0 Enedis. Dites aussi \u00e0 Enedis ou \u00e0 son \u00ab\u00a0partenaire\u00a0\u00bb que vous \u00eates trop harcel\u00e9 et que vous allez porter plainte<\/p>\n<p style=\"text-align: center;\"><span style=\"font-family: arial black, sans-serif; font-size: 18pt;\"><strong>Si votre compteur est accessible <\/strong><\/span><\/p>\n<p style=\"text-align: center;\"><span style=\"font-family: arial black, sans-serif; font-size: 18pt;\"><strong>pour tout le monde<\/strong><\/span><\/p>\n<p style=\"text-align: justify;\">Une lettre recommand\u00e9e risque de ne pas suffire \u2013mais il faut la faire-\u00a0; Enedis est d\u00e9j\u00e0 pass\u00e9 outre et a install\u00e9 quand m\u00eame le Linky si le compteur est accessible dans les parties communes ou dans la rue (par exemple \u00e0 Vimy). Donc, posez un cadenas sur la porte du coffret, affichez sur la porte \u00ab\u00a0touche pas \u00e0 mon compteur\u00a0\u00bb, fa\u00eetes une photo avec la date dessus. Une autre possibilit\u00e9 \u2013plus couteuse, utilis\u00e9e avec succ\u00e8s par 3\u00a0400 personnes dans toute la France-, est la <em>sommation de ne pas faire,<\/em> d\u00e9livr\u00e9e \u00e0 ENEDIS par un huissier.<\/p>\n<p style=\"text-align: justify;\">Tout ceci permettra d\u2019attaquer en justice si n\u00e9cessaire.<\/p>\n<p style=\"text-align: justify;\">Cette fa\u00e7on de faire est n\u00e9cessaire quand on connait les recommandations prodigu\u00e9es\u00a0 par Enedis \u00e0 ses sous-traitants pour passer outre \u00e0 l\u2019opposition de changement de compteur\u00a0; des poses ont \u00e9t\u00e9 faites\u2026 m\u00eame avec certains d\u00e9g\u00e2ts.<\/p>\n<p style=\"text-align: justify;\">Cette fa\u00e7on de faire est n\u00e9cessaire quand on connait les recommandations prodigu\u00e9es\u00a0 par Enedis \u00e0 ses sous-traitants pour passer outre \u00e0 l\u2019opposition de changement de compteur\u00a0; des poses ont \u00e9t\u00e9 faites\u2026 m\u00eame avec certains d\u00e9g\u00e2ts.<\/p>\n<p style=\"text-align: justify;\">Pour trouver la lettre \u00e0 envoyer \u00e0 Enedis, aller sur la rubrique \u00ab\u00a0<strong>Courriers\u00a0<\/strong>\u00bb de la page \u00ab\u00a0<strong>comment refuser\u00a0<\/strong>\u00bb<\/p>\n<p style=\"text-align: center;\"><span style=\"font-family: arial black, sans-serif; font-size: 18pt;\"><strong>Si vous construisez ou si <\/strong><\/span><\/p>\n<p style=\"text-align: center;\"><span style=\"font-family: arial black, sans-serif; font-size: 18pt;\"><strong>vous avez achet\u00e9 une maison<\/strong><\/span><\/p>\n<p style=\"text-align: justify;\">Enedis va vous dire qu\u2019ils vont mettre un Linky. Il vous faut jouer la carte m\u00e9diatique : menacer Enedis de contacter le journal local, les radios (France bleu, etc), France3\u00a0; annoncer que vous entamez une gr\u00e8ve de la faim, ou que vous allez habiter dans votre voiture, jusqu&rsquo;\u00e0 ce qu&rsquo;on vous mette un compteur ordinaire. Bien s\u00fbr, il ne s&rsquo;agit pas de faire \u00e7a en vrai (sauf si vous \u00eates tr\u00e8s motiv\u00e9 !), mais <strong>vous devez le faire croire \u00e0 Enedis<\/strong> : ils craignent \u00e9norm\u00e9ment ce genre d&rsquo;affaires et on a plusieurs cas o\u00f9 ils ont tr\u00e8s vite mis un compteur ordinaire, en disant que ce n&rsquo;est pas justifi\u00e9 et que c&rsquo;est juste \u00ab\u00a0par mesures d&rsquo;apaisement\u00a0\u00bb (mais \u00e7a vous vous en moquez)&#8230;<\/p>\n<p style=\"text-align: justify;\">Il faut savoir que l&rsquo;on fabrique encore des compteurs non-communicants ; ceux de deuxi\u00e8me g\u00e9n\u00e9ration. Donc il faut r\u00e9clamer ces compteurs<\/p>\n<p style=\"text-align: center;\"><img loading=\"lazy\" decoding=\"async\" class=\"alignnone size-full wp-image-231\" src=\"https:\/\/collectif-accad.fr\/site\/wp-content\/uploads\/2018\/07\/Linky-diapos-13.jpg\" alt=\"\" width=\"561\" height=\"400\" srcset=\"https:\/\/collectif-accad.fr\/site\/wp-content\/uploads\/2018\/07\/Linky-diapos-13.jpg 561w, https:\/\/collectif-accad.fr\/site\/wp-content\/uploads\/2018\/07\/Linky-diapos-13-300x214.jpg 300w\" sizes=\"auto, (max-width: 561px) 100vw, 561px\" \/><\/p>\n","protected":false},"excerpt":{"rendered":"<p>Si votre compteur est \u00e0 l&rsquo;int\u00e9rieur de votre logement, ou de votre jardin ferm\u00e9 \u00e0 cl\u00e9 : Il est recommand\u00e9 d&rsquo;envoyer une lettre en recommand\u00e9 avec AR \u00e0 Enedis. Par ailleurs, n&rsquo;ouvrez pas la porte au poseur. Si vous \u00eates harcel\u00e9 au t\u00e9l\u00e9phone (avec des fausses menaces telles que coupure d\u2019\u00e9lectricit\u00e9 ou devoir payer plus &hellip; <a href=\"https:\/\/collectif-accad.fr\/site\/comment-refuser\/differentes-situations\/\" class=\"more-link\">Continuer la lecture de <span class=\"screen-reader-text\">Diff\u00e9rentes situations<\/span><\/a><\/p>\n","protected":false},"author":4,"featured_media":0,"parent":311,"menu_order":0,"comment_status":"closed","ping_status":"closed","template":"","meta":{"footnotes":""},"class_list":["post-309","page","type-page","status-publish","hentry"],"_links":{"self":[{"href":"https:\/\/collectif-accad.fr\/site\/wp-json\/wp\/v2\/pages\/309","targetHints":{"allow":["GET"]}}],"collection":[{"href":"https:\/\/collectif-accad.fr\/site\/wp-json\/wp\/v2\/pages"}],"about":[{"href":"https:\/\/collectif-accad.fr\/site\/wp-json\/wp\/v2\/types\/page"}],"author":[{"embeddable":true,"href":"https:\/\/collectif-accad.fr\/site\/wp-json\/wp\/v2\/users\/4"}],"replies":[{"embeddable":true,"href":"https:\/\/collectif-accad.fr\/site\/wp-json\/wp\/v2\/comments?post=309"}],"version-history":[{"count":8,"href":"https:\/\/collectif-accad.fr\/site\/wp-json\/wp\/v2\/pages\/309\/revisions"}],"predecessor-version":[{"id":1638,"href":"https:\/\/collectif-accad.fr\/site\/wp-json\/wp\/v2\/pages\/309\/revisions\/1638"}],"up":[{"embeddable":true,"href":"https:\/\/collectif-accad.fr\/site\/wp-json\/wp\/v2\/pages\/311"}],"wp:attachment":[{"href":"https:\/\/collectif-accad.fr\/site\/wp-json\/wp\/v2\/media?parent=309"}],"curies":[{"name":"wp","href":"https:\/\/api.w.org\/{rel}","templated":true}]}}