{"id":303,"date":"2018-07-10T13:35:58","date_gmt":"2018-07-10T11:35:58","guid":{"rendered":"https:\/\/collectif-accad.fr\/site\/?page_id=303"},"modified":"2018-10-10T09:09:31","modified_gmt":"2018-10-10T07:09:31","slug":"assurances","status":"publish","type":"page","link":"https:\/\/collectif-accad.fr\/site\/refuser-linky\/assurances\/","title":{"rendered":"Assurances"},"content":{"rendered":"<p style=\"text-align: center;\"><span style=\"font-family: arial black, sans-serif;\"><strong><span style=\"font-size: 18pt;\">Exclusion du risque \u00e9lectromagn\u00e9tique<\/span><\/strong><\/span><\/p>\n<h2 style=\"text-align: center;\"><strong><span style=\"font-family: verdana, geneva, sans-serif; font-size: 18pt;\"> par les compagnies d\u2019assurance<\/span><\/strong><\/h2>\n<p style=\"text-align: justify;\">D\u2019apr\u00e8s vous, qui d\u00e9pense chaque ann\u00e9e des centaines de millions dans des outils de statistiques et autres \u00e9tudes, pour \u00eatre capable d\u2019anticiper et d\u2019\u00e9viter les -grosses- catastrophes \u00e0 venir ?<\/p>\n<p style=\"text-align: justify;\">Les assureurs ? Oui, gagn\u00e9 !<\/p>\n<p style=\"text-align: justify;\">Et quel est le r\u00e9sultat de toutes ces \u00e9tudes ? L\u2019\u00e9vitement.<\/p>\n<p style=\"text-align: justify;\">En 2003, les r\u00e9assureurs des assurances des op\u00e9rateurs de t\u00e9l\u00e9phonie mobile <a href=\"http:\/\/www.poal.fr\/blog\/wp-content\/uploads\/2017\/01\/Rapport-Ernst-Youngs-2013.pdf\">se sont d\u00e9sengag\u00e9s \u00e0 couvrir les risques<\/a> li\u00e9s aux CHAMPS \u00c9LECTROMAGN\u00c9TIQUES !<\/p>\n<p style=\"text-align: justify;\"><em>\u2013 Pas folles les gu\u00eapes!<\/em><\/p>\n<p style=\"text-align: justify;\">Et puis dans la foul\u00e9e, elles se sont aussi d\u00e9charg\u00e9es des dommages de toute nature, caus\u00e9s par l\u2019amiante, par le plomb, et par les champs et ondes \u00e9lectromagn\u00e9tiques.<\/p>\n<p style=\"text-align: justify;\">Ouf, les voil\u00e0 \u00e0 l\u2019abri de tout danger. Elles doivent se sentir en s\u00e9curit\u00e9 maintenant, les assurances\u2026<\/p>\n<p style=\"text-align: justify;\">EDF a publie\u0301 le 15 juillet 2015 de nouvelles conditions ge\u0301ne\u0301rales de vente dans lesquelles tout incendie est assimile\u0301 a\u0300 un cas de force majeure dans lequel Enedis de\u0301gage sa responsabilite\u0301. Cela signifie qu\u2019en cas d\u2019incendie provoque\u0301 par le compteur Linky ou par les radiofre\u0301quences qu\u2019il injectera dans nos ca\u0302bles et fils e\u0301lectriques, ainsi que dans les appareils e\u0301lectriques qui ne sont pas blinde\u0301s contre ces radiofre\u0301quences, il appartiendra au client \u2013c\u2019est a\u0300 dire a\u0300 la victime\u2013 de prouver la responsabilite\u0301 d&rsquo;Enedis\u00a0!<\/p>\n<p style=\"text-align: center;\">*************\u00a0\u00a0\u00a0\u00a0\u00a0\u00a0\u00a0\u00a0\u00a0\u00a0\u00a0 ********************<\/p>\n<h2 style=\"text-align: center;\"><strong>Lettre \u00e0 un assureur<\/strong><\/h2>\n<p><a href=\"https:\/\/collectif-accad.fr\/site\/wp-content\/uploads\/2018\/07\/Lettre-\u00e0-assurance.doc\">Lettre \u00e0 assurance<\/a><\/p>\n<p style=\"text-align: center;\"><img loading=\"lazy\" decoding=\"async\" class=\"alignnone size-full wp-image-241\" src=\"https:\/\/collectif-accad.fr\/site\/wp-content\/uploads\/2018\/07\/Linky-diapos-23.jpg\" alt=\"\" width=\"562\" height=\"400\" srcset=\"https:\/\/collectif-accad.fr\/site\/wp-content\/uploads\/2018\/07\/Linky-diapos-23.jpg 562w, https:\/\/collectif-accad.fr\/site\/wp-content\/uploads\/2018\/07\/Linky-diapos-23-300x214.jpg 300w\" sizes=\"auto, (max-width: 562px) 100vw, 562px\" \/><\/p>\n","protected":false},"excerpt":{"rendered":"<p>Exclusion du risque \u00e9lectromagn\u00e9tique par les compagnies d\u2019assurance D\u2019apr\u00e8s vous, qui d\u00e9pense chaque ann\u00e9e des centaines de millions dans des outils de statistiques et autres \u00e9tudes, pour \u00eatre capable d\u2019anticiper et d\u2019\u00e9viter les -grosses- catastrophes \u00e0 venir ? Les assureurs ? Oui, gagn\u00e9 ! Et quel est le r\u00e9sultat de toutes ces \u00e9tudes ? L\u2019\u00e9vitement. &hellip; <a href=\"https:\/\/collectif-accad.fr\/site\/refuser-linky\/assurances\/\" class=\"more-link\">Continuer la lecture de <span class=\"screen-reader-text\">Assurances<\/span><\/a><\/p>\n","protected":false},"author":4,"featured_media":0,"parent":132,"menu_order":0,"comment_status":"closed","ping_status":"closed","template":"","meta":{"footnotes":""},"class_list":["post-303","page","type-page","status-publish","hentry"],"_links":{"self":[{"href":"https:\/\/collectif-accad.fr\/site\/wp-json\/wp\/v2\/pages\/303","targetHints":{"allow":["GET"]}}],"collection":[{"href":"https:\/\/collectif-accad.fr\/site\/wp-json\/wp\/v2\/pages"}],"about":[{"href":"https:\/\/collectif-accad.fr\/site\/wp-json\/wp\/v2\/types\/page"}],"author":[{"embeddable":true,"href":"https:\/\/collectif-accad.fr\/site\/wp-json\/wp\/v2\/users\/4"}],"replies":[{"embeddable":true,"href":"https:\/\/collectif-accad.fr\/site\/wp-json\/wp\/v2\/comments?post=303"}],"version-history":[{"count":8,"href":"https:\/\/collectif-accad.fr\/site\/wp-json\/wp\/v2\/pages\/303\/revisions"}],"predecessor-version":[{"id":1836,"href":"https:\/\/collectif-accad.fr\/site\/wp-json\/wp\/v2\/pages\/303\/revisions\/1836"}],"up":[{"embeddable":true,"href":"https:\/\/collectif-accad.fr\/site\/wp-json\/wp\/v2\/pages\/132"}],"wp:attachment":[{"href":"https:\/\/collectif-accad.fr\/site\/wp-json\/wp\/v2\/media?parent=303"}],"curies":[{"name":"wp","href":"https:\/\/api.w.org\/{rel}","templated":true}]}}