{"id":301,"date":"2018-07-10T13:35:33","date_gmt":"2018-07-10T11:35:33","guid":{"rendered":"https:\/\/collectif-accad.fr\/site\/?page_id=301"},"modified":"2018-10-10T09:10:19","modified_gmt":"2018-10-10T07:10:19","slug":"autres-raisons","status":"publish","type":"page","link":"https:\/\/collectif-accad.fr\/site\/refuser-linky\/autres-raisons\/","title":{"rendered":"Autres raisons"},"content":{"rendered":"<p style=\"text-align: justify;\"><span style=\"font-family: arial black, sans-serif; font-size: 18pt;\"><strong>Discours bidon sur les \u00e9conomies d\u2019\u00e9nergies<\/strong><\/span><\/p>\n<p style=\"text-align: justify;\">Les compteurs communicants seraient \u00ab\u00a0indispensables\u00a0\u00bb pour int\u00e9grer les \u00e9nergies renouvelables dans le syst\u00e8me \u00e9lectrique. Or il existe un contre-exemple \u00e9difiant : l&rsquo;Allemagne, o\u00f9 il y a immens\u00e9ment plus d&rsquo;\u00e9nergies renouvelables qu&rsquo;en France, a annul\u00e9 le d\u00e9ploiement des compteurs communicants qui seront r\u00e9serv\u00e9s aux tr\u00e8s gros consommateurs, entreprises, usines, etc.<\/p>\n<h2 style=\"text-align: justify;\"><strong>Destruction d\u2019emplois<\/strong><\/h2>\n<p style=\"text-align: justify;\">Enedis dit que les sous-traitants vont embaucher. C\u2019est vrai pendant la p\u00e9riode de la pose des compteurs\u00a0: environ 1000 CDI. Mais, ensuite, on va supprimer jusqu\u2019\u00e0 10\u00a0000 emplois\u00a0: c\u2019est Negawatt qui le dit.<\/p>\n<p style=\"text-align: justify;\">Ils effectuent les relev\u00e9s de consommation et diff\u00e9rentes interventions (telles que changement d&rsquo;abonnement ou coupure) \u00e0 distance, sans intervention humaine sur place.<\/p>\n<p style=\"text-align: justify;\">Pour la petite histoire, une entreprise sous-traitante \u00ab\u00a0solution 30\u00a0\u00bb, qui g\u00e8re presqu\u2019un tiers des poses, place ses b\u00e9n\u00e9fices dans les paradis fiscaux\u00a0; on voit par-l\u00e0 que le rapport financier est omnipr\u00e9sent dans la t\u00eate de nombreux dirigeants\u00a0!<\/p>\n<h2 style=\"text-align: justify;\"><strong>Coupure du courant \u00e0 distance<\/strong><\/h2>\n<p style=\"text-align: justify;\">Comme ces militaires am\u00e9ricains qui pilotent un drone depuis leur canap\u00e9 et tuent des gens \u00e0 l\u2019autre bout du monde.<\/p>\n<p style=\"text-align: justify;\">Les techniciens d\u2019Enedis pourront vous couper le jus \u00e0 distance, d\u2019un simple clic (et les hackers aussi !).<\/p>\n<p style=\"text-align: justify;\">Termin\u00e9 la belle \u00e9poque o\u00f9 on pouvait encore discuter et prouver notre bonne foi en montrant les factures pay\u00e9es au technicien venu couper le compteur. Avec le Linky, c\u2019est fini. Vous rentrez chez vous apr\u00e8s 3 semaines de vacances bien m\u00e9rit\u00e9es et vous retrouvez votre appartement dans le noir. Une odeur naus\u00e9abonde s\u2019\u00e9chappe du cong\u00e9lateur et vos poissons rouges sont morts dans leur bel aquarium automatis\u00e9. Ne cherchez plus : c\u2019est une coupure \u00e0 distance d\u2019Enedis.<\/p>\n<p style=\"text-align: justify;\">Autre souci\u00a0: les personnes en difficult\u00e9 de paiement de facture pourront voir leur acc\u00e8s \u00e0 l\u2019\u00e9lectricit\u00e9 largement diminu\u00e9 \u2026 \u00e0 distance. Plus besoin de passer par une assistante sociale ou une mairie. Enedis a annonc\u00e9 qu\u2019elle n\u2019utilisera pas cette technique mais, on peut avoir des doutes importants si Enedis a la mainmise sur tous les compteurs.<\/p>\n<h2 style=\"text-align: justify;\"><strong>Aucun avantage pour le consommateur\u00a0<\/strong><\/h2>\n<p style=\"text-align: justify;\">Pourquoi le consommateur ne gagne rien en acceptant le Linky ?<\/p>\n<p style=\"text-align: justify;\">Vous souhaitez connaitre votre consommation en temps r\u00e9el ? Regardez votre compteur\u2026<\/p>\n<p style=\"text-align: justify;\">La vitesse de rotation de la roue dent\u00e9e pour le compteur \u00e9lectrom\u00e9canique ou le clignotement de la led pour le compteur \u00e9lectronique vous informent sur votre consommation \u00e9lectrique en temps r\u00e9el. Ce n\u2019est pas tr\u00e8s pr\u00e9cis, me direz-vous.<\/p>\n<p style=\"text-align: justify;\">Et avec le compteur Linky ? \u2026et ben c\u2019est pareil ! Son cadran de 50 caract\u00e8res \u00e0 7 segments (le top de ce qu\u2019on faisait dans les ann\u00e9es 70 !) ne vous en dira pas plus.<\/p>\n<p style=\"text-align: justify;\">Bah, il est o\u00f9 le progr\u00e8s alors ?<\/p>\n<p style=\"text-align: justify;\">Que les plus exigeants technophiles se rassurent. Un tas d\u2019accessoires connect\u00e9s (comme un afficheur d\u00e9port\u00e9) et de services optionnels vous seront propos\u00e9s (et surtout factur\u00e9s).<\/p>\n<p style=\"text-align: justify;\">Quelle joie de s\u2019\u00e9quiper d\u2019appareils \u00e9lectriques suppl\u00e9mentaires\u2026pour essayer de faire des \u00e9conomies d\u2019\u00e9nergie !<\/p>\n<p style=\"text-align: justify;\">Le compteur Linky est formidable, il vous informe de votre consommation en temps r\u00e9el\u2026le lendemain. Le compteur actuel permet de suivre \u00e0 tout moment notre consommation.<\/p>\n<h2 style=\"text-align: justify;\"><strong>Infos compl\u00e9mentaires<\/strong><\/h2>\n<p style=\"text-align: justify;\">Si menace d\u2019amende, coupure d\u2019\u00e9lectricit\u00e9, facturation pour rel\u00e8ve \u00e0 pied, facturation de pose diff\u00e9r\u00e9e et autres tracasseries, demander un \u00e9crit\u00a0: jamais suivi d\u2019effet\u00a0!<\/p>\n<p style=\"text-align: justify;\">Que Choisir\u00a0: 32% d\u2019usagers verront leur facture augmenter<\/p>\n<p style=\"text-align: justify;\">Puissance disponible inf\u00e9rieure de 12,9 % (passage de kW \u00e0 kVA)<\/p>\n<p style=\"text-align: justify;\">Cour des comptes d\u00e9nonce le surco\u00fbt au profit d\u2019Enedis<\/p>\n<p style=\"text-align: justify;\">Fonctionnement CPL + concentrateurs + stockage et traitement des donn\u00e9es\u00a0: surconsommation \u00e9nerg\u00e9tique<\/p>\n<p style=\"text-align: justify;\">Ces technologies demandent une grande quantit\u00e9 de m\u00e9taux rares (cadmium\u2026)<\/p>\n<p style=\"text-align: justify;\">D\u2019o\u00f9 \u00e9puisement et d\u00e9gradation de la plan\u00e8te<\/p>\n<p style=\"text-align: justify;\">Dur\u00e9e de beaucoup d\u2019appareils m\u00e9nagers abr\u00e9g\u00e9e par le CPL<\/p>\n<p style=\"text-align: center;\"><img loading=\"lazy\" decoding=\"async\" class=\"alignnone size-full wp-image-243\" src=\"https:\/\/collectif-accad.fr\/site\/wp-content\/uploads\/2018\/07\/Linky-diapos-25.jpg\" alt=\"\" width=\"400\" height=\"535\" srcset=\"https:\/\/collectif-accad.fr\/site\/wp-content\/uploads\/2018\/07\/Linky-diapos-25.jpg 400w, https:\/\/collectif-accad.fr\/site\/wp-content\/uploads\/2018\/07\/Linky-diapos-25-224x300.jpg 224w\" sizes=\"auto, (max-width: 400px) 100vw, 400px\" \/><\/p>\n","protected":false},"excerpt":{"rendered":"<p>Discours bidon sur les \u00e9conomies d\u2019\u00e9nergies Les compteurs communicants seraient \u00ab\u00a0indispensables\u00a0\u00bb pour int\u00e9grer les \u00e9nergies renouvelables dans le syst\u00e8me \u00e9lectrique. Or il existe un contre-exemple \u00e9difiant : l&rsquo;Allemagne, o\u00f9 il y a immens\u00e9ment plus d&rsquo;\u00e9nergies renouvelables qu&rsquo;en France, a annul\u00e9 le d\u00e9ploiement des compteurs communicants qui seront r\u00e9serv\u00e9s aux tr\u00e8s gros consommateurs, entreprises, usines, etc. &hellip; <a href=\"https:\/\/collectif-accad.fr\/site\/refuser-linky\/autres-raisons\/\" class=\"more-link\">Continuer la lecture de <span class=\"screen-reader-text\">Autres raisons<\/span><\/a><\/p>\n","protected":false},"author":4,"featured_media":0,"parent":132,"menu_order":0,"comment_status":"closed","ping_status":"closed","template":"","meta":{"footnotes":""},"class_list":["post-301","page","type-page","status-publish","hentry"],"_links":{"self":[{"href":"https:\/\/collectif-accad.fr\/site\/wp-json\/wp\/v2\/pages\/301","targetHints":{"allow":["GET"]}}],"collection":[{"href":"https:\/\/collectif-accad.fr\/site\/wp-json\/wp\/v2\/pages"}],"about":[{"href":"https:\/\/collectif-accad.fr\/site\/wp-json\/wp\/v2\/types\/page"}],"author":[{"embeddable":true,"href":"https:\/\/collectif-accad.fr\/site\/wp-json\/wp\/v2\/users\/4"}],"replies":[{"embeddable":true,"href":"https:\/\/collectif-accad.fr\/site\/wp-json\/wp\/v2\/comments?post=301"}],"version-history":[{"count":12,"href":"https:\/\/collectif-accad.fr\/site\/wp-json\/wp\/v2\/pages\/301\/revisions"}],"predecessor-version":[{"id":1837,"href":"https:\/\/collectif-accad.fr\/site\/wp-json\/wp\/v2\/pages\/301\/revisions\/1837"}],"up":[{"embeddable":true,"href":"https:\/\/collectif-accad.fr\/site\/wp-json\/wp\/v2\/pages\/132"}],"wp:attachment":[{"href":"https:\/\/collectif-accad.fr\/site\/wp-json\/wp\/v2\/media?parent=301"}],"curies":[{"name":"wp","href":"https:\/\/api.w.org\/{rel}","templated":true}]}}