{"id":299,"date":"2018-07-10T13:35:11","date_gmt":"2018-07-10T11:35:11","guid":{"rendered":"https:\/\/collectif-accad.fr\/site\/?page_id=299"},"modified":"2018-10-10T09:11:21","modified_gmt":"2018-10-10T07:11:21","slug":"dysfonctionnements","status":"publish","type":"page","link":"https:\/\/collectif-accad.fr\/site\/refuser-linky\/dysfonctionnements\/","title":{"rendered":"Dysfonctionnements"},"content":{"rendered":"<p style=\"text-align: center;\"><strong><span style=\"font-family: verdana, geneva, sans-serif; font-size: 18pt;\"> dysfonctionnement des appareillages<\/span><\/strong><\/p>\n<p style=\"text-align: justify;\">Les lampes et t\u00e9l\u00e9viseurs qui s&rsquo;allument tout seuls, la surfacturation \u2013par exemple \u00e0 Quarouble dans le Nord-, le chauffe-eau qui fonctionne en heures pleines, la box qui connait des bugs, les personnes atteintes de la maladie \u00e9lectro hypersensibles oblig\u00e9es de quitter leur maison pour dormir \u2013un exemple dans la Voix du Nord Boulogne avec le t\u00e9moignage de Marion\u00a0; des probl\u00e8mes avec des personnes ayant un pacemaker.<\/p>\n<p style=\"text-align: justify;\">d\u00e9cembre 2016 : Un compteur Linky explose en Auvergne : \u201cOn est pass\u00e9 \u00e0 deux doigts de la catastrophe\u201d\u00a0;\u00a0f\u00e9vrier 2017\u00a0: explosion dans un d\u00e9p\u00f4t de pain\u00a0; f\u00e9vrier 2017 : explosion d&rsquo;un transformateur \u00e0 Lorient\u00a0;\u00a0juillet 2017 : Linky fait disjoncter l&rsquo;\u00e9lectricit\u00e9 \u00e0 Aix-en-Provence, 7000 euros de perte pour un boucher et probl\u00e8mes dans un pressing<\/p>\n<p style=\"text-align: justify;\">Lors de l\u2019exp\u00e9rimentation des compteurs, sept incendies ont eu lieu entre le 31 aout 2010 et le 1<sup>er<\/sup> d\u00e9cembre de la m\u00eame ann\u00e9e. Notamment dans deux r\u00e9gions de France (Indre-et-Loire et r\u00e9gion lyonnaise).<\/p>\n<p style=\"text-align: justify;\">A Petite-For\u00eat (Nord), un d\u00e9p\u00f4t de pain a \u00e9t\u00e9 incendi\u00e9. Peu de temps auparavant, le compteur Linky avait \u00e9t\u00e9 pos\u00e9\u00a0; co\u00efncidence\u00a0?<\/p>\n<p style=\"text-align: justify;\">Bernard Lassus (responsable Linky d\u2019Enedis) a reconnu en janvier 2016 que 8 incendies ont \u00e9t\u00e9 caus\u00e9s par le Linky en France pendant la phase d\u2019exp\u00e9rimentation.<\/p>\n<p style=\"text-align: justify;\">En 2014 au Canada, apr\u00e8s le d\u00e9clenchement de <a href=\"http:\/\/ici.radio-canada.ca\/regions\/saskatchewan\/2014\/07\/30\/006-remplacement-compteurs-intelligents-saskpower.shtml\">8 incendies en deux mois<\/a>, la R\u00e9gion canadienne du Saskatchewan a ordonn\u00e9 le retrait de 100 000 compteurs intelligents, un an seulement apr\u00e8s le d\u00e9but de leur installation.<\/p>\n<p style=\"text-align: justify;\">En France, Bernard Lassus temp\u00e8re :\u00a0\u00ab\u00a0Les probl\u00e8mes d\u2019incendie ne concernent que 8 cas sur 300 000 compteurs d\u00e9j\u00e0 install\u00e9s\u2026\u00a0\u00bb<\/p>\n<p style=\"text-align: justify;\">M\u00eame si l\u2019on garde les chiffres de 8 pour 300 000 de Mr Lassus, \u00e7a veut dire quoi ? Qu\u2019on va devoir supporter 933 incendies provoqu\u00e9s par ce compteur \u00ab\u00a0intelligent\u00a0\u00bb\u2026tous les ans ! (35 000 000\/300 000) x8<\/p>\n<p style=\"text-align: justify;\">L\u2019alimentation \u00e9lectrique n\u2019est pas forc\u00e9ment lin\u00e9aire. Elle est parasit\u00e9e par les surtensions hautes fr\u00e9quences induites par les man\u0153uvres r\u00e9seau, les coups de foudre au sol ou intra nuages.<\/p>\n<p style=\"text-align: justify;\">Beaucoup de compteurs sont expos\u00e9s \u00e0 l\u2019humidit\u00e9 et aux variations de temp\u00e9ratures.<\/p>\n<p style=\"text-align: justify;\">Les nouveaux compteurs dits \u2018intelligents\u2019 ont des parties \u00e9lectroniques qui seront fatalement sensibles \u00e0 ces ph\u00e9nom\u00e8nes. Diff\u00e9rents facteurs peuvent acc\u00e9l\u00e9rer le vieillissement de ces parties \u00e9lectroniques, m\u00eame si elles ont \u00e9t\u00e9 pr\u00e9vues pour \u00eatre pos\u00e9es en ext\u00e9rieur.<\/p>\n<p style=\"text-align: justify;\">Des octog\u00e9naires d\u2019Indre et Loire doivent descendre plusieurs fois \u00e0 la cave parce que le compteur disjoncte.<\/p>\n<p style=\"text-align: justify;\">A Arras, les lampes d\u2019un logement s\u2019allument toutes seules.<\/p>\n<p style=\"text-align: justify;\">On sait d\u00e9j\u00e0 que ces compteurs seront pos\u00e9s par des \u00e9lectriciens de soci\u00e9t\u00e9s sous-traitantes d\u2019Enedis\u2026<a href=\"https:\/\/www.francebleu.fr\/infos\/economie-social\/meurthe-et-moselle-la-cgt-coupe-les-compteurs-linky-dans-la-region-nanceienne-1487258289\">int\u00e9rimaires ou CDD<\/a>\u2026contraints et press\u00e9s de poser au minimum 7 compteurs par jours.<\/p>\n<p style=\"text-align: justify;\">Dans ces conditions, on peut craindre le pire\u2026<\/p>\n<p style=\"text-align: center;\"><img loading=\"lazy\" decoding=\"async\" class=\"alignnone size-full wp-image-245\" src=\"https:\/\/collectif-accad.fr\/site\/wp-content\/uploads\/2018\/07\/Linky-diapos-26.jpg\" alt=\"\" width=\"541\" height=\"400\" srcset=\"https:\/\/collectif-accad.fr\/site\/wp-content\/uploads\/2018\/07\/Linky-diapos-26.jpg 541w, https:\/\/collectif-accad.fr\/site\/wp-content\/uploads\/2018\/07\/Linky-diapos-26-300x222.jpg 300w\" sizes=\"auto, (max-width: 541px) 100vw, 541px\" \/><\/p>\n","protected":false},"excerpt":{"rendered":"<p>dysfonctionnement des appareillages Les lampes et t\u00e9l\u00e9viseurs qui s&rsquo;allument tout seuls, la surfacturation \u2013par exemple \u00e0 Quarouble dans le Nord-, le chauffe-eau qui fonctionne en heures pleines, la box qui connait des bugs, les personnes atteintes de la maladie \u00e9lectro hypersensibles oblig\u00e9es de quitter leur maison pour dormir \u2013un exemple dans la Voix du Nord &hellip; <a href=\"https:\/\/collectif-accad.fr\/site\/refuser-linky\/dysfonctionnements\/\" class=\"more-link\">Continuer la lecture de <span class=\"screen-reader-text\">Dysfonctionnements<\/span><\/a><\/p>\n","protected":false},"author":4,"featured_media":0,"parent":132,"menu_order":0,"comment_status":"closed","ping_status":"closed","template":"","meta":{"footnotes":""},"class_list":["post-299","page","type-page","status-publish","hentry"],"_links":{"self":[{"href":"https:\/\/collectif-accad.fr\/site\/wp-json\/wp\/v2\/pages\/299","targetHints":{"allow":["GET"]}}],"collection":[{"href":"https:\/\/collectif-accad.fr\/site\/wp-json\/wp\/v2\/pages"}],"about":[{"href":"https:\/\/collectif-accad.fr\/site\/wp-json\/wp\/v2\/types\/page"}],"author":[{"embeddable":true,"href":"https:\/\/collectif-accad.fr\/site\/wp-json\/wp\/v2\/users\/4"}],"replies":[{"embeddable":true,"href":"https:\/\/collectif-accad.fr\/site\/wp-json\/wp\/v2\/comments?post=299"}],"version-history":[{"count":12,"href":"https:\/\/collectif-accad.fr\/site\/wp-json\/wp\/v2\/pages\/299\/revisions"}],"predecessor-version":[{"id":1838,"href":"https:\/\/collectif-accad.fr\/site\/wp-json\/wp\/v2\/pages\/299\/revisions\/1838"}],"up":[{"embeddable":true,"href":"https:\/\/collectif-accad.fr\/site\/wp-json\/wp\/v2\/pages\/132"}],"wp:attachment":[{"href":"https:\/\/collectif-accad.fr\/site\/wp-json\/wp\/v2\/media?parent=299"}],"curies":[{"name":"wp","href":"https:\/\/api.w.org\/{rel}","templated":true}]}}