{"id":295,"date":"2018-07-10T13:34:18","date_gmt":"2018-07-10T11:34:18","guid":{"rendered":"https:\/\/collectif-accad.fr\/site\/?page_id=295"},"modified":"2018-10-10T09:16:09","modified_gmt":"2018-10-10T07:16:09","slug":"ondes-et-sante","status":"publish","type":"page","link":"https:\/\/collectif-accad.fr\/site\/refuser-linky\/ondes-et-sante\/","title":{"rendered":"Ondes et sant\u00e9"},"content":{"rendered":"<p style=\"text-align: center;\"><span style=\"font-family: arial black, sans-serif; font-size: 18pt;\"><strong>les risques sanitaires<\/strong><\/span><\/p>\n<p style=\"text-align: justify;\"><strong>Ce qu\u2019il faut savoir sur les ondes \u00e9lectromagn\u00e9tiques<\/strong><\/p>\n<p style=\"text-align: justify;\">Les radiofr\u00e9quences CPL du Linky sont officiellement class\u00e9es \u00ab potentiellement canc\u00e9rig\u00e8nes \u00bb (cat\u00e9gorie 2B) par un communiqu\u00e9 du Centre international de recherche sur le cancer (CIRC), qui d\u00e9pend de l\u2019OMS\u00a0; en date du 31 mai 2011.<\/p>\n<ul style=\"text-align: justify;\">\n<li><strong>C\u2019est \u00e0 Enedis de prouver la pr\u00e9tendue \u00ab\u00a0innocuit\u00e9\u00a0\u00bb du Linky<\/strong><\/li>\n<\/ul>\n<p style=\"text-align: justify;\">Nous ne sommes pas demandeurs des Linky, <strong>ce n&rsquo;est donc pas \u00e0 nous de d\u00e9montrer leur dangerosit\u00e9<\/strong>, c&rsquo;est \u00e0 ENEDIS de prouver indubitablement leur \u00ab\u00a0innocuit\u00e9\u00a0\u00bb or, sauf \u00e0 pr\u00e9tendre \u00eatre plus savants que l&rsquo;Organisation mondiale de la sant\u00e9 (OMS), ils ne le peuvent pas.<\/p>\n<p style=\"text-align: justify;\">Rappel &#8211; L&rsquo;OMS a officiellement class\u00e9 les ondes \u00e9lectromagn\u00e9tiques \u00ab\u00a0canc\u00e9rig\u00e8nes possibles\u00a0\u00bb\u2026<\/p>\n<ul style=\"text-align: justify;\">\n<li><strong>Ce n\u2019est pas le Linky qui pose probl\u00e8me mais ce qu\u2019il envoie dans les fils du logement (CPL\u00a0: Courant Porteur en Ligne)<\/strong><\/li>\n<\/ul>\n<p style=\"text-align: justify;\">Enedis tente de tromper les citoyens en racontant partout que \u00ab\u00a0<em>le compteur Linky \u00e9met 100 fois moins d\u2019ondes qu\u2019un grille-pain<\/em>\u00a0\u00bb ou \u00ab\u00a0<em>pas plus d\u2019ondes qu\u2019un compteur ordinaire<\/em>\u00a0\u00bb. Or le probl\u00e8me ne vient pas du Linky lui-m\u00eame mais des informations qu\u2019il envoie dans les fils du logement, par la technologie dite du CPL.<\/p>\n<p style=\"text-align: justify;\">Attention, autre ruse d\u2019Enedis, ils expliquent que le CPL est une technologie \u00ab\u00a0\u00e9prouv\u00e9e et utilis\u00e9e depuis plus de 50 ans\u00a0\u00bb, ce qui est parfaitement vrai\u2026 mais n\u2019enl\u00e8ve absolument rien \u00e0 sa nocivit\u00e9\u00a0!<\/p>\n<p style=\"text-align: justify;\">Une fois le Linky install\u00e9, il fait circuler des informations en permanence dans tous les fils \u00e9lectriques de votre logement, ce qui g\u00e9n\u00e8re un rayonnement qui peut \u00eatre faible (encore que\u2026) mais qui vous soumet \u00e0 une exposition plus que prolong\u00e9e (car continuelle), vous pla\u00e7ant pr\u00e9cis\u00e9ment dans le domaine de forte incertitude point\u00e9 par l\u2019OMS.<\/p>\n<ul style=\"text-align: justify;\">\n<li><strong>Le syst\u00e8me Linky est EVOLUTIF\u00a0: le pire est \u00e0 venir et les \u00e9tudes trompeuses<\/strong><\/li>\n<\/ul>\n<p style=\"text-align: justify;\"><strong>\u00a0<\/strong>L&rsquo;objectif d&rsquo;Enedis est d&rsquo;installer 35 millions de compteurs Linky et laissant croire \u00e0 leur innocuit\u00e9. Voil\u00e0 ce que dit Enedis\u00a0:<\/p>\n<p style=\"text-align: justify;\">\u00ab\u00a0<em>Le programme Linky a pour ambition de cr\u00e9er un standard mondial de l\u2019industrie du comptage \u00e9volu\u00e9. Pour y parvenir, ENEDIS a b\u00e2ti <\/em>un syst\u00e8me \u00e9volutif<em> utilisant des technologies de pointe, capables de g\u00e9rer <\/em>de tr\u00e8s importants flux de donn\u00e9es<em>. Nous ne sommes encore qu\u2019aux pr\u00e9mices de l\u2019exploitation de toutes les potentialit\u00e9s de ce compteur<\/em>&#8230;<em>\u00a0\u00bb<\/em><\/p>\n<p style=\"text-align: justify;\">Notez d\u2019ailleurs qu\u2019Enedis est d\u00e9j\u00e0 pass\u00e9 au CPL G3 et, comme pour la t\u00e9l\u00e9phonie mobile, ce n\u2019est qu\u2019un d\u00e9but.<\/p>\n<ul style=\"text-align: justify;\">\n<li><strong>Attention aux \u00ab\u00a0normes l\u00e9gales\u00a0\u00bb<\/strong><\/li>\n<\/ul>\n<p style=\"text-align: justify;\">\u00a0Les \u00ab\u00a0experts\u00a0\u00bb assurent que les ondes \u00e9mises par les Linky sont \u00ab\u00a0en dessous des normes l\u00e9gales\u00a0\u00bb. Il n&rsquo;a jamais \u00e9t\u00e9 d\u00e9montr\u00e9 scientifiquement de \u00ab\u00a0seuil\u00a0\u00bb en dessous duquel il n&rsquo;y aurait aucun risque\u2026<\/p>\n<ul>\n<li><strong>Les donn\u00e9es des compteurs sont exp\u00e9di\u00e9es par t\u00e9l\u00e9phonie mobile<\/strong><\/li>\n<\/ul>\n<p style=\"text-align: justify;\">\u00a0Enedis vous trompe donc habilement en affirmant que les Linky n&rsquo;utilisent pas la t\u00e9l\u00e9phonie mobile\u2026<\/p>\n<ul style=\"text-align: justify;\">\n<li><strong>Le CPL circulera bien dans tout le logement<\/strong><\/li>\n<\/ul>\n<p style=\"text-align: justify;\">Le CPL ne s&rsquo;arr\u00eate pas au compteur et se diffuse dans tout le logement.<\/p>\n<p style=\"text-align: center;\">**************\u00a0\u00a0\u00a0\u00a0\u00a0\u00a0\u00a0\u00a0\u00a0\u00a0\u00a0\u00a0\u00a0\u00a0 **********************<\/p>\n<p style=\"text-align: justify;\">Ces technologies li\u00e9es au Linky \u00e9mettent des ondes \u00e9lectromagn\u00e9tiques de type radiofr\u00e9quences qui perturbent le sommeil, peuvent d\u00e9clencher l&rsquo;\u00e9lectro hypersensibilit\u00e9 et, \u00e0 long terme, des cancers, la leuc\u00e9mie et des maladies d\u00e9g\u00e9n\u00e9ratives.<\/p>\n<p style=\"text-align: justify;\">Le communiqu\u00e9 du CIRC sur le caract\u00e8re potentiellement canc\u00e9rig\u00e8ne a \u00e9t\u00e9 confirm\u00e9 par la monographie n\u00b0 102 parue en 2013\u00a0; il concerne aussi bien les radiofr\u00e9quences CPL et les micro-ondes GPRS du Linky, que les micro-ondes des t\u00e9l\u00e9phones portables 2G, 3G et 4G et le wifi.<\/p>\n<p style=\"text-align: justify;\">C\u2019est aussi corrobor\u00e9 par Luc Montagnier, biologiste virologue\u00a0; \u00e9galement par Dominique Belpomme, sp\u00e9cialiste en canc\u00e9rologie<\/p>\n<p style=\"text-align: justify;\">On ne peut que constater les similitudes troublantes avec des dossiers dramatiques comme l&rsquo;amiante, le nucl\u00e9aire, le tabac, les pesticides, les perturbateurs endocriniens, les OGM : des \u00e9tudes mettent en lumi\u00e8re les risques quand d&rsquo;autres, souvent initi\u00e9es ou financ\u00e9es par les industriels, \u00ab\u00a0prouvent\u00a0\u00bb le contraire.<\/p>\n<p style=\"text-align: justify;\">Ce n&rsquo;est que des ann\u00e9es, voire des d\u00e9cennies plus tard, que la v\u00e9rit\u00e9 ne peut plus ou ne pourra \u00eatre ni\u00e9e devant l&rsquo;explosion de maladies gravissimes.<\/p>\n<p style=\"text-align: justify;\">Or, le moins que l&rsquo;on puisse dire est qu&rsquo;il existe un tr\u00e8s fort doute sur la pr\u00e9tendue innocuit\u00e9 des ondes \u00e9lectromagn\u00e9tiques\u00a0; l\u2019OMS pointe aussi la forte incertitude concernant l&rsquo;exposition \u00ab faible mais prolong\u00e9e \u00bb aux ondes \u00e9lectromagn\u00e9tiques. Avec les compteurs communicants, l&rsquo;exposition sera peut-\u00eatre \u00ab faible \u00bb (et peut-\u00eatre bien plus \u00e9lev\u00e9e que ce que l&rsquo;on veut bien nous dire) mais en tout cas elle sera plus que prolong\u00e9e puisque permanente !<\/p>\n<p style=\"text-align: justify;\">Nous ne voulons pas servir de cobayes pour voir si, plus tard, nous avons effectivement des maladies tels que le cancer, la leuc\u00e9mie\u2026<\/p>\n<p style=\"text-align: justify;\">Bien s\u00fbr les supporters du Linky diront que cela n\u2019a pas \u00e9t\u00e9 v\u00e9rifi\u00e9 dans beaucoup d\u2019analyses. D\u2019une part, il faut savoir que l\u2019OMS ne s\u2019engage pas \u00e0 la l\u00e9g\u00e8re\u00a0; d\u2019autre part ce sont les industriels qui n\u2019ont pas voulu faire des analyses car ils avaient certainement peur des r\u00e9sultats\u00a0; enfin ces analyses coutent cher et c\u2019est ce qui explique que cela ne peut pas se faire facilement.<\/p>\n<p style=\"text-align: justify;\">Le dernier rapport de l&rsquo;ANSES pr\u00e9conise l&rsquo;installation de filtre sur l&rsquo;installation \u00e9lectrique pour se pr\u00e9munir de tout effet secondaire. Cela veut donc dire que l\u2019ANSES reconnait qu\u2019il y a des nuisances avec le compteur Linky.<\/p>\n<p style=\"text-align: justify;\">Il faut <a href=\"http:\/\/www.poal.fr\/blog\/wp-content\/uploads\/2017\/01\/dossier_linky_et_ondes.pdf\"><strong>1 concentrateur pour 50 Linky<\/strong><\/a>. Ce qui fait un total de 700 000 antennes relais suppl\u00e9mentaire qui \u00e9mettront des ondes -enfin- reconnues canc\u00e9rig\u00e8ne par le <a href=\"http:\/\/www.lemonde.fr\/sante\/article\/2016\/05\/28\/une-etude-americaine-renforce-les-soupcons-d-un-lien-entre-cancers-et-telephonie-mobile_4928063_1651302.html\">National Toxicology Program (NTP)<\/a>.<\/p>\n<p style=\"text-align: justify;\">Enedis se d\u00e9fend de respecter les valeurs d\u2019\u00e9mission pr\u00e9conis\u00e9es par l\u2019OMS et autre normes. Mais que sait-on aujourd\u2019hui sur l\u2019effet de plusieurs sources \u00e9mettrice simultan\u00e9es ne d\u00e9passant pas le seuil pr\u00e9conis\u00e9 (DAS inf\u00e9rieur \u00e0 1 W\/kg). Les valeurs s\u2019ajoutent-elles ? Se multiplient-elles ?<\/p>\n<p style=\"text-align: justify;\">Enedis est dans les clous vis-\u00e0-vis des normes fran\u00e7aises\u00a0: il ne faut pas d\u00e9passer\u00a0 100 \u00b5Tesla (le microTesla, unit\u00e9 de mesure de l\u2019induction magn\u00e9tique). Sauf que les normes europ\u00e9ennes obligent \u00e0 ne pas d\u00e9passer 0,5 \u00b5Tesla (200 fois moins), voire 0,1 pour les personnes fragiles (1000 fois moins). Et l\u00e0, Enedis n\u2019est plus dans les clous\u00a0!<\/p>\n<p style=\"text-align: center;\"><img loading=\"lazy\" decoding=\"async\" class=\"alignnone wp-image-413\" src=\"https:\/\/collectif-accad.fr\/site\/wp-content\/uploads\/2018\/07\/Champsdinduction.jpg\" alt=\"\" width=\"623\" height=\"201\" srcset=\"https:\/\/collectif-accad.fr\/site\/wp-content\/uploads\/2018\/07\/Champsdinduction.jpg 1237w, https:\/\/collectif-accad.fr\/site\/wp-content\/uploads\/2018\/07\/Champsdinduction-300x97.jpg 300w, https:\/\/collectif-accad.fr\/site\/wp-content\/uploads\/2018\/07\/Champsdinduction-768x248.jpg 768w, https:\/\/collectif-accad.fr\/site\/wp-content\/uploads\/2018\/07\/Champsdinduction-1024x330.jpg 1024w\" sizes=\"auto, (max-width: 623px) 100vw, 623px\" \/><\/p>\n<p style=\"text-align: justify;\">Les champs d\u2019induction magn\u00e9tiques sont entre 12 et 210 fois plus \u00e9lev\u00e9s avec un compteur Linky que sans compteur Linky !!!<\/p>\n<p style=\"text-align: justify;\">Le syst\u00e8me Linky \u2013qui a d\u00e9but\u00e9 en 2006- sera encore plus obsol\u00e8te \u00e0 la fin du d\u00e9ploiement des 35 millions de compteurs, programm\u00e9e en 2022-2023.<\/p>\n<p style=\"text-align: justify;\">La conception du compteur Linky remonte \u00e0 une \u00e9poque o\u00f9 l\u2019Iphone n\u2019existait pas.<\/p>\n<p style=\"text-align: justify;\">Le pas de charge du Linky n\u2019est pas ad\u00e9quat pour \u00e9teindre et allumer \u00e0 distance les appareils \u00e9lectriques chez les particuliers, une action d\u00e9nomm\u00e9e \u00ab effacement diffus \u00bb dans la loi de transition \u00e9nerg\u00e9tique.<\/p>\n<p style=\"text-align: justify;\">Linky ne permet pas\u00a0 au consommateur de base de savoir facilement combien il consomme. D\u2019une part, parce que, dans de nombreux logements, le compteur est situ\u00e9 \u00e0 l\u2019ext\u00e9rieur, d\u2019autre part essentiellement parce qu\u2019il n\u2019est pas con\u00e7u pour afficher ses donn\u00e9es en euros (seulement en kilowattheures), ce qui n\u2019est pas de nature \u00e0 inciter le consommateur \u00e0 r\u00e9duire sa consommation.<\/p>\n<p style=\"text-align: justify;\"><strong>Utilisation du CPL (Courant Porteur en Ligne)<\/strong><\/p>\n<p style=\"text-align: justify;\">Ou comment transformer votre habitation en four \u00e0 micro-ondes.<\/p>\n<p style=\"text-align: justify;\"><a href=\"http:\/\/www.poal.fr\/blog\/wp-content\/uploads\/2017\/01\/radio-amateurs-cpl-danger-des-ondes-courtes.pdf\">Les radioamateurs<\/a> ont \u00e9t\u00e9 les premiers \u00e0 tirer la sonnette d\u2019alarme sur les effets parasites de cette technologie.<\/p>\n<p style=\"text-align: justify;\">Le CPL permet de faire passer des donn\u00e9es num\u00e9riques sur un r\u00e9seau \u00e9lectrique non pr\u00e9vu \u00e0 cet effet, car non blind\u00e9.<\/p>\n<p style=\"text-align: justify;\">Tout comme il n\u2019enterre pas les lignes hautes tensions pour des raisons de co\u00fbts (20 fois plus cher que les pyl\u00f4nes) Enedis se sert du r\u00e9seau existant (les c\u00e2bles de votre habitation) pour faire transiter et r\u00e9cup\u00e9rer vos donn\u00e9es de consommation.<\/p>\n<p style=\"text-align: justify;\">Cette technologie CPL serait formidable si elle n\u2019avait pas la f\u00e2cheuse tendance de <a href=\"http:\/\/www.poal.fr\/blog\/wp-content\/uploads\/2017\/01\/These_Amilcar_Mescco_2014_04_18.pdf\"><strong>rayonner dans un rayon sup\u00e9rieur \u00e0 2 m\u00e8tres<\/strong><\/a> (dans chacun des c\u00e2bles de votre habitation) comme une antenne-relais. On appelle \u00e7a un courant radiatif. Et celui-ci est class\u00e9 comme canc\u00e9rog\u00e8ne possible par l\u2019OMS (<a href=\"http:\/\/www.poal.fr\/blog\/wp-content\/uploads\/2017\/02\/pr208_F.pdf\">groupe 2B<\/a>).<\/p>\n<p style=\"text-align: justify;\">Alors, pr\u00eat \u00e0 tenter l\u2019exp\u00e9rience ? On se revoit dans 10 ans pour voir le nombre de cancers exploser en France ? Pour ma part, non merci. Je ne veux pas servir de cobaye. Et il faudra attendre encore 15 ou 20 ans de plus les d\u00e9cisions de la justice.<\/p>\n<p style=\"text-align: justify;\">Un non-lieu vient d\u2019\u00eatre rendu en ce merveilleux mois de mars 2016 pour l\u2019enqu\u00eate ouverte il y a 18 ans (et oui en 1998 ! vous vous souvenez ?) sur le vaccin contre l\u2019h\u00e9patite B. Apr\u00e8s des dizaines de morts et des centaines de <a href=\"http:\/\/www.agoravox.fr\/actualites\/sante\/article\/vaccin-de-l-hepatite-b-une-bombe-a-45023\">cas de scl\u00e9roses en plaques<\/a>\u2026un non-lieu\u2026Vous voyez, il suffit d\u2019avoir confiance en la justice\u2026Tout finit par s\u2019arranger\u2026Bon allez, circulez, y a rien \u00e0 voir !<\/p>\n<p style=\"text-align: justify;\">Au fait, \u00e7a va donner quoi \u00e0 moyen ou long terme, les adjuvants d\u2019aluminium inject\u00e9s dans notre corps s\u2019il est expos\u00e9 aux champs \u00e9lectromagn\u00e9tiques en permanence ?<\/p>\n<p style=\"text-align: justify;\">Enedis ne nous dit pas que les champs \u00e9lectromagn\u00e9tiques ne se limitent pas seulement aux maisons o\u00f9 se trouve le Linky. Donc, m\u00eame si on refuse le Linky, on peut \u00eatre g\u00ean\u00e9 par le compteur du voisin. On est dans la m\u00eame situation que les agriculteurs bio qui cultivent \u00e0 c\u00f4t\u00e9 de champs OGM\u00a0: ils sont pollu\u00e9s par les cultures OGM\u00a0!<\/p>\n<p style=\"text-align: center;\"><img loading=\"lazy\" decoding=\"async\" class=\"alignnone size-full wp-image-476\" src=\"https:\/\/collectif-accad.fr\/site\/wp-content\/uploads\/2018\/07\/Enedis-180720-04.jpg\" alt=\"\" width=\"1658\" height=\"932\" srcset=\"https:\/\/collectif-accad.fr\/site\/wp-content\/uploads\/2018\/07\/Enedis-180720-04.jpg 1658w, https:\/\/collectif-accad.fr\/site\/wp-content\/uploads\/2018\/07\/Enedis-180720-04-300x169.jpg 300w, https:\/\/collectif-accad.fr\/site\/wp-content\/uploads\/2018\/07\/Enedis-180720-04-768x432.jpg 768w, https:\/\/collectif-accad.fr\/site\/wp-content\/uploads\/2018\/07\/Enedis-180720-04-1024x576.jpg 1024w\" sizes=\"auto, (max-width: 1658px) 100vw, 1658px\" \/><\/p>\n","protected":false},"excerpt":{"rendered":"<p>les risques sanitaires Ce qu\u2019il faut savoir sur les ondes \u00e9lectromagn\u00e9tiques Les radiofr\u00e9quences CPL du Linky sont officiellement class\u00e9es \u00ab potentiellement canc\u00e9rig\u00e8nes \u00bb (cat\u00e9gorie 2B) par un communiqu\u00e9 du Centre international de recherche sur le cancer (CIRC), qui d\u00e9pend de l\u2019OMS\u00a0; en date du 31 mai 2011. C\u2019est \u00e0 Enedis de prouver la pr\u00e9tendue \u00ab\u00a0innocuit\u00e9\u00a0\u00bb &hellip; <a href=\"https:\/\/collectif-accad.fr\/site\/refuser-linky\/ondes-et-sante\/\" class=\"more-link\">Continuer la lecture de <span class=\"screen-reader-text\">Ondes et sant\u00e9<\/span><\/a><\/p>\n","protected":false},"author":4,"featured_media":0,"parent":132,"menu_order":0,"comment_status":"closed","ping_status":"closed","template":"","meta":{"footnotes":""},"class_list":["post-295","page","type-page","status-publish","hentry"],"_links":{"self":[{"href":"https:\/\/collectif-accad.fr\/site\/wp-json\/wp\/v2\/pages\/295","targetHints":{"allow":["GET"]}}],"collection":[{"href":"https:\/\/collectif-accad.fr\/site\/wp-json\/wp\/v2\/pages"}],"about":[{"href":"https:\/\/collectif-accad.fr\/site\/wp-json\/wp\/v2\/types\/page"}],"author":[{"embeddable":true,"href":"https:\/\/collectif-accad.fr\/site\/wp-json\/wp\/v2\/users\/4"}],"replies":[{"embeddable":true,"href":"https:\/\/collectif-accad.fr\/site\/wp-json\/wp\/v2\/comments?post=295"}],"version-history":[{"count":10,"href":"https:\/\/collectif-accad.fr\/site\/wp-json\/wp\/v2\/pages\/295\/revisions"}],"predecessor-version":[{"id":1842,"href":"https:\/\/collectif-accad.fr\/site\/wp-json\/wp\/v2\/pages\/295\/revisions\/1842"}],"up":[{"embeddable":true,"href":"https:\/\/collectif-accad.fr\/site\/wp-json\/wp\/v2\/pages\/132"}],"wp:attachment":[{"href":"https:\/\/collectif-accad.fr\/site\/wp-json\/wp\/v2\/media?parent=295"}],"curies":[{"name":"wp","href":"https:\/\/api.w.org\/{rel}","templated":true}]}}