{"id":191,"date":"2018-07-09T16:31:22","date_gmt":"2018-07-09T14:31:22","guid":{"rendered":"https:\/\/collectif-accad.fr\/site\/?page_id=191"},"modified":"2019-06-15T15:29:35","modified_gmt":"2019-06-15T13:29:35","slug":"mairies","status":"publish","type":"page","link":"https:\/\/collectif-accad.fr\/site\/mairies\/","title":{"rendered":"Mairies"},"content":{"rendered":"<p style=\"text-align: center;\"><strong><span style=\"font-family: arial black, sans-serif; font-size: 18pt;\">Trois rubriques <\/span><br \/>\n<\/strong><\/p>\n<blockquote class=\"wp-embedded-content\" data-secret=\"I4TLXMpIPs\"><p><a href=\"https:\/\/collectif-accad.fr\/site\/mairies\/qui-est-proprietaire-du-linky\/\">Qui est propri\u00e9taire du Linky ?<\/a><\/p><\/blockquote>\n<p><iframe loading=\"lazy\" class=\"wp-embedded-content\" sandbox=\"allow-scripts\" security=\"restricted\" style=\"position: absolute; clip: rect(1px, 1px, 1px, 1px);\" title=\"\u00ab\u00a0Qui est propri\u00e9taire du Linky ?\u00a0\u00bb &#8212; ACCAD : Anti Compteurs Communicants Artois (62)-Douaisis (59)\" src=\"https:\/\/collectif-accad.fr\/site\/mairies\/qui-est-proprietaire-du-linky\/embed\/#?secret=mDr5lKG9xp#?secret=I4TLXMpIPs\" data-secret=\"I4TLXMpIPs\" width=\"600\" height=\"338\" frameborder=\"0\" marginwidth=\"0\" marginheight=\"0\" scrolling=\"no\"><\/iframe><\/p>\n<p style=\"text-align: justify;\"><span style=\"font-size: 18pt;\"><strong>\u00a0<\/strong><\/span><\/p>\n<blockquote class=\"wp-embedded-content\" data-secret=\"E12tm0abkx\"><p><a href=\"https:\/\/collectif-accad.fr\/site\/mairies\/communes-qui-refusent\/\">Communes qui refusent<\/a><\/p><\/blockquote>\n<p><iframe loading=\"lazy\" class=\"wp-embedded-content\" sandbox=\"allow-scripts\" security=\"restricted\" style=\"position: absolute; clip: rect(1px, 1px, 1px, 1px);\" title=\"\u00ab\u00a0Communes qui refusent\u00a0\u00bb &#8212; ACCAD : Anti Compteurs Communicants Artois (62)-Douaisis (59)\" src=\"https:\/\/collectif-accad.fr\/site\/mairies\/communes-qui-refusent\/embed\/#?secret=2IBwHRFLDv#?secret=E12tm0abkx\" data-secret=\"E12tm0abkx\" width=\"600\" height=\"338\" frameborder=\"0\" marginwidth=\"0\" marginheight=\"0\" scrolling=\"no\"><\/iframe><\/p>\n<blockquote class=\"wp-embedded-content\" data-secret=\"IuK1jAXw0S\"><p><a href=\"https:\/\/collectif-accad.fr\/site\/mairies\/courrier-au-maire\/\">Courrier au maire<\/a><\/p><\/blockquote>\n<p><iframe loading=\"lazy\" class=\"wp-embedded-content\" sandbox=\"allow-scripts\" security=\"restricted\" style=\"position: absolute; clip: rect(1px, 1px, 1px, 1px);\" title=\"\u00ab\u00a0Courrier au maire\u00a0\u00bb &#8212; ACCAD : Anti Compteurs Communicants Artois (62)-Douaisis (59)\" src=\"https:\/\/collectif-accad.fr\/site\/mairies\/courrier-au-maire\/embed\/#?secret=st2uvDpPZE#?secret=IuK1jAXw0S\" data-secret=\"IuK1jAXw0S\" width=\"600\" height=\"338\" frameborder=\"0\" marginwidth=\"0\" marginheight=\"0\" scrolling=\"no\"><\/iframe><\/p>\n<p style=\"text-align: center;\">************************\u00a0\u00a0\u00a0\u00a0\u00a0\u00a0\u00a0\u00a0\u00a0\u00a0\u00a0\u00a0\u00a0\u00a0 ******************<\/p>\n<p style=\"text-align: justify;\">Plus de 900 maires ont d\u00e9j\u00e0 fait le choix de refuser la mise en place de ces compteurs, ou de limiter leur d\u00e9ploiement sans utilisation de CPL.<\/p>\n<p style=\"text-align: justify;\"><a href=\"http:\/\/refus.linky.gazpar.free.fr\/\">http:\/\/refus.linky.gazpar.free.fr\/<\/a><\/p>\n<p style=\"text-align: justify;\">C\u2019est l\u2019exemple \u00e0 suivre. Seul le maire d\u2019une commune, <strong>soutenu (ou contraint) <\/strong>par ses citoyens peut faire voter en conseil municipal le refus de la pose des compteurs Linky.<\/p>\n<p style=\"text-align: justify;\">Il faut rappeler que des maires de la r\u00e9gion font passer des arr\u00eat\u00e9s pour montrer leur opposition \u00e0 la pose du compteur dit \u00ab\u00a0intelligents\u00a0\u00bb. Il faudra qu\u2019il y en ait encore plus.<\/p>\n<p style=\"text-align: justify;\">Il est aussi possible pour les communes de soutenir les personnes qui refusent la pose du compteur ; par exemple en emp\u00eachant le \u00ab\u00a0partenaire Enedis\u00a0\u00bb\u00a0 de remplacer les compteurs actuels&#8230;<\/p>\n<p style=\"text-align: justify;\">Il faut savoir que des communes ont du mal \u00e0 franchir le pas car elles ont peur notamment d\u2019EDF et de ses filiales. Il y a aussi des communes qui ne veulent pas s\u2019occuper du probl\u00e8me ou qui sont en cheville avec Enedis. Par exemple, dans une commune du Pas-de-Calais proche de Douai, le maire-pr\u00e9sident d\u2019une communaut\u00e9 de communes a fait une r\u00e9union r\u00e9serv\u00e9e aux seuls \u00e9lus \u2026 et uniquement avec Enedis. Puis Enedis a continu\u00e9 dans la lanc\u00e9e en organisant des petites r\u00e9unions en mairie. Dans une autre commune, on refuse le pr\u00eat de salle pour une r\u00e9union publique.<\/p>\n<p style=\"text-align: center;\">***************\u00a0\u00a0\u00a0\u00a0\u00a0\u00a0\u00a0\u00a0\u00a0 **********************<\/p>\n<p style=\"text-align: center;\"><b>Pour voir d\u2019autres documents \u00e0 l\u2019attention des communes<\/b><\/p>\n<p style=\"text-align: justify;\"><a href=\"https:\/\/www.artemisia-lawyers.com\/fran%C3%A7ais\/publications-et-interventions\/compteurs-linky\">https:\/\/www.artemisia-lawyers.com\/fran%C3%A7ais\/publication-<\/a><\/p>\n<p style=\"text-align: center;\"><img loading=\"lazy\" decoding=\"async\" class=\"alignnone size-full wp-image-232\" src=\"https:\/\/collectif-accad.fr\/site\/wp-content\/uploads\/2018\/07\/Linky-diapos-14.jpg\" alt=\"\" width=\"552\" height=\"400\" srcset=\"https:\/\/collectif-accad.fr\/site\/wp-content\/uploads\/2018\/07\/Linky-diapos-14.jpg 552w, https:\/\/collectif-accad.fr\/site\/wp-content\/uploads\/2018\/07\/Linky-diapos-14-300x217.jpg 300w\" sizes=\"auto, (max-width: 552px) 100vw, 552px\" \/><\/p>\n<p style=\"text-align: justify;\">\n","protected":false},"excerpt":{"rendered":"<p>Trois rubriques Qui est propri\u00e9taire du Linky ? \u00a0 Communes qui refusent Courrier au maire ************************\u00a0\u00a0\u00a0\u00a0\u00a0\u00a0\u00a0\u00a0\u00a0\u00a0\u00a0\u00a0\u00a0\u00a0 ****************** Plus de 900 maires ont d\u00e9j\u00e0 fait le choix de refuser la mise en place de ces compteurs, ou de limiter leur d\u00e9ploiement sans utilisation de CPL. http:\/\/refus.linky.gazpar.free.fr\/ C\u2019est l\u2019exemple \u00e0 suivre. Seul le maire d\u2019une commune, soutenu &hellip; <a href=\"https:\/\/collectif-accad.fr\/site\/mairies\/\" class=\"more-link\">Continuer la lecture de <span class=\"screen-reader-text\">Mairies<\/span><\/a><\/p>\n","protected":false},"author":4,"featured_media":0,"parent":0,"menu_order":0,"comment_status":"closed","ping_status":"closed","template":"","meta":{"footnotes":""},"class_list":["post-191","page","type-page","status-publish","hentry"],"_links":{"self":[{"href":"https:\/\/collectif-accad.fr\/site\/wp-json\/wp\/v2\/pages\/191","targetHints":{"allow":["GET"]}}],"collection":[{"href":"https:\/\/collectif-accad.fr\/site\/wp-json\/wp\/v2\/pages"}],"about":[{"href":"https:\/\/collectif-accad.fr\/site\/wp-json\/wp\/v2\/types\/page"}],"author":[{"embeddable":true,"href":"https:\/\/collectif-accad.fr\/site\/wp-json\/wp\/v2\/users\/4"}],"replies":[{"embeddable":true,"href":"https:\/\/collectif-accad.fr\/site\/wp-json\/wp\/v2\/comments?post=191"}],"version-history":[{"count":24,"href":"https:\/\/collectif-accad.fr\/site\/wp-json\/wp\/v2\/pages\/191\/revisions"}],"predecessor-version":[{"id":3806,"href":"https:\/\/collectif-accad.fr\/site\/wp-json\/wp\/v2\/pages\/191\/revisions\/3806"}],"wp:attachment":[{"href":"https:\/\/collectif-accad.fr\/site\/wp-json\/wp\/v2\/media?parent=191"}],"curies":[{"name":"wp","href":"https:\/\/api.w.org\/{rel}","templated":true}]}}