{"id":1874,"date":"2018-10-13T09:13:53","date_gmt":"2018-10-13T07:13:53","guid":{"rendered":"https:\/\/collectif-accad.fr\/site\/?page_id=1874"},"modified":"2018-10-13T09:30:18","modified_gmt":"2018-10-13T07:30:18","slug":"pose-gratuite","status":"publish","type":"page","link":"https:\/\/collectif-accad.fr\/site\/refuser-linky\/pose-gratuite\/","title":{"rendered":"Pose gratuite ?"},"content":{"rendered":"<p style=\"text-align: center;\"><span style=\"font-size: 18pt;\"><strong>Pose gratuite\u00a0? Un mensonge\u00a0!<\/strong><\/span><\/p>\n<p style=\"text-align: justify;\">Si ce n&rsquo;est pas d\u00e9j\u00e0 fait, un \u00ab\u00a0partenaire\u00a0\u00bb d&rsquo;Enedis va un jour frapper \u00e0 votre porte\u00a0 pour vous proposer d&rsquo;installer son nouveau compteur \u00e9lectrique, le fameux\u00a0<a href=\"https:\/\/www.marianne.net\/tags\/linky\">Linky<\/a>. Parmi les diverses inqui\u00e9tudes, voire r\u00e9sistances que soul\u00e8ve le bo\u00eetier fluo, une question revient souvent : sa pose est-elle gratuite ? Sur le moment, oui, vous n&rsquo;aurez rien \u00e0 d\u00e9bourser et ne recevrez pas de facture. Mais \u00e0 un moment donn\u00e9, une contribution vous sera bel et bien pr\u00e9lev\u00e9e\u2026<\/p>\n<p style=\"text-align: justify;\">C&rsquo;est d&rsquo;ailleurs ce qu&rsquo;a reconnu -sans trop insister, bien entendu- le nouveau directeur de projet Linky, Herv\u00e9 Champenois, lors de l&rsquo;\u00e9mission \u00ab\u00a0la quotidienne\u00a0\u00bbsur France 5 le mardi 2 octobre.<\/p>\n<p style=\"text-align: justify;\">Explications.<\/p>\n<p style=\"text-align: justify;\">Depuis l&rsquo;automne 2015 et jusqu&rsquo;en 2021, Enedis tente de d\u00e9ployer 35 millions de compteurs<em>\u00a0\u00ab\u00a0intelligents\u00a0\u00bb\u00a0<\/em>sur tout le territoire. Si l&rsquo;installation, dont le co\u00fbt unitaire est \u00e9valu\u00e9 \u00e0 130 euros, n&rsquo;est pas imm\u00e9diatement factur\u00e9e aux m\u00e9nages, Enedis n&rsquo;a accept\u00e9 que temporairement de prendre en charge la totalit\u00e9 des frais de mise en place.\u00a0<em>In fine<\/em>, les particuliers finiront bel et bien par y participer en s&rsquo;acquittant d&rsquo;une contribution au titre du\u00a0<em>\u00ab\u00a0co\u00fbt du d\u00e9ploiement\u00a0\u00bb<\/em>.<\/p>\n<p style=\"text-align: justify;\">15 euros par an pendant 10 ans<\/p>\n<p style=\"text-align: justify;\">La Commission de r\u00e9gulation de l&rsquo;\u00e9nergie (<a href=\"https:\/\/www.marianne.net\/societe\/engie-les-tarifs-reglementes-du-gaz-pourraient-augmenter-de-65-en-juillet\">CRE<\/a>) et le distributeur d&rsquo;\u00e9lectricit\u00e9 ont en effet d\u00e9cid\u00e9 d&rsquo;appliquer un syst\u00e8me de\u00a0<em>\u00ab\u00a0diff\u00e9r\u00e9 tarifaire\u00a0\u00bb<\/em>. En clair, il est pr\u00e9vu de ne faire payer les m\u00e9nages qu&rsquo;\u00e0 partir de 2021, quand ils auront enregistr\u00e9 leurs premi\u00e8res \u00e9conomies\u00a0<em>\u00ab\u00a0gr\u00e2ce \u00e0 cette nouvelle\u00a0technologie\u00a0\u00bb<\/em>, fait valoir Enedis, ce qui permettra\u00a0<em>\u00ab\u00a0d&rsquo;\u00e9quilibrer les d\u00e9penses\u00a0\u00bb<\/em>.<\/p>\n<p style=\"text-align: justify;\">Selon les calculs de l&rsquo;<a href=\"https:\/\/www.quechoisir.org\/action-ufc-que-choisir-linky-refusons-de-payer-pour-enedis-n52364\/\">UFC-Que choisir<\/a>, les particuliers auront \u00e0\u00a0<em>\u00ab\u00a0payer 15 euros par an pendant dix ans pour permettre \u00e0 Enedis d&rsquo;installer un compteur\u00a0\u00bb<\/em>. Soit jusqu&rsquo;en 2031. Mais au bout du compte, l&rsquo;op\u00e9ration sera-t-elle\u00a0<em>\u00ab\u00a0neutre\u00a0\u00bb<\/em>\u00a0pour les particuliers, comme l&rsquo;affirme la CRE ? Selon une\u00a0<a href=\"https:\/\/presse.ademe.fr\/wp-content\/uploads\/2018\/09\/Avis-de-lademe_Compteurs-communiquants_Septembre2018-1.pdf\">\u00e9tude<\/a>\u00a0publi\u00e9e le mois dernier par l&rsquo;Agence de l&rsquo;<a href=\"https:\/\/www.marianne.net\/tags\/environnement\">environnement<\/a>\u00a0et de la ma\u00eetrise de l&rsquo;\u00e9nergie (Ademe), Linky permettra aux foyers de faire des\u00a0<em>\u00ab\u00a0\u00e9conomies de 7,7% en moyenne\u00a0\u00bb\u00a0<\/em>qui<em>\u00a0\u00ab\u00a0pourront aller jusqu\u2019\u00e0 10% pour les plus gros consommateurs\u00a0\u00bb.<\/em>\u00a0Tr\u00e8s concr\u00e8tement, un particulier qui occupe un studio sans se chauffer \u00e0 l&rsquo;\u00e9lectrique et qui s&rsquo;acquitte d&rsquo;une facture d&rsquo;\u00e9lectricit\u00e9 annuelle oscillant entre 247,80 euros et 262,32 euros, en fonction de son fournisseur d&rsquo;\u00e9lectricit\u00e9, devrait donc pouvoir \u00e9conomiser entre 19 et 20,20 euros. De leur c\u00f4t\u00e9, des occupants d&rsquo;une maison de plus de 80 m2\u00a0qui se chauffent \u00e0 l&rsquo;\u00e9lectricit\u00e9, \u00e9conomiseront entre 189,92 euros et 197,92 euros, sur une facture de pr\u00e8s de 2.500 euros. Si l&rsquo;on se fie \u00e0 ces pr\u00e9visions, l&rsquo;op\u00e9ration semble donc effectivement gagnante pour le consommateur.<\/p>\n<p style=\"text-align: justify;\">Mais la r\u00e9alit\u00e9 nous rattrape car les \u00e9conomies probables calcul\u00e9es par l\u2019Ademe se transforment souvent en \u2026 surfacturation\u00a0!<\/p>\n<p style=\"text-align: justify;\">En conclusion \u2013provisoire\u00a0?- le principal gagnant de cette pose dite \u00ab\u00a0gratuite\u00a0\u00bb restera \u2026 Enedis. En effet, les financements re\u00e7us par le distributeur d&rsquo;\u00e9lectricit\u00e9 pour pouvoir prendre en charge le co\u00fbt d&rsquo;installation des compteurs ont \u00e9t\u00e9 obtenus \u00e0 des conditions tr\u00e8s favorables. Selon un\u00a0<a href=\"https:\/\/www.ccomptes.fr\/sites\/default\/files\/2018-01\/07-compteurs-communicants-Linky-Tome-1.pdf\">rapport<\/a>\u00a0de la\u00a0<a href=\"https:\/\/www.marianne.net\/societe\/edf-enedis-la-cour-des-comptes-deux-doigts-de-refuser-aussi-le-compteur-linky-obligatoire\">Cour des comptes<\/a>, si la pose de 3 millions de compteurs a \u00e9t\u00e9 financ\u00e9e \u00e0 partir de fonds propres d&rsquo;Enedis, le reste l&rsquo;a \u00e9t\u00e9 via un \u00ab\u00a0<em>pr\u00eat intragroupe au taux de 0,77% adoss\u00e9 \u00e0 un financement de la Banque europ\u00e9enne d&rsquo;investissement (BEI)\u00a0\u00bb\u00a0<\/em>accord\u00e9 au distributeur d&rsquo;\u00e9nergie. Or, le taux d&rsquo;int\u00e9r\u00eat de l&rsquo;avance faite aux m\u00e9nages est quant \u00e0 lui fix\u00e9 \u00e0 4,6%, rel\u00e8vent les magistrats. D\u2019apr\u00e8s leurs calculs, l\u2019op\u00e9ration repr\u00e9senterait donc\u00a0<em>\u00ab\u00a0une marge de 2,8%\u00a0\u00bb<\/em>\u00a0pour Enedis. Pour les usagers, cela devrait correspondre \u00e0 un\u00a0<em>\u00ab\u00a0surco\u00fbt de 506 millions d\u2019euros sur la p\u00e9riode 2014-2031\u00a0\u00bb<\/em>.<\/p>\n<p style=\"text-align: justify;\"><strong>Il ne faut pas non plus oublier qu&rsquo;au bout des 10 ans de remboursement du compteur, il nous faudra recommencer car ces compteurs seront en fin de vie\u00a0!<\/strong><\/p>\n<p style=\"text-align: center;\"><img loading=\"lazy\" decoding=\"async\" class=\"alignnone size-full wp-image-1876\" src=\"https:\/\/collectif-accad.fr\/site\/wp-content\/uploads\/2018\/10\/Ondes-1809-03.jpg\" alt=\"\" width=\"1044\" height=\"328\" srcset=\"https:\/\/collectif-accad.fr\/site\/wp-content\/uploads\/2018\/10\/Ondes-1809-03.jpg 1044w, https:\/\/collectif-accad.fr\/site\/wp-content\/uploads\/2018\/10\/Ondes-1809-03-300x94.jpg 300w, https:\/\/collectif-accad.fr\/site\/wp-content\/uploads\/2018\/10\/Ondes-1809-03-768x241.jpg 768w, https:\/\/collectif-accad.fr\/site\/wp-content\/uploads\/2018\/10\/Ondes-1809-03-1024x322.jpg 1024w\" sizes=\"auto, (max-width: 1044px) 100vw, 1044px\" \/><\/p>\n<p style=\"text-align: justify;\">\n","protected":false},"excerpt":{"rendered":"<p>Pose gratuite\u00a0? Un mensonge\u00a0! Si ce n&rsquo;est pas d\u00e9j\u00e0 fait, un \u00ab\u00a0partenaire\u00a0\u00bb d&rsquo;Enedis va un jour frapper \u00e0 votre porte\u00a0 pour vous proposer d&rsquo;installer son nouveau compteur \u00e9lectrique, le fameux\u00a0Linky. Parmi les diverses inqui\u00e9tudes, voire r\u00e9sistances que soul\u00e8ve le bo\u00eetier fluo, une question revient souvent : sa pose est-elle gratuite ? Sur le moment, oui, &hellip; <a href=\"https:\/\/collectif-accad.fr\/site\/refuser-linky\/pose-gratuite\/\" class=\"more-link\">Continuer la lecture de <span class=\"screen-reader-text\">Pose gratuite ?<\/span><\/a><\/p>\n","protected":false},"author":4,"featured_media":0,"parent":132,"menu_order":0,"comment_status":"closed","ping_status":"closed","template":"","meta":{"footnotes":""},"class_list":["post-1874","page","type-page","status-publish","hentry"],"_links":{"self":[{"href":"https:\/\/collectif-accad.fr\/site\/wp-json\/wp\/v2\/pages\/1874","targetHints":{"allow":["GET"]}}],"collection":[{"href":"https:\/\/collectif-accad.fr\/site\/wp-json\/wp\/v2\/pages"}],"about":[{"href":"https:\/\/collectif-accad.fr\/site\/wp-json\/wp\/v2\/types\/page"}],"author":[{"embeddable":true,"href":"https:\/\/collectif-accad.fr\/site\/wp-json\/wp\/v2\/users\/4"}],"replies":[{"embeddable":true,"href":"https:\/\/collectif-accad.fr\/site\/wp-json\/wp\/v2\/comments?post=1874"}],"version-history":[{"count":3,"href":"https:\/\/collectif-accad.fr\/site\/wp-json\/wp\/v2\/pages\/1874\/revisions"}],"predecessor-version":[{"id":1882,"href":"https:\/\/collectif-accad.fr\/site\/wp-json\/wp\/v2\/pages\/1874\/revisions\/1882"}],"up":[{"embeddable":true,"href":"https:\/\/collectif-accad.fr\/site\/wp-json\/wp\/v2\/pages\/132"}],"wp:attachment":[{"href":"https:\/\/collectif-accad.fr\/site\/wp-json\/wp\/v2\/media?parent=1874"}],"curies":[{"name":"wp","href":"https:\/\/api.w.org\/{rel}","templated":true}]}}