{"id":187,"date":"2018-07-09T16:30:07","date_gmt":"2018-07-09T14:30:07","guid":{"rendered":"https:\/\/collectif-accad.fr\/site\/?page_id=187"},"modified":"2018-10-18T07:37:07","modified_gmt":"2018-10-18T05:37:07","slug":"gazpar","status":"publish","type":"page","link":"https:\/\/collectif-accad.fr\/site\/autres-compteurs\/gazpar\/","title":{"rendered":"Gazpar"},"content":{"rendered":"<p style=\"text-align: center;\"><strong><span style=\"font-size: 18pt;\">Deux sous-rubriques<\/span><\/strong><\/p>\n<blockquote class=\"wp-embedded-content\" data-secret=\"3CpGM1ZAKk\"><p><a href=\"https:\/\/collectif-accad.fr\/site\/autres-compteurs\/gazpar\/pourquoi-refuser\/\">Pourquoi refuser ?<\/a><\/p><\/blockquote>\n<p><iframe loading=\"lazy\" class=\"wp-embedded-content\" sandbox=\"allow-scripts\" security=\"restricted\" style=\"position: absolute; clip: rect(1px, 1px, 1px, 1px);\" title=\"\u00ab\u00a0Pourquoi refuser ?\u00a0\u00bb &#8212; ACCAD : Anti Compteurs Communicants Artois (62)-Douaisis (59)\" src=\"https:\/\/collectif-accad.fr\/site\/autres-compteurs\/gazpar\/pourquoi-refuser\/embed\/#?secret=fio1TNr0uu#?secret=3CpGM1ZAKk\" data-secret=\"3CpGM1ZAKk\" width=\"600\" height=\"338\" frameborder=\"0\" marginwidth=\"0\" marginheight=\"0\" scrolling=\"no\"><\/iframe><\/p>\n<blockquote class=\"wp-embedded-content\" data-secret=\"3fSVzrZM5C\"><p><a href=\"https:\/\/collectif-accad.fr\/site\/autres-compteurs\/gazpar\/comment-refuser\/\">Comment refuser ?<\/a><\/p><\/blockquote>\n<p><iframe loading=\"lazy\" class=\"wp-embedded-content\" sandbox=\"allow-scripts\" security=\"restricted\" style=\"position: absolute; clip: rect(1px, 1px, 1px, 1px);\" title=\"\u00ab\u00a0Comment refuser ?\u00a0\u00bb &#8212; ACCAD : Anti Compteurs Communicants Artois (62)-Douaisis (59)\" src=\"https:\/\/collectif-accad.fr\/site\/autres-compteurs\/gazpar\/comment-refuser\/embed\/#?secret=FiuwdA39Ri#?secret=3fSVzrZM5C\" data-secret=\"3fSVzrZM5C\" width=\"600\" height=\"338\" frameborder=\"0\" marginwidth=\"0\" marginheight=\"0\" scrolling=\"no\"><\/iframe><\/p>\n<p style=\"text-align: center;\"><img loading=\"lazy\" decoding=\"async\" class=\"alignnone size-full wp-image-477\" src=\"https:\/\/collectif-accad.fr\/site\/wp-content\/uploads\/2018\/07\/Gazpar-180720-1.jpg\" alt=\"\" width=\"1348\" height=\"930\" srcset=\"https:\/\/collectif-accad.fr\/site\/wp-content\/uploads\/2018\/07\/Gazpar-180720-1.jpg 1348w, https:\/\/collectif-accad.fr\/site\/wp-content\/uploads\/2018\/07\/Gazpar-180720-1-300x207.jpg 300w, https:\/\/collectif-accad.fr\/site\/wp-content\/uploads\/2018\/07\/Gazpar-180720-1-768x530.jpg 768w, https:\/\/collectif-accad.fr\/site\/wp-content\/uploads\/2018\/07\/Gazpar-180720-1-1024x706.jpg 1024w\" sizes=\"auto, (max-width: 1348px) 100vw, 1348px\" \/><\/p>\n<p style=\"text-align: center;\"><span style=\"font-size: 18pt;\"><strong>Les r\u00e9seaux de distribution de gaz naturel<\/strong><\/span><\/p>\n<p style=\"text-align: justify;\">11 millions de consommateurs environ sont raccord\u00e9s aux r\u00e9seaux de distribution de gaz naturel. Ils sont aliment\u00e9s par 26 gestionnaires de r\u00e9seaux de distribution (GRD) de gaz naturel, de tailles tr\u00e8s in\u00e9gales :<\/p>\n<ul style=\"text-align: justify;\">\n<li>GRDF distribue 96 % des quantit\u00e9s de gaz naturel distribu\u00e9es et achemine le gaz naturel sur la majorit\u00e9 du territoire fran\u00e7ais ;<\/li>\n<li>22 GRD de plus petite taille, aussi appel\u00e9s entreprises locales de distribution (ELD) :\n<ul>\n<li>R\u00e9gaz-Bordeaux et R-GDS qui repr\u00e9sentent chacun 1,5 % environ des volumes de gaz distribu\u00e9s et acheminent le gaz naturel respectivement pour la ville de Bordeaux et 45 autres communes du d\u00e9partement de la Gironde, et pour la ville de Strasbourg et 113 autres communes du d\u00e9partement du Bas-Rhin (dont 80 en zone p\u00e9r\u00e9qu\u00e9e) ;<\/li>\n<li>20 autres GRD qui repr\u00e9sentent au total 1 % des quantit\u00e9s de gaz distribu\u00e9es et ne sont pas tenus par la loi de s\u00e9parer juridiquement leurs activit\u00e9s de distribution et celles de production ou de fourniture ;<\/li>\n<\/ul>\n<\/li>\n<li>3 GRD dits \u00ab\u00a0nouveaux entrants\u00a0\u00bb pour la distribution de gaz naturel en France\u00a0: Antargaz depuis octobre 2008, la SICAE de la Somme et du Cambraisis depuis avril 2010 et S\u00e9olis depuis juillet 2014 dont l\u2019activit\u00e9 d\u2019origine est respectivement la distribution de gaz propane et butane et la distribution d\u2019\u00e9lectricit\u00e9.<\/li>\n<\/ul>\n<h2 style=\"text-align: center;\"><strong>Carte de France des diff\u00e9rents r\u00e9seaux<\/strong><\/h2>\n<p style=\"text-align: justify;\"><a href=\"https:\/\/www.cre.fr\/var\/storage\/images\/_aliases\/reference\/0\/5\/0\/4\/214050-1-fre-FR\/France-Regies-01.png\">https:\/\/www.cre.fr\/var\/storage\/images\/_aliases\/reference\/0\/5\/0\/4\/2<\/a><\/p>\n<p style=\"text-align: center;\"><img loading=\"lazy\" decoding=\"async\" class=\"alignnone size-full wp-image-512\" src=\"https:\/\/collectif-accad.fr\/site\/wp-content\/uploads\/2018\/07\/Linky_Gazpar.jpg\" alt=\"\" width=\"1982\" height=\"1151\" srcset=\"https:\/\/collectif-accad.fr\/site\/wp-content\/uploads\/2018\/07\/Linky_Gazpar.jpg 1982w, https:\/\/collectif-accad.fr\/site\/wp-content\/uploads\/2018\/07\/Linky_Gazpar-300x174.jpg 300w, https:\/\/collectif-accad.fr\/site\/wp-content\/uploads\/2018\/07\/Linky_Gazpar-768x446.jpg 768w, https:\/\/collectif-accad.fr\/site\/wp-content\/uploads\/2018\/07\/Linky_Gazpar-1024x595.jpg 1024w\" sizes=\"auto, (max-width: 1982px) 100vw, 1982px\" \/><\/p>\n<p style=\"text-align: center;\"><img loading=\"lazy\" decoding=\"async\" class=\"alignnone size-full wp-image-488\" src=\"https:\/\/collectif-accad.fr\/site\/wp-content\/uploads\/2018\/07\/Mericourt_Gazpar-180608-01.jpg\" alt=\"\" width=\"600\" height=\"800\" srcset=\"https:\/\/collectif-accad.fr\/site\/wp-content\/uploads\/2018\/07\/Mericourt_Gazpar-180608-01.jpg 600w, https:\/\/collectif-accad.fr\/site\/wp-content\/uploads\/2018\/07\/Mericourt_Gazpar-180608-01-225x300.jpg 225w\" sizes=\"auto, (max-width: 600px) 100vw, 600px\" \/><\/p>\n","protected":false},"excerpt":{"rendered":"<p>Deux sous-rubriques Pourquoi refuser ? Comment refuser ? Les r\u00e9seaux de distribution de gaz naturel 11 millions de consommateurs environ sont raccord\u00e9s aux r\u00e9seaux de distribution de gaz naturel. Ils sont aliment\u00e9s par 26 gestionnaires de r\u00e9seaux de distribution (GRD) de gaz naturel, de tailles tr\u00e8s in\u00e9gales : GRDF distribue 96 % des quantit\u00e9s de &hellip; <a href=\"https:\/\/collectif-accad.fr\/site\/autres-compteurs\/gazpar\/\" class=\"more-link\">Continuer la lecture de <span class=\"screen-reader-text\">Gazpar<\/span><\/a><\/p>\n","protected":false},"author":4,"featured_media":0,"parent":161,"menu_order":0,"comment_status":"closed","ping_status":"closed","template":"","meta":{"footnotes":""},"class_list":["post-187","page","type-page","status-publish","hentry"],"_links":{"self":[{"href":"https:\/\/collectif-accad.fr\/site\/wp-json\/wp\/v2\/pages\/187","targetHints":{"allow":["GET"]}}],"collection":[{"href":"https:\/\/collectif-accad.fr\/site\/wp-json\/wp\/v2\/pages"}],"about":[{"href":"https:\/\/collectif-accad.fr\/site\/wp-json\/wp\/v2\/types\/page"}],"author":[{"embeddable":true,"href":"https:\/\/collectif-accad.fr\/site\/wp-json\/wp\/v2\/users\/4"}],"replies":[{"embeddable":true,"href":"https:\/\/collectif-accad.fr\/site\/wp-json\/wp\/v2\/comments?post=187"}],"version-history":[{"count":18,"href":"https:\/\/collectif-accad.fr\/site\/wp-json\/wp\/v2\/pages\/187\/revisions"}],"predecessor-version":[{"id":1939,"href":"https:\/\/collectif-accad.fr\/site\/wp-json\/wp\/v2\/pages\/187\/revisions\/1939"}],"up":[{"embeddable":true,"href":"https:\/\/collectif-accad.fr\/site\/wp-json\/wp\/v2\/pages\/161"}],"wp:attachment":[{"href":"https:\/\/collectif-accad.fr\/site\/wp-json\/wp\/v2\/media?parent=187"}],"curies":[{"name":"wp","href":"https:\/\/api.w.org\/{rel}","templated":true}]}}