{"id":167,"date":"2018-07-09T16:02:22","date_gmt":"2018-07-09T14:02:22","guid":{"rendered":"https:\/\/collectif-accad.fr\/site\/?page_id=167"},"modified":"2022-08-24T08:14:14","modified_gmt":"2022-08-24T06:14:14","slug":"liens","status":"publish","type":"page","link":"https:\/\/collectif-accad.fr\/site\/liens\/","title":{"rendered":"Documentations et Sites"},"content":{"rendered":"<p style=\"text-align: center;\"><span style=\"font-size: 18pt;\"><em><span style=\"color: #ff0000;\"><strong><u>DOCUMENTATION<\/u><\/strong><\/span> <span style=\"font-size: 12pt;\"><strong>(non exhaustive)<\/strong><\/span><\/em><\/span><\/p>\n<p><strong>Phonegate\u00a0; <\/strong>Marc Arazi<\/p>\n<p><strong>Ces ondes qui nous entourent\u00a0; <\/strong>Martin Blank<\/p>\n<p><strong>5G mon amour\u00a0<\/strong>; Nicolas B\u00e9rard<\/p>\n<p><strong>Ce monde connect\u00e9 que l\u2019on nous impose\u00a0<\/strong>; Nicolas B\u00e9rard<\/p>\n<p><strong>Le monde de la 5G, la d\u00e9mocratie en p\u00e9ril<\/strong>\u00a0; Denis Bourgeois<\/p>\n<p><strong>La face cach\u00e9e de la 5G\u00a0<\/strong>; David Bruno<\/p>\n<p><strong>D\u00e9brancher la 5G<\/strong>\u00a0; collectif At\u00e9copol<\/p>\n<p><strong>La pollution \u00e9lectromagn\u00e9tique\u00a0<\/strong>; conseil d\u2019experts<\/p>\n<p><strong>La fabrique du cr\u00e9tin digital\u00a0;<\/strong> Michel Desmurget<\/p>\n<p><strong>La servitude \u00e9lectrique\u00a0<\/strong>; G\u00e9rard Dubey et Alain Gras<\/p>\n<p><strong>Portables et antennes, mauvaises ondes\u00a0<\/strong>; Richard Forget<\/p>\n<p><strong>On ach\u00e8ve bien les enfants, \u00e9crans et barbarie num\u00e9rique\u00a0: <\/strong>Fabien Lebrun<\/p>\n<p><strong>La libert\u00e9 dans le coma\u00a0; <\/strong>groupe Marcuse<\/p>\n<p><strong>Le meilleur des e-mondes\u00a0<\/strong>; Stephen Kerckhove<\/p>\n<p><strong>Contre l\u2019alternum\u00e9risme\u00a0<\/strong>; Julia La\u00efnae et Nicolas Alep<\/p>\n<p><strong>L\u2019enfer num\u00e9rique\u00a0<\/strong>; Guillaume Pitron<\/p>\n<p>&nbsp;<\/p>\n<p><strong>Et si c\u2019\u00e9tait les ondes\u00a0:\u00a0\u00a0\u00a0\u00a0\u00a0\u00a0\u00a0\u00a0\u00a0\u00a0\u00a0\u00a0\u00a0\u00a0\u00a0\u00a0\u00a0\u00a0 <\/strong><\/p>\n<p><a href=\"https:\/\/ccaves.org\/blog\/wp-content\/uploads\/et-si-c-etait-les-ondes-JANV2020.pdf\">https:\/\/ccaves.org\/blog\/wp-content\/uploads\/et-si-c-etait-les-ondes-JANV2020.pdf<\/a><\/p>\n<p>&nbsp;<\/p>\n<p style=\"text-align: center;\"><em><span style=\"font-size: 18pt; color: #ff0000;\"><strong><u>SITES<\/u><\/strong><\/span> <\/em><span style=\"font-size: 12pt;\"><strong>(non exhaustifs)<\/strong><\/span><\/p>\n<p>&nbsp;<\/p>\n<p><span style=\"font-family: comic sans ms, sans-serif; font-size: 14pt;\">Agir pour l\u2019environnement\u00a0\u00a0\u00a0\u00a0\u00a0\u00a0\u00a0\u00a0\u00a0\u00a0\u00a0\u00a0\u00a0\u00a0\u00a0\u00a0\u00a0 <a href=\"http:\/\/www.agirpourlenvironnement.org\/\">www.agi<\/a><a href=\"http:\/\/www.agirpourlenvironnement.org\/\">r<\/a><a href=\"http:\/\/www.agirpourlenvironnement.org\/\">pourlenvironnement.org<\/a><\/span><\/p>\n<p><span style=\"font-family: comic sans ms, sans-serif; font-size: 14pt;\">Alerte Phone Gate \u00a0\u00a0\u00a0\u00a0\u00a0\u00a0\u00a0\u00a0\u00a0\u00a0\u00a0\u00a0\u00a0\u00a0\u00a0\u00a0\u00a0\u00a0\u00a0\u00a0\u00a0\u00a0\u00a0\u00a0\u00a0\u00a0\u00a0 <a href=\"https:\/\/phonegatealert.org\/\">https:\/\/phonegatealert.org\/<\/a><\/span><\/p>\n<p><span style=\"font-family: comic sans ms, sans-serif; font-size: 14pt;\">Association zones blanches\u00a0\u00a0\u00a0\u00a0\u00a0\u00a0\u00a0\u00a0\u00a0\u00a0\u00a0\u00a0\u00a0 \u00a0 <a href=\"http:\/\/www.asso-zonesblanches.org\/\">www.asso-zonesblanches.org<\/a><\/span><\/p>\n<p><span style=\"font-size: 14pt; font-family: comic sans ms, sans-serif;\"><span style=\"color: #000080;\"><span lang=\"zxx\"><span style=\"color: #000000;\"><span lang=\"fr-FR\">C<\/span><\/span><\/span><\/span><span style=\"color: #000080;\"><span lang=\"zxx\"><span style=\"color: #000000;\"><span lang=\"fr-FR\">oeur d\u2019EHS \u00a0 \u00a0 \u00a0 \u00a0 \u00a0 \u00a0 \u00a0 \u00a0 \u00a0 \u00a0 \u00a0 \u00a0 \u00a0 \u00a0 \u00a0 \u00a0 \u00a0 \u00a0\u00a0 <\/span><\/span><\/span><\/span><span style=\"color: #000080;\"><span lang=\"zxx\"><span lang=\"fr-FR\"><a href=\"http:\/\/coeursdehs.fr\/\">http:\/\/coeursdehs.fr\/<\/a> <\/span><\/span><\/span><\/span><\/p>\n<p><span style=\"font-family: comic sans ms, sans-serif; font-size: 14pt;\">Collectif Surexposition \u00e9crans\u00a0\u00a0\u00a0\u00a0\u00a0\u00a0\u00a0\u00a0 <a href=\"http:\/\/www.surexpositionecrans.org\/\">\u00a0www.surexpositionecrans.org<\/a><\/span><\/p>\n<p><span style=\"font-family: comic sans ms, sans-serif; font-size: 14pt;\">La quadrature du net\u00a0\u00a0\u00a0\u00a0\u00a0\u00a0\u00a0\u00a0\u00a0\u00a0\u00a0\u00a0\u00a0\u00a0\u00a0\u00a0\u00a0\u00a0\u00a0\u00a0\u00a0\u00a0\u00a0\u00a0 <a href=\"https:\/\/www.laquadrature.net\/\">https:\/\/www.laquadrature.net<\/a><\/span><\/p>\n<p><span style=\"font-family: comic sans ms, sans-serif; font-size: 14pt;\">Priartem\u00a0\u00a0\u00a0\u00a0\u00a0\u00a0\u00a0\u00a0\u00a0\u00a0\u00a0\u00a0\u00a0\u00a0\u00a0\u00a0\u00a0\u00a0\u00a0\u00a0\u00a0\u00a0\u00a0\u00a0\u00a0\u00a0\u00a0\u00a0\u00a0\u00a0\u00a0\u00a0\u00a0\u00a0\u00a0\u00a0\u00a0\u00a0\u00a0\u00a0\u00a0\u00a0\u00a0\u00a0 <a href=\"http:\/\/www.priartem.fr\/\">www.priartem.fr<\/a><\/span><\/p>\n<p><span style=\"font-family: comic sans ms, sans-serif; font-size: 14pt;\">Robin des Toits\u00a0\u00a0\u00a0\u00a0\u00a0\u00a0\u00a0\u00a0\u00a0\u00a0\u00a0\u00a0\u00a0\u00a0\u00a0\u00a0\u00a0\u00a0\u00a0\u00a0\u00a0\u00a0\u00a0\u00a0\u00a0\u00a0\u00a0\u00a0\u00a0\u00a0\u00a0\u00a0\u00a0 <a href=\"https:\/\/www.robindestoits.org\/\">https:\/\/www.robindestoits.org<\/a><\/span><\/p>\n<p><span style=\"font-family: comic sans ms, sans-serif; font-size: 14pt;\">Stop 5G Belgique\u00a0\u00a0\u00a0\u00a0\u00a0\u00a0\u00a0\u00a0\u00a0\u00a0\u00a0\u00a0\u00a0\u00a0\u00a0\u00a0\u00a0\u00a0\u00a0\u00a0\u00a0\u00a0\u00a0\u00a0\u00a0\u00a0\u00a0\u00a0\u00a0\u00a0 <a href=\"http:\/\/www.stop5G.be\/\">www.stop5G.be<\/a><\/span><\/p>\n<p><span style=\"font-family: comic sans ms, sans-serif; font-size: 14pt;\">Stop 5G Suisse\u00a0\u00a0\u00a0\u00a0\u00a0\u00a0\u00a0\u00a0\u00a0\u00a0\u00a0\u00a0\u00a0\u00a0\u00a0\u00a0\u00a0\u00a0\u00a0\u00a0\u00a0\u00a0\u00a0\u00a0\u00a0\u00a0\u00a0\u00a0\u00a0\u00a0\u00a0\u00a0\u00a0 <a href=\"http:\/\/www.stop5G.ch\/\">www.stop5G.ch<\/a><\/span><\/p>\n<p><span style=\"font-family: comic sans ms, sans-serif; font-size: 14pt;\">Une terre pour les EHS\u00a0\u00a0\u00a0\u00a0\u00a0\u00a0\u00a0\u00a0\u00a0\u00a0\u00a0\u00a0\u00a0\u00a0\u00a0\u00a0\u00a0\u00a0\u00a0\u00a0 <a href=\"http:\/\/www.uneterrepourlesehs.org\/\">www.uneterrepourlesehs.org<\/a><\/span><\/p>\n<p>&nbsp;<\/p>\n<p style=\"text-align: center;\"><strong><span style=\"font-family: arial black, sans-serif; font-size: 18pt;\">Liens en r\u00e9gion et ailleurs<br \/>\n<\/span><\/strong><\/p>\n<blockquote class=\"wp-embedded-content\" data-secret=\"6PGu4oDJ6W\"><p><a href=\"https:\/\/collectif-accad.fr\/site\/liens\/dans-la-region\/\">Dans la r\u00e9gion<\/a><\/p><\/blockquote>\n<p><iframe loading=\"lazy\" class=\"wp-embedded-content\" sandbox=\"allow-scripts\" security=\"restricted\" style=\"position: absolute; clip: rect(1px, 1px, 1px, 1px);\" title=\"\u00ab\u00a0Dans la r\u00e9gion\u00a0\u00bb &#8212; ACCAD : Anti Compteurs Communicants Artois (62)-Douaisis (59)\" src=\"https:\/\/collectif-accad.fr\/site\/liens\/dans-la-region\/embed\/#?secret=8OHCR1IR0y#?secret=6PGu4oDJ6W\" data-secret=\"6PGu4oDJ6W\" width=\"600\" height=\"338\" frameborder=\"0\" marginwidth=\"0\" marginheight=\"0\" scrolling=\"no\"><\/iframe><\/p>\n<blockquote class=\"wp-embedded-content\" data-secret=\"nfBHRd2Xs8\"><p><a href=\"https:\/\/collectif-accad.fr\/site\/liens\/ailleurs\/\">Ailleurs<\/a><\/p><\/blockquote>\n<p><iframe loading=\"lazy\" class=\"wp-embedded-content\" sandbox=\"allow-scripts\" security=\"restricted\" style=\"position: absolute; clip: rect(1px, 1px, 1px, 1px);\" title=\"\u00ab\u00a0Ailleurs\u00a0\u00bb &#8212; ACCAD : Anti Compteurs Communicants Artois (62)-Douaisis (59)\" src=\"https:\/\/collectif-accad.fr\/site\/liens\/ailleurs\/embed\/#?secret=VGb8D0q2zz#?secret=nfBHRd2Xs8\" data-secret=\"nfBHRd2Xs8\" width=\"600\" height=\"338\" frameborder=\"0\" marginwidth=\"0\" marginheight=\"0\" scrolling=\"no\"><\/iframe><\/p>\n<p style=\"text-align: center;\"><img loading=\"lazy\" decoding=\"async\" class=\"alignnone size-full wp-image-234\" src=\"https:\/\/collectif-accad.fr\/site\/wp-content\/uploads\/2018\/07\/Linky-diapos-16.jpg\" alt=\"\" width=\"545\" height=\"400\" srcset=\"https:\/\/collectif-accad.fr\/site\/wp-content\/uploads\/2018\/07\/Linky-diapos-16.jpg 545w, https:\/\/collectif-accad.fr\/site\/wp-content\/uploads\/2018\/07\/Linky-diapos-16-300x220.jpg 300w\" sizes=\"auto, (max-width: 545px) 100vw, 545px\" \/><\/p>\n<p style=\"text-align: justify;\"><strong>\u00a0<\/strong><\/p>\n<p style=\"text-align: justify;\">\n","protected":false},"excerpt":{"rendered":"<p>DOCUMENTATION (non exhaustive) Phonegate\u00a0; Marc Arazi Ces ondes qui nous entourent\u00a0; Martin Blank 5G mon amour\u00a0; Nicolas B\u00e9rard Ce monde connect\u00e9 que l\u2019on nous impose\u00a0; Nicolas B\u00e9rard Le monde de la 5G, la d\u00e9mocratie en p\u00e9ril\u00a0; Denis Bourgeois La face cach\u00e9e de la 5G\u00a0; David Bruno D\u00e9brancher la 5G\u00a0; collectif At\u00e9copol La pollution \u00e9lectromagn\u00e9tique\u00a0; conseil &hellip; <a href=\"https:\/\/collectif-accad.fr\/site\/liens\/\" class=\"more-link\">Continuer la lecture de <span class=\"screen-reader-text\">Documentations et Sites<\/span><\/a><\/p>\n","protected":false},"author":4,"featured_media":0,"parent":0,"menu_order":0,"comment_status":"closed","ping_status":"closed","template":"","meta":{"footnotes":""},"class_list":["post-167","page","type-page","status-publish","hentry"],"_links":{"self":[{"href":"https:\/\/collectif-accad.fr\/site\/wp-json\/wp\/v2\/pages\/167","targetHints":{"allow":["GET"]}}],"collection":[{"href":"https:\/\/collectif-accad.fr\/site\/wp-json\/wp\/v2\/pages"}],"about":[{"href":"https:\/\/collectif-accad.fr\/site\/wp-json\/wp\/v2\/types\/page"}],"author":[{"embeddable":true,"href":"https:\/\/collectif-accad.fr\/site\/wp-json\/wp\/v2\/users\/4"}],"replies":[{"embeddable":true,"href":"https:\/\/collectif-accad.fr\/site\/wp-json\/wp\/v2\/comments?post=167"}],"version-history":[{"count":22,"href":"https:\/\/collectif-accad.fr\/site\/wp-json\/wp\/v2\/pages\/167\/revisions"}],"predecessor-version":[{"id":9417,"href":"https:\/\/collectif-accad.fr\/site\/wp-json\/wp\/v2\/pages\/167\/revisions\/9417"}],"wp:attachment":[{"href":"https:\/\/collectif-accad.fr\/site\/wp-json\/wp\/v2\/media?parent=167"}],"curies":[{"name":"wp","href":"https:\/\/api.w.org\/{rel}","templated":true}]}}