{"id":1583,"date":"2022-09-11T06:13:51","date_gmt":"2022-09-11T04:13:51","guid":{"rendered":"https:\/\/collectif-accad.fr\/site\/?page_id=1583"},"modified":"2025-05-19T06:20:48","modified_gmt":"2025-05-19T04:20:48","slug":"infolettre","status":"publish","type":"page","link":"https:\/\/collectif-accad.fr\/site\/accad\/infolettre\/","title":{"rendered":"InfoLettre"},"content":{"rendered":"<p style=\"text-align: center;\"><span style=\"font-size: 24pt; color: #339966;\"><strong>Lettre d\u2019infos du collectif ACCAD<\/strong><\/span><\/p>\n<p style=\"text-align: justify;\">Cette lettre d&rsquo;information est envoy\u00e9e en g\u00e9n\u00e9ral une ou deux fois par mois.<\/p>\n<p style=\"text-align: justify;\">Pour recevoir ces messages, il faut \u00eatre inscrit sur la liste infolettre-ACCAD.<\/p>\n<p style=\"text-align: justify;\">Si vous d\u00e9sirez recevoir cette infolettre, \u00e9crire \u00e0\u00a0:<\/p>\n<p style=\"text-align: justify;\"><a href=\"mailto:contact@listes.collectif-accad.fr\">contact@listes.collectif-accad.fr<\/a><\/p>\n<p style=\"text-align: center;\">** **<\/p>\n<p style=\"text-align: center;\"><span style=\"color: #ff0000;\"><strong><span style=\"font-size: 24pt;\">Infolettre-ACCAD n\u00b0 101 du 19 mai 2025<\/span><\/strong><\/span><\/p>\n<p><strong><span style=\"color: #33cccc; font-size: 24pt;\">Version courte<\/span><\/strong><\/p>\n<p><a href=\"https:\/\/collectif-accad.fr\/site\/wp-content\/uploads\/2025\/05\/Infolettre-ACCAD-101-version-courte_-250519.pdf\"><span style=\"font-size: 18pt;\"><strong>Infolettre-ACCAD 101 version courte_ 250519<\/strong><\/span><\/a><\/p>\n<p><span style=\"color: #33cccc; font-size: 24pt;\">Version longue<\/span><\/p>\n<p><a href=\"https:\/\/collectif-accad.fr\/site\/wp-content\/uploads\/2025\/05\/Infolettre-ACCAD-101-version-longue_-250519.doc\"><strong><span style=\"font-size: 18pt;\">Infolettre-ACCAD 101 version longue_ 250519<\/span><\/strong><\/a><\/p>\n<p style=\"text-align: center;\">** **<\/p>\n<p style=\"text-align: center;\"><strong><img loading=\"lazy\" decoding=\"async\" class=\"alignnone size-full wp-image-1350\" src=\"https:\/\/collectif-accad.fr\/site\/wp-content\/uploads\/2018\/09\/Linky-180731-06.jpg\" alt=\"\" width=\"300\" height=\"349\" srcset=\"https:\/\/collectif-accad.fr\/site\/wp-content\/uploads\/2018\/09\/Linky-180731-06.jpg 300w, https:\/\/collectif-accad.fr\/site\/wp-content\/uploads\/2018\/09\/Linky-180731-06-258x300.jpg 258w\" sizes=\"auto, (max-width: 300px) 100vw, 300px\" \/><\/strong><\/p>\n","protected":false},"excerpt":{"rendered":"<p>Lettre d\u2019infos du collectif ACCAD Cette lettre d&rsquo;information est envoy\u00e9e en g\u00e9n\u00e9ral une ou deux fois par mois. Pour recevoir ces messages, il faut \u00eatre inscrit sur la liste infolettre-ACCAD. Si vous d\u00e9sirez recevoir cette infolettre, \u00e9crire \u00e0\u00a0: contact@listes.collectif-accad.fr ** ** Infolettre-ACCAD n\u00b0 101 du 19 mai 2025 Version courte Infolettre-ACCAD 101 version courte_ 250519 &hellip; <a href=\"https:\/\/collectif-accad.fr\/site\/accad\/infolettre\/\" class=\"more-link\">Continuer la lecture de <span class=\"screen-reader-text\">InfoLettre<\/span><\/a><\/p>\n","protected":false},"author":4,"featured_media":0,"parent":68,"menu_order":0,"comment_status":"closed","ping_status":"closed","template":"","meta":{"footnotes":""},"class_list":["post-1583","page","type-page","status-publish","hentry"],"_links":{"self":[{"href":"https:\/\/collectif-accad.fr\/site\/wp-json\/wp\/v2\/pages\/1583","targetHints":{"allow":["GET"]}}],"collection":[{"href":"https:\/\/collectif-accad.fr\/site\/wp-json\/wp\/v2\/pages"}],"about":[{"href":"https:\/\/collectif-accad.fr\/site\/wp-json\/wp\/v2\/types\/page"}],"author":[{"embeddable":true,"href":"https:\/\/collectif-accad.fr\/site\/wp-json\/wp\/v2\/users\/4"}],"replies":[{"embeddable":true,"href":"https:\/\/collectif-accad.fr\/site\/wp-json\/wp\/v2\/comments?post=1583"}],"version-history":[{"count":44,"href":"https:\/\/collectif-accad.fr\/site\/wp-json\/wp\/v2\/pages\/1583\/revisions"}],"predecessor-version":[{"id":13621,"href":"https:\/\/collectif-accad.fr\/site\/wp-json\/wp\/v2\/pages\/1583\/revisions\/13621"}],"up":[{"embeddable":true,"href":"https:\/\/collectif-accad.fr\/site\/wp-json\/wp\/v2\/pages\/68"}],"wp:attachment":[{"href":"https:\/\/collectif-accad.fr\/site\/wp-json\/wp\/v2\/media?parent=1583"}],"curies":[{"name":"wp","href":"https:\/\/api.w.org\/{rel}","templated":true}]}}