{"id":157,"date":"2018-07-09T15:06:01","date_gmt":"2018-07-09T13:06:01","guid":{"rendered":"https:\/\/collectif-accad.fr\/site\/?page_id=157"},"modified":"2019-06-12T06:18:31","modified_gmt":"2019-06-12T04:18:31","slug":"enedis","status":"publish","type":"page","link":"https:\/\/collectif-accad.fr\/site\/enedis\/","title":{"rendered":"M\u00e9thodes d&rsquo;Enedis"},"content":{"rendered":"<p style=\"text-align: center;\"><strong><span style=\"font-family: arial black, sans-serif; font-size: 18pt;\">Rappel<\/span><\/strong><\/p>\n<p style=\"text-align: center;\"><strong>ABUS D\u2019AUTORIT\u00c9 (ou ABUS DE POUVOIR)<\/strong><br \/>\n<a href=\"http:\/\/www.codes-et-lois.fr\/code-penal\/article-432-4\"><strong>Article 432-4 du Code P\u00e9nal<\/strong><\/a><\/p>\n<p style=\"text-align: justify;\"><em>Le fait, par une personne d\u00e9positaire de l\u2019autorit\u00e9 publique ou charg\u00e9e d\u2019une mission de service public, agissant dans l\u2019exercice ou \u00e0 l\u2019occasion de l\u2019exercice de ses fonctions ou de sa mission, d\u2019ordonner ou d\u2019accomplir arbitrairement un acte attentatoire \u00e0 la libert\u00e9 individuelle est puni de sept ans d\u2019emprisonnement et de 100 000 euros d\u2019amende.<\/em><\/p>\n<p style=\"text-align: center;\"><strong><span style=\"font-size: 18pt;\">Attention aux mensonges<\/span><\/strong><\/p>\n<p style=\"text-align: center;\"><strong><span style=\"font-size: 18pt;\"> et menaces d&rsquo;Enedis<\/span><\/strong><\/p>\n<p style=\"text-align: justify;\">Un document de S. Lhomme, que vous retrouvez ici :<\/p>\n<p><a href=\"https:\/\/collectif-accad.fr\/site\/wp-content\/uploads\/2019\/05\/Attention-aux-mensonges-et-menaces-d\u2019Enedis.pdf\"><strong>Attention aux mensonges et menaces d\u2019Enedis<\/strong><\/a><\/p>\n<p style=\"text-align: center;\"><strong><span style=\"font-family: arial black, sans-serif; font-size: 18pt;\">Deux rubriques dans cette page<\/span><br \/>\n<\/strong><\/p>\n<blockquote class=\"wp-embedded-content\" data-secret=\"NwQeoW3Epq\"><p><a href=\"https:\/\/collectif-accad.fr\/site\/enedis\/poses-forcees\/\">Poses forc\u00e9es<\/a><\/p><\/blockquote>\n<p><iframe loading=\"lazy\" class=\"wp-embedded-content\" sandbox=\"allow-scripts\" security=\"restricted\" style=\"position: absolute; clip: rect(1px, 1px, 1px, 1px);\" title=\"\u00ab\u00a0Poses forc\u00e9es\u00a0\u00bb &#8212; ACCAD : Anti Compteurs Communicants Artois (62)-Douaisis (59)\" src=\"https:\/\/collectif-accad.fr\/site\/enedis\/poses-forcees\/embed\/#?secret=gXIAxWEZTj#?secret=NwQeoW3Epq\" data-secret=\"NwQeoW3Epq\" width=\"600\" height=\"338\" frameborder=\"0\" marginwidth=\"0\" marginheight=\"0\" scrolling=\"no\"><\/iframe><\/p>\n<blockquote class=\"wp-embedded-content\" data-secret=\"zeY0R40SKI\"><p><a href=\"https:\/\/collectif-accad.fr\/site\/enedis\/quelques-faits\/\">Quelques faits<\/a><\/p><\/blockquote>\n<p><iframe loading=\"lazy\" class=\"wp-embedded-content\" sandbox=\"allow-scripts\" security=\"restricted\" style=\"position: absolute; clip: rect(1px, 1px, 1px, 1px);\" title=\"\u00ab\u00a0Quelques faits\u00a0\u00bb &#8212; ACCAD : Anti Compteurs Communicants Artois (62)-Douaisis (59)\" src=\"https:\/\/collectif-accad.fr\/site\/enedis\/quelques-faits\/embed\/#?secret=DnoJ1Lo4c1#?secret=zeY0R40SKI\" data-secret=\"zeY0R40SKI\" width=\"600\" height=\"338\" frameborder=\"0\" marginwidth=\"0\" marginheight=\"0\" scrolling=\"no\"><\/iframe><\/p>\n<p style=\"text-align: center;\"><img loading=\"lazy\" decoding=\"async\" class=\"alignnone size-full wp-image-511\" src=\"https:\/\/collectif-accad.fr\/site\/wp-content\/uploads\/2018\/07\/Lauwin-180607-20.jpg\" alt=\"\" width=\"400\" height=\"713\" srcset=\"https:\/\/collectif-accad.fr\/site\/wp-content\/uploads\/2018\/07\/Lauwin-180607-20.jpg 400w, https:\/\/collectif-accad.fr\/site\/wp-content\/uploads\/2018\/07\/Lauwin-180607-20-168x300.jpg 168w\" sizes=\"auto, (max-width: 400px) 100vw, 400px\" \/><\/p>\n<p style=\"text-align: center;\"><span style=\"font-size: 18pt;\"><strong>Les liens avec ses \u00ab\u00a0partenaires\u00a0\u00bb<\/strong><\/span><\/p>\n<p style=\"text-align: justify;\">Il faut d\u2019abord savoir qu\u2019Enedis ne fait pas le travail mais donne des consignes aux poseurs \u2013appel\u00e9s \u00ab\u00a0partenaires Enedis\u00a0\u00bb.<\/p>\n<p style=\"text-align: justify;\">Voici ces premi\u00e8res recommandations\u00a0: <a href=\"https:\/\/collectif-accad.fr\/site\/wp-content\/uploads\/2018\/07\/Enedis_Poseurs.pdf\">Enedis_Poseurs<\/a><\/p>\n<p style=\"text-align: justify;\">Devant les refus d\u2019installations du linky, Enedis a redonn\u00e9 des informations \u00e0 ses poseurs\u00a0: <a href=\"https:\/\/collectif-accad.fr\/site\/wp-content\/uploads\/2018\/07\/Enedis_consignes.pdf\">Enedis_consignes<\/a><\/p>\n<p style=\"text-align: justify;\">De leur c\u00f4t\u00e9, des installateurs \u00ab\u00a0partenaires\u00a0\u00bb utilisent des m\u00e9thodes muscl\u00e9es<\/p>\n<p style=\"text-align: justify;\"><a href=\"https:\/\/www.youtube.com\/watch?v=u0KkwxjYVeI\">https:\/\/www.youtube.com\/watch?v=u0KkwxjYVeI<\/a><\/p>\n<p style=\"text-align: justify;\">On le voit aussi dans la r\u00e9gion. Il suffit de voir ce qui s&rsquo;est pass\u00e9 en mai et juin 2018 \u00e0 Lauwin-Planque (59). Nous y reviendront dans un avenir proche car le \u00ab\u00a0partenaire\u00a0\u00bb se conduit comme un vandale, un escroc \u2026 avec le soutien \u2013par derri\u00e8re\u00a0\u00bb de son tuteur Enedis.<\/p>\n<p style=\"text-align: center;\">**********\u00a0\u00a0\u00a0\u00a0\u00a0\u00a0\u00a0\u00a0\u00a0\u00a0\u00a0\u00a0\u00a0 **************<\/p>\n<p style=\"text-align: justify;\">Enedis avait \u00e9t\u00e9 contact\u00e9 par la mairie de Leforest pour une r\u00e9union-d\u00e9bat qui devait avoir lieu le 21 f\u00e9vrier. Apr\u00e8s un accord de principe, Enedis a pr\u00e9text\u00e9 qu\u2019ils avaient \u00e9t\u00e9 mis au courant de la r\u00e9union par un tract\u00a0; ils ne sont donc pas venus \u00e0 ce d\u00e9bat. En r\u00e9alit\u00e9, nous n\u2019avons pas \u00e9t\u00e9 surpris.<\/p>\n<p style=\"text-align: justify;\">Il faut savoir aussi que la direction r\u00e9gionale de Valenciennes a re\u00e7u un courrier de la ville de Lens demandant de surseoir \u00e0 la pose des compteurs avant la r\u00e9union publique en vue. Bien s\u00fbr, le secteur lensois n\u2019\u00e9tait pas au courant\u00a0! Donc la pose continue.<\/p>\n<p style=\"text-align: justify;\">Enedis a une pratique tr\u00e8s particuli\u00e8re en cas d\u2019incendie li\u00e9 \u00e0 la pose du compteur Linky. Il fait reporter la responsabilit\u00e9 sur le sous-traitant.<\/p>\n<p style=\"text-align: justify;\">Lors de l\u2019\u00e9mission de Karim Rissouli sur la 5, B Lassus \u00e9tait confront\u00e9 \u00e0 Jo\u00ebl Mercier, maire de Bovel en ile et vilaine, opposant au compteur Linky. Il a eu les pires difficult\u00e9s pour montrer la coh\u00e9rence des positions d\u2019Enedis \u2026 sauf \u00e0 utiliser quelques mensonges.<\/p>\n<p style=\"text-align: justify;\">Enedis harc\u00e8le les usagers voire m\u00eame les menace pour forcer la main et donne m\u00eame des arguments mensongers<\/p>\n<p style=\"text-align: justify;\">C\u2019est vicieux car ce n\u2019est pas Enedis qui agit directement. Mais il a donn\u00e9 des consignes aux sous-traitants qui font le sale boulot.<\/p>\n<p style=\"text-align: justify;\">Cela passe par diff\u00e9rentes m\u00e9thodes. Cela peut \u00eatre le harc\u00e8lement t\u00e9l\u00e9phonique. Un exemple\u00a0: dans le village de Qui\u00e9ry-la-Motte, une personne qui avait fait le n\u00e9cessaire pour refuser le compteur \u00e9tait d\u00e9rang\u00e9e r\u00e9guli\u00e8rement par t\u00e9l\u00e9phone.<\/p>\n<p style=\"text-align: justify;\">Autre m\u00e9thode\u00a0: on dit que, si l\u2019on refuse le Linky, il faudra payer 120 \u20ac pour chaque d\u00e9placement de relev\u00e9 de compteur.<\/p>\n<p style=\"text-align: justify;\">Ou bien\u00a0 un autre mensonge\u00a0: si on ne pose pas le compteur tout de suite, en 2021, il faut le mettre et vous devrez payer\u00a0;\u2026 de 500 \u00e0 800 \u20ac (le tarif varie selon les personnes\u00a0; c\u2019est aussi un message variable de la part du monteur\u00a0!<\/p>\n<p style=\"text-align: justify;\">Tous ces chiffres ne reposent sur rien. D\u2019ailleurs, on sent une g\u00eane quand on demande de montrer les textes pour justifier ces affirmations\u00a0: il n\u2019y a pas de texte dans ce sens.<\/p>\n<p style=\"text-align: justify;\">En tout cas, Enedis Paris, par la voix de son chef de projet Bernard Lassus, affirme qu\u2019on ne force pas les gens. C\u2019est contredit sur le terrain.<\/p>\n<p style=\"text-align: justify;\">Autre exemple, dans la commune de Qui\u00e9ry-la-Motte, une personne avait annonc\u00e9 qu\u2019elle ne voulait pas du compteur dit \u00ab\u00a0intelligent\u00a0\u00bb\u00a0: on lui a chang\u00e9 son compteur en son absence. Un journaliste de radio de la r\u00e9gion a eu la m\u00eame m\u00e9saventure\u00a0: il s\u2019en est rendu compte quand il est revenu le soir\u00a0!<\/p>\n<p style=\"text-align: justify;\">La m\u00e9thode tr\u00e8s pris\u00e9e par Enedis est d\u2019envoyer un courrier mena\u00e7ant de poursuivre les r\u00e9calcitrants devant les tribunaux. Pour l\u2019instant, cela ne se fait pas mais cela fait peur aux personnes qui re\u00e7oivent ce courrier.<\/p>\n<p style=\"text-align: justify;\">Un autre exemple. Sur une chaine de t\u00e9l\u00e9vision, B. Lassus (toujours lui)\u00a0 a d\u00e9clar\u00e9 derni\u00e8rement ceci\u00a0: \u00ab\u00a0 Linky ne sait pas reconnaitre l\u2019\u00e9lectron \u00a0qui vient de la machine \u00e0 laver, du t\u00e9l\u00e9viseur, du fer \u00e0 repasser \u2026\u00a0\u00bb. Et il avait dit, le 1<sup>er<\/sup> d\u00e9cembre 2015, sur i-t\u00e9l\u00e9 \u2013avec des d\u00e9tails sur l\u2019\u00e9cran-\u00a0: \u00ab\u00a0vous avez une courbe qui permet de voir le d\u00e9marrage ou l\u2019arr\u00eat de certains appareils\u00a0\u00bb.<\/p>\n<p style=\"text-align: justify;\">C\u2019est ce qu\u2019on appelle dire tout et son contraire, en fonction des circonstances.<\/p>\n<p style=\"text-align: justify;\">Il ne faut pas oublier qu\u2019Enedis a pr\u00e9vu une planification pour la pose des compteurs. Il ne faut pas s\u2019y fier car cette entreprise a tendance \u00e0 devancer ses pr\u00e9visions pour prendre de court les usagers.<\/p>\n<p style=\"text-align: justify;\">Enedis utilise aussi la technique de la t\u00e2che de l\u00e9opard qui consiste \u00e0 commencer une rue sans la finir pour aller ailleurs, puis revenir sur la premi\u00e8re rue quelques temps apr\u00e8s.<\/p>\n<p style=\"text-align: justify;\">Ces exemples ne sont pas uniques et montrent les pratiques de voyous, voire d\u2019escrocs de la part d\u2019Enedis.<\/p>\n<p style=\"text-align: justify;\"><img loading=\"lazy\" decoding=\"async\" class=\"wp-image-513\" src=\"https:\/\/collectif-accad.fr\/site\/wp-content\/uploads\/2018\/07\/NoLinky-1.jpg\" alt=\"\" width=\"440\" height=\"357\" srcset=\"https:\/\/collectif-accad.fr\/site\/wp-content\/uploads\/2018\/07\/NoLinky-1.jpg 1822w, https:\/\/collectif-accad.fr\/site\/wp-content\/uploads\/2018\/07\/NoLinky-1-300x244.jpg 300w, https:\/\/collectif-accad.fr\/site\/wp-content\/uploads\/2018\/07\/NoLinky-1-768x624.jpg 768w, https:\/\/collectif-accad.fr\/site\/wp-content\/uploads\/2018\/07\/NoLinky-1-1024x832.jpg 1024w\" sizes=\"auto, (max-width: 440px) 100vw, 440px\" \/><\/p>\n","protected":false},"excerpt":{"rendered":"<p>Rappel ABUS D\u2019AUTORIT\u00c9 (ou ABUS DE POUVOIR) Article 432-4 du Code P\u00e9nal Le fait, par une personne d\u00e9positaire de l\u2019autorit\u00e9 publique ou charg\u00e9e d\u2019une mission de service public, agissant dans l\u2019exercice ou \u00e0 l\u2019occasion de l\u2019exercice de ses fonctions ou de sa mission, d\u2019ordonner ou d\u2019accomplir arbitrairement un acte attentatoire \u00e0 la libert\u00e9 individuelle est &hellip; <a href=\"https:\/\/collectif-accad.fr\/site\/enedis\/\" class=\"more-link\">Continuer la lecture de <span class=\"screen-reader-text\">M\u00e9thodes d&rsquo;Enedis<\/span><\/a><\/p>\n","protected":false},"author":4,"featured_media":0,"parent":0,"menu_order":0,"comment_status":"closed","ping_status":"closed","template":"","meta":{"footnotes":""},"class_list":["post-157","page","type-page","status-publish","hentry"],"_links":{"self":[{"href":"https:\/\/collectif-accad.fr\/site\/wp-json\/wp\/v2\/pages\/157","targetHints":{"allow":["GET"]}}],"collection":[{"href":"https:\/\/collectif-accad.fr\/site\/wp-json\/wp\/v2\/pages"}],"about":[{"href":"https:\/\/collectif-accad.fr\/site\/wp-json\/wp\/v2\/types\/page"}],"author":[{"embeddable":true,"href":"https:\/\/collectif-accad.fr\/site\/wp-json\/wp\/v2\/users\/4"}],"replies":[{"embeddable":true,"href":"https:\/\/collectif-accad.fr\/site\/wp-json\/wp\/v2\/comments?post=157"}],"version-history":[{"count":26,"href":"https:\/\/collectif-accad.fr\/site\/wp-json\/wp\/v2\/pages\/157\/revisions"}],"predecessor-version":[{"id":3764,"href":"https:\/\/collectif-accad.fr\/site\/wp-json\/wp\/v2\/pages\/157\/revisions\/3764"}],"wp:attachment":[{"href":"https:\/\/collectif-accad.fr\/site\/wp-json\/wp\/v2\/media?parent=157"}],"curies":[{"name":"wp","href":"https:\/\/api.w.org\/{rel}","templated":true}]}}