{"id":155,"date":"2018-07-09T15:05:46","date_gmt":"2018-07-09T13:05:46","guid":{"rendered":"https:\/\/collectif-accad.fr\/site\/?page_id=155"},"modified":"2018-09-26T09:00:10","modified_gmt":"2018-09-26T07:00:10","slug":"bigdata-erl","status":"publish","type":"page","link":"https:\/\/collectif-accad.fr\/site\/bigdata-erl\/","title":{"rendered":"BigData-ERL"},"content":{"rendered":"<p style=\"text-align: center;\"><span style=\"font-family: arial black, sans-serif; font-size: 18pt;\"><strong>Deux rubriques\u00a0 sur cette page<\/strong><\/span><\/p>\n<p><span style=\"font-size: 18pt;\">&#8211; Qu&rsquo;est-ce que le Big Data ?<\/span><\/p>\n<blockquote class=\"wp-embedded-content\" data-secret=\"be0fF4EqKl\"><p><a href=\"https:\/\/collectif-accad.fr\/site\/bigdata-erl\/bases-de-donnees\/\">Bases de donn\u00e9es<\/a><\/p><\/blockquote>\n<p><iframe loading=\"lazy\" class=\"wp-embedded-content\" sandbox=\"allow-scripts\" security=\"restricted\" style=\"position: absolute; clip: rect(1px, 1px, 1px, 1px);\" title=\"\u00ab\u00a0Bases de donn\u00e9es\u00a0\u00bb &#8212; ACCAD : Anti Compteurs Communicants Artois (62)-Douaisis (59)\" src=\"https:\/\/collectif-accad.fr\/site\/bigdata-erl\/bases-de-donnees\/embed\/#?secret=Pm3k3s0ZvS#?secret=be0fF4EqKl\" data-secret=\"be0fF4EqKl\" width=\"600\" height=\"338\" frameborder=\"0\" marginwidth=\"0\" marginheight=\"0\" scrolling=\"no\"><\/iframe><\/p>\n<p><span style=\"font-size: 18pt;\">&#8211; pourquoi l&rsquo;ERL est le scandale \u00e0 venir ?<\/span><\/p>\n<blockquote class=\"wp-embedded-content\" data-secret=\"jYflLbOeQV\"><p><a href=\"https:\/\/collectif-accad.fr\/site\/bigdata-erl\/erl\/\">ERL<\/a><\/p><\/blockquote>\n<p><iframe loading=\"lazy\" class=\"wp-embedded-content\" sandbox=\"allow-scripts\" security=\"restricted\" style=\"position: absolute; clip: rect(1px, 1px, 1px, 1px);\" title=\"\u00ab\u00a0ERL\u00a0\u00bb &#8212; ACCAD : Anti Compteurs Communicants Artois (62)-Douaisis (59)\" src=\"https:\/\/collectif-accad.fr\/site\/bigdata-erl\/erl\/embed\/#?secret=pqwz6HMiEe#?secret=jYflLbOeQV\" data-secret=\"jYflLbOeQV\" width=\"600\" height=\"338\" frameborder=\"0\" marginwidth=\"0\" marginheight=\"0\" scrolling=\"no\"><\/iframe><\/p>\n<p style=\"text-align: center;\">*************\u00a0\u00a0\u00a0\u00a0\u00a0\u00a0\u00a0\u00a0\u00a0\u00a0\u00a0 ******************<\/p>\n<p style=\"text-align: justify;\">Linky permettra de cr\u00e9er une grande base de donn\u00e9es. Cet ensemble de donn\u00e9es volumineuses donne ce qu\u2019on appelle le big DATA. C\u2019est ce qui int\u00e9resse Enedis qui va s\u2019en servir pour vendre ce qu\u2019il poss\u00e8de.<\/p>\n<p style=\"text-align: justify;\">Par ailleurs, ce Linky est un outil qui nous espionne.<br \/>\nCette technique pr\u00e9figure la soci\u00e9t\u00e9 de l\u2019avenir\u00a0 avec les objets intelligents, les villes intelligentes \u2026 la connectique, les robots. A\u00a0\u00a0\u00a0 terme cela donnera une soci\u00e9t\u00e9 transhumaniste o\u00f9 l\u2019Homme sera un sous-robot\u00a0: belle perspective\u00a0!<\/p>\n<p style=\"text-align: center;\">*******************\u00a0\u00a0\u00a0\u00a0\u00a0\u00a0\u00a0\u00a0\u00a0\u00a0 *********************<\/p>\n<p style=\"text-align: justify;\"><strong>Autre scandale \u00e0 venir dont personne parle : l&rsquo;ERL (\u00c9metteur radio Linky)<\/strong><\/p>\n<p style=\"text-align: justify;\"><strong>\u00a0<\/strong>Les promoteurs des compteurs Linky ne cessent de <strong>pr\u00e9tendre<\/strong> que ce syst\u00e8me ne fait courir aucun risque sanitaire du fait de l&rsquo;utilisation de la technologie du CPL (courant porteur en ligne).<\/p>\n<p style=\"text-align: justify;\">Or, non seulement ces belles assurances sont <a href=\"http:\/\/refus.linky.gazpar.free.fr\/ondes-repondre-erdf.htm\">totalement contestables<\/a> mais, de plus, toutes ces affirmations et les \u00e9tudes si \u00ab\u00a0rassurantes\u00a0\u00bb des agence officielles font <strong>l&rsquo;impasse sur le scandale<\/strong> qui, de toute \u00e9vidence <strong>pour tromper la population<\/strong>, est programm\u00e9 pour un second temps<\/p>\n<p style=\"text-align: justify;\"><a href=\"http:\/\/refus.linky.gazpar.free.fr\/linky-scandale-erl.htm\">http:\/\/refus.linky.gazpar.free.fr\/linky-scandale-erl.htm<\/a><\/p>\n<p style=\"text-align: center;\"><img loading=\"lazy\" decoding=\"async\" class=\"alignnone size-full wp-image-558\" src=\"https:\/\/collectif-accad.fr\/site\/wp-content\/uploads\/2018\/07\/Logo_accad-180722-3.jpg\" alt=\"\" width=\"434\" height=\"833\" srcset=\"https:\/\/collectif-accad.fr\/site\/wp-content\/uploads\/2018\/07\/Logo_accad-180722-3.jpg 434w, https:\/\/collectif-accad.fr\/site\/wp-content\/uploads\/2018\/07\/Logo_accad-180722-3-156x300.jpg 156w\" sizes=\"auto, (max-width: 434px) 100vw, 434px\" \/><\/p>\n","protected":false},"excerpt":{"rendered":"<p>Deux rubriques\u00a0 sur cette page &#8211; Qu&rsquo;est-ce que le Big Data ? Bases de donn\u00e9es &#8211; pourquoi l&rsquo;ERL est le scandale \u00e0 venir ? ERL *************\u00a0\u00a0\u00a0\u00a0\u00a0\u00a0\u00a0\u00a0\u00a0\u00a0\u00a0 ****************** Linky permettra de cr\u00e9er une grande base de donn\u00e9es. Cet ensemble de donn\u00e9es volumineuses donne ce qu\u2019on appelle le big DATA. C\u2019est ce qui int\u00e9resse Enedis qui va &hellip; <a href=\"https:\/\/collectif-accad.fr\/site\/bigdata-erl\/\" class=\"more-link\">Continuer la lecture de <span class=\"screen-reader-text\">BigData-ERL<\/span><\/a><\/p>\n","protected":false},"author":4,"featured_media":0,"parent":0,"menu_order":0,"comment_status":"closed","ping_status":"closed","template":"","meta":{"footnotes":""},"class_list":["post-155","page","type-page","status-publish","hentry"],"_links":{"self":[{"href":"https:\/\/collectif-accad.fr\/site\/wp-json\/wp\/v2\/pages\/155","targetHints":{"allow":["GET"]}}],"collection":[{"href":"https:\/\/collectif-accad.fr\/site\/wp-json\/wp\/v2\/pages"}],"about":[{"href":"https:\/\/collectif-accad.fr\/site\/wp-json\/wp\/v2\/types\/page"}],"author":[{"embeddable":true,"href":"https:\/\/collectif-accad.fr\/site\/wp-json\/wp\/v2\/users\/4"}],"replies":[{"embeddable":true,"href":"https:\/\/collectif-accad.fr\/site\/wp-json\/wp\/v2\/comments?post=155"}],"version-history":[{"count":10,"href":"https:\/\/collectif-accad.fr\/site\/wp-json\/wp\/v2\/pages\/155\/revisions"}],"predecessor-version":[{"id":1614,"href":"https:\/\/collectif-accad.fr\/site\/wp-json\/wp\/v2\/pages\/155\/revisions\/1614"}],"wp:attachment":[{"href":"https:\/\/collectif-accad.fr\/site\/wp-json\/wp\/v2\/media?parent=155"}],"curies":[{"name":"wp","href":"https:\/\/api.w.org\/{rel}","templated":true}]}}