{"id":153,"date":"2018-07-09T15:05:33","date_gmt":"2018-07-09T13:05:33","guid":{"rendered":"https:\/\/collectif-accad.fr\/site\/?page_id=153"},"modified":"2019-12-27T08:55:59","modified_gmt":"2019-12-27T07:55:59","slug":"courriers-locataire-proprietaire","status":"publish","type":"page","link":"https:\/\/collectif-accad.fr\/site\/comment-refuser\/courriers-locataire-proprietaire\/","title":{"rendered":"Courriers (locataire\/propri\u00e9taire)"},"content":{"rendered":"<h2 style=\"text-align: center;\"><img loading=\"lazy\" decoding=\"async\" class=\"alignnone size-full wp-image-2043\" src=\"https:\/\/collectif-accad.fr\/site\/wp-content\/uploads\/2018\/10\/CompteursCommunicants_ACCAD-181026-0.jpg\" alt=\"\" width=\"498\" height=\"490\" srcset=\"https:\/\/collectif-accad.fr\/site\/wp-content\/uploads\/2018\/10\/CompteursCommunicants_ACCAD-181026-0.jpg 498w, https:\/\/collectif-accad.fr\/site\/wp-content\/uploads\/2018\/10\/CompteursCommunicants_ACCAD-181026-0-300x295.jpg 300w\" sizes=\"auto, (max-width: 498px) 100vw, 498px\" \/><\/h2>\n<p style=\"text-align: center;\"><span style=\"font-size: 24pt; color: #ff0000;\"><strong>Rappel<\/strong><\/span><\/p>\n<p style=\"text-align: center;\"><span style=\"font-family: arial black, sans-serif; font-size: 18pt;\"><strong>Que vous soyez locataire ou propri\u00e9taire,<\/strong><\/span><\/p>\n<p style=\"text-align: center;\"><span style=\"font-family: arial black, sans-serif; font-size: 18pt;\"><strong> VOUS POUVEZ REFUSER Linky<\/strong><\/span><\/p>\n<p style=\"text-align: center;\">***********\u00a0\u00a0\u00a0\u00a0\u00a0\u00a0\u00a0\u00a0\u00a0 *********************<\/p>\n<p style=\"text-align: center;\"><strong><span style=\"font-size: 18pt;\">Lettre de refus de CPL<\/span><\/strong><\/p>\n<p style=\"text-align: justify;\"><strong>On peut envoyer ce refus de compteur Linky pour cause de CPL \u00e0 Valenciennes ou \u00e0 Paris<\/strong><\/p>\n<p>ENEDIS<\/p>\n<p>Compteurs communicants\u00a0 Linky<\/p>\n<p>67, rue du Rempart<\/p>\n<p>59300 VALENCIENNES<\/p>\n<p style=\"text-align: center;\"><a href=\"https:\/\/collectif-accad.fr\/site\/wp-content\/uploads\/2019\/12\/Courrier-de-REFUS-CPL-191227.docx\"><strong>Courrier de REFUS CPL 191227<\/strong><\/a><\/p>\n<p style=\"text-align: center;\">*************\u00a0\u00a0\u00a0\u00a0\u00a0\u00a0\u00a0\u00a0\u00a0 ****************<\/p>\n<p style=\"text-align: center;\"><strong><span style=\"font-size: 18pt;\">LETTRE de refus du Linky<\/span><\/strong><\/p>\n<p style=\"text-align: center;\"><strong><span style=\"font-size: 18pt;\"> ET <\/span><\/strong><\/p>\n<p style=\"text-align: center;\"><strong><span style=\"font-size: 18pt;\">de demande de pose de filtre<\/span><\/strong><\/p>\n<p style=\"text-align: center;\"><strong>Il faut envoyer ce document<\/strong><\/p>\n<p style=\"text-align: center;\"><strong><a href=\"https:\/\/collectif-accad.fr\/site\/wp-content\/uploads\/2019\/02\/lettre-de-refus-CPL-usufruit-1.doc\">lettre de refus CPL usufruit<\/a><\/strong><\/p>\n<p style=\"text-align: center;\"><span style=\"color: #ff0000;\"><strong>ou par courrier \u00e0 Valenciennes<\/strong><\/span><\/p>\n<p><strong>Voici un mod\u00e8le de lettre<\/strong><\/p>\n<p><a href=\"https:\/\/collectif-accad.fr\/site\/wp-content\/uploads\/2018\/07\/modele_lettre_enedis-Valenciennes-1712.doc\">modele_lettre_enedis-Valenciennes 1712<\/a><\/p>\n<p style=\"text-align: center;\"><strong><span style=\"color: #ff0000;\">ou par courriel :<\/span> <a href=\"mailto:sclinky-npdc@enedis.fr\">sclinky-npdc@enedis.fr<\/a><\/strong><\/p>\n<p style=\"text-align: center;\">***********\u00a0\u00a0\u00a0\u00a0\u00a0\u00a0\u00a0\u00a0\u00a0\u00a0\u00a0\u00a0 ***************<\/p>\n<p style=\"text-align: center;\"><strong><span style=\"font-size: 18pt;\">Infos du 17 octobre 2018<\/span><\/strong><\/p>\n<p style=\"text-align: justify;\"><strong>Enedis essaie maintenant de faire mousser le cas de l&rsquo;incendie de Prayols, en Ari\u00e8ge, pour tenter d&rsquo;obliger les personnes ayant barricad\u00e9 leur compteur \u00e0 enlever les protections.<\/strong><\/p>\n<p style=\"text-align: justify;\"><strong>Ils ont donc fait une variante de la lettre-type qu&rsquo;ils utilisent depuis un an, et dans laquelle ils annoncent des poursuites si l&rsquo;on ne d\u00e9barricadent pas sous 15 jours. Ces menaces ne sont pas mises \u00e0 ex\u00e9cution \u00e0 ce jour, m\u00eame si le client refuse de d\u00e9barricader.<\/strong><\/p>\n<p><strong>Ce courrier peut intimider et il est tr\u00e8s important de diffuser un mod\u00e8le de r\u00e9ponse qui replace les choses en contexte.<\/strong><\/p>\n<p><strong>2 mod\u00e8les\u00a0:<\/strong><\/p>\n<ul>\n<li style=\"text-align: center;\"><a href=\"https:\/\/collectif-accad.fr\/site\/wp-content\/uploads\/2018\/10\/Modele-de-Reponse-au-courrier-dintimidation-dEnedis-181017.doc\"><strong>Modele de Reponse au courrier d&rsquo;intimidation d&rsquo;Enedis 181017<\/strong><\/a><\/li>\n<li style=\"text-align: center;\"><a href=\"https:\/\/collectif-accad.fr\/site\/wp-content\/uploads\/2018\/10\/Proposition-de-mod\u00e8le-de-lettre-venant-du-66.doc\"><strong>Proposition de mod\u00e8le de lettre venant du 66<\/strong><\/a><\/li>\n<\/ul>\n<p>En suppl\u00e9ment\u00a0: une lettre anonym\u00e9e d&rsquo;une dame outr\u00e9e de ces pratiques et qui avait souhait\u00e9 leur r\u00e9pondre.<\/p>\n<p style=\"text-align: center;\"><a href=\"https:\/\/collectif-accad.fr\/site\/wp-content\/uploads\/2018\/10\/R\u00e9ponse-dun-particulier-\u00e0-Enedis_Anonym\u00e9e.doc\"><strong>R\u00e9ponse d&rsquo;un particulier \u00e0 Enedis_Anonym\u00e9e<\/strong><\/a><\/p>\n<p style=\"text-align: center;\">**************\u00a0\u00a0\u00a0\u00a0\u00a0\u00a0\u00a0\u00a0\u00a0\u00a0\u00a0\u00a0\u00a0\u00a0\u00a0\u00a0 ******************<\/p>\n<p style=\"text-align: center;\"><span style=\"font-size: 18pt;\"><strong>Refuser Linky DANS L\u2019URGENCE<\/strong><\/span><\/p>\n<p style=\"text-align: center;\"><span style=\"font-size: 18pt;\"><strong>nouvelle proc\u00e9dure conseill\u00e9e<\/strong><\/span><\/p>\n<p style=\"text-align: justify;\">Sur les conseils de juristes avertis ET apr\u00e8s consultation aupr\u00e8s d&rsquo;Art\u00e9misia et Next up,\u00a0 nous avons pris la d\u00e9cision de conseiller d&rsquo;\u00e9crire au Si\u00e8ge \u00e0 la D\u00e9fense et de transmettre une copie de ce courrier \u00e0 la mairie du domicile. D&rsquo;une part cela reste \u00e0 la charge du si\u00e8ge de dispatcher les refus, et surtout sur un plan strat\u00e9gique, le nombre de RAR qui y arrive, fait du \u00ab\u00a0bruit\u00a0\u00bb au centre de tri local \ud83d\ude42 et cela commence \u00e0 se savoir, car ils sont un peu d\u00e9bord\u00e9s \ud83d\ude09<\/p>\n<p style=\"text-align: justify;\">Nous conseillons d&rsquo;afficher sous blister (Coque de plastique transparent, coll\u00e9e sur carton, sous laquelle sont pr\u00e9sent\u00e9es certaines marchandises) la copie de la\u00a0 premi\u00e8re page de ce courrier accompagn\u00e9e de la copie du RAR sur la porte du compteur\/local\u00a0 cadenass\u00e9 ou sur la porte\/portail quand le compteur est \u00e0 l&rsquo;int\u00e9rieur.<\/p>\n<p style=\"text-align: justify;\">Ainsi, tout le monde est pr\u00e9venu \ud83d\ude09 Y contrevenir, serait pour eux se mettre hors la loi, et rend le recours possible, voire plus ais\u00e9<\/p>\n<p style=\"text-align: justify;\"><u>REFUSER LINKY INDIVIDUELLEMENT<\/u> :<\/p>\n<p style=\"text-align: justify;\">\u00a0\u00a0\u00a0\u00a0\u00a0\u00a0\u00a0\u00a0\u00a0\u00a0\u00a0\u00a0\u00a0\u00a0\u00a0\u00a0\u00a0\u00a0\u00a0\u00a0\u00a0 &#8211; en appelant le Support Client Linky* : 0800 054\u00a0659<\/p>\n<p style=\"text-align: justify;\">\u00a0\u00a0\u00a0 \u00a0\u00a0\u00a0\u00a0<u>ET<\/u> par des courriers Recommand\u00e9s avec A.R.\u00a0:<\/p>\n<p style=\"text-align: justify;\">\u00a0\u00a0\u00a0\u00a0\u00a0\u00a0\u00a0\u00a0\u00a0\u00a0\u00a0\u00a0\u00a0\u00a0\u00a0\u00a0\u00a0\u00a0\u00a0\u00a0\u00a0 &#8211; \u00e0 la Direction d&rsquo;ENEDIS<\/p>\n<p style=\"text-align: justify;\">EDF SA &#8211; Tour ENEDIS<\/p>\n<p style=\"text-align: justify;\">34 place des Corolles<\/p>\n<p style=\"text-align: justify;\">92079 Paris La D\u00e9fense Cedex<\/p>\n<p style=\"text-align: justify;\">Mod\u00e8le de lettre\u00a0: <a href=\"https:\/\/collectif-accad.fr\/site\/wp-content\/uploads\/2018\/09\/modele_lettre_enedis-Paris-1809.doc\">modele_lettre_enedis-Paris 1809<\/a><\/p>\n<p style=\"text-align: justify;\">\u00a0\u00a0\u00a0\u00a0\u00a0\u00a0\u00a0\u00a0\u00a0\u00a0\u00a0\u00a0\u00a0\u00a0\u00a0\u00a0\u00a0\u00a0\u00a0\u00a0\u00a0 &#8211; au maire (lui faire suivre le courrier adress\u00e9 \u00e0 ENEDIS)<\/p>\n<p style=\"text-align: justify;\">\u00a0\u00a0\u00a0\u00a0\u00a0\u00a0\u00a0\u00a0\u00a0\u00a0\u00a0\u00a0\u00a0\u00a0\u00a0\u00a0\u00a0\u00a0\u00a0\u00a0\u00a0 &#8211; \u00e9ventuellement au syndicat de l\u2019\u00c9nergie auquel la commune a d\u00e9l\u00e9gu\u00e9 la gestion du r\u00e9seau.<\/p>\n<p style=\"text-align: justify;\">* L\u2019appel du Support Client Linky est essentiel car ENEDIS est d\u00e9bord\u00e9 de courriers de refus et n\u2019a parfois pas le temps de les traiter \u00e0 temps, AVANT la pose : on leur dit par t\u00e9l\u00e9phone qu\u2019un courrier RAR est parti et on leur demande de v\u00e9rifier dans leur base s\u2019ils ont bien enregistr\u00e9 notre refus et l\u2019ont bien r\u00e9percut\u00e9 sur la <u>fiche d\u2019intervention<\/u> des poseurs.<\/p>\n<p style=\"text-align: justify;\">&#8211; Si c\u2019est d\u00e9j\u00e0 not\u00e9 dans leur base &gt;&gt; parfait.<\/p>\n<p style=\"text-align: justify;\">&#8211; Si ce n\u2019est pas encore pris en compte &gt;&gt; le notifier fermement ET rappeler le lendemain pour v\u00e9rifier que c\u2019est enfin dans leur base.<\/p>\n<p style=\"text-align: justify;\">C&rsquo;est la seule fa\u00e7on de ne pas \u00eatre harcel\u00e9 par les poseurs, mais en pratique \u00e7a ne garantit pas \u00e0 100% d&rsquo;\u00eatre laiss\u00e9 tranquilles.<\/p>\n<p style=\"text-align: center;\">***************\u00a0\u00a0\u00a0\u00a0\u00a0\u00a0\u00a0\u00a0\u00a0\u00a0\u00a0 *********************************<\/p>\n<p style=\"text-align: center;\"><strong>Si vous refusez la pose du compteur Linky<\/strong><\/p>\n<p style=\"text-align: justify;\">Si vous pr\u00e9ferez envoyer une lettre \u00e0 Enedis-Valenciennes plut\u00f4t qu&rsquo;\u00e0 Enedis-Paris, voil\u00e0 les indications :<\/p>\n<p style=\"text-align: justify;\">ENEDIS<\/p>\n<p style=\"text-align: justify;\">Compteurs communicants\u00a0 Linky<\/p>\n<p style=\"text-align: justify;\">67, rue du Rempart<\/p>\n<p style=\"text-align: justify;\">59300 VALENCIENNES<\/p>\n<p style=\"text-align: justify;\"><strong>Voici un mod\u00e8le de lettre<\/strong><\/p>\n<p style=\"text-align: justify;\"><a href=\"https:\/\/collectif-accad.fr\/site\/wp-content\/uploads\/2018\/07\/modele_lettre_enedis-Valenciennes-1712.doc\">modele_lettre_enedis-Valenciennes 1712<\/a><\/p>\n<p style=\"text-align: center;\"><strong>Pour trouver le PDL (Point de livraison)<\/strong><\/p>\n<p>Il se trouve normalement en haut de la facture \u00e0 gauche.<br \/>\nVous voulez en savoir plus\u00a0:<\/p>\n<p><a href=\"https:\/\/selectra.info\/energie\/guides\/compteurs\/electrique\/point-livraison-pdl\">https:\/\/selectra.info\/energie\/guides\/compteurs\/electriqu<\/a><\/p>\n<p>&nbsp;<\/p>\n<p style=\"text-align: justify;\"><strong>\u00a0<\/strong><\/p>\n<p style=\"text-align: center;\"><span style=\"font-size: 18pt; font-family: arial black, sans-serif;\"><strong>Si vous voulez refuser les nouvelles<\/strong><\/span><\/p>\n<p style=\"text-align: center;\"><span style=\"font-family: arial black, sans-serif;\"><strong><span style=\"font-size: 18pt;\"> Conditions G\u00e9n\u00e9rales de Vente,<\/span> <\/strong><\/span><\/p>\n<p style=\"text-align: justify;\"><strong>voici un mod\u00e8le de lettre\u00a0\u00e0 envoyer \u00e0 Enedis :<\/strong> <a href=\"https:\/\/collectif-accad.fr\/site\/wp-content\/uploads\/2018\/07\/LINKY_Modele_Courrier_Refus_CGV-1.doc\">LINKY_Modele_Courrier_Refus_CGV 1<\/a><\/p>\n<p style=\"text-align: center;\"><strong>*****************\u00a0\u00a0\u00a0\u00a0\u00a0\u00a0\u00a0\u00a0\u00a0\u00a0\u00a0\u00a0 *******************<\/strong><\/p>\n<p style=\"text-align: center;\"><span style=\"font-family: arial black, sans-serif; font-size: 18pt;\"><strong>Dossier pour les particuliers<\/strong><\/span><\/p>\n<p style=\"text-align: justify;\">Vous pouvez aussi t\u00e9l\u00e9charger et\/ou consulter la note ci dessous \u00e9tablie par le cabinet d\u2019avocat Art\u00e9misia<\/p>\n<p style=\"text-align: justify;\"><a href=\"http:\/\/www.stoplinky88.fr\/wp-content\/uploads\/2017\/04\/Linky_Artemisia_Dossier_Refus_Particuliers.pdf\">http:\/\/www.stoplinky88.fr\/wp-content\/uploads\/2017\/04\/Linky_Artemisia_<\/a><\/p>\n<p style=\"text-align: justify;\"><strong>Mod\u00e8les de lettres pour refuser Linky : Il est important d\u2019envoyer le courrier \u00e0 votre maire.<\/strong><\/p>\n<p style=\"text-align: justify;\">Ces derniers ne sont pas insensibles aux pr\u00e9occupations de leurs concitoyens, \u00e0 fortiori si ils sont nombreux \u00e0 leur \u00e9crire. Les Maires peuvent prendre des arr\u00eat\u00e9s pour suspendre ou interdire le changement des compteurs dans leur commune.<\/p>\n<p style=\"text-align: justify;\"><strong>\u00a0Il est imp\u00e9ratif d\u2019envoyer un courrier \u00e0 ENEDIS en recommand\u00e9 avec AR <\/strong><\/p>\n<p style=\"text-align: justify;\"><strong>Attention<\/strong> : le courrier envoy\u00e9 \u00e0 ENEDIS ne vous garantit pas le non remplacement de votre compteur, surtout si celui-ci est accessible \u00e0 l\u2019ext\u00e9rieur de votre appartement ou maison. Cependant il sera utile pour la suite des \u00e9v\u00e9nements, notamment lors de futures actions collectives ou non devant les tribunaux.<\/p>\n<p style=\"text-align: justify;\"><strong>N\u2019oubliez pas de nous envoyer une copie des courriers que vous adressez \u00e0 Enedis et \u00e0 votre Maire. elle sera utile pour convaincre les municipalit\u00e9s de prendre les bonnes d\u00e9cisions.<\/strong><\/p>\n<p style=\"text-align: center;\"><img loading=\"lazy\" decoding=\"async\" class=\"alignnone size-full wp-image-230\" src=\"https:\/\/collectif-accad.fr\/site\/wp-content\/uploads\/2018\/07\/Linky-diapos-12.jpg\" alt=\"\" width=\"570\" height=\"400\" srcset=\"https:\/\/collectif-accad.fr\/site\/wp-content\/uploads\/2018\/07\/Linky-diapos-12.jpg 570w, https:\/\/collectif-accad.fr\/site\/wp-content\/uploads\/2018\/07\/Linky-diapos-12-300x211.jpg 300w\" sizes=\"auto, (max-width: 570px) 100vw, 570px\" \/><\/p>\n","protected":false},"excerpt":{"rendered":"<p>Rappel Que vous soyez locataire ou propri\u00e9taire, VOUS POUVEZ REFUSER Linky ***********\u00a0\u00a0\u00a0\u00a0\u00a0\u00a0\u00a0\u00a0\u00a0 ********************* Lettre de refus de CPL On peut envoyer ce refus de compteur Linky pour cause de CPL \u00e0 Valenciennes ou \u00e0 Paris ENEDIS Compteurs communicants\u00a0 Linky 67, rue du Rempart 59300 VALENCIENNES Courrier de REFUS CPL 191227 *************\u00a0\u00a0\u00a0\u00a0\u00a0\u00a0\u00a0\u00a0\u00a0 **************** LETTRE de refus &hellip; <a href=\"https:\/\/collectif-accad.fr\/site\/comment-refuser\/courriers-locataire-proprietaire\/\" class=\"more-link\">Continuer la lecture de <span class=\"screen-reader-text\">Courriers (locataire\/propri\u00e9taire)<\/span><\/a><\/p>\n","protected":false},"author":4,"featured_media":0,"parent":311,"menu_order":0,"comment_status":"closed","ping_status":"closed","template":"","meta":{"footnotes":""},"class_list":["post-153","page","type-page","status-publish","hentry"],"_links":{"self":[{"href":"https:\/\/collectif-accad.fr\/site\/wp-json\/wp\/v2\/pages\/153","targetHints":{"allow":["GET"]}}],"collection":[{"href":"https:\/\/collectif-accad.fr\/site\/wp-json\/wp\/v2\/pages"}],"about":[{"href":"https:\/\/collectif-accad.fr\/site\/wp-json\/wp\/v2\/types\/page"}],"author":[{"embeddable":true,"href":"https:\/\/collectif-accad.fr\/site\/wp-json\/wp\/v2\/users\/4"}],"replies":[{"embeddable":true,"href":"https:\/\/collectif-accad.fr\/site\/wp-json\/wp\/v2\/comments?post=153"}],"version-history":[{"count":22,"href":"https:\/\/collectif-accad.fr\/site\/wp-json\/wp\/v2\/pages\/153\/revisions"}],"predecessor-version":[{"id":4717,"href":"https:\/\/collectif-accad.fr\/site\/wp-json\/wp\/v2\/pages\/153\/revisions\/4717"}],"up":[{"embeddable":true,"href":"https:\/\/collectif-accad.fr\/site\/wp-json\/wp\/v2\/pages\/311"}],"wp:attachment":[{"href":"https:\/\/collectif-accad.fr\/site\/wp-json\/wp\/v2\/media?parent=153"}],"curies":[{"name":"wp","href":"https:\/\/api.w.org\/{rel}","templated":true}]}}