{"id":14738,"date":"2026-03-31T09:24:25","date_gmt":"2026-03-31T07:24:25","guid":{"rendered":"https:\/\/collectif-accad.fr\/site\/?page_id=14738"},"modified":"2026-03-31T09:48:04","modified_gmt":"2026-03-31T07:48:04","slug":"surexposition-des-ecrans","status":"publish","type":"page","link":"https:\/\/collectif-accad.fr\/site\/surexposition-des-ecrans\/","title":{"rendered":"Surexposition des \u00e9crans"},"content":{"rendered":"<p><strong><span style=\"font-size: 18pt; font-family: arial, helvetica, sans-serif;\">C&rsquo;est d&rsquo;abord un d\u00e9sastre sanitaire<\/span><\/strong><\/p>\n<p><a href=\"https:\/\/collectif-accad.fr\/site\/wp-content\/uploads\/2026\/03\/Un-desastre-sanitaire.pdf\">Un d\u00e9sastre sanitaire<\/a><\/p>\n<p><strong><span style=\"font-family: arial, helvetica, sans-serif; font-size: 18pt;\">Une des cons\u00e9quences peut \u00eatre le harc\u00e8lement<\/span><\/strong><\/p>\n<p><a href=\"https:\/\/collectif-accad.fr\/site\/wp-content\/uploads\/2026\/03\/Harcelement-scolaire-260311.pdf\">Harcelement scolaire 260311<\/a><\/p>\n<p><strong><span style=\"font-family: arial, helvetica, sans-serif; font-size: 18pt;\">Pour aller plus loin<\/span><\/strong><\/p>\n<p><a href=\"https:\/\/collectif-accad.fr\/site\/wp-content\/uploads\/2026\/03\/Surexposition-des-ecrans-2603.pdf\">Surexposition des \u00e9crans 2603<\/a><\/p>\n<p><strong><span style=\"font-family: arial, helvetica, sans-serif; font-size: 18pt;\">Une initiative<\/span><\/strong><\/p>\n<p><a href=\"https:\/\/collectif-accad.fr\/site\/wp-content\/uploads\/2026\/03\/10-jours-sans-ecrans-2026_tract-260323.pdf\">10 jours sans \u00e9crans 2026_tract 260323<\/a><\/p>\n<p><strong><span style=\"font-family: arial, helvetica, sans-serif; font-size: 18pt;\">On peut faire beaucoup de choses sans \u00e9crans\u00a0; par exemple<\/span><\/strong><\/p>\n<p><a href=\"https:\/\/collectif-accad.fr\/site\/wp-content\/uploads\/2026\/03\/Que-faire-sans-ecrans.pdf\">Que faire sans \u00e9crans<\/a><\/p>\n<p style=\"text-align: justify;\"><strong><span style=\"color: #000000; font-family: arial, helvetica, sans-serif; font-size: 18pt;\">Une commission des experts a \u00e9tudi\u00e9 ce grave probl\u00e8me, \u00e0 la demande du Pr\u00e9sident de la R\u00e9publique. Elle a rendu son rapport le 30 avril 2024<\/span><\/strong><\/p>\n<p><a href=\"https:\/\/collectif-accad.fr\/site\/wp-content\/uploads\/2026\/03\/Commision-Experts_A-la-recherche-du-temps-perdu-240430.pdf\">Commision Experts_A la recherche du temps perdu 240430<\/a><\/p>\n<p style=\"text-align: justify;\"><strong><span style=\"color: #000000; font-family: arial, helvetica, sans-serif; font-size: 18pt;\">Pour lire autrement le document complet\u00a0:<\/span><\/strong><\/p>\n<p align=\"JUSTIFY\"><span style=\"color: #000000; font-family: arial, helvetica, sans-serif;\"><span style=\"font-size: medium;\"><a href=\"https:\/\/www.elysee.fr\/admin\/upload\/default\/0001\/16\/fbec6abe9d9cc1bff3043d87b9f7951e62779b09.pdf\">https:\/\/www.elysee.fr\/admin\/upload\/default\/<\/a> <\/span><\/span><\/p>\n<p><strong><span style=\"color: #000000; font-family: arial, helvetica, sans-serif;\"><span style=\"font-size: medium;\"><span style=\"font-size: 18pt;\">Les propositions sont les suivantes<\/span> <\/span><\/span><\/strong><\/p>\n<p><a href=\"https:\/\/collectif-accad.fr\/site\/wp-content\/uploads\/2026\/03\/Commission-des-experts_propositions.pdf\">Commission des experts_propositions<\/a><\/p>\n","protected":false},"excerpt":{"rendered":"<p>C&rsquo;est d&rsquo;abord un d\u00e9sastre sanitaire Un d\u00e9sastre sanitaire Une des cons\u00e9quences peut \u00eatre le harc\u00e8lement Harcelement scolaire 260311 Pour aller plus loin Surexposition des \u00e9crans 2603 Une initiative 10 jours sans \u00e9crans 2026_tract 260323 On peut faire beaucoup de choses sans \u00e9crans\u00a0; par exemple Que faire sans \u00e9crans Une commission des experts a \u00e9tudi\u00e9 ce &hellip; <a href=\"https:\/\/collectif-accad.fr\/site\/surexposition-des-ecrans\/\" class=\"more-link\">Continuer la lecture de <span class=\"screen-reader-text\">Surexposition des \u00e9crans<\/span><\/a><\/p>\n","protected":false},"author":4,"featured_media":0,"parent":0,"menu_order":0,"comment_status":"closed","ping_status":"closed","template":"","meta":{"footnotes":""},"class_list":["post-14738","page","type-page","status-publish","hentry"],"_links":{"self":[{"href":"https:\/\/collectif-accad.fr\/site\/wp-json\/wp\/v2\/pages\/14738","targetHints":{"allow":["GET"]}}],"collection":[{"href":"https:\/\/collectif-accad.fr\/site\/wp-json\/wp\/v2\/pages"}],"about":[{"href":"https:\/\/collectif-accad.fr\/site\/wp-json\/wp\/v2\/types\/page"}],"author":[{"embeddable":true,"href":"https:\/\/collectif-accad.fr\/site\/wp-json\/wp\/v2\/users\/4"}],"replies":[{"embeddable":true,"href":"https:\/\/collectif-accad.fr\/site\/wp-json\/wp\/v2\/comments?post=14738"}],"version-history":[{"count":3,"href":"https:\/\/collectif-accad.fr\/site\/wp-json\/wp\/v2\/pages\/14738\/revisions"}],"predecessor-version":[{"id":14744,"href":"https:\/\/collectif-accad.fr\/site\/wp-json\/wp\/v2\/pages\/14738\/revisions\/14744"}],"wp:attachment":[{"href":"https:\/\/collectif-accad.fr\/site\/wp-json\/wp\/v2\/media?parent=14738"}],"curies":[{"name":"wp","href":"https:\/\/api.w.org\/{rel}","templated":true}]}}