{"id":14694,"date":"2026-03-28T09:01:53","date_gmt":"2026-03-28T08:01:53","guid":{"rendered":"https:\/\/collectif-accad.fr\/site\/?page_id=14694"},"modified":"2026-03-28T09:19:14","modified_gmt":"2026-03-28T08:19:14","slug":"le-numerique","status":"publish","type":"page","link":"https:\/\/collectif-accad.fr\/site\/le-numerique\/","title":{"rendered":"Le num\u00e9rique"},"content":{"rendered":"<p style=\"text-align: justify;\"><strong>ONDES, GIGA FACTORIES, INTELLIGENCE ARTIFICIELLE, <\/strong><\/p>\n<p style=\"text-align: justify;\"><strong>ADDICTION AUX \u00c9CRANS, CONCENTRATION DES POUVOIRS<\/strong><\/p>\n<p style=\"text-align: center;\"><span style=\"color: #ff0000; font-size: 18pt;\"><strong>DOCUMENTS R\u00c9ALIS\u00c9S par le collectif ACCAD<\/strong><\/span><\/p>\n<p style=\"text-align: center;\"><a href=\"https:\/\/collectif-accad.fr\/site\/wp-content\/uploads\/2026\/03\/panneau-1-compressed.pdf\"><strong><span style=\"font-size: 18pt;\">panneau 1 compressed<\/span><\/strong><\/a><\/p>\n<p style=\"text-align: center;\"><strong><span style=\"font-size: 18pt;\"><a href=\"https:\/\/collectif-accad.fr\/site\/wp-content\/uploads\/2026\/03\/panneaux-2-6-compressed.pdf\">panneaux 2-6 compressed<\/a><\/span><\/strong><\/p>\n<p style=\"text-align: center;\"><strong><span style=\"font-size: 18pt;\"><a href=\"https:\/\/collectif-accad.fr\/site\/wp-content\/uploads\/2026\/03\/LE-NUMERIQUE_4-pages.pdf\">LE NUM\u00c9RIQUE_4 pages<\/a><\/span><\/strong><\/p>\n<p style=\"text-align: center;\">** **<\/p>\n<p style=\"text-align: justify;\"><strong>LA CONNEXION NUM\u00c9RIQUE DOIT \u00caTRE UNE OPTION, PAS UNE OBLIGATION !<\/strong><\/p>\n<p style=\"text-align: center;\"><strong>LA CHAINE DU NUM\u00c9RIQUE<\/strong><\/p>\n<p style=\"text-align: justify;\"><strong>Le num\u00e9rique commence par certains pays africains (Congo, Rwanda, Ouganda, \u2026) ou d\u2019Am\u00e9rique du sud. <\/strong>C\u2019est l\u2019extraction des minerais (cobalt, tantale \u2026 et environ 60 m\u00e9taux).<\/p>\n<p style=\"text-align: justify;\">L\u2019extraction de ces m\u00e9taux repr\u00e9sente une consommation d\u2019\u00e9nergie et d\u2019eau importante (extraire, transporter et raffiner les ressources m\u00e9talliques).<\/p>\n<p style=\"text-align: justify;\">Cela se fait au d\u00e9triment des populations locales (manque d\u2019eau, destruction des paysages, guerres pour les territoires) et des conditions de travail : des enfants creusent \u00e0 mains nues et subissent des \u00e9boulements \u2026 C\u2019est la pollution et la pr\u00e9carit\u00e9 d\u00e9localis\u00e9es.<\/p>\n<p style=\"text-align: justify;\"><strong>Cette cha\u00eene se poursuit <\/strong>par l\u2019assemblage des objets comme les smartphones : travail pr\u00e9caire et peu r\u00e9mun\u00e9r\u00e9, maladies dues notamment aux solvants (cancers etc\u2026).<\/p>\n<p style=\"text-align: justify;\">Puis <strong>cr\u00e9ation des<\/strong> <strong>r\u00e9seaux de t\u00e9l\u00e9communication <\/strong>et des centres de donn\u00e9es.<\/p>\n<p style=\"text-align: justify;\"><strong>En fin de vie, <\/strong>beaucoup de ces objets ne seront pas recycl\u00e9, la majorit\u00e9 repartira vers les <strong>pays du sud \u2026<\/strong><\/p>\n<p style=\"text-align: center;\"><strong>L&rsquo;INTELLIGENCE ARTIFICIELLE<\/strong><\/p>\n<p style=\"text-align: justify;\"><strong><em>\u00ab IA : un puits sans fond de d\u00e9penses en \u00e9nergie, en eau et en CO2 \u00bb<\/em><\/strong><\/p>\n<p style=\"text-align: justify;\">L\u2019IA n\u00e9cessite un regroupement de centres de donn\u00e9es (Giga DATACENTERS) qui demandent une grande quantit\u00e9 de m\u00e9taux rares, une consommation importante d\u2019\u00e9lectricit\u00e9 et beaucoup d\u2019eau pour le refroidissement.<\/p>\n<p style=\"text-align: justify;\"><em>\u00ab D\u2019ici \u00e0 2027, l\u2019IA consommera autant d\u2019eau que la moiti\u00e9 du Royaume-Uni ou 4 \u00e0 6 Danemark. \u00bb<\/em><\/p>\n<p style=\"text-align: justify;\">L\u2019IA engendre par ailleurs des effets rebonds sur de nombreux autres secteurs et contribue \u00e0 accro\u00eetre son empreinte environnementale (robotique, a\u00e9rospatiale, ville \u00ab intelligente \u00bb ou smart city, r\u00e9seaux sociaux, etc.).<\/p>\n<p style=\"text-align: justify;\"><em>\u00ab L\u2019intelligence artificielle acc\u00e9l\u00e8re le d\u00e9sastre \u00e9cologique, renforce les injustices et aggrave la concentration des pouvoirs \u00bb <\/em>Tribune d\u2019un collectif d\u2019associations en f\u00e9vrier 2025<\/p>\n<p style=\"text-align: center;\"><strong>L&rsquo;EMPLOI CHEZ NOUS ET AILLEURS<\/strong><\/p>\n<p style=\"text-align: justify;\"><strong>Nous sommes aussi d\u00e9pendants <\/strong>de la production propos\u00e9e et accept\u00e9e, au pr\u00e9texte de la cr\u00e9ation d\u2019emploi.<\/p>\n<p style=\"text-align: justify;\"><strong>GIGAFACTORIES<\/strong> (grosses usines de fabrication et de recyclage de batteries) comme \u00e0 Douvrin, Dunkerque, Douai, Amiens : <em>\u00ab la vall\u00e9e de la batterie \u00bb<\/em><\/p>\n<p style=\"text-align: justify;\"><strong>DATA CENTERS<\/strong> (stockage de donn\u00e9es n\u00e9cessaires pour l\u2019Intelligence Artificielle) comme \u00e0 Cambrai, Escaudain et B\u00e9thune.<\/p>\n<p style=\"text-align: justify;\">Mais <em>\u00ab un grand nombre de collectivit\u00e9s locales s\u2019interrogent aujourd\u2019hui quant \u00e0 l\u2019installation de data centers qui g\u00e9n\u00e8rent peu d\u2019emplois, 45 000 pour le secteur en France, dont seulement 28 000 directs, en incluant les emplois li\u00e9s \u00e0 la construction des b\u00e2timents, avec un impact environnemental de plus en plus critiqu\u00e9. \u00bb<\/em><\/p>\n<p style=\"text-align: justify;\">L\u2019IA entra\u00eene des licenciements (5 millions d\u2019ici 2030) et un surcro\u00eet de travail pour les personnes restantes, allant parfois jusqu\u2019au burn out.<\/p>\n<p style=\"text-align: justify;\">Et ailleurs ? Les travailleurs du clic \u00e0 Madagascar, pay\u00e9s quelques centimes pour entra\u00eener les IA, les plateformes du num\u00e9rique dans les pays du sud, une main d\u2019\u0153uvre bon march\u00e9 oblig\u00e9e de visionner des horreurs insoutenables.<\/p>\n<p style=\"text-align: center;\"><strong>L&rsquo;\u00c9NERGIE DU NUM\u00c9RIQUE<\/strong><\/p>\n<p style=\"text-align: justify;\"><strong><em>\u00ab Datacenter : le Nord et le Pas-de-Calais<\/em><\/strong><em> en premi\u00e8re ligne, mais \u00e0 quel prix \u00e9nerg\u00e9tique ? \u00bb<\/em> La Voix du Nord<\/p>\n<p style=\"text-align: justify;\">Une requ\u00eate en IA = 10 fois plus de consommation \u00e9lectrique que pour une recherche sur Google.<\/p>\n<p style=\"text-align: justify;\">Le data center pr\u00e9vu en 2035 \u00e0 Cambrai par exemple \u2013 le plus grand de France avec 15 milliards d\u2019investissement &#8211; consommera 1 Gigawatt, soit 1 r\u00e9acteur nucl\u00e9aire ou une ville d\u2019un million d\u2019habitants. D\u2019o\u00f9 la n\u00e9cessit\u00e9 de pr\u00e9voir rapidement la construction de 2 EPR2 \u00e0 Gravelines\u00a0!<\/p>\n<p style=\"text-align: justify;\">Pour satisfaire les besoins du num\u00e9rique, il est n\u00e9cessaire de produire de plus en plus d\u2019\u00e9nergie. Ce qui signifie augmenter le nombre d\u2019EPR, de panneaux solaires et d\u2019\u00e9oliennes&#8230; pour d\u00e9velopper l\u2019IA, la surveillance dans la soci\u00e9t\u00e9 et les drones \u2013 notamment pour la guerre. Tout ceci pour d\u00e9figurer les paysages et l\u2019environnement, entra\u00eener des probl\u00e8mes de sant\u00e9 et empoisonner l\u2019humain, le monde animal et la nature.<\/p>\n<p style=\"text-align: center;\"><strong>RECYCLAGE DES M\u00c9TAUX<\/strong><\/p>\n<p style=\"text-align: justify;\"><strong><em>\u00ab Aujourd\u2019hui, notre taux de r\u00e9emploi <\/em><\/strong><em>de composants cr\u00e9\u00e9 oscille entre 25 et 36 % \u00bb. <\/em>OVHcloud \u2013 entreprise fran\u00e7aise<\/p>\n<p style=\"text-align: justify;\">On peut donc dire que 75 \u00e0 64 % des mat\u00e9riaux \u2013 qui ne sont pas recyclables &#8211; sont toujours \u00e0 rechercher apr\u00e8s la fin de vie des composants du num\u00e9rique.<\/p>\n<p style=\"text-align: justify;\">Le recyclage demande beaucoup d\u2019\u00e9nergie et cr\u00e9e de nouvelles pollutions.<\/p>\n<p style=\"text-align: justify;\">On ne recycle quasiment rien d\u2019un smartphone. Les m\u00e9taux sont trop petits.<\/p>\n<p style=\"text-align: justify;\"><strong>LE RECYCLAGE N&rsquo;EST DONC PAS LA SOLUTION<\/strong><\/p>\n<p style=\"text-align: justify;\"><strong>\u00a0<\/strong><\/p>\n<p style=\"text-align: center;\"><strong>L&rsquo;ADDICTION AUX \u00c9CRANS<\/strong><\/p>\n<p style=\"text-align: center;\"><strong>LES EFFETS<\/strong><\/p>\n<ul style=\"text-align: justify;\">\n<li>Le corps : ob\u00e9sit\u00e9, sommeil, vue, ou\u00efe<\/li>\n<li>Le cerveau : baisse du langage, de la concentration, de l\u2019attention, de la m\u00e9morisation et de la r\u00e9flexion<\/li>\n<li>L\u2019\u00e9motionnel : agressivit\u00e9, mal-\u00eatre<\/li>\n<\/ul>\n<p style=\"text-align: center;\"><strong>LES PROPOSITIONS<\/strong><\/p>\n<ul style=\"text-align: justify;\">\n<li>Avant 5 ans : pas d\u2019\u00e9cran<\/li>\n<li>Avant 10 ans : pas plus d\u2019une heure par jour<\/li>\n<li>Avant 15 ans : pas de smartphone<\/li>\n<li>La m\u00e9thode des 4 pas : pas d\u2019\u00e9crans\u2026 le matin, pas durant les repas, pas avant de s\u2019endormir, pas dans la chambre de l\u2019enfant<\/li>\n<\/ul>\n<p style=\"text-align: justify;\"><strong>MOINS D&rsquo;\u00c9CRANS, PLUS DE VIE<\/strong><\/p>\n<p style=\"text-align: justify;\"><strong>UN \u00c9CRAN S&rsquo;\u00c9TEINT, UN ENFANT S&rsquo;\u00c9VEILLE<\/strong><\/p>\n<p style=\"text-align: justify;\"><strong>L\u2019addiction aux \u00e9crans ne concerne pas que des jeunes ; elle touche aussi un grand nombre d\u2019adultes.<\/strong><\/p>\n<p style=\"text-align: center;\"><strong>UN D\u00c9SASTRE SANITAIRE<\/strong><\/p>\n<p style=\"text-align: justify;\">L\u2019usage des appareils \u00e9lectriques et du num\u00e9rique en g\u00e9n\u00e9ral cr\u00e9e une pollution souvent oubli\u00e9e \u00e0 cause des Ondes \u00c9lectroMagn\u00e9tiques (OEM) ; ce qui agit sur le vivant et entra\u00eene de nouvelles maladies \u2026 notamment l\u2019Electro Hyper Sensibilit\u00e9.<\/p>\n<p style=\"text-align: justify;\"><em>\u00ab Nous appelons de nos v\u0153ux la prise de conscience de ce d\u00e9sastre sanitaire. Il n\u2019est pas trop tard, mais il est plus que temps. \u00bb <\/em>Servane MOUTON<\/p>\n<p style=\"text-align: justify;\">Comment sortir de cette hypnose sanitaire ? \u00c9liminer l\u2019effet malsain des \u00e9crans sur notre sant\u00e9 physique et psychique, sur le d\u00e9veloppement neurologique et socio-\u00e9motionnel, sur nos relations inter-individuelles. Il est plus que temps d\u2019\u00e9valuer le b\u00e9n\u00e9fice de la r\u00e9volution num\u00e9rique \u2013 les r\u00e9seaux sociaux et l\u2019IA.<\/p>\n<p style=\"text-align: justify;\">Il est donc temps de simplement informer, informer, informer\u2026<\/p>\n<p style=\"text-align: center;\"><strong>AGRICULTURE NUM\u00c9RIQUE<\/strong><\/p>\n<ul style=\"text-align: justify;\">\n<li><strong>C\u2019est l\u2019utilisation d\u2019outils tels que le GPS, les drones et les capteurs pour collecter des donn\u00e9es pr\u00e9cises sur l\u2019\u00e9tat des sols, la sant\u00e9 des cultures et les niveaux de nutriments.<\/strong><\/li>\n<li><strong>C\u2019est l\u2019utilisation de robots.<\/strong><\/li>\n<\/ul>\n<p style=\"text-align: justify;\"><strong>L\u2019analyse de donn\u00e9es et l\u2019IA <\/strong>jouent un r\u00f4le crucial dans cette agriculture num\u00e9rique. Mais : <em>\u00ab Le tout num\u00e9rique repr\u00e9sente un co\u00fbt environnemental qui n\u00e9cessite de construire toujours plus de serveurs informatiques consommant \u00e9nergie et m\u00e9taux rares. \u00bb<\/em><\/p>\n<p style=\"text-align: justify;\">L\u2019adoption des outils num\u00e9riques acc\u00e9l\u00e8re la tendance \u00e0 l\u2019agrandissement des fermes (avec moins de paysans) et \u00e0 l\u2019endettement. <em>\u00ab Nous avons besoin de bras et de cerveaux pour la r\u00e9volution agricole, pas d\u2019algorithmes ni de drones \u00bb<\/em>. La Conf\u00e9d\u00e9ration Paysanne<\/p>\n<p style=\"text-align: justify;\"><em>\u00ab La seule et v\u00e9ritable innovation est d\u2019installer 1 million de paysans d\u2019ici 10 ans \u00bb.<\/em><\/p>\n<p style=\"text-align: justify;\">Le lobby technologique avec ses data centers et ses fermes de serveurs ainsi que celui de l\u2019agriculture industrielle ont un m\u00eame point commun : ils contribuent \u00e0 l\u2019appauvrissement et l\u2019\u00e9puisement des sols ainsi qu\u2019au stress hydrique des populations environnantes.<\/p>\n<p style=\"text-align: center;\"><strong>L&rsquo;AGRIVOLTA\u00cfSME<\/strong><\/p>\n<p style=\"text-align: justify;\"><strong>Pour produire de l\u2019\u00e9lectricit\u00e9 solaire<\/strong>, il existe suffisamment d\u2019emplacements ailleurs que sur les surfaces \u00e0 vis\u00e9e agricole.<\/p>\n<p style=\"text-align: justify;\"><em>\u00ab Le d\u00e9veloppement du solaire photovolta\u00efque ne n\u00e9cessite pas d\u2019empi\u00e9ter sur les espaces naturels ou agricoles \u00bb<\/em><\/p>\n<p style=\"text-align: justify;\">Un potentiel de production solaire de plus de 150 TWh\/an est d\u00e9j\u00e0 identifi\u00e9 en utilisant les surfaces d\u00e9j\u00e0 artificialis\u00e9es (toitures, friches, parkings)&#8230; sans oublier les abords des infrastructures de transport, en particulier les routes et les voies ferr\u00e9es.<\/p>\n<p style=\"text-align: center;\"><strong>QUE FAIRE\u00a0?<\/strong><\/p>\n<p style=\"text-align: justify;\"><strong><em>\u00ab Aujourd\u2019hui, le num\u00e9rique est un des secteurs qui nous mettent dans le rouge quant au respect des limites plan\u00e9taires<\/em><\/strong><em> \u00bb.<\/em><\/p>\n<p style=\"text-align: center;\"><strong>LES PROPOSITIONS<\/strong><\/p>\n<ul style=\"text-align: justify;\">\n<li>Imposer le droit \u00e0 la non-connexion\/d\u00e9connexion<\/li>\n<li>Refuser l\u2019\u00ab Intelligence \u00bb Artificielle<\/li>\n<li>Remettre en cause l\u2019utilisation de ce produit addictif<\/li>\n<li>Ma\u00eetriser sa relation aux \u00e9crans<\/li>\n<li>Un peu de sobri\u00e9t\u00e9 (bienveillante) ; moins de voitures, plus de transports en commun ; moins de num\u00e9rique<\/li>\n<li>Vivre mieux et autrement<\/li>\n<li>S\u2019occuper du climat plut\u00f4t que du toujours plus<\/li>\n<\/ul>\n<p style=\"text-align: center;\"><strong>NOTRE SYST\u00c8ME \u00c9CONOMIQUE EN EST-IL CAPABLE ?<\/strong><\/p>\n<p style=\"text-align: justify;\"><strong>Si ce n\u2019est pas le cas, nous devrons subir :<\/strong><\/p>\n<ul style=\"text-align: justify;\">\n<li>de nouvelles pollutions,<\/li>\n<li>des destructions des paysages,<\/li>\n<li>une perte de biodiversit\u00e9,<\/li>\n<li>des crises de l\u2019eau, de l\u2019\u00e9nergie,<\/li>\n<li>la supr\u00e9matie des robots,<\/li>\n<li>\u2026<\/li>\n<\/ul>\n<p style=\"text-align: justify;\"><strong>LE PROGR\u00c9S TECHNIQUE NE DOIT PAS SE FAIRE CONTRE LE VIVANT, LA NATURE ET L&rsquo;INT\u00c9R\u00caT DES CITOYENS<\/strong><\/p>\n<p style=\"text-align: center;\"><strong>POUR ALLER PLUS LOIN<\/strong><\/p>\n<p style=\"text-align: justify;\"><strong><a href=\"https:\/\/collectif-accad.fr\/\">https:\/\/collectif-accad.fr<\/a> \u00a0\u00a0\u00a0\u00a0\u00a0\u00a0\u00a0\u00a0\u00a0\u00a0\u00a0\u00a0\u00a0\u00a0\u00a0\u00a0\u00a0\u00a0\u00a0\u00a0\u00a0\u00a0\u00a0\u00a0\u00a0\u00a0\u00a0\u00a0\u00a0\u00a0\u00a0\u00a0\u00a0\u00a0\u00a0\u00a0\u00a0\u00a0\u00a0\u00a0\u00a0\u00a0\u00a0\u00a0\u00a0\u00a0\u00a0\u00a0\u00a0\u00a0\u00a0\u00a0\u00a0\u00a0\u00a0\u00a0\u00a0\u00a0<\/strong><\/p>\n<p style=\"text-align: justify;\">Manifeste international pour un droit universel constitutionnel \u00e0 la non-connexion\/d\u00e9connexion :<\/p>\n<p style=\"text-align: justify;\"><strong><a href=\"https:\/\/internationaldisconnectionmanifesto.org\/\">https:\/\/internationaldisconnectionmanifesto.org<\/a> <\/strong><\/p>\n<p style=\"text-align: justify;\">Pour signer :<\/p>\n<p style=\"text-align: justify;\"><strong><a href=\"https:\/\/internationaldisconnectionmanifesto.org\/formulaire-form\/\">https:\/\/internationaldisconnectionmanifesto.org\/formulaire-form\/<\/a> <\/strong><\/p>\n","protected":false},"excerpt":{"rendered":"<p>ONDES, GIGA FACTORIES, INTELLIGENCE ARTIFICIELLE, ADDICTION AUX \u00c9CRANS, CONCENTRATION DES POUVOIRS DOCUMENTS R\u00c9ALIS\u00c9S par le collectif ACCAD panneau 1 compressed panneaux 2-6 compressed LE NUM\u00c9RIQUE_4 pages ** ** LA CONNEXION NUM\u00c9RIQUE DOIT \u00caTRE UNE OPTION, PAS UNE OBLIGATION ! LA CHAINE DU NUM\u00c9RIQUE Le num\u00e9rique commence par certains pays africains (Congo, Rwanda, Ouganda, \u2026) ou &hellip; <a href=\"https:\/\/collectif-accad.fr\/site\/le-numerique\/\" class=\"more-link\">Continuer la lecture de <span class=\"screen-reader-text\">Le num\u00e9rique<\/span><\/a><\/p>\n","protected":false},"author":4,"featured_media":0,"parent":0,"menu_order":0,"comment_status":"closed","ping_status":"closed","template":"","meta":{"footnotes":""},"class_list":["post-14694","page","type-page","status-publish","hentry"],"_links":{"self":[{"href":"https:\/\/collectif-accad.fr\/site\/wp-json\/wp\/v2\/pages\/14694","targetHints":{"allow":["GET"]}}],"collection":[{"href":"https:\/\/collectif-accad.fr\/site\/wp-json\/wp\/v2\/pages"}],"about":[{"href":"https:\/\/collectif-accad.fr\/site\/wp-json\/wp\/v2\/types\/page"}],"author":[{"embeddable":true,"href":"https:\/\/collectif-accad.fr\/site\/wp-json\/wp\/v2\/users\/4"}],"replies":[{"embeddable":true,"href":"https:\/\/collectif-accad.fr\/site\/wp-json\/wp\/v2\/comments?post=14694"}],"version-history":[{"count":7,"href":"https:\/\/collectif-accad.fr\/site\/wp-json\/wp\/v2\/pages\/14694\/revisions"}],"predecessor-version":[{"id":14705,"href":"https:\/\/collectif-accad.fr\/site\/wp-json\/wp\/v2\/pages\/14694\/revisions\/14705"}],"wp:attachment":[{"href":"https:\/\/collectif-accad.fr\/site\/wp-json\/wp\/v2\/media?parent=14694"}],"curies":[{"name":"wp","href":"https:\/\/api.w.org\/{rel}","templated":true}]}}