{"id":1419,"date":"2018-09-11T06:12:59","date_gmt":"2018-09-11T04:12:59","guid":{"rendered":"https:\/\/collectif-accad.fr\/site\/?page_id=1419"},"modified":"2018-10-21T14:13:16","modified_gmt":"2018-10-21T12:13:16","slug":"incendies","status":"publish","type":"page","link":"https:\/\/collectif-accad.fr\/site\/refuser-linky\/incendies\/","title":{"rendered":"Incendies"},"content":{"rendered":"<p style=\"text-align: center;\"><strong><span style=\"font-size: 18pt;\">le point sur les incendies<\/span><\/strong><\/p>\n<p><strong>Bien entendu, ce n&rsquo;est que la situation \u00e0 la date du 19 octobre<\/strong><\/p>\n<p><a href=\"https:\/\/collectif-accad.fr\/site\/wp-content\/uploads\/2018\/10\/Liste-non-exhaustive-des-incendies-de-linky.pdf\">Liste non exhaustive des incendies de linky<\/a><\/p>\n<p>Un autre article sur le site de stop linky Var Est :<\/p>\n<p><a href=\"http:\/\/stoplinkyvarest.canalblog.com\/archives\/2018\/10\/20\/36799208.html\">http:\/\/stoplinkyvarest.canalblog.com\/archives\/2018\/10\/20\/367<\/a><\/p>\n<p style=\"text-align: justify;\"><strong>Il va de soi pour Enedis que ce n&rsquo;est pas Linky qui est en cause !<\/strong><\/p>\n<p style=\"text-align: center;\"><span style=\"font-size: 18pt;\"><strong>Le compteur LINKY chez ma m\u00e8re <\/strong><\/span><\/p>\n<p style=\"text-align: center;\"><strong><span style=\"font-size: 18pt;\">a brul\u00e9 le 25 ao\u00fbt 2018<\/span> <\/strong><\/p>\n<p><strong>Cela s&rsquo;est pass\u00e9 en Bretagne<\/strong><\/p>\n<div style=\"width: 608px;\" class=\"wp-video\"><video class=\"wp-video-shortcode\" id=\"video-1419-1\" width=\"608\" height=\"1080\" preload=\"metadata\" controls=\"controls\"><source type=\"video\/mp4\" src=\"https:\/\/collectif-accad.fr\/site\/wp-content\/uploads\/2018\/10\/Le-compteur-LINKY-chez-ma-m\u00e8re-a-brul\u00e9-le-25-ao\u00fbt-2018..mp4?_=1\" \/><a href=\"https:\/\/collectif-accad.fr\/site\/wp-content\/uploads\/2018\/10\/Le-compteur-LINKY-chez-ma-m\u00e8re-a-brul\u00e9-le-25-ao\u00fbt-2018..mp4\">https:\/\/collectif-accad.fr\/site\/wp-content\/uploads\/2018\/10\/Le-compteur-LINKY-chez-ma-m\u00e8re-a-brul\u00e9-le-25-ao\u00fbt-2018..mp4<\/a><\/video><\/div>\n<p style=\"text-align: center;\"><strong><span style=\"font-family: arial black, sans-serif; font-size: 18pt;\">Risque d&rsquo;incendie tr\u00e8s \u00e9lev\u00e9<\/span><\/strong><\/p>\n<p><strong>Seuls quelques-uns d\u2019entre eux sont rapport\u00e9s par la presse<\/strong><\/p>\n<p>De nombreux incendies apr\u00e8s la pose du Linky<\/p>\n<p>Derniers exemples r\u00e9cents :<\/p>\n<p><a href=\"https:\/\/collectif-accad.fr\/site\/wp-content\/uploads\/2018\/09\/De-nombreux-incendies-apr\u00e8s-la-pose-du-Linky.pdf\">De nombreux incendies apr\u00e8s la pose du Linky<\/a><\/p>\n<p><img loading=\"lazy\" decoding=\"async\" class=\"alignnone size-full wp-image-1429\" src=\"https:\/\/collectif-accad.fr\/site\/wp-content\/uploads\/2018\/09\/Diapo-180908-14.jpg\" alt=\"\" width=\"943\" height=\"400\" srcset=\"https:\/\/collectif-accad.fr\/site\/wp-content\/uploads\/2018\/09\/Diapo-180908-14.jpg 943w, https:\/\/collectif-accad.fr\/site\/wp-content\/uploads\/2018\/09\/Diapo-180908-14-300x127.jpg 300w, https:\/\/collectif-accad.fr\/site\/wp-content\/uploads\/2018\/09\/Diapo-180908-14-768x326.jpg 768w\" sizes=\"auto, (max-width: 943px) 100vw, 943px\" \/><\/p>\n","protected":false},"excerpt":{"rendered":"<p>le point sur les incendies Bien entendu, ce n&rsquo;est que la situation \u00e0 la date du 19 octobre Liste non exhaustive des incendies de linky Un autre article sur le site de stop linky Var Est : http:\/\/stoplinkyvarest.canalblog.com\/archives\/2018\/10\/20\/367 Il va de soi pour Enedis que ce n&rsquo;est pas Linky qui est en cause ! Le &hellip; <a href=\"https:\/\/collectif-accad.fr\/site\/refuser-linky\/incendies\/\" class=\"more-link\">Continuer la lecture de <span class=\"screen-reader-text\">Incendies<\/span><\/a><\/p>\n","protected":false},"author":4,"featured_media":0,"parent":132,"menu_order":0,"comment_status":"closed","ping_status":"closed","template":"","meta":{"footnotes":""},"class_list":["post-1419","page","type-page","status-publish","hentry"],"_links":{"self":[{"href":"https:\/\/collectif-accad.fr\/site\/wp-json\/wp\/v2\/pages\/1419","targetHints":{"allow":["GET"]}}],"collection":[{"href":"https:\/\/collectif-accad.fr\/site\/wp-json\/wp\/v2\/pages"}],"about":[{"href":"https:\/\/collectif-accad.fr\/site\/wp-json\/wp\/v2\/types\/page"}],"author":[{"embeddable":true,"href":"https:\/\/collectif-accad.fr\/site\/wp-json\/wp\/v2\/users\/4"}],"replies":[{"embeddable":true,"href":"https:\/\/collectif-accad.fr\/site\/wp-json\/wp\/v2\/comments?post=1419"}],"version-history":[{"count":10,"href":"https:\/\/collectif-accad.fr\/site\/wp-json\/wp\/v2\/pages\/1419\/revisions"}],"predecessor-version":[{"id":1992,"href":"https:\/\/collectif-accad.fr\/site\/wp-json\/wp\/v2\/pages\/1419\/revisions\/1992"}],"up":[{"embeddable":true,"href":"https:\/\/collectif-accad.fr\/site\/wp-json\/wp\/v2\/pages\/132"}],"wp:attachment":[{"href":"https:\/\/collectif-accad.fr\/site\/wp-json\/wp\/v2\/media?parent=1419"}],"curies":[{"name":"wp","href":"https:\/\/api.w.org\/{rel}","templated":true}]}}