{"id":132,"date":"2018-07-09T10:42:52","date_gmt":"2018-07-09T08:42:52","guid":{"rendered":"https:\/\/collectif-accad.fr\/site\/?page_id=132"},"modified":"2022-11-03T06:01:23","modified_gmt":"2022-11-03T05:01:23","slug":"refuser-linky","status":"publish","type":"page","link":"https:\/\/collectif-accad.fr\/site\/refuser-linky\/","title":{"rendered":"Refuser Linky ?"},"content":{"rendered":"<p>Une synth\u00e8se \u00e9crite le 19 octobre 2018 par stop-linky Gourdon (46)<\/p>\n<p>https:\/\/ruraletv.fr\/blog\/2018\/10\/19\/linky-refus-legal-du-compteur-et-exemples-de-protections\/<\/p>\n<p style=\"text-align: center;\"><span style=\"font-family: arial black, sans-serif; font-size: 18pt;\">DERNIERE MINUTE<\/span><\/p>\n<p style=\"text-align: left;\" align=\"left\"><span style=\"font-size: 24pt;\"><strong><span style=\"font-family: Comic Sans MS, cursive;\">R\u00e9sum\u00e9 <\/span><\/strong><strong><span style=\"font-family: Comic Sans MS, cursive;\">pour l\u2019auto-rel\u00e8ve pour celles et ceux qui n&rsquo;ont pas Linky<br \/>\n<\/span><\/strong><\/span><\/p>\n<p style=\"text-align: justify;\" align=\"justify\"><span style=\"font-family: Comic Sans MS, cursive;\"><span style=\"font-size: large;\"><strong><span style=\"font-size: medium;\">Enedis et ses alli\u00e9s (la Commission de r\u00e9gulation de l\u2019\u00e9nergie (CRE), UFC-QueChoisir, etc) sont confront\u00e9s \u00e0 une r\u00e9sistance anti-Linky qu\u2019ils n\u2019avaient pas pr\u00e9vue : \u00e0 ce jour il reste environ 4 millions de compteurs ordinaires en service ! Aussi nous assistons \u00e0 une nouvelle campagne d\u2019intimidation : des menaces de facturation de la rel\u00e8ve visuelle de la consommation pour les \u00ab\u00a0sans-Linky\u00a0\u00bb, d\u2019un montant de <\/span><\/strong><strong><span style=\"font-size: medium;\"><b>8,30 euros HT tous les deux mois<\/b><\/span><\/strong><strong><span style=\"font-size: medium;\">, soit 50 euros par an.<\/span><\/strong><\/span><\/span><\/p>\n<p style=\"text-align: justify;\" align=\"justify\"><span style=\"font-family: Comic Sans MS, cursive;\"><span style=\"font-size: large;\"><strong><span style=\"font-size: medium;\">1) Dans tous les cas, <\/span><\/strong><strong><span style=\"font-size: medium;\"><b>il n\u2019y aura <\/b><\/span><\/strong><strong><span style=\"font-size: medium;\"><u><b>aucune facturation avant 2023<\/b><\/u><\/span><\/strong><strong><span style=\"font-size: medium;\"> : les courriers envoy\u00e9s actuellement par Enedis laissent habilement croire que cette facturation pourrait \u00eatre imm\u00e9diate, <\/span><\/strong><strong><span style=\"font-size: medium;\"><u>c\u2019est totalement faux une fois encore<\/u><\/span><\/strong><strong><span style=\"font-size: medium;\"> !<\/span><\/strong><\/span><\/span><\/p>\n<p style=\"text-align: justify;\" align=\"justify\"><span style=\"font-family: Comic Sans MS, cursive;\"><span style=\"font-size: large;\"><strong><span style=\"font-size: medium;\">2) Si vous faites des auto-rel\u00e8ves chez Enedis, <\/span><\/strong><strong><span style=\"font-size: medium;\"><u><b>il n\u2019y aura aucune facturation avant 2025<\/b><\/u><\/span><\/strong><strong><span style=\"font-size: medium;\"> ! \u00c7a laisse largement le temps de voir venir !<\/span><\/strong><\/span><\/span><\/p>\n<p style=\"text-align: justify;\" align=\"left\">\u2013 <span style=\"font-family: Comic Sans MS, cursive;\"><span style=\"font-size: medium;\">Enedis est dans une position d\u00e9licate avec le grand nombre de refuzniks : 3,8 millions<\/span><\/span><\/p>\n<p style=\"text-align: justify;\" align=\"left\">\u2013 <span style=\"font-family: Comic Sans MS, cursive;\"><span style=\"font-size: medium;\">Enedis use de ruses et d\u2019artifices pour continuer son d\u00e9ploiement mais il est coinc\u00e9 jusqu\u2019en 2025<\/span><\/span><\/p>\n<p style=\"text-align: justify;\" align=\"left\"><span style=\"font-family: Comic Sans MS, cursive;\"><span style=\"font-size: medium;\">3) Le plus simple est d\u2019assurer au moins 2 fois par an \u2013\u00a0\u00bb tous les 6 mois\u00a0\u00bb, dixit Enedis- en allant sur leur site rel\u00e8ve\u00a0:<\/span><\/span><\/p>\n<p style=\"text-align: justify;\" align=\"left\"><span style=\"font-family: Comic Sans MS, cursive;\"><span style=\"font-size: medium;\"><a href=\"https:\/\/www.enedis.fr\/je-releve-compteur-electrique\">https:\/\/www.enedis.fr\/je-releve-compteur-electrique<\/a> <\/span><\/span><\/p>\n<p style=\"text-align: justify;\" align=\"left\"><span style=\"font-family: Comic Sans MS, cursive;\"><span style=\"font-size: medium;\">Acc\u00e9der \u00e0\u00a0: <b>transmettre mon relev\u00e9 de compteur en ligne<\/b><\/span><\/span><\/p>\n<p style=\"text-align: justify;\" align=\"left\"><span style=\"font-family: Comic Sans MS, cursive;\"><span style=\"font-size: medium;\">Indiquer le point de livraison (pdl) que vous trouvez sur vos factures<\/span><\/span><\/p>\n<p style=\"text-align: justify;\" align=\"left\"><span style=\"font-family: Comic Sans MS, cursive;\"><span style=\"font-size: medium;\"><b>N\u2019oubliez pas de t\u00e9l\u00e9charger la preuve en pdf<\/b><\/span><\/span><\/p>\n<p style=\"text-align: justify;\" align=\"left\"><span style=\"font-family: Comic Sans MS, cursive;\"><span style=\"font-size: medium;\">Pour assurer le coup, envoyer la preuve pdf en courrier ordinaire \u00e0 votre fournisseur (celui qui vous envoie la facture)\u00a0; engie, edf, enercoop, total\u00e9nergies \u2026<\/span><\/span><\/p>\n<p style=\"text-align: justify;\" align=\"left\"><span style=\"font-family: Comic Sans MS, cursive;\"><span style=\"font-size: medium;\">4) Vous pouvez aussi le faire par t\u00e9l\u00e9phone au 0970 831 970 <span style=\"color: #202124;\">(du lundi au vendredi de 8h \u00e0<\/span> <span style=\"color: #202124;\">17h)<\/span><\/span><\/span><\/p>\n<p style=\"text-align: justify;\" align=\"justify\"><span style=\"font-family: Comic Sans MS, cursive;\"><span style=\"font-size: medium;\">5) On peut recommander de le faire deux fois par an, mais vous pouvez aussi le faire plus souvent si \u00e7a vous chante\u2026<\/span><\/span><\/p>\n<p style=\"text-align: justify;\" align=\"justify\"><span style=\"font-family: Comic Sans MS, cursive;\"><span style=\"font-size: medium;\"><b>6) <\/b><b>Vous pouvez continuer \u00e0 faire vos auto-rel\u00e8ves aupr\u00e8s de votre fournisseur<\/b> (EDF, Engie, Eni, etc) <u>mais cela ne dispense pas de les faire chez Enedis<\/u> car, charmes de la distribution de l\u2019\u00e9lectricit\u00e9 en France, c\u2019est Enedis qui est cens\u00e9 collecter les donn\u00e9es de consommation et les transf\u00e9rer ensuite aux fournisseurs. Pour \u00e9viter la facturation \u00e9voqu\u00e9e ci-dessus, il faut donc n\u00e9cessairement faire des auto-rel\u00e8ves <u>chez Enedis<\/u>.<\/span><\/span><\/p>\n<p style=\"text-align: justify;\" align=\"justify\"><span style=\"font-family: Comic Sans MS, cursive;\"><span style=\"font-size: medium;\">7) <b>Si vous rencontrez des difficult\u00e9s pour faire vos auto-rel\u00e8ves<\/b>, ne vous inqui\u00e9tez pas, vous n\u2019\u00eates pas seuls ! Il s\u2019agit peut-\u00eatre de manoeuvres d\u2019Enedis pour nous compliquer la t\u00e2che (en croyant nous pousser ainsi \u00e0 demander un Linky !) mais c\u2019est plus probablement de l\u2019incomp\u00e9tence. P\u00eale-m\u00eale, vous pouvez \u00eatre confront\u00e9 \u00e0 un dysfonctionnement du site web de rel\u00e8ve, ou du serveur vocal, ou bien Enedis ne transmets pas votre consommation \u00e0 votre fournisseur, etc. Ne paniquez pas (pour m\u00e9moire : aucune facturation avant 2023 !), revenez-y plus tard, <u>jusqu\u2019\u00e0 ce que votre consommation soit bien prise en compte<\/u>.<\/span><\/span><\/p>\n<p style=\"text-align: justify;\"><span style=\"font-family: Comic Sans MS, cursive;\"><span style=\"font-size: medium;\"><a href=\"https:\/\/collectif-accad.fr\/site\/non-a-la-taxation-discriminatoire-des-sans-linky\/\">https:\/\/collectif-accad.fr\/site\/non-a-la-taxation-discriminatoire-des-sans-linky\/<\/a> <\/span><\/span><\/p>\n<p style=\"text-align: center;\"><strong><span style=\"font-family: arial black, sans-serif; font-size: 18pt;\">Dix rubriques sur le site <\/span><\/strong><\/p>\n<p style=\"text-align: center;\"><strong><span style=\"font-family: arial black, sans-serif; font-size: 18pt;\">du collectif ACCAD<\/span><br \/>\n<\/strong><\/p>\n<blockquote class=\"wp-embedded-content\" data-secret=\"idz2OHe0O7\"><p><a href=\"https:\/\/collectif-accad.fr\/site\/refuser-linky\/pas-obligatoire\/\">Pas obligatoire<\/a><\/p><\/blockquote>\n<p><iframe loading=\"lazy\" class=\"wp-embedded-content\" sandbox=\"allow-scripts\" security=\"restricted\" style=\"position: absolute; clip: rect(1px, 1px, 1px, 1px);\" title=\"\u00ab\u00a0Pas obligatoire\u00a0\u00bb &#8212; ACCAD : Anti Compteurs Communicants Artois (62)-Douaisis (59)\" src=\"https:\/\/collectif-accad.fr\/site\/refuser-linky\/pas-obligatoire\/embed\/#?secret=l9m9mreNmU#?secret=idz2OHe0O7\" data-secret=\"idz2OHe0O7\" width=\"600\" height=\"338\" frameborder=\"0\" marginwidth=\"0\" marginheight=\"0\" scrolling=\"no\"><\/iframe><\/p>\n<blockquote class=\"wp-embedded-content\" data-secret=\"iEEtWmqnvN\"><p><a href=\"https:\/\/collectif-accad.fr\/site\/refuser-linky\/pose-gratuite\/\">Pose gratuite ?<\/a><\/p><\/blockquote>\n<p><iframe loading=\"lazy\" class=\"wp-embedded-content\" sandbox=\"allow-scripts\" security=\"restricted\" style=\"position: absolute; clip: rect(1px, 1px, 1px, 1px);\" title=\"\u00ab\u00a0Pose gratuite ?\u00a0\u00bb &#8212; ACCAD : Anti Compteurs Communicants Artois (62)-Douaisis (59)\" src=\"https:\/\/collectif-accad.fr\/site\/refuser-linky\/pose-gratuite\/embed\/#?secret=CiphYFBqfV#?secret=iEEtWmqnvN\" data-secret=\"iEEtWmqnvN\" width=\"600\" height=\"338\" frameborder=\"0\" marginwidth=\"0\" marginheight=\"0\" scrolling=\"no\"><\/iframe><\/p>\n<blockquote class=\"wp-embedded-content\" data-secret=\"vrH5YGfHu5\"><p><a href=\"https:\/\/collectif-accad.fr\/site\/refuser-linky\/surfacturations\/\">Surfacturations<\/a><\/p><\/blockquote>\n<p><iframe loading=\"lazy\" class=\"wp-embedded-content\" sandbox=\"allow-scripts\" security=\"restricted\" style=\"position: absolute; clip: rect(1px, 1px, 1px, 1px);\" title=\"\u00ab\u00a0Surfacturations\u00a0\u00bb &#8212; ACCAD : Anti Compteurs Communicants Artois (62)-Douaisis (59)\" src=\"https:\/\/collectif-accad.fr\/site\/refuser-linky\/surfacturations\/embed\/#?secret=wzCF3o30DX#?secret=vrH5YGfHu5\" data-secret=\"vrH5YGfHu5\" width=\"600\" height=\"338\" frameborder=\"0\" marginwidth=\"0\" marginheight=\"0\" scrolling=\"no\"><\/iframe><\/p>\n<blockquote class=\"wp-embedded-content\" data-secret=\"xETrZzU8MF\"><p><a href=\"https:\/\/collectif-accad.fr\/site\/refuser-linky\/ondes-et-sante\/\">Ondes et sant\u00e9<\/a><\/p><\/blockquote>\n<p><iframe loading=\"lazy\" class=\"wp-embedded-content\" sandbox=\"allow-scripts\" security=\"restricted\" style=\"position: absolute; clip: rect(1px, 1px, 1px, 1px);\" title=\"\u00ab\u00a0Ondes et sant\u00e9\u00a0\u00bb &#8212; ACCAD : Anti Compteurs Communicants Artois (62)-Douaisis (59)\" src=\"https:\/\/collectif-accad.fr\/site\/refuser-linky\/ondes-et-sante\/embed\/#?secret=mzjRxswyKP#?secret=xETrZzU8MF\" data-secret=\"xETrZzU8MF\" width=\"600\" height=\"338\" frameborder=\"0\" marginwidth=\"0\" marginheight=\"0\" scrolling=\"no\"><\/iframe><\/p>\n<blockquote class=\"wp-embedded-content\" data-secret=\"GuTwv9gNF0\"><p><a href=\"https:\/\/collectif-accad.fr\/site\/refuser-linky\/dysfonctionnements\/\">Dysfonctionnements<\/a><\/p><\/blockquote>\n<p><iframe loading=\"lazy\" class=\"wp-embedded-content\" sandbox=\"allow-scripts\" security=\"restricted\" style=\"position: absolute; clip: rect(1px, 1px, 1px, 1px);\" title=\"\u00ab\u00a0Dysfonctionnements\u00a0\u00bb &#8212; ACCAD : Anti Compteurs Communicants Artois (62)-Douaisis (59)\" src=\"https:\/\/collectif-accad.fr\/site\/refuser-linky\/dysfonctionnements\/embed\/#?secret=rcmlQMDlyG#?secret=GuTwv9gNF0\" data-secret=\"GuTwv9gNF0\" width=\"600\" height=\"338\" frameborder=\"0\" marginwidth=\"0\" marginheight=\"0\" scrolling=\"no\"><\/iframe><\/p>\n<blockquote class=\"wp-embedded-content\" data-secret=\"ZEMfEuHxkL\"><p><a href=\"https:\/\/collectif-accad.fr\/site\/refuser-linky\/incendies\/\">Incendies<\/a><\/p><\/blockquote>\n<p><iframe loading=\"lazy\" class=\"wp-embedded-content\" sandbox=\"allow-scripts\" security=\"restricted\" style=\"position: absolute; clip: rect(1px, 1px, 1px, 1px);\" title=\"\u00ab\u00a0Incendies\u00a0\u00bb &#8212; ACCAD : Anti Compteurs Communicants Artois (62)-Douaisis (59)\" src=\"https:\/\/collectif-accad.fr\/site\/refuser-linky\/incendies\/embed\/#?secret=Wn289EFGUv#?secret=ZEMfEuHxkL\" data-secret=\"ZEMfEuHxkL\" width=\"600\" height=\"338\" frameborder=\"0\" marginwidth=\"0\" marginheight=\"0\" scrolling=\"no\"><\/iframe><\/p>\n<blockquote class=\"wp-embedded-content\" data-secret=\"y8j8iACQtZ\"><p><a href=\"https:\/\/collectif-accad.fr\/site\/refuser-linky\/assurances\/\">Assurances<\/a><\/p><\/blockquote>\n<p><iframe loading=\"lazy\" class=\"wp-embedded-content\" sandbox=\"allow-scripts\" security=\"restricted\" style=\"position: absolute; clip: rect(1px, 1px, 1px, 1px);\" title=\"\u00ab\u00a0Assurances\u00a0\u00bb &#8212; ACCAD : Anti Compteurs Communicants Artois (62)-Douaisis (59)\" src=\"https:\/\/collectif-accad.fr\/site\/refuser-linky\/assurances\/embed\/#?secret=FIp6PUbkF0#?secret=y8j8iACQtZ\" data-secret=\"y8j8iACQtZ\" width=\"600\" height=\"338\" frameborder=\"0\" marginwidth=\"0\" marginheight=\"0\" scrolling=\"no\"><\/iframe><\/p>\n<blockquote class=\"wp-embedded-content\" data-secret=\"ikFMaau4ai\"><p><a href=\"https:\/\/collectif-accad.fr\/site\/refuser-linky\/piratage\/\">Piratage, cambriolage<\/a><\/p><\/blockquote>\n<p><iframe loading=\"lazy\" class=\"wp-embedded-content\" sandbox=\"allow-scripts\" security=\"restricted\" style=\"position: absolute; clip: rect(1px, 1px, 1px, 1px);\" title=\"\u00ab\u00a0Piratage, cambriolage\u00a0\u00bb &#8212; ACCAD : Anti Compteurs Communicants Artois (62)-Douaisis (59)\" src=\"https:\/\/collectif-accad.fr\/site\/refuser-linky\/piratage\/embed\/#?secret=1J1yXRdKOD#?secret=ikFMaau4ai\" data-secret=\"ikFMaau4ai\" width=\"600\" height=\"338\" frameborder=\"0\" marginwidth=\"0\" marginheight=\"0\" scrolling=\"no\"><\/iframe><\/p>\n<blockquote class=\"wp-embedded-content\" data-secret=\"HCPelvDSXA\"><p><a href=\"https:\/\/collectif-accad.fr\/site\/refuser-linky\/ehs-et-ondes\/\">EHS et ondes<\/a><\/p><\/blockquote>\n<p><iframe loading=\"lazy\" class=\"wp-embedded-content\" sandbox=\"allow-scripts\" security=\"restricted\" style=\"position: absolute; clip: rect(1px, 1px, 1px, 1px);\" title=\"\u00ab\u00a0EHS et ondes\u00a0\u00bb &#8212; ACCAD : Anti Compteurs Communicants Artois (62)-Douaisis (59)\" src=\"https:\/\/collectif-accad.fr\/site\/refuser-linky\/ehs-et-ondes\/embed\/#?secret=V2KT5JWfQL#?secret=HCPelvDSXA\" data-secret=\"HCPelvDSXA\" width=\"600\" height=\"338\" frameborder=\"0\" marginwidth=\"0\" marginheight=\"0\" scrolling=\"no\"><\/iframe><\/p>\n<blockquote class=\"wp-embedded-content\" data-secret=\"0ASVuhtOMx\"><p><a href=\"https:\/\/collectif-accad.fr\/site\/refuser-linky\/autres-raisons\/\">Autres raisons<\/a><\/p><\/blockquote>\n<p><iframe loading=\"lazy\" class=\"wp-embedded-content\" sandbox=\"allow-scripts\" security=\"restricted\" style=\"position: absolute; clip: rect(1px, 1px, 1px, 1px);\" title=\"\u00ab\u00a0Autres raisons\u00a0\u00bb &#8212; ACCAD : Anti Compteurs Communicants Artois (62)-Douaisis (59)\" src=\"https:\/\/collectif-accad.fr\/site\/refuser-linky\/autres-raisons\/embed\/#?secret=Et28de17Fm#?secret=0ASVuhtOMx\" data-secret=\"0ASVuhtOMx\" width=\"600\" height=\"338\" frameborder=\"0\" marginwidth=\"0\" marginheight=\"0\" scrolling=\"no\"><\/iframe><\/p>\n<p style=\"text-align: center;\">****************\u00a0\u00a0\u00a0\u00a0\u00a0\u00a0\u00a0\u00a0\u00a0\u00a0\u00a0 ******************************<\/p>\n<h2 style=\"text-align: center;\"><strong><span style=\"font-family: times new roman, times, serif; font-size: 18pt;\">C&rsquo;est quoi le compteur \u00ab\u00a0intelligent\u00a0\u00bb Linky ?<\/span><\/strong><\/h2>\n<p style=\"text-align: justify;\">Linky est un compteur \u2013comme le compteur actuel\u00a0; mais il est aussi un capteur.<\/p>\n<p style=\"text-align: justify;\">C\u2019est un outil communicant \u2013cela veut donc dire qu\u2019il communique- et il est dit \u00ab\u00a0intelligent\u00a0\u00bb\u00a0: c\u2019est tout de m\u00eame bizarre de dire qu\u2019un objet fabriqu\u00e9 est intelligent.<\/p>\n<p style=\"text-align: justify;\">C\u2019est un produit qui aura des cons\u00e9quences sur notre sant\u00e9.<\/p>\n<p style=\"text-align: justify;\">Tout concorde pour faire exploser la facture \u00e9lectrique \u2026 alors qu\u2019Enedis pr\u00e9tend que, par ce nouveau compteur, on va faire des \u00e9conomies\u00a0: c\u2019est totalement faux\u00a0!<\/p>\n<p style=\"text-align: justify;\">Ce compteur-capteur est le nouvel outil-espion qui va rapporter gros pour Enedis.<\/p>\n<p style=\"text-align: justify;\">C\u2019est un nouvel outil qui nous infantilise de plus en plus.<\/p>\n<p style=\"text-align: center;\"><strong>Que dit la Cour des comptes\u00a0?<\/strong><\/p>\n<p style=\"text-align: justify;\">Les journaux ne s\u2019y sont pas tromp\u00e9s quand ils ont fait le compte rendu des travaux de la Cour des comptes. Trois titres significatifs\u00a0:<\/p>\n<p style=\"text-align: justify;\"><em>Compteurs Linky, co\u00fbteux, intrusifs, incompr\u00e9hensibles <\/em><\/p>\n<p style=\"text-align: justify;\"><em>La Cour des comptes \u00e9pingle le compteur \u00e9lectrique Linky<\/em><\/p>\n<p style=\"text-align: justify;\"><em>Compteurs Linky : Pourquoi votre facture d\u2019\u00e9lectricit\u00e9 pourrait gonfler d\u2019ici quelques ann\u00e9es<\/em><\/p>\n<p style=\"text-align: justify;\">La Cour des comptes est effectivement pass\u00e9e par Linky\u00a0: \u00ab\u00a0Les gains que les compteurs intelligents peuvent apporter aux consommateurs sont insuffisants\u00a0\u00bb, estiment les membres de cette cour qui se sont pench\u00e9s sur ce dispositif d\u00e9ploy\u00e9 en France depuis 2010. Ils\u00a0estiment qu&rsquo;il est tr\u00e8s co\u00fbteux pour les consommateurs et qu&rsquo;ils n&rsquo;en voient pas assez les b\u00e9n\u00e9fices.<\/p>\n<p style=\"text-align: justify;\">Elle estime que \u00ab\u00a0le syst\u00e8me n&rsquo;apportera pas les b\u00e9n\u00e9fices annonc\u00e9s\u00a0\u00bb pour \u00ab\u00a0la ma\u00eetrise de la demande d&rsquo;\u00e9nergie\u00a0\u00bb. En effet, ces compteurs sont cens\u00e9s rendre plus lisible la consommation \u00e9lectrique du foyer pour que le client puisse faire des \u00e9conomies de facture. Or, dans les faits, c&rsquo;est un v\u00e9ritable parcours du combattant pour avoir des informations simples.<\/p>\n<p style=\"text-align: justify;\">L&rsquo;installation de 35 millions de compteurs connect\u00e9s Linky en France d&rsquo;ici 2024 n\u00e9cessite un investissement tr\u00e8s important.\u00a0Cela va se r\u00e9percuter sur les usagers \u00e0 la fin de la pose des compteurs\u00a0! En analysant la construction de ce tarif, la Cour des comptes estime qu\u2019il permettra \u00e0 Enedis d\u2019empocher au passage pr\u00e8s de 500\u00a0millions d\u2019euros.<\/p>\n<p style=\"text-align: justify;\">La cour des comptes a pris en compte les inqui\u00e9tudes des consommateurs et not\u00e9 aussi le caract\u00e8re\u00a0 tardif des \u00e9tudes sanitaires et l\u2019opacit\u00e9 dans la protection des donn\u00e9es personnelles.<\/p>\n<p style=\"text-align: justify;\">C\u2019est ce qu\u2019on disait depuis longtemps. Ce qui ne veut pas dire que la cour des comptes a repris tout ce que nous disons \u2026\u00a0 Ce serait trop beau\u00a0!<\/p>\n<p style=\"text-align: center;\"><strong>Pourquoi c\u2019est une absurdit\u00e9 \u00e9conomique et \u00e9cologique\u00a0?<\/strong><\/p>\n<p style=\"text-align: justify;\">On veut mettre au rebut 35 millions de compteurs en parfait \u00e9tat de marche par ces nouveaux compteurs\u00a0: absurde\u00a0!<\/p>\n<p style=\"text-align: justify;\">Votre bon vieux compteur \u00e9lectrom\u00e9canique est -quasiment- garanti \u00e0 vie. La grande majorit\u00e9 d\u2019entre eux fonctionnent parfaitement depuis plus de 40 ans\u00a0; voire 50-60 ans.<\/p>\n<p style=\"text-align: justify;\">La dur\u00e9e de vie du Linky \u00ab\u00a0th\u00e9orique\u00a0\u00bb est de 20 ans (<a href=\"http:\/\/www.poal.fr\/blog\/wp-content\/uploads\/2017\/01\/Courrier_Linky_Parlementaires.pdf\">selon Enedis<\/a>). Mais en \u00ab\u00a0pratique\u00a0\u00bb, elle serait de 5 \u00e0 8 ans. Tout appareil embarquant des composants informatiques et logiciels ne peux d\u00e9passer 10 \u00e0 15 ans. Une r\u00e8gle confirm\u00e9e par <a href=\"http:\/\/www.poal.fr\/blog\/wp-content\/uploads\/2017\/01\/ademe-dur\u00e9e-de-vie-des-eee.pdf\">L\u2019ADEME<\/a>.<\/p>\n<p style=\"text-align: justify;\">Faut-il y voir le r\u00e8gne de l\u2019obsolescence programm\u00e9e s\u2019\u00e9tendre un peu plus ?<\/p>\n<p style=\"text-align: center;\">****************\u00a0\u00a0\u00a0\u00a0\u00a0\u00a0\u00a0 *************************<\/p>\n<p style=\"text-align: center;\"><span style=\"font-size: 18pt; color: #ff0000;\"><strong><span style=\"font-family: verdana, geneva, sans-serif;\">Que vous soyez propri\u00e9taire ou locataire, <\/span><\/strong><\/span><\/p>\n<p style=\"text-align: center;\"><span style=\"font-size: 18pt; color: #ff0000;\"><strong><span style=\"font-family: verdana, geneva, sans-serif;\">vous pouvez refuser la pose de <\/span><\/strong><\/span><\/p>\n<p style=\"text-align: center;\"><span style=\"font-size: 18pt; color: #ff0000;\"><strong><span style=\"font-family: verdana, geneva, sans-serif;\">ce compteur-capteur Linky.<\/span> <\/strong><\/span><\/p>\n<p style=\"text-align: center;\"><strong>Arguments d\u00e9velopp\u00e9s sur ce site pour refuser le compteur<br \/>\n<\/strong><\/p>\n<p style=\"text-align: justify;\">D&rsquo;abord le <strong>Linky<\/strong> n&rsquo;est <strong>pas obligatoire<\/strong><\/p>\n<p style=\"text-align: justify;\">Il y a des <strong>risques sanitaires<\/strong><\/p>\n<p style=\"text-align: justify;\">Il y aura probablement <strong>augmentation des factures<\/strong><\/p>\n<p style=\"text-align: justify;\">Il y a des risques d&rsquo;<strong>incendies<\/strong><\/p>\n<p style=\"text-align: justify;\">Il peut y avoir des <strong>dysfonctionnements<\/strong><\/p>\n<p style=\"text-align: justify;\">Beaucoup d&rsquo;<strong>assurances<\/strong> ne prennent pas en charge les risques li\u00e9s au Linky<\/p>\n<p style=\"text-align: justify;\">Il peut y avoir du <strong>piratage<\/strong> ou des facilit\u00e9s de <strong>cambriolage<\/strong><\/p>\n<p style=\"text-align: center;\"><img loading=\"lazy\" decoding=\"async\" class=\"alignnone size-full wp-image-240\" src=\"https:\/\/collectif-accad.fr\/site\/wp-content\/uploads\/2018\/07\/Linky-diapos-22.jpg\" alt=\"\" width=\"549\" height=\"400\" srcset=\"https:\/\/collectif-accad.fr\/site\/wp-content\/uploads\/2018\/07\/Linky-diapos-22.jpg 549w, https:\/\/collectif-accad.fr\/site\/wp-content\/uploads\/2018\/07\/Linky-diapos-22-300x219.jpg 300w\" sizes=\"auto, (max-width: 549px) 100vw, 549px\" \/><\/p>\n","protected":false},"excerpt":{"rendered":"<p>Une synth\u00e8se \u00e9crite le 19 octobre 2018 par stop-linky Gourdon (46) https:\/\/ruraletv.fr\/blog\/2018\/10\/19\/linky-refus-legal-du-compteur-et-exemples-de-protections\/ DERNIERE MINUTE R\u00e9sum\u00e9 pour l\u2019auto-rel\u00e8ve pour celles et ceux qui n&rsquo;ont pas Linky Enedis et ses alli\u00e9s (la Commission de r\u00e9gulation de l\u2019\u00e9nergie (CRE), UFC-QueChoisir, etc) sont confront\u00e9s \u00e0 une r\u00e9sistance anti-Linky qu\u2019ils n\u2019avaient pas pr\u00e9vue : \u00e0 ce jour il reste environ &hellip; <a href=\"https:\/\/collectif-accad.fr\/site\/refuser-linky\/\" class=\"more-link\">Continuer la lecture de <span class=\"screen-reader-text\">Refuser Linky ?<\/span><\/a><\/p>\n","protected":false},"author":4,"featured_media":0,"parent":0,"menu_order":0,"comment_status":"closed","ping_status":"closed","template":"","meta":{"footnotes":""},"class_list":["post-132","page","type-page","status-publish","hentry"],"_links":{"self":[{"href":"https:\/\/collectif-accad.fr\/site\/wp-json\/wp\/v2\/pages\/132","targetHints":{"allow":["GET"]}}],"collection":[{"href":"https:\/\/collectif-accad.fr\/site\/wp-json\/wp\/v2\/pages"}],"about":[{"href":"https:\/\/collectif-accad.fr\/site\/wp-json\/wp\/v2\/types\/page"}],"author":[{"embeddable":true,"href":"https:\/\/collectif-accad.fr\/site\/wp-json\/wp\/v2\/users\/4"}],"replies":[{"embeddable":true,"href":"https:\/\/collectif-accad.fr\/site\/wp-json\/wp\/v2\/comments?post=132"}],"version-history":[{"count":30,"href":"https:\/\/collectif-accad.fr\/site\/wp-json\/wp\/v2\/pages\/132\/revisions"}],"predecessor-version":[{"id":9808,"href":"https:\/\/collectif-accad.fr\/site\/wp-json\/wp\/v2\/pages\/132\/revisions\/9808"}],"wp:attachment":[{"href":"https:\/\/collectif-accad.fr\/site\/wp-json\/wp\/v2\/media?parent=132"}],"curies":[{"name":"wp","href":"https:\/\/api.w.org\/{rel}","templated":true}]}}